{"id":43,"date":"2018-08-22T16:52:36","date_gmt":"2018-08-22T15:52:36","guid":{"rendered":"https:\/\/www.minimumdepositcasinos.org\/fr\/?page_id=43"},"modified":"2024-06-14T10:57:41","modified_gmt":"2024-06-14T10:57:41","slug":"ipad","status":"publish","type":"page","link":"https:\/\/www.minimumdepositcasinos.org\/fr\/appareils\/ipad\/","title":{"rendered":"iPad"},"content":{"rendered":"<h1>iPad<\/h1>\n<p><img loading=\"lazy\" decoding=\"async\" class=\"size-full wp-image-44 alignright\" src=\"\/fr\/wp-content\/uploads\/2018\/08\/ipad.jpeg\" alt=\"iPad\" width=\"225\" height=\"225\" srcset=\"https:\/\/www.minimumdepositcasinos.org\/fr\/wp-content\/uploads\/2018\/08\/ipad.jpeg 225w, https:\/\/www.minimumdepositcasinos.org\/fr\/wp-content\/uploads\/2018\/08\/ipad-150x150.jpeg 150w\" sizes=\"auto, (max-width: 225px) 100vw, 225px\" \/><\/p>\n<p>Lorsque l&#8217;industrie des casinos en ligne a explos\u00e9, le jeu en ligne signifiait s&#8217;asseoir \u00e0 votre ordinateur de bureau. Les industries du casino \u00e9taient heureuses de fournir aux joueurs plus de chances de gagner de l&#8217;argent r\u00e9el sans quitter le confort de leur foyer. Cela a chang\u00e9 avec l&#8217;introduction et l&#8217;\u00e9volution des appareils mobiles et en particulier les casinos en ligne iPad. Dans le monde d&#8217;aujourd&#8217;hui, il s&#8217;agit d&#8217;\u00eatre mobile et de gratification instantan\u00e9e. Les gens sont toujours en mouvement<\/p>\n<p>Les d\u00e9veloppeurs ont d\u00fb intensifier leur jeu et d\u00e9velopper des applications de casino et quel meilleur appareil pour jouer les meilleurs jeux de casino, que votre iPad.<\/p>\n<p>Les utilisateurs d&#8217;Apple qui acc\u00e8dent \u00e0 des films, des actualit\u00e9s ou des sites de musique en ligne savent que les appareils aliment\u00e9s par iOS offrent une facilit\u00e9 d&#8217;utilisation de premier ordre, une puissance de traitement stup\u00e9fiante, le tout avec une interface fluide. Beaucoup de casinos en ligne ont rattrap\u00e9 la r\u00e9volution iPhone et vous ont fourni des applications d&#8217;argent r\u00e9el \u00e0 la fine pointe de la technologie disponibles dans l&#8217;App Store d&#8217;Apple. Maintenant, vous pouvez jouer \u00e0 vos jeux de casino pr\u00e9f\u00e9r\u00e9s et gagner de l&#8217;argent r\u00e9el, tout en vous promenant ou en faisant la queue au centre commercial. Nous avons soumis un certain nombre de casinos en ligne iPad \u00e0 un examen minutieux et nous vous proposons uniquement les meilleures offres de casino en ligne.<\/p>\n<p>Nous trouvons toujours que le Google Play Store d&#8217;Android ne permet pas les applications de jeu en argent r\u00e9el. Cependant, Apple est plus indulgent avec leurs r\u00e8glements et offre des applications de jeu iPad qui vous permet de jouer de l&#8217;argent r\u00e9el. Ces applications de jeu trouv\u00e9es dans l&#8217;App Store iOS sont g\u00e9n\u00e9ralement la cr\u00e8me de la cr\u00e8me dans la communaut\u00e9 globale de jeu en ligne. Les utilisateurs d&#8217;Apple s&#8217;attendent \u00e0 ce que les applications Apple pr\u00e9sentent des produits de haute qualit\u00e9.<\/p>\n<p>Trouver des casinos en ligne iPad est assez facile. Cependant, trouver des casinos en ligne iPad n&#8217;est pas la t\u00e2che la plus amusante ou la plus facile. Nous avons donc enlev\u00e9 cette t\u00e2che fastidieuse de vos mains et vous pr\u00e9sentons notre liste de casinos mobiles avec les limites de d\u00e9p\u00f4t minimum les plus basses.<\/p>\n<h2>D\u00c9POSER LE MINIMUM AUX CASINOS EN LIGNE DE L&#8217;IPAD<\/h2>\n<p>Vous pouvez voir \u00e0 partir de notre liste de casinos de d\u00e9p\u00f4t minimum iPad, vous \u00eates en mesure de traiter les paiements directement \u00e0 partir de votre appareil iPad. Beaucoup d&#8217;entre eux acceptent des d\u00e9p\u00f4ts \u00e0 partir de \u20ac1.00 dans la devise de votre choix. D&#8217;autres,<\/p>\n<p>peuvent exiger des d\u00e9p\u00f4ts minimum de \u20ac5.00, \u20ac10.00 ou m\u00eame \u20ac20.00. Si vous recherchez des m\u00e9thodes de paiement qui permettent des d\u00e9p\u00f4ts minimum tr\u00e8s bas, ne cherchez pas plus loin. Nos casinos de d\u00e9p\u00f4t minimum recommand\u00e9s offrent des options de paiement qui acceptent des montants de d\u00e9p\u00f4t tr\u00e8s bas comme la Carte Paysafe ou m\u00eame Neteller.<\/p>\n<p>Beaucoup de casinos en ligne offrent des applications de casinos iPad qui ont un grand choix de m\u00e9thodes bancaires \u00e0 portefeuille \u00e9lectronique aussi. De cette fa\u00e7on, vous ne devez jamais fournir d&#8217;informations financi\u00e8res personnelles directement au casino. Vous \u00eates en mesure de t\u00e9l\u00e9charger de l&#8217;argent r\u00e9el dans votre compte de casino via le portefeuille \u00e9lectronique. Vous pouvez g\u00e9n\u00e9ralement retirer vos gains par la m\u00eame m\u00e9thode. Les portefeuilles \u00e9lectroniques permettent un acc\u00e8s instantan\u00e9 \u00e0 vos jeux de casinos en ligne pr\u00e9f\u00e9r\u00e9s ainsi que des retraits instantan\u00e9s.<\/p>\n<p>L&#8217;interface lisse de l&#8217;Ipad et les superbes graphismes HD vous offrent une exp\u00e9rience de jeu passionnante et agr\u00e9able. Vous avez peut-\u00eatre encore quelques questions \u00e0 poser et nous esp\u00e9rons que nous les avons r\u00e9pondu pour vous ici.<\/p>\n<h2>FOIRE AUX QUESTIONS<\/h2>\n<h3>QUELS JEUX DE D\u00c9P\u00d4T MINIMUM PUIS-JE JOUER SUR MON IPAD?<\/h3>\n<p>Selon le casino et le montant minimum de d\u00e9p\u00f4t disponible, presque tous les jeux seront \u00e0 votre disposition. Les jeux les plus populaires tels que la roulette, le blackjack, les machines \u00e0 sous et le poker devraient \u00eatre accessibles sur votre iPad.<\/p>\n<h3>PUIS-JE JOUER SANS FAIRE UN D\u00c9P\u00d4T SUR MON IPAD?<\/h3>\n<p>Oui, vous le pouvez certainement. Tous les casinos en ligne offriront une version &#8220;gratuite&#8221; de leurs jeux de casino. Vous n&#8217;\u00eates pas oblig\u00e9 de faire un d\u00e9p\u00f4t d&#8217;argent r\u00e9el dans un compte de casino. Amusez-vous gratuitement et lorsque vous \u00eates pr\u00eat \u00e0 jouer de l&#8217;argent r\u00e9el, passez simplement au &#8220;jeu r\u00e9el&#8221;.<\/p>\n<h3>DOIS-JE OBTENIR LE M\u00caME BONUS DE BIENVENUE COMME SUR UN ORDINATEUR DE BUREAU?<\/h3>\n<p>Sans aucun doute! Tous les nouveaux joueurs qui s&#8217;inscrivent \u00e0 un casino pour la toute premi\u00e8re fois recevront un Bonus De Bienvenue.<\/p>\n<h3>PUIS-JE UTILISER LE COMPTE CASINO QUE J&#8217;UTILISE SUR MON ORDINATEUR?<\/h3>\n<p>Oui, bien s\u00fbr. Connectez-vous simplement \u00e0 votre compte de casino \u00e0 partir de la m\u00eame application iPad que vous utiliseriez sur votre ordinateur.<\/p>\n<h3>PUIS-JE ACC\u00c9DER AUX D\u00c9TAILS DE MON COMPTE SUR MON IPHONE AUSSI?<\/h3>\n<p>Oui, c&#8217;est possible. Si vous pouvez acc\u00e9der \u00e0 l&#8217;application de casino depuis votre iPad, vous pouvez \u00e9galement acc\u00e9der \u00e0 l&#8217;application depuis votre iPhone. Sans oublier que vous pouvez \u00e9galement acc\u00e9der \u00e0 votre compte de casino depuis votre iPhone.<\/p>\n<h3>\u00c0 QUEL POINT MES INFORMATIONS PERSONNELLES ET PRIV\u00c9ES SONT-ELLES S\u00c9CURIS\u00c9ES?<\/h3>\n<p>Les casinos de bonne r\u00e9putation auront une s\u00e9curit\u00e9 \u00e0 la fine pointe de la technologie. Nous ne recommandons jamais un site qui ne met pas la s\u00e9curit\u00e9 d&#8217;un joueur en premier.<\/p>\n","protected":false},"excerpt":{"rendered":"<p>iPad Lorsque l&#8217;industrie des casinos en ligne a explos\u00e9, le jeu en ligne signifiait s&#8217;asseoir \u00e0 votre ordinateur de bureau. Les industries du casino \u00e9taient heureuses de fournir aux joueurs plus de chances de gagner de l&#8217;argent r\u00e9el sans quitter le confort de leur foyer. Cela a chang\u00e9 avec l&#8217;introduction et l&#8217;\u00e9volution des appareils mobiles [&hellip;]<\/p>\n","protected":false},"author":1,"featured_media":44,"parent":39,"menu_order":0,"comment_status":"closed","ping_status":"closed","template":"","meta":{"_acf_changed":false,"footnotes":""},"class_list":["post-43","page","type-page","status-publish","has-post-thumbnail","hentry"],"acf":[],"_links":{"self":[{"href":"https:\/\/www.minimumdepositcasinos.org\/fr\/wp-json\/wp\/v2\/pages\/43","targetHints":{"allow":["GET"]}}],"collection":[{"href":"https:\/\/www.minimumdepositcasinos.org\/fr\/wp-json\/wp\/v2\/pages"}],"about":[{"href":"https:\/\/www.minimumdepositcasinos.org\/fr\/wp-json\/wp\/v2\/types\/page"}],"author":[{"embeddable":true,"href":"https:\/\/www.minimumdepositcasinos.org\/fr\/wp-json\/wp\/v2\/users\/1"}],"replies":[{"embeddable":true,"href":"https:\/\/www.minimumdepositcasinos.org\/fr\/wp-json\/wp\/v2\/comments?post=43"}],"version-history":[{"count":3,"href":"https:\/\/www.minimumdepositcasinos.org\/fr\/wp-json\/wp\/v2\/pages\/43\/revisions"}],"predecessor-version":[{"id":11768,"href":"https:\/\/www.minimumdepositcasinos.org\/fr\/wp-json\/wp\/v2\/pages\/43\/revisions\/11768"}],"up":[{"embeddable":true,"href":"https:\/\/www.minimumdepositcasinos.org\/fr\/wp-json\/wp\/v2\/pages\/39"}],"wp:featuredmedia":[{"embeddable":true,"href":"https:\/\/www.minimumdepositcasinos.org\/fr\/wp-json\/wp\/v2\/media\/44"}],"wp:attachment":[{"href":"https:\/\/www.minimumdepositcasinos.org\/fr\/wp-json\/wp\/v2\/media?parent=43"}],"curies":[{"name":"wp","href":"https:\/\/api.w.org\/{rel}","templated":true}]}}