{"id":4412,"date":"2020-09-29T20:15:09","date_gmt":"2020-09-29T20:15:09","guid":{"rendered":"https:\/\/www.minimumdepositcasinos.org\/fr\/?page_id=4412"},"modified":"2020-09-29T20:15:11","modified_gmt":"2020-09-29T20:15:11","slug":"trueflip","status":"publish","type":"page","link":"https:\/\/www.minimumdepositcasinos.org\/fr\/revue-de-casino\/trueflip\/","title":{"rendered":"True Flip"},"content":{"rendered":"<h2>R\u00e9partition de la r\u00e9vision<\/h2>\n<p>Faites ressortir le dessin anim\u00e9 qui vous habite et jouez dans le casino en ligne TrueFlip, qui est une cha\u00eene de magasins qui aime s&#8217;amuser. Il y a plus de 1000 machines \u00e0 sous et jeux de table de plusieurs fournisseurs de logiciels, dont les grands d\u00e9veloppeurs NetEnt, Play&#8217;n GO, Microgaming, Big Time Gaming, Pragmatic Play et bien d&#8217;autres. Le casino TrueFlip est rempli de jeux de haute qualit\u00e9 qui sont disponibles instantan\u00e9ment \u00e0 la fois dans le casino et dans le casino mobile.<\/p>\n<p>En tant que <a href=\"\/fr\/\">casino \u00e0 d\u00e9p\u00f4t minimum<\/a>, les joueurs peuvent alimenter leur compte \u00e0 partir de 10 $ et ce montant est \u00e9galement suffisant pour d\u00e9clencher le bonus de bienvenue et les tours gratuits. Il est tr\u00e8s facile d&#8217;approvisionner votre compte de casino gr\u00e2ce \u00e0 une grande vari\u00e9t\u00e9 de fournisseurs de paiements, dont de nombreuses cryptocurrences. Lisez notre revue de casino et d\u00e9couvrez ce que vous pouvez r\u00e9clamer en tant que nouveau joueur, et en tant que joueur de retour, d\u00e9couvrez les promotions sp\u00e9ciales qui vous ont \u00e9t\u00e9 r\u00e9serv\u00e9es aujourd&#8217;hui.<\/p>\n<h2>Bonus et Promotions<\/h2>\n<p>Au TrueFlip Casino, les nouveaux joueurs sont somptueusement r\u00e9compens\u00e9s par quatre bonus d&#8217;une valeur de 1000 $ ou 1 BTC et il y a \u00e9galement 150 tours gratuits dans le cadre du paquet de bonus. Pour r\u00e9clamer chaque bonus sur d\u00e9p\u00f4t, il vous suffit d&#8217;activer vos bonus un par un dans les 10 jours suivant leur r\u00e9ception. Participez \u00e0 un large \u00e9ventail de promotions sans fin et \u00e0 de nombreux tournois passionnants.<\/p>\n<h3>Bonus de Bienvenue<\/h3>\n<p>Pour r\u00e9clamer le bonus de bienvenue et les tours gratuits d\u00e9clench\u00e9s par votre premier d\u00e9p\u00f4t, d\u00e9posez de 20 $ \u00e0 300 $ ou 60 mBTC et le casino doublera votre argent de jeu avec un bonus de 100%. Il y a \u00e9galement 50 tours gratuits pour Book of Dead dans le cadre de l&#8217;offre de bonus.<\/p>\n<p>Lorsque vous d\u00e9posez pour la deuxi\u00e8me fois, de 20 \u00e0 400 $ maximum ou 0,5BTC, le casino vous offre un bonus de 50% sur votre d\u00e9p\u00f4t.<\/p>\n<p>Votre troisi\u00e8me d\u00e9p\u00f4t de 20 $ \u00e0 300 $ ou 500mBTC vous donnera droit \u00e0 un bonus de match de 75%.<\/p>\n<p>Faites votre quatri\u00e8me d\u00e9p\u00f4t \u00e0 partir de 20 $ et vous activerez le bonus Need4Spins de 100 tours gratuits pour le jeu de machine \u00e0 sous vid\u00e9o Sunstrike de TrueLab Games.<\/p>\n<h3>Autres promotions<\/h3>\n<p>Lorsque vous avez converti votre bonus de bienvenue et vos <a href=\"\/fr\/tours-gratuits\/\">tours gratuits<\/a> en argent r\u00e9el, vous pouvez continuer \u00e0 jouer au TrueFlip Casino et participer \u00e0 des promotions tr\u00e8s cr\u00e9atives et amusantes. L&#8217;une de ces promotions est Yggdrasil Creepy Things Quest, qui permet aux joueurs d&#8217;ouvrir les portes du monde souterrain et de se battre pour la cagnotte de 700 $. D\u00e9clenchez des tours gratuits pour certains des meilleurs jeux de machines \u00e0 sous d&#8217;Yggdrasil, dont Lilith Inferno, Dark Vortex et Baron Samedi. Le casino TrueFlip offre \u00e9galement \u00e0 tous ses joueurs la possibilit\u00e9 de participer au jeu Master Flip, un \u00e9v\u00e9nement sp\u00e9cial avec de gros prix en argent et des bonus en cryptocr\u00e9dit. Propos\u00e9s quatre fois par an, ces \u00e9v\u00e9nements sp\u00e9ciaux sont tr\u00e8s pris\u00e9s par les joueurs du monde entier.<\/p>\n<h3>Exigences de mise en jeu (Exigences de pari)<\/h3>\n<p>Votre Bonus de Bienvenue et vos tours gratuits doivent \u00eatre mis\u00e9s 35 fois avant que le bonus puisse \u00eatre converti en gains r\u00e9els en argent. Presque toutes les machines \u00e0 sous peuvent \u00eatre utilis\u00e9es pour remplir les conditions de mise, mais il y a quelques exceptions qui peuvent \u00eatre trouv\u00e9es en d\u00e9tail dans les conditions g\u00e9n\u00e9rales. Parmi les jeux, citons Simsalabim, Jungle Spirit, Dead or Alive et The Secret of the Stones. Les jeux de vid\u00e9o poker, les jeux de table et les jeux de casino en direct ne contribuent pas \u00e0 remplir les conditions de mise. Lorsque vous jouez avec votre bonus, la mise maximale que vous pouvez placer est de 2 $ et si votre bonus n&#8217;est pas mis\u00e9 dans les 10 jours, le casino TrueFlip annulera votre bonus.<\/p>\n<h3>VIP &amp; Loyaut\u00e9 *<\/h3>\n<p>TrueFlip Casino dispose d&#8217;un programme de fid\u00e9lit\u00e9\/VIP tr\u00e8s attractif qui peut \u00eatre activ\u00e9 \u00e0 partir de votre profil d&#8217;utilisateur. Les joueurs peuvent monter dans les niveaux et collecter des niveaux, des bonus et des badges pour plus d&#8217;aventure et de plaisir dans les jeux en ligne. Le programme VIP\/Fid\u00e9lit\u00e9 offre de superbes prix comme des bonus suppl\u00e9mentaires et des tours gratuits.<\/p>\n<h2>Comment S&#8217;inscrire et Commencer \u00e0 jouer<\/h2>\n<p>Rendez-vous au casino TrueFlip en suivant nos liens et cliquez sur le bouton vert d&#8217;inscription que vous trouverez en haut \u00e0 droite de la page. Saisissez votre adresse \u00e9lectronique et cliquez sur continuer, entrez un mot de passe s\u00e9curis\u00e9 pour votre compte et votre devise, cochez la premi\u00e8re case pour confirmer que vous avez 18 ans et que vous acceptez les Termes et Conditions et cochez la deuxi\u00e8me pour consentir \u00e0 recevoir des messages promotionnels. Vous pouvez \u00e9galement lier votre inscription \u00e0 votre compte de m\u00e9dia social Facebook ou \u00e0 votre compte Google. Une fois que votre compte a \u00e9t\u00e9 v\u00e9rifi\u00e9, vous pouvez vous rendre \u00e0 la caisse et effectuer un d\u00e9p\u00f4t en argent r\u00e9el et opter pour le Bonus de Bienvenue et l&#8217;offre de tours gratuits.<\/p>\n<h2>Paiements<\/h2>\n<p>Profitez d&#8217;une proc\u00e9dure de paiement tr\u00e8s facile et pratique au TrueFlip Casino et d\u00e9posez et retirez avec une gamme massive de m\u00e9thodes de paiement. Il s&#8217;agit notamment des cartes <a href=\"\/fr\/options-dachat\/mastercard\/\">Mastercard<\/a> et Visa, des portefeuilles num\u00e9riques, de nombreuses devises cryptographiques de premier plan et d&#8217;autres solutions de paiement alternatives sp\u00e9cifiques \u00e0 la r\u00e9gion.<\/p>\n<h3>M\u00e9thodes de d\u00e9p\u00f4t<\/h3>\n<p>Pour effectuer votre d\u00e9p\u00f4t, vous pouvez utiliser l&#8217;un des modes de paiement bancaire suivants:<\/p>\n<ul>\n<li>D\u00e9p\u00f4t avec les cartes de cr\u00e9dit et de d\u00e9bit Visa, Visa Electron et Mastercard.<\/li>\n<li>Il existe de nombreux fournisseurs de services de porte-monnaie \u00e9lectronique, notamment Neteller, PayPal, Skrill, Ecopayz, Jetton et SticPay.<\/li>\n<li>Approvisionnez votre compte de casino avec <a href=\"\/fr\/options-dachat\/paysafecard\/\">PaySafeCard<\/a>.<\/li>\n<li>Vous pouvez \u00e9galement effectuer des d\u00e9p\u00f4ts par virement bancaire, d\u00e9p\u00f4t express et banque en ligne.<\/li>\n<li>De nombreuses cryptocurrences, dont le <a href=\"\/fr\/options-dachat\/methodes-de-paiement-bitcoin\/\">Bitcoin<\/a>, le LiteCoin et le Ripple.<\/li>\n<\/ul>\n<h3>D\u00e9p\u00f4ts Minimum et Maximum<\/h3>\n<p>Pour jouer aux machines \u00e0 sous et aux jeux de table sur TrueFlip Casino, les joueurs doivent effectuer un <a href=\"\/fr\/20-de-depot-minimum\/\">d\u00e9p\u00f4t minimum de 20 $<\/a>, ce qui est \u00e9galement suffisant pour d\u00e9clencher le package Bonus de Bienvenue.<\/p>\n<h3>Modalit\u00e9s et d\u00e9lais de retrait<\/h3>\n<p>Pour effectuer votre retrait, cliquez sur la barre de solde, s\u00e9lectionnez votre mode de paiement pr\u00e9f\u00e9r\u00e9, s\u00e9lectionnez les retraits, saisissez toutes les donn\u00e9es requises et cliquez sur le bouton de retrait. Pour retirer des Bitcoin, s\u00e9lectionnez l&#8217;onglet BTC, cliquez sur le retrait. Tous les retraits sont trait\u00e9s instantan\u00e9ment et sont sans frais, \u00e0 l&#8217;exception de la banque en ligne qui a un d\u00e9lai de traitement de 2 \u00e0 5 jours.<\/p>\n<h2>Jeux<\/h2>\n<p>Des milliers de machines \u00e0 sous et de jeux de table sont disponibles, tant pour la monnaie FIAT que pour la cryptoconnaissance, et les joueurs n&#8217;auront aucun probl\u00e8me \u00e0 trouver une large s\u00e9lection de titres uniques et originaux. Par exemple, le jeu Bitcoin Mining Factory propose un th\u00e8me de bitcoin et de nombreux symboles int\u00e9ressants tels que les Wilds, les Wilds en expansion, les symboles sp\u00e9ciaux d&#8217;\u00e9nergie et d&#8217;\u00e9change et de nombreux tours gratuits.<\/p>\n<h3>Machines \u00e0 sous<\/h3>\n<p>Avec pr\u00e8s de 1500 jeux de <a href=\"\/fr\/jeux\/machines-a-sous\/\">machines \u00e0 sous<\/a>, le casino TrueFlip a quelque chose pour tout le monde. Les titres comprennent tous les classiques favoris ainsi que les derniers et les plus grands titres auxquels tout le monde joue. Parmi les machines \u00e0 sous propos\u00e9es, on trouve des jeux populaires comme Starburst, Book of Dead, Reactoonz et Gonzo&#8217;s Quest Slot. Des fournisseurs comme TrueLab, le d\u00e9veloppeur propri\u00e9taire, BGaming, Belatra et Booming Games sont \u00e0 la base d&#8217;une tr\u00e8s solide vari\u00e9t\u00e9 de machines \u00e0 sous et, comme TrueFlip Casino l&#8217;accepte, bitcoin, il va sans dire que la plupart des machines \u00e0 sous proposent des paris BTC.<\/p>\n<h3>Jeux de table<\/h3>\n<p>Il y a environ 80 titres dans la cat\u00e9gorie des jeux de table. Les joueurs peuvent trouver la roulette dans quelques variantes, notamment la roulette europ\u00e9enne, am\u00e9ricaine et fran\u00e7aise, les jeux de d\u00e9s et les jeux de cartes, le blackjack, le poker, le baccarat et bien d&#8217;autres encore. Parmi les jeux int\u00e9ressants et inhabituels, on trouve le baccarat \u00e0 commission z\u00e9ro de Habanero, le Blackjack Reno de iSoftBet et le Blackjack \u00e0 double exposition de Softswiss.<\/p>\n<h3>Jeux de Croupier en Direct<\/h3>\n<p>Le Casino Live Dealer propose plus de 40 jeux, dont le Blackjack en direct, le Baccarat en direct, la Roulette en direct et le Poker en direct. Il existe \u00e9galement de nombreuses variantes de la roulette, notamment la roulette VIP en direct, la roulette Speed Auto et la roulette Speed.<\/p>\n<h2>S\u00e9curit\u00e9 et Licences<\/h2>\n<p>True Flip est r\u00e9glement\u00e9 par le Curacao eGaming, ce qui signifie que le casino adh\u00e8re \u00e0 des exigences r\u00e9glementaires strictes pour garantir l&#8217;\u00e9quit\u00e9 et la transparence gr\u00e2ce \u00e0 l&#8217;utilisation de la technologie des cha\u00eenes de blocage. Les joueurs peuvent consulter les d\u00e9tails d&#8217;un jeu donn\u00e9 sur un registre public et ont \u00e9galement acc\u00e8s \u00e0 tous les jeux qui sont v\u00e9rifi\u00e9s pour confirmer l&#8217;\u00e9quit\u00e9 et les r\u00e9sultats al\u00e9atoires.<\/p>\n<h2>Assistance \u00e0 la client\u00e8le<\/h2>\n<p>Le casino TrueFlip ne propose pas de chat en direct, mais si vous avez besoin d&#8217;aide, vous pouvez l&#8217;obtenir assez facilement. Les joueurs peuvent contacter un num\u00e9ro de t\u00e9l\u00e9phone d\u00e9di\u00e9 +44 7441951376 ou envoyer un courriel \u00e0 support@trueflip.io. Pour obtenir des r\u00e9ponses rapides, la section FAQ propose toutes les questions les plus fr\u00e9quemment pos\u00e9es ainsi que des didacticiels vid\u00e9o et des vid\u00e9os &#8221; Comment jouer &#8221; pour aider les d\u00e9butants \u00e0 mieux se familiariser avec les diff\u00e9rents aspects de la plate-forme.<\/p>\n<h2>Notre verdict<\/h2>\n<p>TrueFlip Casino offre aux joueurs canadiens un changement rafra\u00eechissant par rapport au casino en ligne traditionnel et l&#8217;utilisation de la technologie des cha\u00eenes de blocs en fait une plateforme \u00e9quitable et \u00e9prouv\u00e9e pour une transparence totale. Les jeux sont frais et int\u00e9ressants, et un g\u00e9n\u00e9reux bonus de bienvenue et des tours gratuits pour les nouveaux joueurs signifient une prolongation des jeux et de grandes chances de gagner de gros gains.<\/p>\n<h2>Foire Aux Questions (FAQ)<\/h2>\n\n\n<div itemscope=\"\" itemtype=\"https:\/\/schema.org\/FAQPage\">     \n  <div itemscope=\"\" itemprop=\"mainEntity\" itemtype=\"https:\/\/schema.org\/Question\">\n      <h4 itemprop=\"name\">? Comment puis-je retirer?<\/h4>\n      <div itemscope=\"\" itemprop=\"acceptedAnswer\" itemtype=\"https:\/\/schema.org\/Answer\">\n        <div itemprop=\"text\">Lorsque vous \u00eates pr\u00eat \u00e0 retirer vos fonds, allez dans la section Recharge de votre tableau de bord et s\u00e9lectionnez la devise et le montant de votre choix, puis cliquez sur Retrait.<\/div>\n  <\/div>\n  <div itemscope=\"\" itemprop=\"mainEntity\" itemtype=\"https:\/\/schema.org\/Question\">\n    <h4 itemprop=\"name\">? Quel est le montant minimum et maximum du d\u00e9p\u00f4t que je peux effectuer?<\/h4>\n    <div itemscope=\"\" itemprop=\"acceptedAnswer\" itemtype=\"https:\/\/schema.org\/Answer\">\n      <div itemprop=\"text\">Si vous utilisez de l&#8217;argent fictif, le montant minimum de d\u00e9p\u00f4t est de 10 $ et le maximum de 5 000 $, tandis que pour les cryptocurrences, aucun d\u00e9p\u00f4t minimum ou maximum n&#8217;est requis.<\/div>\n    <\/div>\n  <\/div>\n  <div itemscope=\"\" itemprop=\"mainEntity\" itemtype=\"https:\/\/schema.org\/Question\">\n      <h4 itemprop=\"name\">\u2753 O\u00f9 puis-je trouver l&#8217;historique de mes transactions?<\/h4>\n      <div itemscope=\"\" itemprop=\"acceptedAnswer\" itemtype=\"https:\/\/schema.org\/Answer\">\n        <div itemprop=\"text\">Consultez le tableau de bord sous la rubrique &#8220;Recharge&#8221; et vous y trouverez l&#8217;historique complet de vos transactions. Certains filtres et diagrammes uniques faciliteront le flux des fonds.<\/div>\n    <\/div>\n  <\/div>\n  <div itemscope=\"\" itemprop=\"mainEntity\" itemtype=\"https:\/\/schema.org\/Question\">\n      <h4 itemprop=\"name\">? Puis-je jouer avec mon appareil mobile?<\/h4>\n      <div itemscope=\"\" itemprop=\"acceptedAnswer\" itemtype=\"https:\/\/schema.org\/Answer\">\n        <div itemprop=\"text\">Oui, TrueFlip Casino propose une application d\u00e9di\u00e9e pour iOS et Android. Les joueurs peuvent \u00e9galement acc\u00e9der \u00e0 tous les jeux, bonus et promotions \u00e0 partir de leur navigateur mobile.<\/div>\n    <\/div>\n  <\/div>\n  <div itemscope=\"\" itemprop=\"mainEntity\" itemtype=\"https:\/\/schema.org\/Question\">\n    <h4 itemprop=\"name\">? Qu&#8217;est-ce que le bonus de bienvenue du casino?<\/h4>\n    <div itemscope=\"\" itemprop=\"acceptedAnswer\" itemtype=\"https:\/\/schema.org\/Answer\">\n      <div itemprop=\"text\">Au TrueFlip Casino, les nouveaux joueurs peuvent commencer avec 1000 $ de bonus ou 1 BTC et 150 tours gratuits sur quatre d\u00e9p\u00f4ts. Veuillez vous assurer que l&#8217;offre de bonus est activ\u00e9e dans les dix jours suivant le d\u00e9p\u00f4t des fonds.<\/div>\n  <\/div>\n<\/div>\n<\/div>\n  <\/div>\n  <div itemscope=\"\" itemprop=\"mainEntity\" itemtype=\"https:\/\/schema.org\/Question\">\n    <h3 itemprop=\"name\">? Quels sont les avantages et les inconv\u00e9nients de TrueFlip Casino?<\/h3>\n    <div itemscope=\"\" itemprop=\"acceptedAnswer\" itemtype=\"https:\/\/schema.org\/Answer\">\n    <div itemprop=\"text\">\n      <div class=\"pcheading\">\n        Le pour et le contre du casino TrueFlip\n      <\/div>\n      <div class=\"pros proscons\">\n    <h4>Les pours<\/h4>\n    <ul>\n      <li>Un catalogue impressionnant de jeux de casino<\/li>\n      <li>Le casino TrueFlip prend en charge une grande vari\u00e9t\u00e9 de cryptocurrences<\/li>\n      <li>Un g\u00e9n\u00e9reux bonus de bienvenue avec de nombreux tours gratuits<\/li>\n      <li>D\u00e9p\u00f4t minimum attractif \u00e0 partir de 10 $<\/li>\n    <\/ul>\n      <\/div>\n      <div class=\"cons proscons\">\n    <h4>Les contre<\/h4>\n    <ul>\n      <li>Il existe de nombreux pays \u00e0 acc\u00e8s restreint<\/li>\n    <\/ul>\n        <\/div>\n    <\/div>\n    <\/div>\n    <\/div>\n","protected":false},"excerpt":{"rendered":"<p>R\u00e9partition de la r\u00e9vision Faites ressortir le dessin anim\u00e9 qui vous habite et jouez dans le casino en ligne TrueFlip, qui est une cha\u00eene de magasins qui aime s&#8217;amuser. Il y a plus de 1000 machines \u00e0 sous et jeux de table de plusieurs fournisseurs de logiciels, dont les grands d\u00e9veloppeurs NetEnt, Play&#8217;n GO, Microgaming, [&hellip;]<\/p>\n","protected":false},"author":11,"featured_media":4424,"parent":16,"menu_order":0,"comment_status":"closed","ping_status":"closed","template":"page_review_card.php","meta":{"_acf_changed":false,"footnotes":""},"class_list":["post-4412","page","type-page","status-publish","has-post-thumbnail","hentry"],"acf":[],"_links":{"self":[{"href":"https:\/\/www.minimumdepositcasinos.org\/fr\/wp-json\/wp\/v2\/pages\/4412","targetHints":{"allow":["GET"]}}],"collection":[{"href":"https:\/\/www.minimumdepositcasinos.org\/fr\/wp-json\/wp\/v2\/pages"}],"about":[{"href":"https:\/\/www.minimumdepositcasinos.org\/fr\/wp-json\/wp\/v2\/types\/page"}],"author":[{"embeddable":true,"href":"https:\/\/www.minimumdepositcasinos.org\/fr\/wp-json\/wp\/v2\/users\/11"}],"replies":[{"embeddable":true,"href":"https:\/\/www.minimumdepositcasinos.org\/fr\/wp-json\/wp\/v2\/comments?post=4412"}],"version-history":[{"count":7,"href":"https:\/\/www.minimumdepositcasinos.org\/fr\/wp-json\/wp\/v2\/pages\/4412\/revisions"}],"predecessor-version":[{"id":4426,"href":"https:\/\/www.minimumdepositcasinos.org\/fr\/wp-json\/wp\/v2\/pages\/4412\/revisions\/4426"}],"up":[{"embeddable":true,"href":"https:\/\/www.minimumdepositcasinos.org\/fr\/wp-json\/wp\/v2\/pages\/16"}],"wp:featuredmedia":[{"embeddable":true,"href":"https:\/\/www.minimumdepositcasinos.org\/fr\/wp-json\/wp\/v2\/media\/4424"}],"wp:attachment":[{"href":"https:\/\/www.minimumdepositcasinos.org\/fr\/wp-json\/wp\/v2\/media?parent=4412"}],"curies":[{"name":"wp","href":"https:\/\/api.w.org\/{rel}","templated":true}]}}