{"id":4464,"date":"2020-10-15T11:47:10","date_gmt":"2020-10-15T11:47:10","guid":{"rendered":"https:\/\/www.minimumdepositcasinos.org\/fr\/?page_id=4464"},"modified":"2020-10-15T11:47:12","modified_gmt":"2020-10-15T11:47:12","slug":"turbo-vegas","status":"publish","type":"page","link":"https:\/\/www.minimumdepositcasinos.org\/fr\/revue-de-casino\/turbo-vegas\/","title":{"rendered":"Turbo Vegas"},"content":{"rendered":"<p>TurboVegas a \u00e9t\u00e9 mis en ligne pour la premi\u00e8re fois en 2018. Maintenant qu&#8217;il a eu quelques ann\u00e9es pour s&#8217;\u00e9tablir, je pense qu&#8217;il est juste de le revoir en profondeur.<\/p>\n<p>Le montant minimum que vous devrez verser sera indiqu\u00e9 \u00e0 la caisse lorsque vous effectuerez un d\u00e9p\u00f4t.<\/p>\n<h2>R\u00e9partition de la r\u00e9vision<\/h2>\n<p>Dans cette revue, nous allons examiner les pour et les contre de TurboVegas. Nous verrons ce qui le diff\u00e9rencie de tous les autres casinos en ligne. Nous esp\u00e9rons qu&#8217;\u00e0 la fin de cet article, vous serez en mesure de dire si ce casino est fait pour vous ou non.<\/p>\n<h2>Bonus et Promotions<\/h2>\n<p>Beaucoup d&#8217;entre nous aiment recevoir des primes ou des promotions. Nous aimons toujours tirer le meilleur parti de notre argent. Nous voulons en tirer le meilleur parti possible. Avec autant de casinos en ligne sur le march\u00e9, les entreprises doivent avoir des bonus de bienvenue importants pour obtenir autant de clients que possible.<\/p>\n<h3>Bonus de Bienvenue<\/h3>\n<p>Le bonus de bienvenue sur TurboVegas est&#8230;. Rien.<\/p>\n<p>Ce n&#8217;est pas vrai \u00e0 100%. Vous pouvez parler \u00e0 un de leurs repr\u00e9sentants du service client\u00e8le qui devrait \u00eatre en mesure de r\u00e9gler quelque chose pour vous. Mais il n&#8217;y a pas de prime de bienvenue que tout le monde re\u00e7oit juste pour s&#8217;\u00eatre inscrit. La plupart auront une correspondance de d\u00e9p\u00f4t ou des tours gratuits. Pas TurboVegas.<\/p>\n<p>M\u00eame si vous parvenez \u00e0 obtenir une promotion, il y aura toujours des r\u00e8gles applicables. Elle ne sera valable que pour les jeux de machines \u00e0 sous, les jeux \u00e0 gratter, les casinos en direct et les casinos authentiques. Elle ne sera pas utilisable sur le vid\u00e9o poker, les sports virtuels ou les jeux de table. Et il y aura certains jeux individuels dans les cat\u00e9gories autoris\u00e9es auxquels la promotion ne s&#8217;appliquera pas. Lorsque vous jouez avec des bonus, le montant maximum que vous pouvez d\u00e9penser pour un tour ou un pari est de 10 $.<\/p>\n<p>C&#8217;est un peu \u00e9trange de devoir demander une prime de bienvenue. Tous les autres casinos en ligne sont pr\u00eats \u00e0 tout pour vous le dire. Je ne comprends pas comment ils gagnent de nouveaux clients sur le march\u00e9 des casinos en ligne avec ce syst\u00e8me.<\/p>\n<h3>Autres Promotions<\/h3>\n<p>Les autres promotions fonctionneront de la m\u00eame mani\u00e8re que la prime de bienvenue. Vous devrez la demander. Elle ne vous sera pas donn\u00e9e et ne sera pas annonc\u00e9e. Les m\u00eames conditions s&#8217;appliqueront.<\/p>\n<h3>Exigences de mise en jeu (Exigences de pari)<\/h3>\n<p>Les &#8220;conditions de mise&#8221; font r\u00e9f\u00e9rence \u00e0 la somme que vous devrez gagner, par rapport \u00e0 l&#8217;argent du bonus avec lequel vous devez jouer.<\/p>\n<p>Chez TurboVegas, l&#8217;exigence de mise est de 25x.<\/p>\n<p>Supposons que vous ayez 50 $ de bonus pour jouer.<\/p>\n<p>25\u00d750=1250.<\/p>\n<p>Cela signifie que vous devrez avoir gagn\u00e9 1 250 $ ou plus avant de pouvoir retirer de l&#8217;argent.<\/p>\n<h3>VIP &amp; Loyaut\u00e9 *<\/h3>\n<p>Contrairement \u00e0 la plupart des autres casinos en ligne, TurboVegas ne dispose pas de programme de fid\u00e9lit\u00e9 ou de programme VIP. Ils vont donc non seulement avoir du mal \u00e0 attirer de nouveaux clients, mais je ne comprends pas comment ils peuvent s&#8217;attendre \u00e0 ce que leurs clients actuels restent.<\/p>\n<p>Je ne comprends vraiment pas tout leur mod\u00e8le commercial.<\/p>\n<h2>Comment S&#8217;inscrire et Commencer \u00e0 jouer<\/h2>\n<p>Le processus d&#8217;inscription n&#8217;est pas trop difficile. La plupart des gens pourront le suivre. Les \u00e9tapes suivantes expliquent comment s&#8217;inscrire pour ouvrir un compte et commencer \u00e0 jouer \u00e0 TurboVegas.<\/p>\n<ul>\n<li>Cliquez sur &#8220;Cr\u00e9er un compte&#8221; situ\u00e9 en haut \u00e0 droite de la page web.<\/li>\n<li>Entrez vos coordonn\u00e9es. Vous devez leur faire savoir que vous \u00eates assez \u00e2g\u00e9 pour jouer et que vous vivez dans un pays o\u00f9 le jeu est l\u00e9gal.<\/li>\n<li>V\u00e9rifiez votre \u00e2ge et votre adresse \u00e9lectronique.<\/li>\n<li>Demandez un bonus de bienvenue \u00e0 l&#8217;un des repr\u00e9sentants du service client\u00e8le via le chat en direct.<\/li>\n<li>Prenez plaisir \u00e0 jouer aux jeux.<\/li>\n<\/ul>\n<h2>Paiements<\/h2>\n<p>Les paiements sont une partie essentielle de l&#8217;exp\u00e9rience du casino en ligne. Ils doivent \u00eatre s\u00fbrs, s\u00e9curis\u00e9s, mais aussi rapides et efficaces. Heureusement, TurboVegas propose les m\u00eames m\u00e9thodes de paiement que la plupart des autres casinos en ligne.<\/p>\n<p>Voici tout ce que vous pourriez vouloir savoir sur les <a href=\"\/fr\/options-dachat\/\">options de paiement<\/a> du casino.<\/p>\n<h3>M\u00e9thodes de d\u00e9p\u00f4t<\/h3>\n<p>Pour effectuer votre d\u00e9p\u00f4t, vous pouvez payer avec une carte Visa ou MasterCard. Si vous pr\u00e9f\u00e9rez payer par portefeuille \u00e9lectronique, vous pouvez utiliser <a href=\"\/fr\/options-dachat\/trustly\/\">Trustly<\/a>, Neteller, Zimpler, Skrill, <a href=\"\/fr\/options-dachat\/interac\/\">Interac<\/a>, ecoPayz, iDebit. Les portefeuilles \u00e9lectroniques sont parfaits pour les personnes qui n&#8217;aiment pas partager leurs coordonn\u00e9es bancaires, mais qui souhaitent simplifier les paiements.<\/p>\n<p>Pour ceux qui sont encore plus prudents, vous pouvez payer avec un coffre-fort jetable comme <a href=\"\/fr\/options-dachat\/paysafecard\/\">PaySafeCard<\/a> ou Instadebit.<\/p>\n<h3>D\u00e9p\u00f4ts Minimum et Maximum<\/h3>\n<p>Le montant minimum et maximum que vous pouvez payer avec chaque m\u00e9thode sera indiqu\u00e9 dans la caisse au moment du paiement. Cela risque d&#8217;\u00eatre tr\u00e8s ennuyeux si vous souhaitez payer un certain montant, mais qu&#8217;on vous dise ensuite que vous ne pouvez pas le faire parce que ce ne sera pas suffisant.<\/p>\n<p>La plupart des casinos en ligne sont des casinos \u00e0 <a href=\"\/fr\/10-de-depot-minimum\/\">d\u00e9p\u00f4t minimum de 10 $<\/a>. Il est donc logique de supposer que TurboVegas est le m\u00eame. Un autre d\u00e9faut du TurboVegas.<\/p>\n<h3>Modalit\u00e9s et d\u00e9lais de retrait<\/h3>\n<p>Les <a href=\"\/fr\/casinos-de-retrait-minimum\/\">m\u00e9thodes de retrait<\/a> sont les m\u00eames que les m\u00e9thodes de d\u00e9p\u00f4t, \u00e0 l&#8217;exclusion bien s\u00fbr des cartes jetables. Vous serez inform\u00e9 du temps n\u00e9cessaire pour effectuer un retrait.<\/p>\n<h2>Jeux<\/h2>\n<p>Bien s\u00fbr, la cl\u00e9 d&#8217;un excellent casino en ligne est de disposer d&#8217;une bonne s\u00e9lection de jeux. Malgr\u00e9 tous ses d\u00e9fauts, TurboVegas tient ses promesses. Mais cela dit, comme la plupart des autres casinos en ligne, je ne comprends pas vraiment comment ils se d\u00e9marquent de la masse.<\/p>\n<h3>Machines \u00e0 sous<\/h3>\n<p>Le meilleur type de jeu, \u00e0 mon avis, est le jeu des <a href=\"\/fr\/jeux\/machines-a-sous\/\">machines \u00e0 sous<\/a>. Elles sont si faciles \u00e0 jouer. Mais en m\u00eame temps, si amusant. Vous pouvez gagner de l&#8217;argent en appuyant sur un bouton et en regardant une roue tourner. Voici un bref aper\u00e7u de quelques-uns de mes jeux pr\u00e9f\u00e9r\u00e9s.<\/p>\n<p>Hot Spin Deluxe. Un jeu classique de machine \u00e0 fruits. Une r\u00e9plique de ce que vous pourriez vous attendre \u00e0 trouver si vous vous rendiez dans un pub ou un bar.<\/p>\n<p>Sakura Fortune. Un jeu qui vous permet de vous plonger dans la culture chinoise. Ce jeu est presque hypnotisant. Une romance immortelle. Si vous aimez les romans sur les vampires, ce jeu pourrait vous convenir. Gagnez de l&#8217;argent avec l&#8217;aide de certains des vampires les plus sexy du coin.<\/p>\n<p>Dwarf Mine. Avant de rencontrer Blanche-Neige, les sept nains n&#8217;\u00e9taient que des mineurs. Dans ce jeu, vous pouvez les rejoindre un jour de travail pour chercher de l&#8217;or et des pierres pr\u00e9cieuses. Si vous aimez la lutte mexicaine, vous adorerez Lucha Maniacs. Battez votre adversaire et gagnez de grosses sommes d&#8217;argent. Si rien de tout cela ne vous pla\u00eet, ne vous inqui\u00e9tez pas. Il y en a des milliers d&#8217;autres parmi lesquelles vous pouvez choisir.<\/p>\n<h3>Jeux de Table<\/h3>\n<p>Mais peut-\u00eatre que les jeux de hasard ne sont pas pour vous. Eh bien, il y a un ou trois jeux de table que vous pouvez choisir chez TurboVegas.<\/p>\n<p>Si vous aimez le Blackjack, vous pouvez en choisir deux. Vous pouvez jouer au Sonya Blackjack ou au Fortuno Blackjack. Si vous aimez le poker, il existe une version appel\u00e9e &#8220;Jacks or Better Poker&#8221;. La plupart des casinos en ligne proposent bien plus que trois jeux de table, mais je suppose que trois est mieux qu&#8217;aucun.<\/p>\n<h3>Jeux en direct du croupier<\/h3>\n<p>Ce qu&#8217;ils aiment dans les jeux de table, ils le compensent dans les jeux de casino en direct. Les jeux de casino en direct vous permettent de vivre une exp\u00e9rience de casino que vous n&#8217;auriez normalement qu&#8217;en quittant votre maison pour entrer dans un casino.<\/p>\n<p>Si vous souhaitez jouer \u00e0 un jeu en direct, vous avez le choix entre la roulette, le blackjack ou le baccarat si vous cherchez une partie classique. Toutefois, si vous voulez quelque chose d&#8217;un peu plus amusant et tape-\u00e0-l&#8217;\u0153il, vous pouvez essayer le Deal ou le No Deal ou le Monopoly en direct.<\/p>\n<h2>Mobile et Applications<\/h2>\n<p>Il n&#8217;y a pas d&#8217;application mobile. Cependant, le site web peut \u00eatre utilis\u00e9 sur votre t\u00e9l\u00e9phone portable via le navigateur de votre t\u00e9l\u00e9phone.<\/p>\n<h2>S\u00e9curit\u00e9 et Licences<\/h2>\n<p>TurboVegas est enregistr\u00e9 \u00e0 Malte et suit toutes les r\u00e8gles et r\u00e9glementations \u00e9tablies par l&#8217;UE. Le num\u00e9ro d&#8217;enregistrement est C69565.<\/p>\n<p>Leur num\u00e9ro de licence est MGA\/B2C\/312\/2015.<\/p>\n<p>Au moins, TurboVegas ob\u00e9it \u00e0 la loi et ne fait rien d&#8217;ill\u00e9gal.<\/p>\n<h2>Assistance \u00e0 la client\u00e8le<\/h2>\n<p>Si vous souhaitez entrer en contact, vous devrez utiliser le chat en direct ou leur envoyer un courriel. Il n&#8217;est pas possible de t\u00e9l\u00e9phoner.<\/p>\n<p>Le chat en direct est accessible en cliquant sur &#8220;support&#8221; sur la page d&#8217;accueil. Et leur adresse \u00e9lectronique est support@turbovegas.com.<\/p>\n<p>En g\u00e9n\u00e9ral, le service \u00e0 la client\u00e8le est assez bon ici. Le personnel est tr\u00e8s aimable et sait la plupart du temps de quoi il parle.<\/p>\n<h2>Notre verdict<\/h2>\n<p>Bon, on ne vous ment pas ici, TurboVegas n&#8217;est pas tr\u00e8s bon. Oui, il est facile de s&#8217;y inscrire, il a un chat en direct et beaucoup de jeux, mais tous ses concurrents aussi.<\/p>\n<p>Honn\u00eatement, je ne vois rien qui puisse rendre ce site meilleur que les autres. Mais je peux penser \u00e0 de nombreuses fa\u00e7ons de le rendre pire.<\/p>\n<h2>Foire aux questions<\/h2>\n<p>Voici quelques-unes des questions les plus fr\u00e9quentes que l&#8217;on nous pose sur les casinos en ligne.<\/p>\n\n\n<div itemscope=\"\" itemtype=\"https:\/\/schema.org\/FAQPage\">     \n    <div itemscope=\"\" itemprop=\"mainEntity\" itemtype=\"https:\/\/schema.org\/Question\">\n        <h4 itemprop=\"name\">\u270d\ufe0f Comment S&#8217;inscrire Facilement?<\/h4>\n        <div itemscope=\"\" itemprop=\"acceptedAnswer\" itemtype=\"https:\/\/schema.org\/Answer\">\n          <div itemprop=\"text\">L&#8217;inscription est super facile. En fait, la plupart des gens pourront probablement le faire en quelques minutes. Vous devrez cependant utiliser vos coordonn\u00e9es r\u00e9elles.<\/div>\n    <\/div>\n    <div itemscope=\"\" itemprop=\"mainEntity\" itemtype=\"https:\/\/schema.org\/Question\">\n      <h4 itemprop=\"name\">? Quelle est la clart\u00e9 des termes et conditions des bonus?<\/h4>\n      <div itemscope=\"\" itemprop=\"acceptedAnswer\" itemtype=\"https:\/\/schema.org\/Answer\">\n        <div itemprop=\"text\">Les termes et conditions sont r\u00e9dig\u00e9s de mani\u00e8re \u00e0 \u00eatre compliqu\u00e9s et difficiles \u00e0 comprendre. Il en va de m\u00eame pour les conditions g\u00e9n\u00e9rales d&#8217;utilisation des TurboVegas.<\/div>\n      <\/div>\n    <\/div>\n    <div itemscope=\"\" itemprop=\"mainEntity\" itemtype=\"https:\/\/schema.org\/Question\">\n        <h4 itemprop=\"name\">?\u200d\u2640\ufe0f Comment trouver Facilement un Jeu qui vous convient?<\/h4>\n        <div itemscope=\"\" itemprop=\"acceptedAnswer\" itemtype=\"https:\/\/schema.org\/Answer\">\n          <div itemprop=\"text\">Si vous connaissez le nom du jeu que vous voulez, il vous suffit de le taper. C&#8217;est le m\u00eame que dans la plupart des autres casinos en ligne.<\/div>\n      <\/div>\n    <\/div>\n    <div itemscope=\"\" itemprop=\"mainEntity\" itemtype=\"https:\/\/schema.org\/Question\">\n      <h4 itemprop=\"name\">? Quelle est la facilit\u00e9 de d\u00e9p\u00f4t et de retrait?<\/h4>\n      <div itemscope=\"\" itemprop=\"acceptedAnswer\" itemtype=\"https:\/\/schema.org\/Answer\">\n        <div itemprop=\"text\">Il est assez facile de d\u00e9poser et de retirer des fonds. Le seul probl\u00e8me est qu&#8217;il ne vous indique pas le montant minimum de d\u00e9p\u00f4t requis. Et cela peut rendre la situation plus stressante.<\/div>\n    <\/div>\n  <\/div>\n    <div itemscope=\"\" itemprop=\"mainEntity\" itemtype=\"https:\/\/schema.org\/Question\">\n        <h4 itemprop=\"name\">? Ce casino est-il s\u00fbr?<\/h4>\n        <div itemscope=\"\" itemprop=\"acceptedAnswer\" itemtype=\"https:\/\/schema.org\/Answer\">\n          <div itemprop=\"text\">Le TurboVegas est super s\u00fbr. Il est enti\u00e8rement homologu\u00e9 par l&#8217;UE et respecte toutes les lois en vigueur.<\/div>\n      <\/div>\n    <\/div>\n  <div itemscope=\"\" itemprop=\"mainEntity\" itemtype=\"https:\/\/schema.org\/Question\">\n    <h4 itemprop=\"name\">? Y a-t-il un chat en direct, un e-mail et\/ou un num\u00e9ro de telephone?<\/h4>\n    <div itemscope=\"\" itemprop=\"acceptedAnswer\" itemtype=\"https:\/\/schema.org\/Answer\">\n      <div itemprop=\"text\">Oui, il y a un chat en direct et des e-mails. Mais il n&#8217;y a pas de num\u00e9ro de t\u00e9l\u00e9phone.<\/div>\n    <\/div>\n  <\/div>\n    <\/div>\n    <\/div>\n    <div itemscope=\"\" itemprop=\"mainEntity\" itemtype=\"https:\/\/schema.org\/Question\">\n      <h3 itemprop=\"name\">? Quels sont les avantages et les inconv\u00e9nients de jouer sur Turbo Casino?<\/h3>\n      <div itemscope=\"\" itemprop=\"acceptedAnswer\" itemtype=\"https:\/\/schema.org\/Answer\">\n      <div itemprop=\"text\">\n        <div class=\"pcheading\">\n          Avantages et inconv\u00e9nients de jouer au Turbo Casino\n        <\/div>\n        <div class=\"pros proscons\">\n      <h4>Les pour<\/h4>\n      <ul>\n        <li>S\u00fbr<\/li>\n        <li>facile \u00e0 utiliser<\/li>\n        <li>bonne s\u00e9lection de jeux de machines \u00e0 sous.<\/li>\n      <\/ul>\n        <\/div>\n        <div class=\"cons proscons\">\n      <h4>Les Contre<\/h4>\n      <ul>\n        <li>Il n&#8217;y a pas de bonus si vous ne les demandez pas<\/li>\n        <li>Il n&#8217;y a pas d&#8217;application<\/li>\n        <li>Il y a un nombre minimal de jeux de table<\/li>\n        <li>Il n&#8217;y a pas de programme VIP ou de fid\u00e9lisation<\/li>\n      <\/ul>\n          <\/div>\n      <\/div>\n      <\/div>\n      <\/div>\n","protected":false},"excerpt":{"rendered":"<p>TurboVegas a \u00e9t\u00e9 mis en ligne pour la premi\u00e8re fois en 2018. Maintenant qu&#8217;il a eu quelques ann\u00e9es pour s&#8217;\u00e9tablir, je pense qu&#8217;il est juste de le revoir en profondeur. Le montant minimum que vous devrez verser sera indiqu\u00e9 \u00e0 la caisse lorsque vous effectuerez un d\u00e9p\u00f4t. R\u00e9partition de la r\u00e9vision Dans cette revue, nous [&hellip;]<\/p>\n","protected":false},"author":11,"featured_media":4466,"parent":16,"menu_order":0,"comment_status":"closed","ping_status":"closed","template":"page_review_card.php","meta":{"_acf_changed":false,"footnotes":""},"class_list":["post-4464","page","type-page","status-publish","has-post-thumbnail","hentry"],"acf":[],"_links":{"self":[{"href":"https:\/\/www.minimumdepositcasinos.org\/fr\/wp-json\/wp\/v2\/pages\/4464","targetHints":{"allow":["GET"]}}],"collection":[{"href":"https:\/\/www.minimumdepositcasinos.org\/fr\/wp-json\/wp\/v2\/pages"}],"about":[{"href":"https:\/\/www.minimumdepositcasinos.org\/fr\/wp-json\/wp\/v2\/types\/page"}],"author":[{"embeddable":true,"href":"https:\/\/www.minimumdepositcasinos.org\/fr\/wp-json\/wp\/v2\/users\/11"}],"replies":[{"embeddable":true,"href":"https:\/\/www.minimumdepositcasinos.org\/fr\/wp-json\/wp\/v2\/comments?post=4464"}],"version-history":[{"count":4,"href":"https:\/\/www.minimumdepositcasinos.org\/fr\/wp-json\/wp\/v2\/pages\/4464\/revisions"}],"predecessor-version":[{"id":4471,"href":"https:\/\/www.minimumdepositcasinos.org\/fr\/wp-json\/wp\/v2\/pages\/4464\/revisions\/4471"}],"up":[{"embeddable":true,"href":"https:\/\/www.minimumdepositcasinos.org\/fr\/wp-json\/wp\/v2\/pages\/16"}],"wp:featuredmedia":[{"embeddable":true,"href":"https:\/\/www.minimumdepositcasinos.org\/fr\/wp-json\/wp\/v2\/media\/4466"}],"wp:attachment":[{"href":"https:\/\/www.minimumdepositcasinos.org\/fr\/wp-json\/wp\/v2\/media?parent=4464"}],"curies":[{"name":"wp","href":"https:\/\/api.w.org\/{rel}","templated":true}]}}