{"id":4472,"date":"2020-10-16T10:47:13","date_gmt":"2020-10-16T10:47:13","guid":{"rendered":"https:\/\/www.minimumdepositcasinos.org\/fr\/?page_id=4472"},"modified":"2020-10-16T10:47:15","modified_gmt":"2020-10-16T10:47:15","slug":"ultra","status":"publish","type":"page","link":"https:\/\/www.minimumdepositcasinos.org\/fr\/revue-de-casino\/ultra\/","title":{"rendered":"Ultra Casino"},"content":{"rendered":"<h2>R\u00e9partition de la R\u00e9vision<\/h2>\n<p>Toute nouvelle plateforme qui propose des jeux de casino en ligne, Ultra Casino est la toute derni\u00e8re plateforme de jeu en ligne mise en place par BP Group Ltd. Bas\u00e9e \u00e0 Malte, cette soci\u00e9t\u00e9 a d\u00e9j\u00e0 dans son portefeuille quelques casinos tr\u00e8s populaires qui sont connus pour offrir une exp\u00e9rience de casino en ligne de classe mondiale.<\/p>\n<p>Ultra Casino propose un produit unique et comp\u00e9titif avec une approche innovante de ses bonus et r\u00e9compenses. Au lieu de r\u00e9compenser les joueurs pour leur adh\u00e9sion, Ultra Casino pr\u00e9f\u00e8re r\u00e9compenser les nouveaux joueurs avec des prix et d&#8217;autres r\u00e9compenses. Pour cette raison, il n&#8217;y a pas de bonus de bienvenue disponible. Continuez \u00e0 lire pour savoir ce que vous pouvez recevoir en tant que nouveau joueur sur Ultra Casino et quels sont les jeux qui vous permettront de vous amuser en ligne.<\/p>\n<h2>Bonus et Promotions<\/h2>\n<p>Si vous \u00eates un peu d\u00e9\u00e7u que le casino ne r\u00e9compense pas les nouveaux joueurs avec un paquet de Bonus de Bienvenue, ne le soyez pas. Ultra Casino est dot\u00e9 d&#8217;un logiciel de pointe et d&#8217;un catalogue de jeux de casino haut de gamme, avec des visuels captivants et de nombreuses possibilit\u00e9s de gagner de gros prix. Comme un nouveau joueur ne pense pas \u00eatre ignor\u00e9, il y a toujours des bonus et des promotions dont vous pouvez profiter, le casino r\u00e9compense simplement les joueurs d&#8217;une mani\u00e8re inhabituelle.<\/p>\n<h3>Bonus de Bienvenue<\/h3>\n<p>L&#8217;\u00e9quipe derri\u00e8re Ultra Casino a fait des efforts consid\u00e9rables pour reconceptualiser les bonus tels que nous les connaissons. Cela pourrait \u00eatre d\u00fb au fait que le casino est encore tout neuf, mais jusqu&#8217;au moment o\u00f9 nous \u00e9crivons cette revue, les bonus des nouveaux joueurs n&#8217;\u00e9taient pas disponibles. \u00c0 la place, les joueurs peuvent s&#8217;inscrire, effectuer un d\u00e9p\u00f4t minimum de 10 $ et recevoir des r\u00e9compenses quotidiennes. Peu importe que vous gagniez ou perdiez, ou que vos enjeux aient \u00e9t\u00e9 importants, Ultra Casino vous r\u00e9compensera. Pour participer \u00e0 ce bonus, il vous suffit de faire un d\u00e9p\u00f4t en argent r\u00e9el et le lendemain, vous recevrez un e-mail avec un bonus personnalis\u00e9 juste pour vous.<\/p>\n<h3>Autres Promotions<\/h3>\n<p>Pour les joueurs qui n&#8217;appr\u00e9cient rien de plus que d&#8217;obtenir des bonus de tours gratuits, chaque mois Ultra Casino mettra un nouveau jeu \u00e0 disposition et vous aurez 1 tour gratuit par jour \u00e0 attendre. Vous serez automatiquement dans la file d&#8217;attente pour gagner un prix de l&#8217;\u00e9norme cagnotte de 1 000 000 $. Tout ce que vous devez faire est de s\u00e9lectionner le jeu qui attire votre attention, puis d&#8217;utiliser votre <a href=\"\/fr\/tours-gratuits\/\">Tour gratuit<\/a> quotidien pour mettre les rouleaux en mouvement. Si vous atteignez la premi\u00e8re place, vous gagnez instantan\u00e9ment un prix de 800 $ en esp\u00e8ces, la deuxi\u00e8me place vous rapporte 700 $, la troisi\u00e8me place vous rapporte 600 $, la quatri\u00e8me place vous rapporte 500 $ et si vous obtenez la cinqui\u00e8me place, vous pouvez repartir avec 400 $ en esp\u00e8ces.<\/p>\n<p>Naturellement, comme pour toute autre promotion de casino, il y a des termes et conditions \u00e0 conna\u00eetre. Voici quelques-unes des conditions importantes: L&#8217;exigence de mise est de 21 fois votre bonus et de 21 fois les gains obtenus par les tours gratuits. Les conditions de mise doivent \u00eatre remplies dans un d\u00e9lai de 21 jours.<\/p>\n<p>Dans le cadre d&#8217;une autre promotion tr\u00e8s int\u00e9ressante, Ultra Casino s&#8217;est associ\u00e9 \u00e0 Pragmatic Play pour offrir des r\u00e9ductions de prix quotidiennes. Il suffit d&#8217;ouvrir l&#8217;un des jeux \u00e9ligibles, de miser au moins 0,50 $ par tour en argent r\u00e9el et de se tenir les pouces. La cagnotte est une \u00e9norme somme de 2 millions de dollars.<\/p>\n<h3>Exigences de mise en jeu (Exigences de pari)<\/h3>\n<p>Les conditions de mise sur vos r\u00e9compenses quotidiennes des Free Spins sont de 20 fois vos gains et doivent \u00eatre remplies en 1 jour. Les conditions de mise sont des conditions que les joueurs doivent remplir lorsqu&#8217;ils jouent avec un bonus de casino. Lorsque vous jouez en respectant les exigences de mise, cela signifie simplement que vous devez rejouer vos gains 20 fois avant que votre bonus ne soit converti en argent r\u00e9el et puisse \u00eatre retir\u00e9.<\/p>\n<h3>VIP &amp; Loyaut\u00e9<\/h3>\n<p>Ultra Casino est tr\u00e8s r\u00e9cent et, en tant que tel, n&#8217;a pas encore finalis\u00e9 son programme de fid\u00e9lit\u00e9 VIP. Toutefois, il ressemblera beaucoup \u00e0 n&#8217;importe quel autre casino dans la mesure o\u00f9 plus vous jouez, plus vos r\u00e9compenses seront importantes. Les joueurs qui participent au programme VIP\/fid\u00e9lit\u00e9 peuvent obtenir des r\u00e9compenses et des bonus sur mesure, aucun frais sur les d\u00e9p\u00f4ts et les retraits, b\u00e9n\u00e9ficier d&#8217;exigences de mise moins \u00e9lev\u00e9es et les niveaux sup\u00e9rieurs sont g\u00e9r\u00e9s par un responsable VIP d\u00e9di\u00e9.<\/p>\n<h2>Comment S&#8217;inscrire et Commencer \u00e0 jouer<\/h2>\n<p>Pour commencer votre voyage avec Ultra Casino, il vous suffit de suivre nos liens et cela chargera Ultra Casino dans votre navigateur. Lorsque vous \u00eates au casino, cliquez sur le bouton &#8220;S&#8217;inscrire&#8221; en haut \u00e0 droite de la page et fournissez vos informations personnelles telles que votre adresse \u00e9lectronique, vos nom et pr\u00e9nom, votre nom d&#8217;utilisateur, votre mot de passe, votre devise pr\u00e9f\u00e9r\u00e9e et votre num\u00e9ro de t\u00e9l\u00e9phone portable. Une fois la proc\u00e9dure d&#8217;inscription termin\u00e9e, confirmez et v\u00e9rifiez votre compte et rendez-vous \u00e0 la caisse pour effectuer votre d\u00e9p\u00f4t afin de pouvoir participer \u00e0 la promotion quotidienne.<\/p>\n<h2>Paiements<\/h2>\n<p>Ultra Casino propose une liste importante et polyvalente de m\u00e9thodes bancaires de casino que vous pouvez utiliser pour alimenter votre compte et retirer vos gains. Vous avez le choix entre des cartes de cr\u00e9dit ou de d\u00e9bit, une carte de recharge comme <a href=\"\/fr\/options-dachat\/paysafecard\/\">PaySafeCard<\/a> ou un porte-monnaie \u00e9lectronique.<\/p>\n<h3>M\u00e9thodes de d\u00e9p\u00f4t<\/h3>\n<p>Lorsque vous \u00eates pr\u00eat \u00e0 effectuer votre d\u00e9p\u00f4t minimum, vous pouvez utiliser:<\/p>\n<ul>\n<li>Visa et Mastercard<\/li>\n<li><a href=\"\/fr\/options-dachat\/trustly\/\">Trustly<\/a><\/li>\n<li>Skrill et Neteller<\/li>\n<li>Klarna<\/li>\n<li><a href=\"\/fr\/options-dachat\/interac\/\">Interac<\/a><\/li>\n<\/ul>\n<p>Le d\u00e9p\u00f4t minimum au Ultra Casino est de 10 $ et d\u00e8s que vous avez effectu\u00e9 votre paiement, il est trait\u00e9 instantan\u00e9ment. Il ne vous reste plus qu&#8217;\u00e0 faire tourner les bobines du Jeu du jour et \u00e0 vous laisser tenter par les machines \u00e0 sous et les jeux de table de votre choix.<\/p>\n<h3>D\u00e9p\u00f4ts Minimum et Maximum<\/h3>\n<p><a href=\"\/fr\/10-de-depot-minimum\/\">Le d\u00e9p\u00f4t minimum est de 10 $<\/a> chez Ultra Casino et comme il n&#8217;y a pas d&#8217;offres de bonus de bienvenue et de tours gratuits disponibles pour votre d\u00e9p\u00f4t minimum. Le lendemain de votre d\u00e9p\u00f4t, le casino vous r\u00e9compensera avec un bonus sp\u00e9cial, alors faites attention \u00e0 ce qu&#8217;il se trouve dans votre bo\u00eete de r\u00e9ception.<\/p>\n<h3>M\u00e9thodes et D\u00e9lais de Retrait<\/h3>\n<p><a href=\"\/fr\/casinos-de-retrait-minimum\/\">Le retrait minimum<\/a> est fix\u00e9 \u00e0 50 $ et peu importe le mode de paiement que vous utilisez, tandis que le retrait maximum par jour est de 5 000 $. Pour les retraits, Ultra Casino peut imposer des frais de service, mais tout d\u00e9pend du fournisseur de paiement que vous utilisez.<\/p>\n<h2>Jeux<\/h2>\n<p>Le d\u00e9p\u00f4t minimum au Ultra Casino est de 10 $ et d\u00e8s que vous avez effectu\u00e9 votre paiement, il est trait\u00e9 instantan\u00e9ment. Au Ultra Casino, vous pouvez profiter de machines \u00e0 sous de tous types et de toutes sortes, de jeux de table comme le poker, la roulette et le blackjack, du vid\u00e9o poker et de nombreux jeux passionnants au Casino de Croupier en direct.<\/p>\n<h3>Machine \u00e0 Sous<\/h3>\n<p>Des centaines de <a href=\"\/fr\/jeux\/machines-a-sous\/\">machines \u00e0 sous<\/a> classiques \u00e0 trois bobines aux machines \u00e0 sous vid\u00e9o \u00e0 plusieurs bobines plus modernes, Ultra Casino propose des machines \u00e0 sous compos\u00e9es de tous les th\u00e8mes possibles pour tous les types de joueurs, quel que soit votre budget. Qu&#8217;il s&#8217;agisse de machines \u00e0 sous de cin\u00e9ma, de machines \u00e0 sous \u00e9gyptiennes, de machines \u00e0 sous pleines d&#8217;action ou de machines \u00e0 sous ayant un th\u00e8me de rock star, le choix vous appartient. Parmi les jeux les plus populaires, citons Sweet Bonanza, Heroes Hunt, Cash Compass et Street Fighter 2.<\/p>\n<h3>Jeux de Table<\/h3>\n<p>Ultra Casino propose une belle gamme de jeux de table et de cartes, dont toutes les variantes du Blackjack, du Baccarat, du Poker et de la Roulette. Tous les titres pr\u00e9f\u00e9r\u00e9s comme la roulette europ\u00e9enne en 3D, le baccarat et l&#8217;Atlantic City Blackjack sont \u00e9galement disponibles.<\/p>\n<h3>Jeux de distributeurs en direct<\/h3>\n<p>Le casino Live Dealer propose les derniers et plus grands titres de l&#8217;Evolution Gaming tels que Grand Casino Hippodrome, live Squeeze Baccarat, French Gold Roulette et Azure Roulette by Pragmatic Play. Les casinos Live Dealer proposent les jeux de hasard les plus immersifs et les plus authentiques d&#8217;un vrai casino, diffus\u00e9s en direct et en qualit\u00e9 haute d\u00e9finition. Les joueurs peuvent interagir avec les croupiers et suivre toute l&#8217;action en direct.<\/p>\n<h2>Mobile et Applications<\/h2>\n<p>Ultra Casino ne dispose pas encore d&#8217;une application d\u00e9di\u00e9e, mais ne vous inqui\u00e9tez pas, les joueurs sur mobile peuvent profiter d&#8217;une exp\u00e9rience de jeu sans faille. Ultra Casino est con\u00e7u en HTML5, ce qui signifie que vous pouvez jouer depuis n&#8217;importe quel navigateur.<\/p>\n<h2>S\u00e9curit\u00e9 et Licences<\/h2>\n<p>Ultra Casino est agr\u00e9\u00e9 par la Malta Gaming Authority, ce qui signifie que les jeux de casino en ligne sont \u00e9quitables et honn\u00eates. Le site est \u00e9galement certifi\u00e9 RNG, ce qui signifie que les jeux sont totalement \u00e9quitables et fiables et que le cryptage SSL assure une protection maximale des donn\u00e9es.<\/p>\n<h2>Assistance \u00e0 la client\u00e8le<\/h2>\n<p>L&#8217;\u00e9quipe d&#8217;assistance \u00e0 la client\u00e8le est disponible en anglais, allemand, fran\u00e7ais, finnois, norv\u00e9gien et chinois. Si vous avez besoin de discuter avec l&#8217;\u00e9quipe d&#8217;assistance, vous pouvez utiliser la bo\u00eete de dialogue en direct ou contacter l&#8217;\u00e9quipe en envoyant un courriel \u00e0 support@ultracasino.com.<\/p>\n<h2>Notre verdict<\/h2>\n<p>Le tout nouveau Ultra Casino offre des jeux en ligne de qualit\u00e9 sup\u00e9rieure aux amateurs de casino dans la plupart des pays du monde. Le site propose de superbes jeux et un logiciel sous-jacent de haute qualit\u00e9. Le seul inconv\u00e9nient est l&#8217;absence de bonus de bienvenue, ce que la plupart des nouveaux joueurs recherchent. Au lieu d&#8217;un bonus de bienvenue, le site propose des tours gratuits quotidiens. Ce casino est encore tr\u00e8s jeune, et les choses pourraient changer sous peu.<\/p>\n<h2>Questions Fr\u00e9quemment Pos\u00e9es<\/h2>\n\n\n<div itemscope=\"\" itemtype=\"https:\/\/schema.org\/FAQPage\">     \n  <div itemscope=\"\" itemprop=\"mainEntity\" itemtype=\"https:\/\/schema.org\/Question\">\n      <h4 itemprop=\"name\">? L&#8217;Ultra Casino est-il s\u00fbr pour jouer?<\/h4>\n      <div itemscope=\"\" itemprop=\"acceptedAnswer\" itemtype=\"https:\/\/schema.org\/Answer\">\n        <div itemprop=\"text\">Oui, tout \u00e0 fait. Ultra Casino est titulaire d&#8217;une licence d\u00e9livr\u00e9e par l&#8217;Autorit\u00e9 maltaise des jeux, un r\u00e9gulateur offshore tr\u00e8s respect\u00e9. Cela garantit un environnement de jeu s\u00fbr pour les casinos.<\/div>\n  <\/div>\n  <div itemscope=\"\" itemprop=\"mainEntity\" itemtype=\"https:\/\/schema.org\/Question\">\n    <h4 itemprop=\"name\">? Quel est le d\u00e9p\u00f4t minimum \u00e0 l&#8217;Ultra Casino?<\/h4>\n    <div itemscope=\"\" itemprop=\"acceptedAnswer\" itemtype=\"https:\/\/schema.org\/Answer\">\n      <div itemprop=\"text\">Pour commencer \u00e0 jouer au Ultra Casino, le d\u00e9p\u00f4t minimum est de 10 $, et le retrait minimum autoris\u00e9 est de 50 $.<\/div>\n    <\/div>\n  <\/div>\n  <div itemscope=\"\" itemprop=\"mainEntity\" itemtype=\"https:\/\/schema.org\/Question\">\n      <h4 itemprop=\"name\">? Quelles m\u00e9thodes bancaires puis-je utiliser au Ultra Casino?<\/h4>\n      <div itemscope=\"\" itemprop=\"acceptedAnswer\" itemtype=\"https:\/\/schema.org\/Answer\">\n        <div itemprop=\"text\">Rechargez votre compte de casino avec les fournisseurs de Visa et de porte-monnaie \u00e9lectronique Neteller et Skrill. Vous pouvez \u00e9galement utiliser Trustly, Interac et Klarna.<\/div>\n    <\/div>\n  <\/div>\n  <div itemscope=\"\" itemprop=\"mainEntity\" itemtype=\"https:\/\/schema.org\/Question\">\n    <h4 itemprop=\"name\">? Quels sont les jeux auxquels je peux jouer au Ultra Casino?<\/h4>\n    <div itemscope=\"\" itemprop=\"acceptedAnswer\" itemtype=\"https:\/\/schema.org\/Answer\">\n      <div itemprop=\"text\">Il y a pr\u00e8s de 1000 jeux de casino disponibles, compos\u00e9s de machines \u00e0 sous, de jeux de table, de vid\u00e9o poker, de jeux \u00e0 jackpot progressif et de jeux de casino \u00e0 croupier en direct.<\/div>\n  <\/div>\n<\/div> \n<div itemscope=\"\" itemprop=\"mainEntity\" itemtype=\"https:\/\/schema.org\/Question\">\n  <h4 itemprop=\"name\">? Quelle est l&#8217;exigence de mise \u00e0 l&#8217;Ultra Casino?<\/h4>\n  <div itemscope=\"\" itemprop=\"acceptedAnswer\" itemtype=\"https:\/\/schema.org\/Answer\">\n    <div itemprop=\"text\">La mise obligatoire est fix\u00e9e \u00e0 50x pour les bonus et 20x pour les tours gratuits, mais actuellement, la mise obligatoire pour la seule promotion de bienvenue est de 21x.<\/div>\n<\/div>\n<\/div> \n  <\/div>\n  <\/div>\n","protected":false},"excerpt":{"rendered":"<p>R\u00e9partition de la R\u00e9vision Toute nouvelle plateforme qui propose des jeux de casino en ligne, Ultra Casino est la toute derni\u00e8re plateforme de jeu en ligne mise en place par BP Group Ltd. Bas\u00e9e \u00e0 Malte, cette soci\u00e9t\u00e9 a d\u00e9j\u00e0 dans son portefeuille quelques casinos tr\u00e8s populaires qui sont connus pour offrir une exp\u00e9rience de [&hellip;]<\/p>\n","protected":false},"author":11,"featured_media":4487,"parent":16,"menu_order":0,"comment_status":"closed","ping_status":"closed","template":"page_review_card.php","meta":{"_acf_changed":false,"footnotes":""},"class_list":["post-4472","page","type-page","status-publish","has-post-thumbnail","hentry"],"acf":[],"_links":{"self":[{"href":"https:\/\/www.minimumdepositcasinos.org\/fr\/wp-json\/wp\/v2\/pages\/4472","targetHints":{"allow":["GET"]}}],"collection":[{"href":"https:\/\/www.minimumdepositcasinos.org\/fr\/wp-json\/wp\/v2\/pages"}],"about":[{"href":"https:\/\/www.minimumdepositcasinos.org\/fr\/wp-json\/wp\/v2\/types\/page"}],"author":[{"embeddable":true,"href":"https:\/\/www.minimumdepositcasinos.org\/fr\/wp-json\/wp\/v2\/users\/11"}],"replies":[{"embeddable":true,"href":"https:\/\/www.minimumdepositcasinos.org\/fr\/wp-json\/wp\/v2\/comments?post=4472"}],"version-history":[{"count":6,"href":"https:\/\/www.minimumdepositcasinos.org\/fr\/wp-json\/wp\/v2\/pages\/4472\/revisions"}],"predecessor-version":[{"id":4501,"href":"https:\/\/www.minimumdepositcasinos.org\/fr\/wp-json\/wp\/v2\/pages\/4472\/revisions\/4501"}],"up":[{"embeddable":true,"href":"https:\/\/www.minimumdepositcasinos.org\/fr\/wp-json\/wp\/v2\/pages\/16"}],"wp:featuredmedia":[{"embeddable":true,"href":"https:\/\/www.minimumdepositcasinos.org\/fr\/wp-json\/wp\/v2\/media\/4487"}],"wp:attachment":[{"href":"https:\/\/www.minimumdepositcasinos.org\/fr\/wp-json\/wp\/v2\/media?parent=4472"}],"curies":[{"name":"wp","href":"https:\/\/api.w.org\/{rel}","templated":true}]}}