{"id":4473,"date":"2020-10-16T11:36:37","date_gmt":"2020-10-16T11:36:37","guid":{"rendered":"https:\/\/www.minimumdepositcasinos.org\/fr\/?page_id=4473"},"modified":"2020-10-16T11:36:39","modified_gmt":"2020-10-16T11:36:39","slug":"spinaru","status":"publish","type":"page","link":"https:\/\/www.minimumdepositcasinos.org\/fr\/revue-de-casino\/spinaru\/","title":{"rendered":"Spinaru Casino"},"content":{"rendered":"<p>Le Spinaru Casino a \u00e9t\u00e9 mis sur le march\u00e9 pour la premi\u00e8re fois en 2019. En mati\u00e8re de casinos en ligne, c&#8217;est donc le nouveau venu sur le march\u00e9. Lorsque vous vous inscrivez pour la premi\u00e8re fois, vous pouvez obtenir jusqu&#8217;\u00e0 400 $ de bonus pour jouer et 20 tours gratuits sans obligation de parier. De plus, des tours gratuits sont distribu\u00e9s chaque vendredi \u00e0 tous les clients actifs. Pour jouer chez Spinaru et obtenir leurs offres, le d\u00e9p\u00f4t minimum est de 10 $.<\/p>\n<h2>R\u00e9partition de la r\u00e9vision<\/h2>\n<p>Beaucoup d&#8217;entre vous auront cliqu\u00e9 sur cette pi\u00e8ce parce que vous voulez savoir ce qu&#8217;est Spinaru. Aujourd&#8217;hui, nous allons examiner ce qu&#8217;ils proposent, ce qui les rend diff\u00e9rents des autres et ce que c&#8217;est que d&#8217;utiliser Spinaru.<\/p>\n<h2>Bonus et Promotions<\/h2>\n<p>Presque tous les casinos en ligne ont au moins une promotion pour encourager les gens \u00e0 jouer avec eux. Les bonus et les promotions sont excellents car ils permettent de jouer plus et donc de gagner plus. Spinaru propose de nombreuses offres sur lesquelles vous pouvez mettre la main. Mais la premi\u00e8re que vous pourrez utiliser est le bonus de bienvenue.<\/p>\n<h3>Bonus de Bienvenue<\/h3>\n<p>Lorsque vous vous inscrivez avec le bonus de bienvenue, vous recevez un bonus de d\u00e9p\u00f4t de 100 % jusqu&#8217;\u00e0 400 $ et recevez 20 tours gratuits.<\/p>\n<p>Toutefois, avec les <a href=\"\/fr\/tours-gratuits\/\">tours gratuits<\/a>, le seul jeu dans lequel vous pourrez les utiliser est &#8220;Booming Bananas&#8221; et d&#8217;autres conditions s&#8217;appliqueront. Vous devrez commencer \u00e0 les utiliser au plus tard 7 jours apr\u00e8s qu&#8217;ils vous auront \u00e9t\u00e9 donn\u00e9s. Heureusement, ces tours n&#8217;ont pas de conditions de mise ni de date d&#8217;expiration.<\/p>\n<p>Si vous souhaitez utiliser le bonus de bienvenue, vous ne pourrez pas effectuer votre premier d\u00e9p\u00f4t avec Skrill ou Neteller, et le montant maximum que vous pourrez gagner \u00e0 chaque tour\/main est de 30 $.<\/p>\n<h3>Autres Promotions<\/h3>\n<p>La prime de bienvenue n&#8217;est pas la seule promotion dont b\u00e9n\u00e9ficie Spinaru. Voici une liste rapide des autres promotions qu&#8217;ils ont mises en place pour attirer de plus en plus de clients.<\/p>\n<p>Tombez dans les bonus. D\u00e9posez 10 $ et jouez avec 50 $. D\u00e9posez 20 $ et jouez avec 100 $. D\u00e9posez 30 $ en jouant avec 150 $. Bonus de casino en direct. Obtenez jusqu&#8217;\u00e0 250 $ de cr\u00e9dits bonus \u00e0 utiliser sur les jeux du casino en direct.<\/p>\n<p>Les 30 joueurs les plus actifs dans un mois recevront 1000 $. Les jackpots quotidiens. Une loterie simple et facile \u00e0 utiliser. Lucky Pot. Lorsque vous jouez, vous gagnez des &#8220;pi\u00e8ces&#8221;. Ces pi\u00e8ces peuvent \u00eatre jet\u00e9es dans un pot porte-bonheur et transform\u00e9es en r\u00e9compenses. Surprise hebdomadaire. Chaque vendredi, tous les clients actifs b\u00e9n\u00e9ficieront de tours gratuits. Bonus de 2e d\u00e9p\u00f4t. 150% de bonus sur d\u00e9p\u00f4t, jusqu&#8217;\u00e0 300 $. Bonus de 3\u00e8me d\u00e9p\u00f4t. 100 % de bonus sur d\u00e9p\u00f4t, jusqu&#8217;\u00e0 1000 $. Bonus de rechargement. Effectuez un nouveau d\u00e9p\u00f4t chaque jour, et recevez 50% de la somme du bonus, jusqu&#8217;\u00e0 50\u20ac.<\/p>\n<h3>Conditions de Mise en Jeu<\/h3>\n<p>Les tours gratuits qui viennent avec le bonus de bienvenue n&#8217;ont pas de conditions de mise. L&#8217;obligation de pari est le montant que vous devez gagner avant de pouvoir retirer votre argent.<\/p>\n<p>L&#8217;exigence de pari de Spinaru est de 99 fois. Par rapport \u00e0 la plupart des autres casinos en ligne, celui-ci est relativement \u00e9lev\u00e9. Si vous deviez d\u00e9poser 10 $ et obtenir 10 $ suppl\u00e9mentaires dans le cadre d&#8217;une promotion, vous devriez avoir gagn\u00e9 990 $ avec le bonus avant de pouvoir retirer quoi que ce soit.<\/p>\n<h3>VIP &amp; Fid\u00e9lit\u00e9<\/h3>\n<p>Spinaru ne s&#8217;adresse pas seulement aux nouveaux arrivants. Si vous restez avec eux et leur restez fid\u00e8le, vous pouvez gagner des points gr\u00e2ce \u00e0 leur programme VIP. Plus vous aurez de points, plus vous pourrez acc\u00e9der \u00e0 des bonus.<\/p>\n<p>Pour gagner des points, il vous suffit de gagner de l&#8217;argent sur les jeux. Lorsque vous jouez aux machines \u00e0 sous, chaque 20 $ gagn\u00e9 vous donne un point. Pour les jeux de casino en direct, c&#8217;est 60 $ pour un point. Pour les autres jeux, il faudra des montants diff\u00e9rents pour pouvoir gagner 1 point.<\/p>\n<h2>Comment S&#8217;inscrire et Commencer \u00e0 Jouer<\/h2>\n<p>Si le casino Spinaru vous pla\u00eet, il vous suffit de suivre les \u00e9tapes ci-dessous pour commencer \u00e0 utiliser ce casino.<\/p>\n<ul>\n<li>Cliquez sur &#8220;Rejoindre&#8221;. Celui-ci sera situ\u00e9 en haut \u00e0 droite du site web<\/li>\n<li>Entrez vos coordonn\u00e9es<\/li>\n<li>V\u00e9rifiez votre adresse \u00e9lectronique<\/li>\n<li>Effectuez votre premier d\u00e9p\u00f4t. Celui-ci devra \u00eatre d&#8217;au moins 10 $.<\/li>\n<li>Acceptez le bonus de bienvenue et profitez de tous leurs jeux.<\/li>\n<\/ul>\n<h2>Paiements<\/h2>\n<p>Lorsque vous utilisez de l&#8217;argent en ligne, vous devez vous assurer que tous les paiements sont s\u00fbrs et rapides. Vous ne voulez pas attendre longtemps, mais vous ne voulez pas non plus risquer que votre argent tombe entre de mauvaises mains.<\/p>\n<p>Spinaru utilise certaines des options de paiement les plus rapides mais aussi les plus s\u00fbres du casino.<\/p>\n<h3>M\u00e9thodes de D\u00e9p\u00f4t<\/h3>\n<p>Si vous souhaitez effectuer un d\u00e9p\u00f4t, il existe quatre grands types de m\u00e9thodes que vous pouvez utiliser. La plupart pr\u00e9f\u00e9reront payer par carte, \u00e0 Spinaru, vous pouvez payer avec une carte Visa ou MasterCard. Si vous pr\u00e9f\u00e9rez faire votre d\u00e9p\u00f4t par E-Wallet, vous pouvez utiliser ecoPayz, Skrill, Neteller, NeoSurf, <a href=\"\/fr\/options-dachat\/interac\/\">Interac<\/a> ou Astropay. Les porte-monnaie \u00e9lectroniques sont connus pour \u00eatre tr\u00e8s rapides.<\/p>\n<p>Si vous voulez payer directement avec votre compte bancaire, vous pouvez utiliser soit EPS soit Zimpler. Et pour ceux qui souhaitent \u00eatre encore plus prudents, vous pouvez m\u00eame payer en utilisant PaySafe ou Flex e pin. Ce sont de fantastiques options de paiement jetables.<\/p>\n<h3>D\u00e9p\u00f4ts Minimum et Maximum<\/h3>\n<p>Tous les modes de paiement ont le m\u00eame d\u00e9p\u00f4t minimum. C&#8217;est l&#8217;un des nombreux casinos \u00e0 <a href=\"\/fr\/10-de-depot-minimum\/\">d\u00e9p\u00f4t minimum de 10 $<\/a>.<\/p>\n<h3>Modalit\u00e9s et d\u00e9lais de retrait<\/h3>\n<p>Pour l&#8217;essentiel, <a href=\"\/fr\/casinos-de-retrait-minimum\/\">les m\u00e9thodes de retrait<\/a> sont les m\u00eames que les m\u00e9thodes de d\u00e9p\u00f4t. Toutefois, en ce qui concerne les porte-monnaie \u00e9lectroniques, vous ne pouvez pas utiliser Skrill ou NeoSurf. De plus, comme vous pouvez probablement l&#8217;imaginer, il ne sera pas possible de retirer de l&#8217;argent sur l&#8217;une des options de paiement disponibles.<\/p>\n<p>Le transfert bancaire direct peut \u00eatre effectu\u00e9 lors d&#8217;un retrait d&#8217;argent, mais pas lors d&#8217;un d\u00e9p\u00f4t. Lorsque vous retirez de l&#8217;argent via le porte-monnaie \u00e9lectronique, vous pouvez vous attendre \u00e0 recevoir votre argent instantan\u00e9ment. Les cartes prennent g\u00e9n\u00e9ralement de 1 \u00e0 3 jours, et les virements bancaires peuvent prendre jusqu&#8217;\u00e0 5 jours.<\/p>\n<h2>Jeux<\/h2>\n<p>Bien s\u00fbr, que serait tout casino sans les jeux? Les jeux sont la seule raison pour laquelle les gens aiment aller dans les casinos. Spinaru aime travailler en \u00e9troite collaboration avec ses partenaires pour s&#8217;assurer que les jeux qu&#8217;ils proposent sont remplis de beaux graphismes et que les gens s&#8217;amusent \u00e0 y jouer.<\/p>\n<p>\u00c0 Spinaru, il y a des jeux de machines \u00e0 sous, des jeux de table et des jeux de croupier en direct. Donc, peu importe ce que vous aimez, il y a de fortes chances que vous trouviez quelque chose que vous aimez.<\/p>\n<h3>Machines \u00e0 sous<\/h3>\n<p>Le type de jeu le plus courant \u00e0 Spinaru est la <a href=\"\/fr\/jeux\/machines-a-sous\/\">machine \u00e0 sous<\/a>. Les jeux de machines \u00e0 sous ont tendance \u00e0 \u00eatre remplis de personnages sympas, et ils donnent l&#8217;impression de gagner de l&#8217;argent comme dans un jeu vid\u00e9o. Vous pouvez choisir parmi des milliers de jeux de machines \u00e0 sous chez Spinaru, et si je devais parler de chacun d&#8217;entre eux, je pourrais \u00e9crire un roman.<\/p>\n<p>Mais voici un bref aper\u00e7u de mon top cinq personnel des jeux pr\u00e9f\u00e9r\u00e9s.<\/p>\n<ul>\n<li>Ruler of Egypt. Faites vos spins et gagnez votre r\u00e9compense dans ce jeu sur le th\u00e8me de l&#8217;\u00c9gypte ancienne et de la momie.<\/li>\n<li>Weight of the gun. Jouez le r\u00f4le d&#8217;un bandit cow-boy pour gagner de l&#8217;argent pendant que vous voyagez dans le Far West.<\/li>\n<li>Total Summer Bliss. Si vous aimez vous asseoir au bord de la plage avec une glace, ce jeu vous permet de gagner de l&#8217;argent dans une ambiance estivale et conviviale.<\/li>\n<li>Piggy Riches Megaways. Tu te souviens de la petite tirelire que tu avais quand tu \u00e9tais enfant? Maintenant, vous pouvez la remplir et gagner de l&#8217;argent, bien plus que lorsque vous viviez de votre argent de poche.<\/li>\n<li>Si vous avez un jour envie d&#8217;enfreindre la loi, vous pouvez r\u00e9aliser votre fantasme en jouant \u00e0 &#8221; Take the bank &#8220;. Un jeu de machines \u00e0 sous bas\u00e9 sur les vols de banque.<\/li>\n<\/ul>\n<h3>Jeux de Table<\/h3>\n<p>Pour certaines personnes, les jeux de hasard ne sont pas faits pour elles. Si vous pr\u00e9f\u00e9rez jouer aux jeux de table, je comprends pourquoi. Vous ne voulez pas vous sentir comme si vous jouiez \u00e0 un jeu vid\u00e9o, vous voulez vous sentir sophistiqu\u00e9 et jouer au genre de jeux que vous associeriez \u00e0 des joueurs professionnels.<\/p>\n<p>Spinaru vous propose une brillante s\u00e9lection de jeux de table. Ici, vous pouvez choisir entre la roulette, le poker, le baccarat ou le blackjack. Il existe de nombreuses versions de chaque jeu.<\/p>\n<h3>Jeux de Distributeurs en direct<\/h3>\n<p>Si vous voulez faire passer votre exp\u00e9rience du casino \u00e0 un niveau sup\u00e9rieur, vous pouvez m\u00eame s\u00e9lectionner un des jeux de croupier en direct pour y jouer. Ces jeux sont similaires aux jeux de table, la seule diff\u00e9rence \u00e9tant qu&#8217;ils sont jou\u00e9s en direct, tout comme ils le seraient si vous vous rendiez dans un casino en briques et mortier.<\/p>\n<p>Les options pour ceux qui souhaitent jouer en direct sont le Poker, le Blackjack, le Baccarat, le Dragon Tiger, la Roulette ou le Monopoly Live.<\/p>\n<h2>Mobile et Applications<\/h2>\n<p>Tr\u00e8s peu d&#8217;entre nous sont toujours assis devant un ordinateur ou un portable lorsqu&#8217;ils souhaitent jouer dans un casino en ligne. Nous pouvons \u00eatre dans une gare froide, dans un bar en train d&#8217;attendre nos amis ou dans un caf\u00e9 avec un caf\u00e9.<\/p>\n<p>Dans des moments comme celui-ci, nous n&#8217;avons g\u00e9n\u00e9ralement pas notre ordinateur portable avec nous. Mais nous aurons presque tous un t\u00e9l\u00e9phone portable. Malheureusement, Spinaru n&#8217;est disponible sur aucune des boutiques d&#8217;applications. Cependant, vous pourrez peut-\u00eatre t\u00e9l\u00e9charger l&#8217;application Spinaru via le navigateur de votre t\u00e9l\u00e9phone portable. Sinon, vous pouvez simplement jouer au casino via le navigateur de votre t\u00e9l\u00e9phone.<\/p>\n<h2>S\u00e9curit\u00e9 et Licences<\/h2>\n<p>Spinaru est la propri\u00e9t\u00e9 de Highweb Services Ltd, dont le num\u00e9ro d&#8217;enregistrement est HE326836. Toutes les activit\u00e9s de jeu sur ce site web sont exploit\u00e9es et r\u00e9glement\u00e9es sous le num\u00e9ro de sous-licence 8048\/Jaz. Et chaque jeu est test\u00e9 par iTech Labs, une soci\u00e9t\u00e9 ind\u00e9pendante.<\/p>\n<h2>Assistance \u00e0 la client\u00e8le<\/h2>\n<p>Si vous avez un probl\u00e8me ou une question dont vous souhaitez parler \u00e0 Spinaru, vous devrez le faire soit par chat en direct, soit par e-mail. L&#8217;adresse \u00e9lectronique est support@spinaru.com, et le chat en direct peut \u00eatre consult\u00e9 sur leur site web.<\/p>\n<h2>Notre verdict<\/h2>\n<p>Dans l&#8217;ensemble, la meilleure fa\u00e7on de d\u00e9crire Spinaru est &#8220;pas trop mal&#8221;. Il n&#8217;y a rien qui le rende vraiment aussi terrible. Pourtant, en m\u00eame temps, il n&#8217;y a rien qui sugg\u00e8re que c&#8217;est particuli\u00e8rement frappant.<\/p>\n<h2>Questions Fr\u00e9quemment Pos\u00e9es<\/h2>\n<p>Voici quelques-unes des questions les plus fr\u00e9quentes que les gens ont tendance \u00e0 se poser sur les casinos en ligne.<\/p>\n\n\n<div itemscope=\"\" itemtype=\"https:\/\/schema.org\/FAQPage\">     \n    <div itemscope=\"\" itemprop=\"mainEntity\" itemtype=\"https:\/\/schema.org\/Question\">\n        <h4 itemprop=\"name\">? Comment S&#8217;inscrire Facilement?<\/h4>\n        <div itemscope=\"\" itemprop=\"acceptedAnswer\" itemtype=\"https:\/\/schema.org\/Answer\">\n          <div itemprop=\"text\">L&#8217;enregistrement est incroyablement facile.<\/div>\n    <\/div>\n    <div itemscope=\"\" itemprop=\"mainEntity\" itemtype=\"https:\/\/schema.org\/Question\">\n      <h4 itemprop=\"name\">? Quelle est la clart\u00e9 des Termes et Conditions des Bonus?<\/h4>\n      <div itemscope=\"\" itemprop=\"acceptedAnswer\" itemtype=\"https:\/\/schema.org\/Answer\">\n        <div itemprop=\"text\">Les termes et conditions des bonus ne sont pas du tout clairs. Mais on peut s&#8217;y attendre.<\/div>\n      <\/div>\n    <\/div>\n    <div itemscope=\"\" itemprop=\"mainEntity\" itemtype=\"https:\/\/schema.org\/Question\">\n        <h4 itemprop=\"name\">? Est-il facile de trouver un jeu que vous voulez?<\/h4>\n        <div itemscope=\"\" itemprop=\"acceptedAnswer\" itemtype=\"https:\/\/schema.org\/Answer\">\n          <div itemprop=\"text\">Tant que vous connaissez le nom du jeu, il vous suffit de le taper dans la barre de recherche. Vous pouvez \u00e9galement effectuer une recherche par soci\u00e9t\u00e9 de logiciels.<\/div>\n      <\/div>\n    <\/div>\n    <div itemscope=\"\" itemprop=\"mainEntity\" itemtype=\"https:\/\/schema.org\/Question\">\n      <h4 itemprop=\"name\">? Quelle est la facilit\u00e9 de D\u00e9p\u00f4t et de Retrait?<\/h4>\n      <div itemscope=\"\" itemprop=\"acceptedAnswer\" itemtype=\"https:\/\/schema.org\/Answer\">\n        <div itemprop=\"text\">Les d\u00e9p\u00f4ts et les retraits sont aussi simples que vous le pensez.<\/div>\n    <\/div>\n  <\/div>\n    <div itemscope=\"\" itemprop=\"mainEntity\" itemtype=\"https:\/\/schema.org\/Question\">\n        <h4 itemprop=\"name\">? Ce casino est-il S\u00fbr<\/h4>\n        <div itemscope=\"\" itemprop=\"acceptedAnswer\" itemtype=\"https:\/\/schema.org\/Answer\">\n          <div itemprop=\"text\">Ce casino est incroyablement s\u00fbr.<\/div>\n      <\/div>\n    <\/div>\n  <div itemscope=\"\" itemprop=\"mainEntity\" itemtype=\"https:\/\/schema.org\/Question\">\n    <h4 itemprop=\"name\">? Y a-t-il un chat en direct, un e-mail et\/ou un num\u00e9ro de t\u00e9l\u00e9phone<\/h4>\n    <div itemscope=\"\" itemprop=\"acceptedAnswer\" itemtype=\"https:\/\/schema.org\/Answer\">\n      <div itemprop=\"text\">Oui, il y a un chat en direct et des e-mails.<\/div>\n    <\/div>\n  <\/div>\n    <\/div>\n    <\/div>\n    <div itemscope=\"\" itemprop=\"mainEntity\" itemtype=\"https:\/\/schema.org\/Question\">\n      <h3 itemprop=\"name\">? Quels sont les avantages et les inconv\u00e9nients du casino Spinaru?<\/h3>\n      <div itemscope=\"\" itemprop=\"acceptedAnswer\" itemtype=\"https:\/\/schema.org\/Answer\">\n      <div itemprop=\"text\">\n        <div class=\"pcheading\">\n            Avantages et inconv\u00e9nients du casino Spinaru\n        <\/div>\n        <div class=\"pros proscons\">\n      <h4>Les Pour<\/h4>\n      <ul>\n        <li>Bonne s\u00e9lection de jeux<\/li>\n        <li>Facile \u00e0 naviguer<\/li>\n        <li>De nombreuses offres.<\/li>\n      <\/ul>\n        <\/div>\n        <div class=\"cons proscons\">\n      <h4>Les contre<\/h4>\n      <ul>\n        <li>Pas de paris sportifs<\/li>\n      <\/ul>\n          <\/div>\n      <\/div>\n      <\/div>\n      <\/div>\n","protected":false},"excerpt":{"rendered":"<p>Le Spinaru Casino a \u00e9t\u00e9 mis sur le march\u00e9 pour la premi\u00e8re fois en 2019. En mati\u00e8re de casinos en ligne, c&#8217;est donc le nouveau venu sur le march\u00e9. Lorsque vous vous inscrivez pour la premi\u00e8re fois, vous pouvez obtenir jusqu&#8217;\u00e0 400 $ de bonus pour jouer et 20 tours gratuits sans obligation de parier. [&hellip;]<\/p>\n","protected":false},"author":11,"featured_media":4489,"parent":16,"menu_order":0,"comment_status":"closed","ping_status":"closed","template":"page_review_card.php","meta":{"_acf_changed":false,"footnotes":""},"class_list":["post-4473","page","type-page","status-publish","has-post-thumbnail","hentry"],"acf":[],"_links":{"self":[{"href":"https:\/\/www.minimumdepositcasinos.org\/fr\/wp-json\/wp\/v2\/pages\/4473","targetHints":{"allow":["GET"]}}],"collection":[{"href":"https:\/\/www.minimumdepositcasinos.org\/fr\/wp-json\/wp\/v2\/pages"}],"about":[{"href":"https:\/\/www.minimumdepositcasinos.org\/fr\/wp-json\/wp\/v2\/types\/page"}],"author":[{"embeddable":true,"href":"https:\/\/www.minimumdepositcasinos.org\/fr\/wp-json\/wp\/v2\/users\/11"}],"replies":[{"embeddable":true,"href":"https:\/\/www.minimumdepositcasinos.org\/fr\/wp-json\/wp\/v2\/comments?post=4473"}],"version-history":[{"count":5,"href":"https:\/\/www.minimumdepositcasinos.org\/fr\/wp-json\/wp\/v2\/pages\/4473\/revisions"}],"predecessor-version":[{"id":4504,"href":"https:\/\/www.minimumdepositcasinos.org\/fr\/wp-json\/wp\/v2\/pages\/4473\/revisions\/4504"}],"up":[{"embeddable":true,"href":"https:\/\/www.minimumdepositcasinos.org\/fr\/wp-json\/wp\/v2\/pages\/16"}],"wp:featuredmedia":[{"embeddable":true,"href":"https:\/\/www.minimumdepositcasinos.org\/fr\/wp-json\/wp\/v2\/media\/4489"}],"wp:attachment":[{"href":"https:\/\/www.minimumdepositcasinos.org\/fr\/wp-json\/wp\/v2\/media?parent=4473"}],"curies":[{"name":"wp","href":"https:\/\/api.w.org\/{rel}","templated":true}]}}