{"id":4474,"date":"2020-10-16T11:13:40","date_gmt":"2020-10-16T11:13:40","guid":{"rendered":"https:\/\/www.minimumdepositcasinos.org\/fr\/?page_id=4474"},"modified":"2020-10-23T08:41:26","modified_gmt":"2020-10-23T08:41:26","slug":"montecryptos","status":"publish","type":"page","link":"https:\/\/www.minimumdepositcasinos.org\/fr\/revue-de-casino\/montecryptos\/","title":{"rendered":"MonteCryptos"},"content":{"rendered":"<h2>R\u00e9partition de la r\u00e9vision<\/h2>\n<p>Avec un nom tr\u00e8s inhabituel et ludique, le Casino MonteCryptos s&#8217;inspire du th\u00e8me fantaisiste du film classique, Le Comte de Monte-Cristo. Lorsque vous vous connectez, vous voyez un jeune marin fringant et anim\u00e9 qui pr\u00e9pare le terrain pour une exp\u00e9rience amusante au casino. Cr\u00e9\u00e9 en 2018 par Mountberg Limited, ce casino offre aux joueurs de cryptocr\u00e9dit un plaisir. Les joueurs qui pr\u00e9f\u00e8rent des modes de paiement plus traditionnels et des monnaies fiduciaires ne seront pas en reste non plus. Lorsque vous entrerez sur le site du casino, la premi\u00e8re chose qui attirera votre attention sera la modernit\u00e9 et les couleurs du site. Parfaitement optimis\u00e9 pour les appareils mobiles, en d\u00e9placement, les joueurs peuvent profiter de jeux sans faille avec leurs iO et leurs navigateurs Android. MonteCryptos Casino est disponible en anglais, en allemand et en su\u00e9dois et le casino est aliment\u00e9 par pr\u00e8s d&#8217;une vingtaine de fournisseurs, dont NetEnt, Microgaming, Pragmatic Play et Endorphina.<\/p>\n<h2>Bonus et Promotions<\/h2>\n<p>Le casino MonteCryptos n&#8217;est pas un casino en ligne ordinaire, et tout commence avec leur grande vari\u00e9t\u00e9 de promotions et de g\u00e9n\u00e9reux bonus. Il y a des promotions passionnantes disponibles comme Drop and Wins by Pragmatic Play, un incroyable Crypto Pack de Bienvenue et un Bonus de Bienvenue pour les nouveaux joueurs constitu\u00e9 d&#8217;un bonus de match de 120%.<\/p>\n<h3>Bonus de Bienvenue<\/h3>\n<p>Votre noble aventure commence au Casino MonteCryptos avec un bonus de 120% jusqu&#8217;\u00e0 240$. Vous devrez effectuer un d\u00e9p\u00f4t minimum de 10 $ ou plus pour d\u00e9clencher le Bonus de Bienvenue, qui doit \u00eatre s\u00e9lectionn\u00e9 \u00e0 la caisse. Il y a toujours des conditions g\u00e9n\u00e9rales associ\u00e9es \u00e0 tout bonus et promotion du casino et cela vaut la peine de lire ce document. Voici quelques-unes de ces conditions:<\/p>\n<ul>\n<li>Le Bonus de Bienvenue est uniquement disponible pour les nouveaux clients de MonteCryptos.<\/li>\n<li>Le d\u00e9p\u00f4t minimum \u00e9ligible pour participer au Bonus de Bienvenue est de 10 $.<\/li>\n<li>Le montant maximum du d\u00e9p\u00f4t est de 240 $.<\/li>\n<li>Les joueurs doivent utiliser leur premier solde en argent r\u00e9el, puis le second solde virtuel et lorsque les Conditions de mise ont \u00e9t\u00e9 remplies, les joueurs peuvent alors r\u00e9clamer un <a href=\"\/fr\/tours-gratuits\/\">bonus de tours gratuits<\/a>.<\/li>\n<\/ul>\n<p>Les joueurs de crypto peuvent \u00e9galement commencer leur jeu en ligne avec un pack de Bonus de Bienvenue. L&#8217;offre consiste en un bonus de 110 % sur votre premier d\u00e9p\u00f4t jusqu&#8217;\u00e0 1,5 BTC. Pour votre deuxi\u00e8me d\u00e9p\u00f4t, le casino vous offre un bonus de 50% pour 1,5 BTC et pour vos troisi\u00e8me et quatri\u00e8me d\u00e9p\u00f4ts, un bonus de 100% jusqu&#8217;\u00e0 1,5 BTC. Le d\u00e9p\u00f4t minimum est de 2 mBTC pour les quatre d\u00e9p\u00f4ts, tandis que le montant maximum du bonus pour cette promotion est de 6,0 BTC.<\/p>\n<h3>Autres Promotions<\/h3>\n<p>Une fois que vous avez \u00e9puis\u00e9 votre bonus de nouveau joueur, si vous continuez \u00e0 jouer au casino, vous trouverez une s\u00e9lection de bonus et de promotions enrichissante. Parmi les promotions propos\u00e9es, on trouve des promotions quotidiennes, des d\u00e9fis, des chasses au tr\u00e9sor et des missions sp\u00e9ciales. Remplissez les t\u00e2ches quotidiennes que le casino vous a confi\u00e9es, accomplissez des missions, d\u00e9bloquez des r\u00e9compenses et participez aux courses quotidiennes o\u00f9 vous vous affronterez pour atteindre des objectifs sp\u00e9cifiques.<\/p>\n<p>Les joueurs peuvent \u00e9galement participer \u00e0 la Promotion Drops &amp; Wins de Pragmatic Play et gagner une participation \u00e0 la cagnotte de 2 millions de dollars. Chaque semaine, les joueurs peuvent gagner jusqu&#8217;\u00e0 62 200 $, et le meilleur est que le gain peut \u00eatre fait en un seul tour. Il n&#8217;y a pas de mise minimale ni de co\u00fbt suppl\u00e9mentaire pour participer. Il vous suffit de jouer avec de l&#8217;argent r\u00e9el dans l&#8217;un des 20 jeux de qualification.<\/p>\n<h3>Exigences de mise en jeu (Exigences de pari)<\/h3>\n<p>Votre d\u00e9p\u00f4t et votre bonus doivent \u00eatre mis\u00e9s x35 avant de pouvoir \u00eatre convertis en argent r\u00e9el. Pour remplir les conditions de mise, vous pouvez jouer \u00e0 presque toutes les machines \u00e0 sous et les jeux \u00e0 gratter. Les jeux de table, le vid\u00e9o poker et les jeux de casino \u00e0 croupier en direct contribuent \u00e0 hauteur de 5 % au respect de vos exigences de mise, et les jeux virtuels contribuent \u00e0 hauteur de 20 %. Votre mise maximale autoris\u00e9e pendant que le bonus est en jeu est de 5 $.<\/p>\n<h3>VIP &amp; Loyaut\u00e9 *<\/h3>\n<p>Au pays de Monte Cryptos, vous \u00eates accueillis parmi les nobles. La loyaut\u00e9 est bien pay\u00e9e dans ce royaume d&#8217;opportunit\u00e9s et de tr\u00e9sors, et plus vous jouez, plus les richesses se pr\u00e9sentent \u00e0 vous. D\u00e9couvrez les myst\u00e8res des <a href=\"\/fr\/options-dachat\/methodes-de-paiement-bitcoin\/\">Bitcoin<\/a> et de l&#8217;argent, continuez \u00e0 marquer vos points VIP, et n&#8217;oubliez pas que vous marquerez des points en jouant aux machines \u00e0 sous, aux jeux de casino en direct et \u00e0 la roulette. Il y a huit niveaux, en commen\u00e7ant par un Sir, puis un Baron et en passant par un Vicomte, un Comte, un Marquis, un Duc, un Seigneur, un Prince, un Roi et enfin un Empereur. Au fur et \u00e0 mesure que vous progressez dans les niveaux, vous pouvez accumuler de nombreux tours gratuits, des bonus de cash et des cashbacks hebdomadaires.<\/p>\n<h2>Paiements<\/h2>\n<p>Lorsque vous \u00eates pr\u00eat \u00e0 effectuer un <a href=\"\/fr\/10-de-depot-minimum\/\">d\u00e9p\u00f4t minimum de 10 $<\/a>, vous pouvez transf\u00e9rer vos fonds par diff\u00e9rents moyens de paiement. Votre d\u00e9p\u00f4t de 10 $ est suffisant pour d\u00e9clencher le bonus de bienvenue, mais n&#8217;oubliez pas de r\u00e9clamer le bonus \u00e0 la caisse.<\/p>\n<h3>M\u00e9thodes de d\u00e9p\u00f4t<\/h3>\n<p>Utilisez vos cartes de cr\u00e9dit ou de d\u00e9bit Visa et Mastercard ou faites appel \u00e0 un fournisseur de paiement par porte-monnaie \u00e9lectronique, notamment Skrill, Neteller et ecoPayz. D&#8217;autres options sont disponibles : <a href=\"\/fr\/options-dachat\/paysafecard\/\">PaySafeCard<\/a>, CASHlib, Flexepin, Astropay, virement bancaire, NeoSurf, Zimpler, BitBay Pay, Virement \u00e9lectronique Interac, <a href=\"\/fr\/options-dachat\/interac\/\">Interac Online<\/a>, et pour les t\u00e9l\u00e9phones portables, vous pouvez utiliser SiruMobile.<\/p>\n<h3>D\u00e9p\u00f4ts Minimum et Maximum<\/h3>\n<p>Au MonteCryptos Casino, le minimum que vous pouvez d\u00e9poser pour d\u00e9clencher le bonus de bienvenue est de 10 $, et le maximum que vous pouvez d\u00e9poser pour le bonus est de 240 $.<\/p>\n<h3>Modalit\u00e9s et d\u00e9lais de retrait<\/h3>\n<p>Pour des retraits rapides et faciles, Skrill, Neteller, ecoPayz, PaySafeCard, Astropay, Zimpler et BitBay Pay sont tous trait\u00e9s instantan\u00e9ment, et vous pouvez vous attendre \u00e0 recevoir votre argent en quelques jours maximum. Les retraits en monnaie crypt\u00e9e sont imm\u00e9diatement disponibles, tandis que les retraits par Visa, Mastercard et virement bancaire peuvent prendre jusqu&#8217;\u00e0 5 jours pour \u00eatre sur votre compte.<\/p>\n<h2>Jeux<\/h2>\n<p>Au casino MonteCryptos, toutes sortes de jeux de casino sont disponibles. Jouez aux machines \u00e0 sous comme bon vous semble, laissez-vous tenter par l&#8217;action des jeux de table, jouez \u00e0 des jeux de casino en direct, et si cela ne suffit pas, il existe aussi quelques variantes de jeux de d\u00e9s simples o\u00f9 le but est de pr\u00e9dire ce qui atterrit sur le prochain lancer.<\/p>\n<h3>Machines \u00e0 Sous<\/h3>\n<p>Ce casino excelle dans la vari\u00e9t\u00e9 de ses jeux et parmi les 2500 jeux disponibles, vous pouvez jouer aux jeux de <a href=\"\/fr\/jeux\/machines-a-sous\/\">machines \u00e0 sous<\/a> classiques, aux jeux de machines \u00e0 sous vid\u00e9o et aux jeux de machines \u00e0 sous en 3D. Il y a pr\u00e8s de 2000 machines \u00e0 sous vid\u00e9o disponibles, et certains de leurs titres les plus jou\u00e9s comprennent Mines d&#8217;or, 4 Cavaliers, Ancient Egypt Classic et Aztex Temple Treasures.<\/p>\n<h3>Jeux de table<\/h3>\n<p>Les amateurs de jeux de cartes et de table trouveront tous leurs favoris, notamment la roulette europ\u00e9enne, la roulette am\u00e9ricaine, le Pontoon, l&#8217;Oasis Poker et le Punto Banco. Pour quelque chose d&#8217;un peu diff\u00e9rent, essayez la Roue de l&#8217;argent et la <a href=\"\/fr\/jeux\/roulette\/\">Roulette<\/a> des bonus.<\/p>\n<h3>Jeux de Distributeurs en Direct<\/h3>\n<p>MonteCryptos propose \u00e9galement un casino Live Dealer, une option qui devient de plus en plus populaire car ses jeux de casino authentiques sont diffus\u00e9s en continu depuis un vrai casino. Plongez dans une partie de Monopoly ou de Dream Catcher ou jouez au Blackjack, au Poker, \u00e0 la Roulette et au Texas Hold&#8217;em en direct.<\/p>\n<h2>Mobile et Applications<\/h2>\n<p>Le Monte Cryptos Casino est un casino bas\u00e9 sur un navigateur qui est compatible avec les PC, les tablettes et avec un appareil mobile. Bien qu&#8217;il ne dispose pas encore d&#8217;une application mobile d\u00e9di\u00e9e, le casino ayant \u00e9t\u00e9 con\u00e7u en HTML5, les jeux fonctionneront sur pratiquement n&#8217;importe quelle taille d&#8217;\u00e9cran sans aucun compromis sur la qualit\u00e9.<\/p>\n<h2>S\u00e9curit\u00e9 et Licences<\/h2>\n<p>Chez MonteCryptos, tous les jeux utilisent des g\u00e9n\u00e9rateurs de nombres al\u00e9atoires afin que les joueurs aient l&#8217;assurance que chaque tour donnera un r\u00e9sultat impr\u00e9visible et \u00e9quitable. Le casino est titulaire d&#8217;une licence d\u00e9livr\u00e9e par le gouvernement de Cura\u00e7ao, ce qui signifie qu&#8217;il respecte la loi. MonteCryptos utilise \u00e9galement des techniques avanc\u00e9es de cryptage SSL pour prot\u00e9ger toutes les informations des joueurs.<\/p>\n<h2>Assistance \u00e0 la Client\u00e8le<\/h2>\n<p>L&#8217;\u00e9quipe d&#8217;assistance \u00e0 la client\u00e8le est toujours disponible pour r\u00e9pondre aux questions et aux pr\u00e9occupations. Comme ils sont disponibles 24 heures sur 24, vous ne vous sentirez jamais ignor\u00e9. Vous pouvez \u00e9galement contacter le casino par courrier \u00e9lectronique \u00e0 l&#8217;adresse support@hd.montecryptos.com ou les appeler au num\u00e9ro de t\u00e9l\u00e9phone +356 27002270.<\/p>\n<h2>Notre verdict<\/h2>\n<p>Le casino MonteCryptos offre de nombreuses raisons tr\u00e8s positives de s&#8217;inscrire et de commencer \u00e0 jouer \u00e0 vos jeux de casino pr\u00e9f\u00e9r\u00e9s. La vari\u00e9t\u00e9 des jeux est excellente, le site est tr\u00e8s convivial et le bonus de bienvenue pour les nouveaux joueurs est g\u00e9n\u00e9reux.<\/p>\n<h2>Foire Aux Questions<\/h2>\n\n\n<div itemscope=\"\" itemtype=\"https:\/\/schema.org\/FAQPage\">     \n    <div itemscope=\"\" itemprop=\"mainEntity\" itemtype=\"https:\/\/schema.org\/Question\">\n        <h4 itemprop=\"name\">? Puis-Je r\u00e9clamer une Bonus de Bienvenue au casino MonteCryptos?<\/h4>\n        <div itemscope=\"\" itemprop=\"acceptedAnswer\" itemtype=\"https:\/\/schema.org\/Answer\">\n          <div itemprop=\"text\">Oui. Si vous avez plus de 18 ans et \u00eates l\u00e9galement autoris\u00e9 \u00e0 jouer aux jeux de casino en ligne, et si vous vous \u00eates inscrit au casino MonteCryptos et avez effectu\u00e9 un d\u00e9p\u00f4t minimum d&#8217;au moins 10 $, vous pouvez r\u00e9clamer le Bonus de Bienvenue.<\/div>\n    <\/div>\n    <div itemscope=\"\" itemprop=\"mainEntity\" itemtype=\"https:\/\/schema.org\/Question\">\n      <h4 itemprop=\"name\">? Quelles sont les autres promotions offertes par le MonteCryptos Casino?<\/h4>\n      <div itemscope=\"\" itemprop=\"acceptedAnswer\" itemtype=\"https:\/\/schema.org\/Answer\">\n        <div itemprop=\"text\">\u00catre un joueur r\u00e9gulier \u00e0 MonteCryptos signifie participer \u00e0 une exp\u00e9rience de casino enrichissante. Il y a des promotions et des opportunit\u00e9s amusantes \u00e0 profiter, comme les Bonus de Recharge, les Bonus de Cashback, les Spins Gratuits, les Bonus de Fid\u00e9lit\u00e9, les Tournois et les Missions Sp\u00e9ciales.<\/div>\n      <\/div>\n    <\/div>\n    <div itemscope=\"\" itemprop=\"mainEntity\" itemtype=\"https:\/\/schema.org\/Question\">\n        <h4 itemprop=\"name\">? Quelles sont les Termes et Conditions?<\/h4>\n        <div itemscope=\"\" itemprop=\"acceptedAnswer\" itemtype=\"https:\/\/schema.org\/Answer\">\n          <div itemprop=\"text\">Lorsque vous vous inscrivez dans un casino en ligne, vous devez confirmer que vous avez lu les termes et conditions. Il s&#8217;agit des r\u00e8gles et r\u00e8glements du casino, des conditions de bonus et de promotions et de toutes les informations relatives \u00e0 vos offres de tours gratuits.<\/div>\n      <\/div>\n    <\/div>\n    <div itemscope=\"\" itemprop=\"mainEntity\" itemtype=\"https:\/\/schema.org\/Question\">\n      <h4 itemprop=\"name\">?\u200d\u2640\ufe0f Aurai-je besoin d&#8217;un Code Bonus pour r\u00e9clamer ma Bonus de Bienvenue?<\/h4>\n      <div itemscope=\"\" itemprop=\"acceptedAnswer\" itemtype=\"https:\/\/schema.org\/Answer\">\n        <div itemprop=\"text\">Le casino MonteCryptos n&#8217;utilise pas de Codes Bonus. Tout ce que vous devez faire pour r\u00e9clamer le bonus de bienvenue et les promotions est de le s\u00e9lectionner \u00e0 la caisse.<\/div>\n    <\/div>\n  <\/div>\n    <div itemscope=\"\" itemprop=\"mainEntity\" itemtype=\"https:\/\/schema.org\/Question\">\n        <h4 itemprop=\"name\">? Puis-je obtenir des tours gratuits lorsque je d\u00e9pose?<\/h4>\n        <div itemscope=\"\" itemprop=\"acceptedAnswer\" itemtype=\"https:\/\/schema.org\/Answer\">\n          <div itemprop=\"text\">Bien qu&#8217;il n&#8217;y ait pas de tours gratuits avec votre Bonus de Bienvenue, le casino offre une quantit\u00e9 massive de tours gratuits tout au long de la semaine. Continuez \u00e0 consulter la page des promotions afin de ne jamais manquer une grosse affaire.<\/div>\n      <\/div>\n  <\/div>\n    <\/div>\n    <\/div>\n    <div itemscope=\"\" itemprop=\"mainEntity\" itemtype=\"https:\/\/schema.org\/Question\">\n      <h3 itemprop=\"name\">? Quels sont les avantages et les inconv\u00e9nients de MonteCryptos?<\/h3>\n      <div itemscope=\"\" itemprop=\"acceptedAnswer\" itemtype=\"https:\/\/schema.org\/Answer\">\n      <div itemprop=\"text\">\n        <div class=\"pcheading\">\n          Avantages et inconv\u00e9nients de MonteCryptos\n        <\/div>\n        <div class=\"pros proscons\">\n      <h4>Les Pour<\/h4>\n      <ul>\n        <li>Le casino MonteCryptos est un nom r\u00e9put\u00e9 dans le secteur<\/li>\n        <li>Il y a plus de 2 000 jeux disponibles<\/li>\n        <li>Le casino prend en charge les paiements par bitcoin et fiat<\/li>\n        <li>Il existe une grande vari\u00e9t\u00e9 de primes, de r\u00e9compenses et de promotions<\/li>\n      <\/ul>\n        <\/div>\n        <div class=\"cons proscons\">\n      <h4>Les contre<\/h4>\n      <ul>\n        <li>Une longue proc\u00e9dure d&#8217;enregistrement et tous les retraits n\u00e9cessitent une pi\u00e8ce d&#8217;identit\u00e9 personnelle<\/li>\n      <\/ul>\n          <\/div>\n      <\/div>\n      <\/div>\n      <\/div>\n","protected":false},"excerpt":{"rendered":"<p>R\u00e9partition de la r\u00e9vision Avec un nom tr\u00e8s inhabituel et ludique, le Casino MonteCryptos s&#8217;inspire du th\u00e8me fantaisiste du film classique, Le Comte de Monte-Cristo. Lorsque vous vous connectez, vous voyez un jeune marin fringant et anim\u00e9 qui pr\u00e9pare le terrain pour une exp\u00e9rience amusante au casino. Cr\u00e9\u00e9 en 2018 par Mountberg Limited, ce casino [&hellip;]<\/p>\n","protected":false},"author":11,"featured_media":4488,"parent":16,"menu_order":0,"comment_status":"closed","ping_status":"closed","template":"page_review_card.php","meta":{"_acf_changed":false,"footnotes":""},"class_list":["post-4474","page","type-page","status-publish","has-post-thumbnail","hentry"],"acf":[],"_links":{"self":[{"href":"https:\/\/www.minimumdepositcasinos.org\/fr\/wp-json\/wp\/v2\/pages\/4474","targetHints":{"allow":["GET"]}}],"collection":[{"href":"https:\/\/www.minimumdepositcasinos.org\/fr\/wp-json\/wp\/v2\/pages"}],"about":[{"href":"https:\/\/www.minimumdepositcasinos.org\/fr\/wp-json\/wp\/v2\/types\/page"}],"author":[{"embeddable":true,"href":"https:\/\/www.minimumdepositcasinos.org\/fr\/wp-json\/wp\/v2\/users\/11"}],"replies":[{"embeddable":true,"href":"https:\/\/www.minimumdepositcasinos.org\/fr\/wp-json\/wp\/v2\/comments?post=4474"}],"version-history":[{"count":6,"href":"https:\/\/www.minimumdepositcasinos.org\/fr\/wp-json\/wp\/v2\/pages\/4474\/revisions"}],"predecessor-version":[{"id":4534,"href":"https:\/\/www.minimumdepositcasinos.org\/fr\/wp-json\/wp\/v2\/pages\/4474\/revisions\/4534"}],"up":[{"embeddable":true,"href":"https:\/\/www.minimumdepositcasinos.org\/fr\/wp-json\/wp\/v2\/pages\/16"}],"wp:featuredmedia":[{"embeddable":true,"href":"https:\/\/www.minimumdepositcasinos.org\/fr\/wp-json\/wp\/v2\/media\/4488"}],"wp:attachment":[{"href":"https:\/\/www.minimumdepositcasinos.org\/fr\/wp-json\/wp\/v2\/media?parent=4474"}],"curies":[{"name":"wp","href":"https:\/\/api.w.org\/{rel}","templated":true}]}}