{"id":4544,"date":"2020-10-27T12:37:56","date_gmt":"2020-10-27T12:37:56","guid":{"rendered":"https:\/\/www.minimumdepositcasinos.org\/fr\/?page_id=4544"},"modified":"2020-10-27T12:37:58","modified_gmt":"2020-10-27T12:37:58","slug":"contactez-nous","status":"publish","type":"page","link":"https:\/\/www.minimumdepositcasinos.org\/fr\/contactez-nous\/","title":{"rendered":"Contact Us"},"content":{"rendered":"<h2>Contactez-nous<\/h2>\n<p>Les jeux de casino en ligne offrent un plaisir immense et passionnant, mais pour de nombreux joueurs, trouver de l&#8217;argent suppl\u00e9mentaire pour profiter des divertissements du casino en ces temps \u00e9conomiques difficiles peut \u00eatre compliqu\u00e9. Dans les <a href=\"\/fr\/\">casinos \u00e0 d\u00e9p\u00f4t minimum<\/a>, vous pouvez d\u00e9poser les plus petits montants, parfois aussi peu que 1 $, tout en b\u00e9n\u00e9ficiant de g\u00e9n\u00e9reux Bonus de Bienvenue et d&#8217;offres de <a href=\"\/fr\/tours-gratuits\/\">tours gratuits<\/a>.<\/p>\n<p>Tous les casinos r\u00e9pertori\u00e9s sur nos pages offrent des jeux d&#8217;argent en ligne de qualit\u00e9, s\u00fbrs et s\u00e9curis\u00e9s. Les casinos sont tous agr\u00e9\u00e9s par les autorit\u00e9s de r\u00e9glementation des jeux, des centaines, voire des milliers de machines \u00e0 sous et de jeux de table sont disponibles, un grand nombre de prestataires bancaires vous aident \u00e0 approvisionner votre compte de casino et une \u00e9quipe de service client\u00e8le est \u00e0 votre disposition pour r\u00e9pondre \u00e0 toutes vos questions 24 heures sur 24\/7.<\/p>\n<p>Si vous voulez vous amuser et jouer \u00e0 tous vos jeux pr\u00e9f\u00e9r\u00e9s depuis votre ordinateur de bureau, votre tablette ou votre appareil mobile, aux casinos \u00e0 d\u00e9p\u00f4t minimum, vous pouvez jouer aux meilleurs jeux de casino disponibles, cr\u00e9\u00e9s par les fournisseurs de logiciels les plus exclusifs et les plus innovants. Parcourez tous nos recommand\u00e9s offres de <a href=\"\/fr\/revue-de-casino\/\">revues de casino<\/a>. D\u00e9posez \u00e0 partir de 1 $ et testez le casino avant de d\u00e9poser plus d&#8217;argent. R\u00e9coltez le Bonus de Bienvenue et amusez-vous avec les bonus de casino en esp\u00e8ces et les tours gratuits. Le d\u00e9p\u00f4t le plus bas que vous pouvez effectuer est de 1 $, mais vous trouverez \u00e9galement des casinos qui acceptent un d\u00e9p\u00f4t de 5 $, 10 $ et 20 $ qui sont accompagn\u00e9s d&#8217;un bonus de 100% sur le d\u00e9p\u00f4t et d&#8217;un ensemble de tours gratuits.<\/p>\n<p>Si vous avez besoin de discuter avec notre \u00e9quipe pour en savoir plus sur les casinos \u00e0 D\u00e9p\u00f4t Minimum ou pour obtenir plus d&#8217;informations sur l&#8217;un de nos casinos list\u00e9s, nous sommes heureux de recevoir vos e-mails. Connectez-vous, nous aimerions savoir ce que vous en pensez.<\/p>\n","protected":false},"excerpt":{"rendered":"<p>Contactez-nous Les jeux de casino en ligne offrent un plaisir immense et passionnant, mais pour de nombreux joueurs, trouver de l&#8217;argent suppl\u00e9mentaire pour profiter des divertissements du casino en ces temps \u00e9conomiques difficiles peut \u00eatre compliqu\u00e9. Dans les casinos \u00e0 d\u00e9p\u00f4t minimum, vous pouvez d\u00e9poser les plus petits montants, parfois aussi peu que 1 $, [&hellip;]<\/p>\n","protected":false},"author":11,"featured_media":0,"parent":0,"menu_order":0,"comment_status":"closed","ping_status":"closed","template":"","meta":{"_acf_changed":false,"footnotes":""},"class_list":["post-4544","page","type-page","status-publish","hentry"],"acf":[],"_links":{"self":[{"href":"https:\/\/www.minimumdepositcasinos.org\/fr\/wp-json\/wp\/v2\/pages\/4544","targetHints":{"allow":["GET"]}}],"collection":[{"href":"https:\/\/www.minimumdepositcasinos.org\/fr\/wp-json\/wp\/v2\/pages"}],"about":[{"href":"https:\/\/www.minimumdepositcasinos.org\/fr\/wp-json\/wp\/v2\/types\/page"}],"author":[{"embeddable":true,"href":"https:\/\/www.minimumdepositcasinos.org\/fr\/wp-json\/wp\/v2\/users\/11"}],"replies":[{"embeddable":true,"href":"https:\/\/www.minimumdepositcasinos.org\/fr\/wp-json\/wp\/v2\/comments?post=4544"}],"version-history":[{"count":2,"href":"https:\/\/www.minimumdepositcasinos.org\/fr\/wp-json\/wp\/v2\/pages\/4544\/revisions"}],"predecessor-version":[{"id":4546,"href":"https:\/\/www.minimumdepositcasinos.org\/fr\/wp-json\/wp\/v2\/pages\/4544\/revisions\/4546"}],"wp:attachment":[{"href":"https:\/\/www.minimumdepositcasinos.org\/fr\/wp-json\/wp\/v2\/media?parent=4544"}],"curies":[{"name":"wp","href":"https:\/\/api.w.org\/{rel}","templated":true}]}}