{"id":46,"date":"2018-08-22T17:01:17","date_gmt":"2018-08-22T16:01:17","guid":{"rendered":"https:\/\/www.minimumdepositcasinos.org\/fr\/?page_id=46"},"modified":"2019-10-29T17:28:03","modified_gmt":"2019-10-29T17:28:03","slug":"mac","status":"publish","type":"page","link":"https:\/\/www.minimumdepositcasinos.org\/fr\/appareils\/mac\/","title":{"rendered":"Mac"},"content":{"rendered":"<h1>Mac<\/h1>\n<p><img loading=\"lazy\" decoding=\"async\" class=\" wp-image-47 alignright\" src=\"\/fr\/wp-content\/uploads\/2018\/08\/Apple.png\" alt=\"apple\" width=\"321\" height=\"321\" srcset=\"https:\/\/www.minimumdepositcasinos.org\/fr\/wp-content\/uploads\/2018\/08\/Apple.png 2000w, https:\/\/www.minimumdepositcasinos.org\/fr\/wp-content\/uploads\/2018\/08\/Apple-150x150.png 150w, https:\/\/www.minimumdepositcasinos.org\/fr\/wp-content\/uploads\/2018\/08\/Apple-300x300.png 300w, https:\/\/www.minimumdepositcasinos.org\/fr\/wp-content\/uploads\/2018\/08\/Apple-768x768.png 768w, https:\/\/www.minimumdepositcasinos.org\/fr\/wp-content\/uploads\/2018\/08\/Apple-1024x1024.png 1024w\" sizes=\"auto, (max-width: 321px) 100vw, 321px\" \/><br \/>\nApple Macintosh, ou les ordinateurs Mac ont \u00e9t\u00e9 introduits dans le monde en 1984. Avec les Macbooks et les ordinateurs de bureau plus \u00e9l\u00e9gants mis \u00e0 jour en permanence, les Mac sont aussi populaires aujourd&#8217;hui qu&#8217;au moment de leur introduction. Les utilisateurs de Mac ne seront pas d\u00e9\u00e7us d&#8217;apprendre que la majorit\u00e9 des casinos en ligne de renom soutiennent pleinement les jeux de casino sur Mac.<\/p>\n<p>Mac s&#8217;adresse \u00e0 l&#8217;entrepreneur occup\u00e9 \u00e0 fermer juste une affaire de plus pour la journ\u00e9e ou la maman au foyer qui recherche son prochain projet de bricolage. Jouer au casino sur le pouce est devenu si populaire que de nombreux casinos en ligne ont ajout\u00e9 une multitude d&#8217;applications \u00e0 leur portefeuille de logiciels pour les t\u00e9l\u00e9phones et les tablettes.<\/p>\n<p>Si vous voulez un peu de plaisir sans risque, il peut \u00eatre difficile de trouver un casino r\u00e9put\u00e9 qui accepte les d\u00e9p\u00f4ts minimums faibles qui est compatible avec Mac. Nous avons recherch\u00e9 une liste de casinos en ligne avec des limites de d\u00e9p\u00f4t minimum compatibles avec Mac pour que vous puissiez en profiter.<\/p>\n<h2>COMMENT S&#8217;INSCRIRE DANS UN CASINO EN LIGNE AVEC MAC<\/h2>\n<p>Le jeu en ligne sur Mac peut \u00eatre un peu d\u00e9routant au d\u00e9but, ce qui peut \u00eatre un peu d\u00e9courageant pour certains joueurs. Une fois que vous avez choisi un casino en ligne r\u00e9put\u00e9, l&#8217;inscription avec votre Mac est plus directe qu&#8217;il n&#8217;y para\u00eet. Choisissez votre casino en ligne via une application t\u00e9l\u00e9charg\u00e9e sur votre Mac ou via votre navigateur Safari. Cliquez sur le bouton &#8220;Jouer Maintenant&#8221;. Puis, une fen\u00eatre appara\u00eetra vous invitant \u00e0 ins\u00e9rer des informations personnelles telles que votre nom complet, votre adresse courriel et votre num\u00e9ro de portable.<\/p>\n<h2>DEPOSER AUX CASINOS \u00c0 D\u00c9P\u00d4T MINIMUM MAC<\/h2>\n<p>Trouver une m\u00e9thode de d\u00e9p\u00f4t qui convient \u00e0 votre jeu peut \u00eatre d\u00e9licat. Vous devez consid\u00e9rer si vous \u00eates en mesure de faire des d\u00e9p\u00f4ts minimum en utilisant cette m\u00e9thode si c&#8217;est votre style de jeu. Aussi, v\u00e9rifiez si vous \u00eates en mesure de retirer les gains facilement avec une m\u00e9thode de paiement donn\u00e9e aussi. Nous avons pass\u00e9 en revue les casinos qui offrent une grande vari\u00e9t\u00e9 de m\u00e9thodes de paiement telles que les options portefeuilles \u00e9lectroniques, les cartes et les bons pr\u00e9pay\u00e9s. Il est pr\u00e9f\u00e9rable de vous assurer que votre compte de casino peut rapidement et facilement \u00eatre recharg\u00e9 \u00e0 l&#8217;aide de votre Mac avant de continuer.<\/p>\n<p>Tous les casinos que nous vous avons recommand\u00e9s auront une version mobile disponible. Beaucoup d&#8217;entre eux accepteront des d\u00e9p\u00f4ts d&#8217;aussi peu que 1 unit\u00e9 de votre devise<\/p>\n<p>pr\u00e9f\u00e9r\u00e9e. D&#8217;autres peuvent avoir des d\u00e9p\u00f4ts minimums de $5.00, $10.00 $ ou parfois $20.00.<\/p>\n<p>Pas toutes les m\u00e9thodes de paiement sont disponibles pour Mac, alors assurez-vous d&#8217;\u00eatre enregistr\u00e9 avec un mode de paiement adapt\u00e9 \u00e0 vos besoins.<\/p>\n<h3>RETIRER AVEC LES CASINOS \u00c0 D\u00c9P\u00d4T MINIMUM MAC<\/h3>\n<p>Si vous avez d\u00e9cid\u00e9 de choisir un mode de paiement offrant le retrait par la m\u00eame m\u00e9thode, vous avez choisi judicieusement. Cependant, si vous \u00eates nouveau dans les jeux en ligne et que vous souhaitez essayer quelques casinos en ligne avant de d\u00e9poser de l&#8217;argent r\u00e9el, les casinos en ligne r\u00e9put\u00e9s que nous avons s\u00e9lectionn\u00e9s offrent des m\u00e9thodes de d\u00e9p\u00f4t minimum tr\u00e8s basses comme Paysafecard ou d&#8217;autres bons pr\u00e9pay\u00e9s.<\/p>\n<h3>FAQ<\/h3>\n<h4>COMMENT PUIS-JE JOUER DANS UN CASINO SANS T\u00c9L\u00c9CHARGER SUR MON MAC?<\/h4>\n<p>Pour qu&#8217;un casino en ligne fonctionne correctement sur un Mac, le logiciel doit \u00eatre compatible avec le navigateur Safari et \u00eatre aliment\u00e9 par Flash ou Java. Java est un langage de programmation compatible avec la majorit\u00e9 des ordinateurs et offre une plateforme tr\u00e8s avanc\u00e9e pour les jeux en ligne. Il permet un jeu instantan\u00e9e par navigateur sans avoir \u00e0 t\u00e9l\u00e9charger de logiciel et fonctionne sur des syst\u00e8mes comme Linux, Mac et Windows.<\/p>\n<h4>\u00c0 QUEL POINT LES CASINOS EN LIGNE MAC SONT-ILS S\u00c9CURIS\u00c9S?<\/h4>\n<p>La s\u00e9curit\u00e9 Macintosh est connue pour \u00eatre \u00e0 la fine pointe de la technologie, car la plupart de ses programmes sont pr\u00e9install\u00e9s, ce qui minimise les risques de t\u00e9l\u00e9chargement de virus et d&#8217;autres logiciels malveillants. Avez-vous d\u00e9j\u00e0 entendu parler d&#8217;un dysfonctionnement d&#8217;un produit Apple \u00e0 cause d&#8217;un virus? Le t\u00e9l\u00e9chargement d&#8217;applications en argent r\u00e9el est donc tr\u00e8s s\u00fbr sur Apple Macintosh, car le mat\u00e9riel de s\u00e9curit\u00e9 et sans virus est quelque chose que les clients d&#8217;Apple attendent en standard.<\/p>\n<h4>COMMENT JOUER LES JEUX DE CASINO EN LIGNE SUR UN MAC?<\/h4>\n<p>Il y a beaucoup de t\u00e9l\u00e9chargements de casino compatibles, de jeu instantan\u00e9 ou sans t\u00e9l\u00e9chargement de logiciel disponible pour Mac. Beaucoup plus de casinos en ligne et leurs versions de t\u00e9l\u00e9chargement sont cr\u00e9\u00e9s pour la compatibilit\u00e9 de Windows, mais il y a encore beaucoup de jeux de casino compatibles avec le syst\u00e8me d&#8217;exploitation de Mac mais ce n&#8217;est pas le cas. Vous pouvez utiliser Mac Desktop Client et des casinos sans t\u00e9l\u00e9chargement sur un navigateur Safari pour acc\u00e9der instantan\u00e9ment \u00e0 de nombreux jeux de casino mobile.<\/p>\n<h4>DE QUOI AI-JE BESOIN POUR JOUER A UN CASINO MAC EN LIGNE \u00c0 D\u00c9P\u00d4T MINIMUM?<\/h4>\n<p>La plupart des ordinateurs ont un navigateur install\u00e9 mais vous devrez peut-\u00eatre installer une version plus r\u00e9cente de Flash ou Java. Ce n&#8217;est pas toujours n\u00e9cessaire car la plupart des casinos en ligne offrent des logiciels de pointe qui \u00e9liminent toute complication lors du t\u00e9l\u00e9chargement d&#8217;une application de casino en ligne.<\/p>\n<h4>AI-JE ACC\u00c8S AUX M\u00caMES JEUX COMME JE LE FERAIS SUR UN CASINO EN LIGNE NORMAL?<\/h4>\n<p>Le logiciel de casino bas\u00e9 sur le navigateur peut comporter moins de jeux que l&#8217;application ordinaire ou la version de t\u00e9l\u00e9chargable. Les jeux mobiles les plus populaires, mais il y a aussi beaucoup d&#8217;applications de jeux de table pour les joueurs en ligne.<\/p>\n<h4>QUELS JEUX \u00c0 D\u00c9P\u00d4T MINIMUM PUIS-JE JOUER CHEZ LES CASINOS MAC?<\/h4>\n<p>Les casinos en ligne ont d\u00e9velopp\u00e9 un logiciel de casino compatible avec toutes les plates-formes de jeu telles que les ordinateurs de bureau, les mobiles et les tablettes. Les jeux de casino Mac sont un \u00e9ventail des machines \u00e0 sous toujours populaires, du blackjack, de la roulette, du craps et beaucoup plus.<\/p>\n<p>Vous pouvez jouer \u00e0 des jeux via n&#8217;importe quel navigateur avec &#8220;Jeu Instantan\u00e9e&#8221;. Cela signifie que vous pouvez commencer \u00e0 jouer \u00e0 vos jeux de casino pr\u00e9f\u00e9r\u00e9s en un seul clic via votre Navigateur Safari. Ou, vous \u00eates en mesure de t\u00e9l\u00e9charger le logiciel du casino l&#8217;application du casino.<\/p>\n<p>&nbsp;<\/p>\n","protected":false},"excerpt":{"rendered":"<p>Mac Apple Macintosh, ou les ordinateurs Mac ont \u00e9t\u00e9 introduits dans le monde en 1984. Avec les Macbooks et les ordinateurs de bureau plus \u00e9l\u00e9gants mis \u00e0 jour en permanence, les Mac sont aussi populaires aujourd&#8217;hui qu&#8217;au moment de leur introduction. Les utilisateurs de Mac ne seront pas d\u00e9\u00e7us d&#8217;apprendre que la majorit\u00e9 des casinos [&hellip;]<\/p>\n","protected":false},"author":1,"featured_media":47,"parent":39,"menu_order":0,"comment_status":"closed","ping_status":"closed","template":"","meta":{"_acf_changed":false,"footnotes":""},"class_list":["post-46","page","type-page","status-publish","has-post-thumbnail","hentry"],"acf":[],"_links":{"self":[{"href":"https:\/\/www.minimumdepositcasinos.org\/fr\/wp-json\/wp\/v2\/pages\/46","targetHints":{"allow":["GET"]}}],"collection":[{"href":"https:\/\/www.minimumdepositcasinos.org\/fr\/wp-json\/wp\/v2\/pages"}],"about":[{"href":"https:\/\/www.minimumdepositcasinos.org\/fr\/wp-json\/wp\/v2\/types\/page"}],"author":[{"embeddable":true,"href":"https:\/\/www.minimumdepositcasinos.org\/fr\/wp-json\/wp\/v2\/users\/1"}],"replies":[{"embeddable":true,"href":"https:\/\/www.minimumdepositcasinos.org\/fr\/wp-json\/wp\/v2\/comments?post=46"}],"version-history":[{"count":2,"href":"https:\/\/www.minimumdepositcasinos.org\/fr\/wp-json\/wp\/v2\/pages\/46\/revisions"}],"predecessor-version":[{"id":2704,"href":"https:\/\/www.minimumdepositcasinos.org\/fr\/wp-json\/wp\/v2\/pages\/46\/revisions\/2704"}],"up":[{"embeddable":true,"href":"https:\/\/www.minimumdepositcasinos.org\/fr\/wp-json\/wp\/v2\/pages\/39"}],"wp:featuredmedia":[{"embeddable":true,"href":"https:\/\/www.minimumdepositcasinos.org\/fr\/wp-json\/wp\/v2\/media\/47"}],"wp:attachment":[{"href":"https:\/\/www.minimumdepositcasinos.org\/fr\/wp-json\/wp\/v2\/media?parent=46"}],"curies":[{"name":"wp","href":"https:\/\/api.w.org\/{rel}","templated":true}]}}