{"id":4600,"date":"2020-11-13T14:32:02","date_gmt":"2020-11-13T14:32:02","guid":{"rendered":"https:\/\/www.minimumdepositcasinos.org\/fr\/?page_id=4600"},"modified":"2020-11-13T14:32:04","modified_gmt":"2020-11-13T14:32:04","slug":"wild-tornado","status":"publish","type":"page","link":"https:\/\/www.minimumdepositcasinos.org\/fr\/revue-de-casino\/wild-tornado\/","title":{"rendered":"Wild Tornado"},"content":{"rendered":"<h2>R\u00e9partition de la R\u00e9vision\u202f<\/h2>\n<p>Le Wild Tornado Casino utilise le navigateur SoftSwiss pour faire fonctionner ses services et, gr\u00e2ce \u00e0 cela, vous n&#8217;aurez pas besoin de t\u00e9l\u00e9charger de logiciel suppl\u00e9mentaire pour d\u00e9marrer. Il vous suffit de vous connecter \u00e0 partir de n&#8217;importe quel navigateur et vous aurez acc\u00e8s \u00e0 tous les jeux, bonus et services. Les casinos SoftSwiss sont connus pour offrir un m\u00e9lange \u00e9clectique de casinos en ligne plus traditionnels g\u00e9r\u00e9s par des soci\u00e9t\u00e9s de logiciels comme NetEnt et Microgaming, avec des d\u00e9veloppeurs de casinos Bitcoin comme Belatra, Amatic et Endorphina. Si vous cherchez un casino qui fournit des jeux Bitcoin avec des machines \u00e0 sous et des tables de jeu normales, vous \u00eates au bon endroit.<\/p>\n<p>Malheureusement, en raison de restrictions l\u00e9gales, Wild Tornado n&#8217;accepte pas les joueurs d&#8217;Australie, du Belarus, de France, d&#8217;Isra\u00ebl, des Antilles n\u00e9erlandaises, d&#8217;Afrique du Sud, d&#8217;Espagne, des \u00eeles mineures \u00e9loign\u00e9es des \u00c9tats-Unis, des \u00c9tats-Unis, d&#8217;Ukraine et du Royaume-Uni.<\/p>\n<p>Continuez \u00e0 lire et d\u00e9couvrez comment vous pouvez commencer \u00e0 jouer au Wild Tornado Casino avec jusqu&#8217;\u00e0 1000 $ ou 0,1 BTC en bonus et 100 tours gratuits.<\/p>\n<h2>Bonus et Promotions<\/h2>\n<p>En ce qui concerne les bonus et les promotions propos\u00e9s, Wild Tornado a une quantit\u00e9 \u00e9norme de promotions lucratives et amusantes pour le casino. Pour les nouveaux joueurs, il y a un lucratif bonus de bienvenue et les joueurs existants seront ravis de recevoir des offres hebdomadaires de bonus de rechargement, de <a href=\"\/fr\/tours-gratuits\/\">bonus de tours gratuits<\/a>, de bonus de cashback et bien d&#8217;autres promotions passionnantes.<\/p>\n<h3>Bonus de Bienvenue<\/h3>\n<p>Le Wild Tornado Casino propose \u00e0 tous les nouveaux joueurs un merveilleux package de Bonus de Bienvenue qui leur permettra de gagner 1000$ en bonus et 100 tours gratuits pouvant \u00eatre utilis\u00e9s sur certaines machines \u00e0 sous. D\u00e9posez de 20 \u00e0 1000 $ et Wild Tornado r\u00e9pondra \u00e0 votre d\u00e9p\u00f4t avec un match \u00e0 100% et d\u00e9posera 100 tours gratuits sur votre compte. Les tours gratuits sont attribu\u00e9s \u00e0 raison de 10 tours gratuits par jour pendant 10 jours et peuvent \u00eatre utilis\u00e9s sur l&#8217;un des jeux suivants: Starburst, Dragon Kingdom ou Fire Lightning. Pour obtenir votre Bonus de Bienvenue, utilisez le code bonus <strong>WILD100<\/strong> avant d&#8217;effectuer votre d\u00e9p\u00f4t.<\/p>\n<h3>Autres Promotions<\/h3>\n<p>D\u00e8s que vous vous inscrivez au Wild Tornado Casino, vous \u00eates automatiquement inscrit au club VIP o\u00f9 vous pouvez commencer \u00e0 gagner des points compl\u00e9mentaires pour jouer aux machines \u00e0 sous et aux jeux de table. Choisissez l&#8217;un des trois programmes de fid\u00e9lit\u00e9 qui vous permettront de vous mettre \u00e0 niveau et de d\u00e9bloquer les r\u00e9compenses de votre choix.<\/p>\n<h3>Exigences de mise en jeu (Exigences de pari)<\/h3>\n<p>Votre bonus est soumis \u00e0 une exigence de mise de x40 fois le montant du bonus re\u00e7u. Tant que les conditions de mise n&#8217;ont pas \u00e9t\u00e9 remplies, votre bonus ne peut pas \u00eatre transf\u00e9r\u00e9 en argent r\u00e9el.<\/p>\n<p>Une fois votre d\u00e9p\u00f4t effectu\u00e9, les tours gratuits seront cr\u00e9dit\u00e9s automatiquement et vous aurez 2 jours pour les activer sur la page &#8220;Mon compte&#8221; sous l&#8217;onglet &#8220;Bonus&#8221;. Les conditions de mise pour les tours gratuits sont de x50 et le maximum que vous pouvez gagner est de $100. Vous aurez 5 jours pour remplir les conditions de mise pour vos bonus et vos tours gratuits.<\/p>\n<h3>VIP &amp; Loyaut\u00e9<\/h3>\n<p>Wild Tornado a mis en place un programme de fid\u00e9lisation tr\u00e8s gratifiant. Il y a trois niveaux et chacun offre quelque chose d&#8217;un peu diff\u00e9rent. Vous pouvez d\u00e9cider si vous faites partie du niveau Tornade, \u00c9clair ou Temp\u00eate, et quel que soit votre choix, vous obtiendrez une remise hebdomadaire, une remise hebdomadaire et des points compl\u00e9mentaires, ou des tours gratuits. Pour les joueurs qui parient avec des enjeux plus faibles, l&#8217;option Storm est id\u00e9ale car elle offre 50 tours gratuits par semaine. Pour les joueurs aux enjeux moyens, Tornado est id\u00e9al et pour les gros joueurs, Lightning offre des r\u00e9compenses en cashback beaucoup plus \u00e9lev\u00e9es.<\/p>\n<h2>Comment Commencer \u00e0 Jouer<\/h2>\n<p>Pour vous inscrire au Wild Tornado Casino, cliquez sur le bouton vert SIGNUP en haut \u00e0 gauche de la page. Saisissez votre adresse \u00e9lectronique, votre mot de passe et la devise de votre choix, cliquez sur la case \u00e0 cocher pour confirmer que vous avez plus de 18 ans et que vous avez lu les conditions g\u00e9n\u00e9rales, et suivez les instructions jusqu&#8217;\u00e0 ce que votre inscription soit termin\u00e9e. L&#8217;\u00e9tape suivante consiste \u00e0 d\u00e9cider si vous souhaitez commencer \u00e0 jouer avec le Bonus de Bienvenue, d\u00e9poser \u00e0 la caisse et utiliser le Code Bonus WILD100 pour obtenir le bonus et les tours gratuits.<\/p>\n<h2>Paiements<\/h2>\n<p>Le Wild Tornado Casino supporte une grande vari\u00e9t\u00e9 <a href=\"\/fr\/options-dachat\/\">d&#8217;options de paiement<\/a> fiables pour vous aider \u00e0 d\u00e9poser et \u00e0 retirer votre argent. Les d\u00e9p\u00f4ts sont trait\u00e9s instantan\u00e9ment et pour les retraits, d\u00e8s que vous avez fait votre demande, celle-ci est instantan\u00e9ment trait\u00e9e par le casino.<\/p>\n<h3>M\u00e9thodes de d\u00e9p\u00f4t<\/h3>\n<p>Effectuez votre d\u00e9p\u00f4t aupr\u00e8s de l&#8217;un des prestataires bancaires suivants: Visa et Mastercard, eWallets Neteller, Skrill et ecoPayz, Instadebit, iDebit, Coins Paid ou Virement bancaire. Le d\u00e9p\u00f4t minimum pour presque tous les fournisseurs de paiement est de 10 $ ou 0,0001 BTC avec pi\u00e8ces pay\u00e9es.<\/p>\n<h3>D\u00e9p\u00f4ts Minimum et Maximum<\/h3>\n<p>Pour b\u00e9n\u00e9ficier du Bonus de Bienvenue, les joueurs doivent effectuer un <a href=\"\/fr\/20-de-depot-minimum\/\">d\u00e9p\u00f4t minimum de 20 $<\/a> jusqu&#8217;\u00e0 un maximum de 1000 $. Jetez un coup d&#8217;\u0153il \u00e0 nos autres casinos de qualit\u00e9 sup\u00e9rieure avec un d\u00e9p\u00f4t minimum de 20 $ pour des casinos en ligne passionnants auxquels vous pouvez jouer pour de petits d\u00e9p\u00f4ts comme 1 $, 5 $, 10 $ et 20 $.<\/p>\n<h3>Modalit\u00e9s et Temps de Retrait<\/h3>\n<p>Vous pouvez retirer vos fonds aupr\u00e8s des m\u00eames fournisseurs de services de paiement que pour les d\u00e9p\u00f4ts, \u00e0 l&#8217;exception de Maestro et <a href=\"\/fr\/options-dachat\/paysafecard\/\">PaySafeCard<\/a>. Les limites minimales par transaction sont de 50 $ et les limites maximales de 4000 $. Bien que le casino traite les retraits imm\u00e9diatement, certains prestataires bancaires mettent quelques jours pour atteindre votre compte. Pour les cartes Visa et Mastercard, vous recevrez vos fonds en 3 jours, le virement bancaire peut prendre jusqu&#8217;\u00e0 7 jours, la crypto est disponible imm\u00e9diatement et les porte-monnaie \u00e9lectroniques prennent jusqu&#8217;\u00e0 48 heures.<\/p>\n<h2>Jeux<\/h2>\n<p>Wild Tornado vous propose plus de 3000 machines \u00e0 sous et un \u00e9norme millier de jeux de table. Il n&#8217;est pas fr\u00e9quent de voir une collection aussi importante, mais dans ce crypto-casino tr\u00e8s bien cot\u00e9, la vari\u00e9t\u00e9 est de mise.<\/p>\n<h3>Machines \u00e0 sous<\/h3>\n<p>Le Wild Tornado Casino propose des <a href=\"\/fr\/jeux\/machines-a-sous\/\">machines \u00e0 sous<\/a> et des jeux de table de plus de 35 des meilleurs fournisseurs de logiciels du secteur. Les machines \u00e0 sous \u00e0 rotation cr\u00e9\u00e9es par Elk Studios, Yggdrasil, Platipus Gaming et bien d&#8217;autres fournisseurs. Il y a \u00e9galement une section d\u00e9di\u00e9e aux jeux Bitcoin o\u00f9 vous pouvez jouer \u00e0 des titres passionnants tels que Big Panda et Beauty and the Beast. (La Belle et la B\u00eate.)<\/p>\n<h3>Jeux de table<\/h3>\n<p>Le Baccarat de NetEnt et All Aces Poker de Microgaming sont deux jeux de table g\u00e9n\u00e9r\u00e9s par des nombres al\u00e9atoires tr\u00e8s populaires. Vous pouvez \u00e9galement profiter de nombreuses variantes du Blackjack, du Poker et de la Roulette. Parmi les jeux de table les plus r\u00e9cents, citons Super Wheel de Play&#8217;n GO et 3D Blackjack d&#8217;Iron Dog Studio.<\/p>\n<h3>Jeux de Distributeurs en Direct<\/h3>\n<p>Le Wild Tornado Casino offre \u00e0 ses clients un authentique et exaltant casino de croupiers en direct qui propose tous les jeux en direct les plus populaires de NetEnt, Evolution Gaming et Vivo Gaming. Au casino en direct, vous pouvez profiter d&#8217;heures de jeux amusants comme le Blackjack en direct, la Roulette en direct et le Baccarat en direct. Si vous avez envie de quelque chose d&#8217;un peu diff\u00e9rent, essayez le Monopoly en direct, le Deal or No Deal et le Lightning Dice.<\/p>\n<h2>Mobile et Applications<\/h2>\n<p>Le Wild Tornado Mobile Casino prend en charge un grand nombre de titres de machines \u00e0 sous vid\u00e9o et de jeux de table sur tout appareil mobile compatible. Wild Tornado dispose d&#8217;un casino adapt\u00e9 aux t\u00e9l\u00e9phones portables qui utilise la technologie du jeu instantan\u00e9. Cela signifie que vous pouvez jouer par le biais de votre navigateur sans avoir besoin d&#8217;une application.<\/p>\n<h2>S\u00e9curit\u00e9 et Licences<\/h2>\n<p>Wild Tornado appartient \u00e0 Dama N.V. et est exploit\u00e9e avec une licence d\u00e9livr\u00e9e par le gouvernement de Cura\u00e7ao. La s\u00e9curit\u00e9 est \u00e9galement assur\u00e9e par un cryptage SSL haut de gamme qui permet de prot\u00e9ger vos informations contre le piratage informatique.<\/p>\n<h2>Assistance \u00e0 la Client\u00e8le<\/h2>\n<p>Pour un contact par courriel, envoyez un courriel \u00e0 support@wildtornad<\/p>\n<p>o.casino ou contactez l&#8217;\u00e9quipe d&#8217;assistance \u00e0 la client\u00e8le via la bo\u00eete de dialogue en direct disponible 24 heures sur 24 \/7.<\/p>\n<h2>Notre verdict<\/h2>\n<p>Le Wild Tornado Casino est un casino crypto passionnant qui offre une \u00e9norme biblioth\u00e8que de titres de premier plan. Il propose tous vos jeux pr\u00e9f\u00e9r\u00e9s et bien d&#8217;autres encore que vous pouvez explorer. Le Bonus de Bienvenue vous mettra sur la voie d&#8217;un temps de jeu prolong\u00e9 et il y a \u00e9galement de nombreux bonus disponibles pour les joueurs qui reviennent. Nous sommes s\u00fbrs que chez Wild Tornado Casino, vous aurez tout ce qu&#8217;il faut pour jouer en ligne de mani\u00e8re amusante et s\u00fbre.<\/p>\n<h2>FAQ sur le Wild Tornado Casino<\/h2>\n\n\n<div itemscope=\"\" itemtype=\"https:\/\/schema.org\/FAQPage\">     \n    <div itemscope=\"\" itemprop=\"mainEntity\" itemtype=\"https:\/\/schema.org\/Question\">\n        <h4 itemprop=\"name\">\u2753 Comment puis-je m&#8217;inscrire au Wild Tornado Casino?<\/h4>\n        <div itemscope=\"\" itemprop=\"acceptedAnswer\" itemtype=\"https:\/\/schema.org\/Answer\">\n          <div itemprop=\"text\">Vous pouvez ouvrir un compte de joueur en 3 \u00e9tapes faciles et lorsque tous les champs sont remplis et que votre formulaire d&#8217;inscription est soumis, v\u00e9rifiez votre courrier \u00e9lectronique pour activer votre compte.<\/div>\n    <\/div>\n    <div itemscope=\"\" itemprop=\"mainEntity\" itemtype=\"https:\/\/schema.org\/Question\">\n      <h4 itemprop=\"name\">? Comment changer ma monnaie pr\u00e9f\u00e9r\u00e9e?<\/h4>\n      <div itemscope=\"\" itemprop=\"acceptedAnswer\" itemtype=\"https:\/\/schema.org\/Answer\">\n        <div itemprop=\"text\">Au cours de la proc\u00e9dure d&#8217;inscription, il vous sera demand\u00e9 de d\u00e9finir votre devise pr\u00e9f\u00e9r\u00e9e et si vous d\u00e9cidez de la changer plus tard ou d&#8217;ajouter une autre devise, vous pouvez le faire manuellement \u00e0 partir de votre compte de joueur. Les devises disponibles sont BTC, EUR, AUD, USD, NOK, CAD, NZD, PLN, ETH, LTC, BCH, DOG et USDT.<\/div>\n      <\/div>\n    <\/div>\n    <div itemscope=\"\" itemprop=\"mainEntity\" itemtype=\"https:\/\/schema.org\/Question\">\n        <h4 itemprop=\"name\">? Quel est le d\u00e9p\u00f4t minimum?<\/h4>\n        <div itemscope=\"\" itemprop=\"acceptedAnswer\" itemtype=\"https:\/\/schema.org\/Answer\">\n          <div itemprop=\"text\">Pour commencer \u00e0 jouer avec de l&#8217;argent r\u00e9el, vous devez d\u00e9poser au moins 10 $ via Visa, Mastercard, Maestro, Trustly, Skrill, Neteller, Cubits, EcoPayz, PaySafeCard, Sofort ou Bitcoin.<\/div>\n      <\/div>\n    <\/div>\n    <div itemscope=\"\" itemprop=\"mainEntity\" itemtype=\"https:\/\/schema.org\/Question\">\n      <h4 itemprop=\"name\">?\u200d\u2640\ufe0f Comment faire un d\u00e9p\u00f4t avec Bitcoin?<\/h4>\n      <div itemscope=\"\" itemprop=\"acceptedAnswer\" itemtype=\"https:\/\/schema.org\/Answer\">\n        <div itemprop=\"text\">Connectez-vous \u00e0 votre compte, cliquez sur l&#8217;onglet &#8220;D\u00e9p\u00f4t&#8221; et saisissez le montant que vous souhaitez verser sur votre compte. Lancez votre portefeuille Bitcoin ou scannez le code QR avec votre smartphone et l&#8217;application portefeuille mobile et vous \u00eates pr\u00eat \u00e0 d\u00e9poser.<\/div>\n    <\/div>\n  <\/div>\n    <div itemscope=\"\" itemprop=\"mainEntity\" itemtype=\"https:\/\/schema.org\/Question\">\n        <h4 itemprop=\"name\">? Ce casino est-il s\u00fbr?<\/h4>\n        <div itemscope=\"\" itemprop=\"acceptedAnswer\" itemtype=\"https:\/\/schema.org\/Answer\">\n          <div itemprop=\"text\">Afin de respecter les normes de s\u00e9curit\u00e9 les plus \u00e9lev\u00e9es possibles, le Wild Tornado Casino d\u00e9tient une licence d\u00e9livr\u00e9e par le gouvernement de Cura\u00e7ao et les g\u00e9n\u00e9rateurs de num\u00e9ros al\u00e9atoires garantissent les m\u00eames cotes et des jeux de hasard \u00e9quitables pour tous.<\/div>\n      <\/div>\n  <\/div>\n    <\/div>\n    <\/div>\n    <div itemscope=\"\" itemprop=\"mainEntity\" itemtype=\"https:\/\/schema.org\/Question\">\n      <h3 itemprop=\"name\">? Quels sont les pour et les contre du Wild Tornado Casino?<\/h3>\n      <div itemscope=\"\" itemprop=\"acceptedAnswer\" itemtype=\"https:\/\/schema.org\/Answer\">\n      <div itemprop=\"text\">\n        <div class=\"pcheading\">\n          Les Pour et les Contre du Wild Tornado Casino\n        <\/div>\n        <div class=\"pros proscons\">\n      <h4>Les Pour<\/h4>\n      <ul>\n        <li>Une grande collection de machines \u00e0 sous et de jeux de table bien con\u00e7us<\/li>\n        <li>Wild Tornado offre un soutien complet de bout en bout \u00e0 Bitcoin<\/li>\n        <li>Une interface facile \u00e0 utiliser permet de trouver rapidement et simplement tous vos jeux<\/li>\n        <li>Des paiements rapides avec des retraits pay\u00e9s en quelques minutes<\/li>\n        <li>Une g\u00e9n\u00e9reuse Bonus de Bienvenue comprenant 100 tours gratuits<\/li>\n        <li>Des promotions quotidiennes continues tous les jours de la semaine<\/li>\n      <\/ul>\n        <\/div>\n        <div class=\"cons proscons\">\n      <h4>Les contre<\/h4>\n      <ul>\n        <li>La limite minimale de retrait est de 50<\/li>\n      <\/ul>\n          <\/div>\n      <\/div>\n      <\/div>\n      <\/div>\n","protected":false},"excerpt":{"rendered":"<p>R\u00e9partition de la R\u00e9vision\u202f Le Wild Tornado Casino utilise le navigateur SoftSwiss pour faire fonctionner ses services et, gr\u00e2ce \u00e0 cela, vous n&#8217;aurez pas besoin de t\u00e9l\u00e9charger de logiciel suppl\u00e9mentaire pour d\u00e9marrer. Il vous suffit de vous connecter \u00e0 partir de n&#8217;importe quel navigateur et vous aurez acc\u00e8s \u00e0 tous les jeux, bonus et services. [&hellip;]<\/p>\n","protected":false},"author":11,"featured_media":4601,"parent":16,"menu_order":0,"comment_status":"closed","ping_status":"closed","template":"page_review.php","meta":{"_acf_changed":false,"footnotes":""},"class_list":["post-4600","page","type-page","status-publish","has-post-thumbnail","hentry"],"acf":[],"_links":{"self":[{"href":"https:\/\/www.minimumdepositcasinos.org\/fr\/wp-json\/wp\/v2\/pages\/4600","targetHints":{"allow":["GET"]}}],"collection":[{"href":"https:\/\/www.minimumdepositcasinos.org\/fr\/wp-json\/wp\/v2\/pages"}],"about":[{"href":"https:\/\/www.minimumdepositcasinos.org\/fr\/wp-json\/wp\/v2\/types\/page"}],"author":[{"embeddable":true,"href":"https:\/\/www.minimumdepositcasinos.org\/fr\/wp-json\/wp\/v2\/users\/11"}],"replies":[{"embeddable":true,"href":"https:\/\/www.minimumdepositcasinos.org\/fr\/wp-json\/wp\/v2\/comments?post=4600"}],"version-history":[{"count":3,"href":"https:\/\/www.minimumdepositcasinos.org\/fr\/wp-json\/wp\/v2\/pages\/4600\/revisions"}],"predecessor-version":[{"id":4605,"href":"https:\/\/www.minimumdepositcasinos.org\/fr\/wp-json\/wp\/v2\/pages\/4600\/revisions\/4605"}],"up":[{"embeddable":true,"href":"https:\/\/www.minimumdepositcasinos.org\/fr\/wp-json\/wp\/v2\/pages\/16"}],"wp:featuredmedia":[{"embeddable":true,"href":"https:\/\/www.minimumdepositcasinos.org\/fr\/wp-json\/wp\/v2\/media\/4601"}],"wp:attachment":[{"href":"https:\/\/www.minimumdepositcasinos.org\/fr\/wp-json\/wp\/v2\/media?parent=4600"}],"curies":[{"name":"wp","href":"https:\/\/api.w.org\/{rel}","templated":true}]}}