{"id":496,"date":"2019-05-14T11:01:51","date_gmt":"2019-05-14T11:01:51","guid":{"rendered":"https:\/\/www.minimumdepositcasinos.org\/fr\/?page_id=496"},"modified":"2026-01-30T07:59:59","modified_gmt":"2026-01-30T07:59:59","slug":"casinos-sans-depot","status":"publish","type":"page","link":"https:\/\/www.minimumdepositcasinos.org\/fr\/casinos-sans-depot\/","title":{"rendered":"No Deposit Casinos"},"content":{"rendered":"\n<h2 class=\"wp-block-heading\" id=\"h-qu-est-ce-qu-un-casino-sans-depot-minimum\">Qu\u2019est-ce qu\u2019un casino sans d\u00e9p\u00f4t minimum?<\/h2>\n\n\n\n<p>Un casino sans d\u00e9p\u00f4t minimum, c\u2019est exactement cela. Il offre aux nouveaux joueurs la possibilit\u00e9 de jouer \u00e0 des jeux de casino sans avoir \u00e0 effectuer de d\u00e9p\u00f4t. Les joueurs canadiens peuvent simplement cr\u00e9er un compte, et le casino leur offre imm\u00e9diatement de l\u2019argent <a href=\"\/fr\/tours-gratuits\/\">bonus ou des tours gratuits<\/a>, leur permettant d\u2019essayer les jeux et de d\u00e9couvrir la plateforme sans aucun risque. Ce type de bonus est particuli\u00e8rement attrayant pour ceux qui souhaitent tester un casino en ligne avant de d\u00e9cider d\u2019y d\u00e9poser de l\u2019argent r\u00e9el.<\/p>\n\n\n\n<p>Les bonus sans d\u00e9p\u00f4t peuvent souvent \u00eatre r\u00e9clam\u00e9s en entrant un code bonus sp\u00e9cifique, que l\u2019on trouve soit sur le site du casino, soit par le biais d\u2019autres canaux promotionnels\u2014comme ici m\u00eame sur notre site.<\/p>\n\n\n\n<h2 class=\"wp-block-heading\" id=\"h-bonus-sans-depot-en-argent-reel-au-canada\">Bonus sans d\u00e9p\u00f4t en argent r\u00e9el au Canada<\/h2>\n\n\n\n<p>Pour les joueurs canadiens, il existe deux principaux types de bonus sans d\u00e9p\u00f4t \u00e0 r\u00e9clamer : les tours gratuits et l\u2019argent bonus. Les deux permettent de d\u00e9couvrir les jeux de casino sans risquer son propre argent. Voici un aper\u00e7u de chaque type pour vous aider \u00e0 comprendre ce que vous pouvez attendre de ces offres populaires.<\/p>\n\n\n\n<h3 class=\"wp-block-heading\" id=\"h-tours-gratuits-sans-depot\">Tours gratuits sans d\u00e9p\u00f4t<\/h3>\n\n\n\n<p>Les tours gratuits sans d\u00e9p\u00f4t sont tr\u00e8s populaires parmi les joueurs de <a href=\"\/fr\/-casino-en-ligne\/\">casinos en ligne au Canada<\/a>. Plut\u00f4t que de recevoir de l\u2019argent bonus, vous obtenez un certain nombre de tours gratuits \u00e0 utiliser sur des machines \u00e0 sous s\u00e9lectionn\u00e9es. Ces tours vous permettent d\u2019explorer les jeux de machines \u00e0 sous du casino sans effectuer de d\u00e9p\u00f4t.<\/p>\n\n\n\n<p>En g\u00e9n\u00e9ral, lorsque vous r\u00e9clamez des tours gratuits sans d\u00e9p\u00f4t, les gains que vous obtenez peuvent \u00eatre conserv\u00e9s apr\u00e8s avoir respect\u00e9 les exigences de mise. Cependant, certains casinos exigent aussi un d\u00e9p\u00f4t ou d\u2019autres conditions avant de vous permettre de retirer vos gains. Pour commencer, vous devez g\u00e9n\u00e9ralement cr\u00e9er un nouveau compte, v\u00e9rifier vos informations, et parfois entrer un code bonus. Une fois le bonus activ\u00e9, vos tours gratuits seront pr\u00eats \u00e0 \u00eatre utilis\u00e9s sur les machines \u00e0 sous d\u00e9sign\u00e9es, souvent accessibles d\u2019un simple clic.<\/p>\n\n\n\n<p>L\u2019objectif des tours gratuits est de vous offrir une chance sans risque d\u2019essayer le casino et, esp\u00e9rons-le, de vous inciter \u00e0 rester et \u00e0 d\u00e9poser pour continuer \u00e0 jouer.<\/p>\n\n\n\n<h3 class=\"wp-block-heading\" id=\"h-argent-bonus\">Argent bonus<\/h3>\n\n\n\n<p>L\u2019argent bonus, parfois appel\u00e9 \u00ab argent gratuit \u00bb, est une autre forme courante de bonus sans d\u00e9p\u00f4t dans les casinos canadiens. Bien que cela puisse sembler \u00eatre de l\u2019argent gratuit ajout\u00e9 \u00e0 votre compte, ce type de bonus est g\u00e9n\u00e9ralement soumis \u00e0 des conditions de mise sp\u00e9cifiques et \u00e0 d\u2019autres exigences \u00e0 respecter avant de pouvoir retirer vos gains.<\/p>\n\n\n\n<p>Le montant de l\u2019argent bonus varie selon le casino et la promotion. Il est normalement cr\u00e9dit\u00e9 peu de temps apr\u00e8s votre inscription ou l\u2019entr\u00e9e d\u2019un code bonus. Vous pouvez ensuite utiliser cet argent bonus pour essayer diff\u00e9rents jeux sans avoir \u00e0 d\u00e9poser vos propres fonds.<\/p>\n\n\n\n<p>Les offres d\u2019argent bonus sans d\u00e9p\u00f4t sont une excellente fa\u00e7on d\u2019explorer gratuitement la s\u00e9lection de jeux d\u2019un casino, mais il est essentiel de lire attentivement les modalit\u00e9s, en particulier les exigences de mise, afin de bien comprendre comment transformer votre bonus en argent r\u00e9el.<\/p>\n\n\n\n<h2 class=\"wp-block-heading\" id=\"h-avantages-et-inconvenients-des-bonus-sans-depot-au-canada\">Avantages et inconv\u00e9nients des bonus sans d\u00e9p\u00f4t au Canada<\/h2>\n\n\n\n<figure class=\"wp-block-table\"><table class=\"has-fixed-layout\"><thead><tr><th><strong>Avantages<\/strong><\/th><th>Inconv\u00e9nients<\/th><\/tr><\/thead><tbody><tr><td>Aucun d\u00e9p\u00f4t requis \u2013 c\u2019est 100 % gratuit \u00e0 r\u00e9clamer.<\/td><td>Des d\u00e9lais peuvent s\u2019appliquer pour utiliser le bonus.<\/td><\/tr><tr><td>Les gains peuvent \u00eatre transform\u00e9s en argent r\u00e9el (apr\u00e8s les conditions).<\/td><td>Des restrictions de jeux s\u2019appliquent souvent (voir les conditions g\u00e9n\u00e9rales).<\/td><\/tr><tr><td>Le bonus est accord\u00e9 instantan\u00e9ment apr\u00e8s l\u2019inscription.<\/td><td>Il faut remplir les exigences de mise avant de pouvoir retirer les gains.<\/td><\/tr><tr><td>Peut \u00eatre combin\u00e9 avec d&#8217;autres offres de bonus.<\/td><td><\/td><\/tr><\/tbody><\/table><\/figure>\n\n\n\n<h2 class=\"wp-block-heading\" id=\"h-autres-types-de-casinos-a-depot-minimum-a-considerer-au-canada\">Autres types de casinos \u00e0 d\u00e9p\u00f4t minimum \u00e0 consid\u00e9rer au Canada<\/h2>\n\n\n\n<p>Apr\u00e8s avoir profit\u00e9 de votre bonus sans d\u00e9p\u00f4t et de vos tours gratuits, vous pouvez choisir de faire un d\u00e9p\u00f4t pour d\u00e9bloquer le bonus de bienvenue d\u2019un casino ou continuer \u00e0 jouer avec vos propres fonds. Pour les joueurs qui souhaitent mieux g\u00e9rer leur budget ou profiter du jeu sans un gros engagement financier, il existe de nombreux casinos \u00e0 d\u00e9p\u00f4t minimum au Canada qui offrent un excellent rapport qualit\u00e9-prix \u00e0 faible co\u00fbt. Parmi ceux-ci, on retrouve notamment :<\/p>\n\n\n\n<div class=\"wp-block-group is-content-justification-center is-nowrap is-layout-flex wp-container-core-group-is-layout-94bc23d7 wp-block-group-is-layout-flex\">\n<p><a href=\"\/fr\/1-de-depot-minimum\/\" class=\"MDC-button-rl\">$1 D\u00e9p\u00f4t Casino<\/a>\n\n\n\n<p><a href=\"\/fr\/5-de-depot-minimum\/\" class=\"MDC-button-rl\">5$ D\u00e9p\u00f4t Casino<\/a>\n<\/div>\n\n\n\n<div class=\"wp-block-group is-content-justification-center is-nowrap is-layout-flex wp-container-core-group-is-layout-94bc23d7 wp-block-group-is-layout-flex\">\n<p><a href=\"\/fr\/10-de-depot-minimum\/\" class=\"MDC-button-rl\">10$ D\u00e9p\u00f4t Casino<\/a>\n\n\n\n<p><a href=\"\/fr\/20-de-depot-minimum\/\" class=\"MDC-button-rl\">20$ D\u00e9p\u00f4t Casino<\/a>\n<\/div>\n\n\n\n<ul class=\"wp-block-list\">\n<li><\/li>\n<\/ul>\n\n\n\n<p>Les <a href=\"\/fr\/\">casinos \u00e0 d\u00e9p\u00f4t minimum<\/a> permettent \u00e9galement aux joueurs d\u2019acc\u00e9der instantan\u00e9ment \u00e0 un bonus de bienvenue pour profiter des machines \u00e0 sous et des jeux de table les plus cr\u00e9atifs et innovants disponibles.<\/p>\n\n\n\n<h2 class=\"wp-block-heading\" id=\"h-comment-reclamer-votre-bonus-de-casino-sans-depot\">Comment r\u00e9clamer votre bonus de casino sans d\u00e9p\u00f4t<\/h2>\n\n\n\n<p>Dans la plupart des cas, les bonus de casino sans d\u00e9p\u00f4t sont attribu\u00e9s une fois que vous avez termin\u00e9 le processus d&#8217;inscription. Ils constituent essentiellement une r\u00e9compense pour votre engagement \u00e0 cr\u00e9er un compte. Certains casinos demandent aux joueurs de saisir des codes sp\u00e9cifiques pour r\u00e9clamer leur bonus sans d\u00e9p\u00f4t, tandis que d&#8217;autres n\u00e9cessitent une activation sp\u00e9cifique de la part du joueur. Certains casinos accordent simplement le bonus une fois que votre compte est enregistr\u00e9. Il est crucial de lire attentivement les termes et conditions afin de savoir quels crit\u00e8res vous devez remplir pour \u00eatre \u00e9ligible au bonus. Cette \u00e9tape vous permettra de comprendre les exigences et de profiter pleinement de votre bonus sans d\u00e9p\u00f4t.<\/p>\n\n\n\n<h2 class=\"wp-block-heading\" id=\"h-termes-et-conditions-pour-les-bonus-sans-depot\">Termes et conditions pour les bonus sans d\u00e9p\u00f4t<\/h2>\n\n\n\n<p>Dans le monde des casinos en ligne, vous obtenez rarement quelque chose pour rien\u2013 il y a toujours des &#8220;strings&#8221; attach\u00e9es. Dans la plupart des cas, ces\u201cstrings\u201d ou les conditions attach\u00e9es au bonus sont \u00e9quitables et visent \u00e0 prot\u00e9ger le casino des abuseurs de bonus. Cependant, il est important de les v\u00e9rifier au pr\u00e9alable, pour que vous sachiez \u00e0 quoi vous attendre.<br>Les casinos sont tenus d\u2019afficher leurs conditions de bonus sur le site. Quelques domaines \u00e0 v\u00e9rifier incluent sp\u00e9cifiquement:<\/p>\n\n\n\n<ul class=\"wp-block-list\">\n<li>Comment r\u00e9clamer votre bonus de casino sans d\u00e9p\u00f4t<\/li>\n\n\n\n<li>Si vous pouvez garder vos gains<\/li>\n\n\n\n<li>Si vos gains admissibles sont plafonn\u00e9s<\/li>\n\n\n\n<li>Combien vous devez d\u00e9poser pour retirer vos gains &#8211; il est hautement improbable qu&#8217;un casino vous permette de retirer des gains d&#8217;un bonus ou de tours gratuits si vous n&#8217;avez jamais effectu\u00e9 de d\u00e9p\u00f4t.<\/li>\n\n\n\n<li>Quelles sont les conditions de pariant<\/li>\n<\/ul>\n\n\n\n<p>Un autre aspect \u00e0 v\u00e9rifier est des limites de temps. Il se peut que vous ayez un certain temps pour jouer votre bonus ou pour effectuer un d\u00e9p\u00f4t apr\u00e8s avoir jou\u00e9 le bonus afin de r\u00e9clamer vos gains. Vous ne voulez pas perdre votre bonus ou vos gains en ne r\u00e9alisant tout simplement pas qu\u2019il y avait une date limite.<\/p>\n\n\n\n<h2 class=\"wp-block-heading\" id=\"h-200-tours-gratuits-sans-depot-chez-bitkingz\">200 tours gratuits sans d\u00e9p\u00f4t chez BitKingz<\/h2>\n\n\n\n<p>BitKingz Casino propose une offre exclusive pour les joueurs canadiens : 200 tours gratuits d\u00e8s l\u2019inscription. Il suffit de cr\u00e9er un nouveau compte en utilisant le code bonus FS200, et vous recevrez imm\u00e9diatement vos 200 tours gratuits, sans avoir \u00e0 d\u00e9poser d\u2019argent r\u00e9el.<\/p>\n\n\n\n<p>Comme pour la plupart des bonus, certaines conditions s\u2019appliquent. Chez BitKingz, tous les fonds de bonus et les gains issus des tours gratuits doivent \u00eatre mis\u00e9s 45 fois avant de pouvoir effectuer un retrait. Les joueurs ne peuvent retirer leurs gains qu\u2019apr\u00e8s avoir rempli int\u00e9gralement ces exigences de mise.<\/p>\n\n\n\n<p><a href=\"\/fr\/revue-de-casino\/bitkingz\/\">BitKingz Casino<\/a> offre une exp\u00e9rience de jeu dynamique avec des milliers de jeux, incluant des machines \u00e0 sous, des jackpots, des jeux de table et une section palpitante avec croupiers en direct. D\u00e9tenteur d\u2019une licence d\u00e9livr\u00e9e par le gouvernement de Cura\u00e7ao, BitKingz garantit des retraits rapides, un excellent service \u00e0 la client\u00e8le et un environnement de jeu s\u00e9curis\u00e9.<\/p>\n\n\n\n<br\/><div class=\"cta_post_box\">\n<div class=\"cta_post_top\"><div class=\"cta_post_title\"><\/div><\/div>\n<div class=\"cta_post_container\">\n<div class=\"cta_post_mid\">\n<div class=\"cta_post_mid_left\"><div class=\"cta_post_image\"><img src='https:\/\/www.minimumdepositcasinos.org\/fr\/wp-content\/uploads\/2025\/05\/Bitkingz-logo.jpg' \/><\/div><div class=\"cta_post_name\">BitKingz<div class=\"cta_post_rating\"><img src='\/wp-content\/themes\/mdc2024\/images\/star-yellow.svg' alt='Star'\/><img src='\/wp-content\/themes\/mdc2024\/images\/star-yellow.svg' alt='Star'\/><img src='\/wp-content\/themes\/mdc2024\/images\/star-yellow.svg' alt='Star'\/><img src='\/wp-content\/themes\/mdc2024\/images\/star-yellow.svg' alt='Star'\/><img src='\/wp-content\/themes\/mdc2024\/images\/star-white.svg' alt='Star'\/><\/div><\/div>\n<div class=\"clear\"><\/div>\n<\/div>\n<div class=\"cta_post_mid_offer\">\nD\u00e9p\u00f4t de 0 Obtention de Obtenez 200 tours gratuits sans d\u00e9p\u00f4t<\/div>\n<div class=\"clear\"><\/div>\n<div class=\"cta_post_bottom\">\n\t<a href=\"\/fr\/go\/bitkingz@fr-nd\/?pos=\" class=\"mainctabutton\" target=\"_blank\" onclick=\"DL_Push('')\">Visiter<\/a><\/div>\n<\/div>\n<div class=\"cta_post_terms\"><\/div>\n<\/div><\/div><br\/>\n\n\n\n<h2 class=\"wp-block-heading\" id=\"h-resume-du-bonus-sans-depot\">R\u00e9sum\u00e9 du Bonus Sans D\u00e9p\u00f4t<\/h2>\n\n\n\n<p>Jouer \u00e0 des <a href=\"\/fr\/jeux\/\">jeux de casino en ligne<\/a> sans d\u00e9poser votre propre argent est la meilleure fa\u00e7on d\u2019essayer les machines \u00e0 sous et les jeux de table sans risque. Les bonus sans d\u00e9p\u00f4t sont des offres de casino astucieusement con\u00e7ues qui ne n\u00e9cessitent aucun d\u00e9p\u00f4t en argent r\u00e9el de la part des nouveaux joueurs. Trouver un casino en ligne \u00e0 faible d\u00e9p\u00f4t qui vous pla\u00eet est excitant, mais encore mieux est de choisir un casino fiable et de qualit\u00e9 qui d\u00e9posera un bonus gratuit dans votre nouveau compte.<\/p>\n\n\n\n<p>Pour recevoir un bonus de tours gratuits sans d\u00e9p\u00f4t, compl\u00e9tez votre inscription comme nouveau joueur, puis commencez \u00e0 faire tourner les rouleaux sur des machines \u00e0 sous populaires gratuitement. Lorsque vous rejoignez un nouveau casino canadien \u00e0 d\u00e9p\u00f4t minimum, vous pouvez r\u00e9clamer plusieurs types de bonus, mais n\u2019oubliez pas que des modalit\u00e9s et conditions s\u2019appliquent. Ce document l\u00e9gal et num\u00e9rique m\u00e9rite d\u2019\u00eatre lu, car il explique ce que vous devez faire pour transformer vos gains gratuits en argent r\u00e9el.<\/p>\n","protected":false},"excerpt":{"rendered":"<p>Qu\u2019est-ce qu\u2019un casino sans d\u00e9p\u00f4t minimum? Un casino sans d\u00e9p\u00f4t minimum, c\u2019est exactement cela. Il offre aux nouveaux joueurs la possibilit\u00e9 de jouer \u00e0 des jeux de casino sans avoir \u00e0 effectuer de d\u00e9p\u00f4t. Les joueurs canadiens peuvent simplement cr\u00e9er un compte, et le casino leur offre imm\u00e9diatement de l\u2019argent bonus ou des tours gratuits, [&hellip;]<\/p>\n","protected":false},"author":8,"featured_media":498,"parent":0,"menu_order":0,"comment_status":"closed","ping_status":"closed","template":"page_money.php","meta":{"_acf_changed":false,"footnotes":""},"class_list":["post-496","page","type-page","status-publish","has-post-thumbnail","hentry"],"acf":[],"_links":{"self":[{"href":"https:\/\/www.minimumdepositcasinos.org\/fr\/wp-json\/wp\/v2\/pages\/496","targetHints":{"allow":["GET"]}}],"collection":[{"href":"https:\/\/www.minimumdepositcasinos.org\/fr\/wp-json\/wp\/v2\/pages"}],"about":[{"href":"https:\/\/www.minimumdepositcasinos.org\/fr\/wp-json\/wp\/v2\/types\/page"}],"author":[{"embeddable":true,"href":"https:\/\/www.minimumdepositcasinos.org\/fr\/wp-json\/wp\/v2\/users\/8"}],"replies":[{"embeddable":true,"href":"https:\/\/www.minimumdepositcasinos.org\/fr\/wp-json\/wp\/v2\/comments?post=496"}],"version-history":[{"count":47,"href":"https:\/\/www.minimumdepositcasinos.org\/fr\/wp-json\/wp\/v2\/pages\/496\/revisions"}],"predecessor-version":[{"id":13537,"href":"https:\/\/www.minimumdepositcasinos.org\/fr\/wp-json\/wp\/v2\/pages\/496\/revisions\/13537"}],"wp:featuredmedia":[{"embeddable":true,"href":"https:\/\/www.minimumdepositcasinos.org\/fr\/wp-json\/wp\/v2\/media\/498"}],"wp:attachment":[{"href":"https:\/\/www.minimumdepositcasinos.org\/fr\/wp-json\/wp\/v2\/media?parent=496"}],"curies":[{"name":"wp","href":"https:\/\/api.w.org\/{rel}","templated":true}]}}