{"id":504,"date":"2019-05-14T11:20:47","date_gmt":"2019-05-14T11:20:47","guid":{"rendered":"https:\/\/www.minimumdepositcasinos.org\/fr\/?page_id=504"},"modified":"2025-07-10T14:09:24","modified_gmt":"2025-07-10T14:09:24","slug":"tours-gratuits","status":"publish","type":"page","link":"https:\/\/www.minimumdepositcasinos.org\/fr\/tours-gratuits\/","title":{"rendered":"Free Spins"},"content":{"rendered":"\n<h2 class=\"wp-block-heading\">Montant minimum de d\u00e9p\u00f4t dans les casinos canadiens de tours gratuits<\/h2>\n\n\n\n<p>Les casinos canadiens de tours gratuits offrent un large \u00e9ventail de montants de d\u00e9p\u00f4t minimum afin de r\u00e9pondre aux pr\u00e9f\u00e9rences et aux budgets des joueurs lorsqu&#8217;il s&#8217;agit d&#8217;acc\u00e9der \u00e0 des bonus qui incluent des tours gratuits. Pour les joueurs qui recherchent la plus grande accessibilit\u00e9, certains casinos fixent leurs exigences <a href=\"\/fr\/1-de-depot-minimum\/\">de d\u00e9p\u00f4t minimum \u00e0 seulement 1<\/a> ou 5 $. Ces d\u00e9p\u00f4ts minimums plus bas rendent le casino exceptionnellement accessible aux joueurs occasionnels ou \u00e0 ceux qui cherchent simplement \u00e0 se plonger dans l&#8217;exp\u00e9rience du casino en ligne sans engagement financier important. D&#8217;un autre c\u00f4t\u00e9, certains joueurs pr\u00e9f\u00e8rent opter pour des d\u00e9p\u00f4ts plus importants afin de d\u00e9bloquer des bonus plus substantiels ou de disposer d&#8217;un bankroll plus important pour leurs sessions de jeu. Pour ces joueurs, <a href=\"\/fr\/10-de-depot-minimum\/\">les casinos peuvent fixer leur d\u00e9p\u00f4t minimum \u00e0 10<\/a> ou 20 $, ce qui leur permet d&#8217;acc\u00e9der \u00e0 des bonus plus importants et \u00e0 des r\u00e9compenses potentiellement plus \u00e9lev\u00e9es. En offrant une gamme d&#8217;options de d\u00e9p\u00f4t minimum, les casinos canadiens de tours gratuits s&#8217;efforcent de s&#8217;assurer que leurs promotions sont inclusives et attrayantes pour les joueurs ayant des pr\u00e9f\u00e9rences et des budgets vari\u00e9s. Que les joueurs soient \u00e0 la recherche d&#8217;options \u00e9conomiques ou de bonus plus importants, ces casinos s&#8217;efforcent de r\u00e9pondre \u00e0 leurs besoins tout en leur offrant l&#8217;excitation des tours gratuits.<\/p>\n\n\n\n<h3 class=\"wp-block-heading\">Les types de tours gratuits disponibles dans les casinos en ligne canadiens<\/h3>\n\n\n\n<p>Diff\u00e9rents types de tours gratuits sont couramment disponibles sur les casinos en ligne canadiens, r\u00e9pondant aux diff\u00e9rentes pr\u00e9f\u00e9rences des joueurs et aux diff\u00e9rents stades d&#8217;engagement sur la plateforme. Il s&#8217;agit notamment des tours gratuits sans d\u00e9p\u00f4t, des tours gratuits du bonus de bienvenue et des tours gratuits du programme de fid\u00e9lit\u00e9. <a href=\"\/fr\/casinos-sans-depot\/\">Les tours gratuits sans d\u00e9p\u00f4t sont souvent propos\u00e9s<\/a> pour inciter les joueurs \u00e0 s&#8217;inscrire, leur permettant de profiter de quelques tours gratuits sans avoir \u00e0 effectuer de d\u00e9p\u00f4t initial. Les tours gratuits en bonus de bienvenue font g\u00e9n\u00e9ralement partie d&#8217;un package plus important offert aux nouveaux joueurs lors de leur premier d\u00e9p\u00f4t ou d&#8217;une s\u00e9rie de d\u00e9p\u00f4ts. Ces tours gratuits am\u00e9liorent le package de bienvenue, en apportant une valeur ajout\u00e9e et une excitation suppl\u00e9mentaire \u00e0 la premi\u00e8re exp\u00e9rience du joueur sur la plateforme. Enfin, les tours gratuits du programme de fid\u00e9lit\u00e9 sont des r\u00e9compenses pour les joueurs qui font preuve d&#8217;une fid\u00e9lit\u00e9 et d&#8217;un engagement continus avec le casino. Ces tours gratuits sont souvent d\u00e9bloqu\u00e9s lorsque les joueurs accumulent des points ou atteignent des \u00e9tapes sp\u00e9cifiques au sein du programme de fid\u00e9lit\u00e9, ce qui incite \u00e0 continuer \u00e0 jouer et \u00e0 r\u00e9compenser les clients fid\u00e8les pour leur d\u00e9vouement. Chaque type de tour gratuit offre ses propres avantages et sert \u00e0 am\u00e9liorer l&#8217;exp\u00e9rience de jeu globale des joueurs des casinos en ligne canadiens.<\/p>\n\n\n\n<h3 class=\"wp-block-heading\">Bonus de bienvenue dans les casinos canadiens de tours gratuits<\/h3>\n\n\n\n<p>Les tours gratuits ne sont qu&#8217;une des nombreuses offres de bienvenue s\u00e9duisantes que les casinos canadiens de tours gratuits emploient pour attirer de nouveaux clients. Le but de ces bonus de bienvenue est d&#8217;attirer les utilisateurs sur la plateforme et d&#8217;am\u00e9liorer leur premi\u00e8re exp\u00e9rience de jeu. Ces bonus sont g\u00e9n\u00e9ralement attribu\u00e9s sur le premier d\u00e9p\u00f4t du joueur, bien qu&#8217;ils soient occasionnellement r\u00e9partis sur plusieurs d\u00e9p\u00f4ts. Les tours gratuits constituent un niveau d&#8217;excitation suppl\u00e9mentaire offert par les bonus de bienvenue, permettant aux joueurs d&#8217;essayer des jeux de machines \u00e0 sous bien connus sans avoir \u00e0 risquer leur propre argent \u00e0 l&#8217;avance. Les bonus de bienvenue varient d&#8217;un casino \u00e0 l&#8217;autre. Certains offrent un nombre fixe de tours gratuits, tandis que d&#8217;autres offrent une vari\u00e9t\u00e9 de tours gratuits en fonction du montant du d\u00e9p\u00f4t du joueur.<\/p>\n\n\n\n<h3 class=\"wp-block-heading\">Exigences de mise dans les casinos de tours gratuits au Canada<\/h3>\n\n\n\n<p>Les conditions attach\u00e9es aux incitations, y compris les tours gratuits, sont connues sous le nom d&#8217;exigences de mise par les casinos canadiens de tours gratuits. Ces conditions pr\u00e9cisent le nombre de fois que les joueurs doivent miser l&#8217;argent du bonus ou les b\u00e9n\u00e9fices des tours gratuits pour pouvoir retirer les gains correspondants. En plus de donner aux joueurs une chance \u00e9gale de b\u00e9n\u00e9ficier des bonus, les conditions de mise aident les casinos \u00e0 se pr\u00e9munir contre les abus en mati\u00e8re de bonus. Les exigences de mise varient g\u00e9n\u00e9ralement en fonction des termes et conditions du casino, de 20x \u00e0 50x ou plus. Avant d&#8217;accepter des bonus, les joueurs doivent examiner attentivement ces conditions pour s&#8217;assurer qu&#8217;ils peuvent les remplir et qu&#8217;ils en comprennent les termes.<\/p>\n\n\n\n<h3 class=\"wp-block-heading\">Casinos sans d\u00e9p\u00f4t avec tours gratuits<\/h3>\n\n\n\n<p>Les joueurs du Canada ont une chance s\u00e9duisante de profiter de tours gratuits sans faire de d\u00e9p\u00f4t dans les casinos \u00e0 tours gratuits. Lors de l&#8217;inscription, ces casinos offrent aux nouveaux joueurs des tours gratuits pour leur donner un avant-go\u00fbt de ce que c&#8217;est que de jouer. Les tours gratuits sans d\u00e9p\u00f4t sont une strat\u00e9gie marketing tr\u00e8s appr\u00e9ci\u00e9e des casinos pour attirer de nouveaux clients et les inciter \u00e0 essayer les fonctionnalit\u00e9s sans prendre de risques. Ces tours gratuits donnent aux joueurs la possibilit\u00e9 de gagner de l&#8217;argent r\u00e9el sans avoir \u00e0 utiliser leur propre argent, mais ils sont souvent assortis de conditions et de restrictions strictes, telles que des exigences de mise \u00e9lev\u00e9es et des limites de retrait maximales.<\/p>\n\n\n\n<h3 class=\"wp-block-heading\">Comment nous \u00e9valuons les tours gratuits dans les casinos canadiens<\/h3>\n\n\n\n<p>Afin de fournir une \u00e9valuation impartiale, nous examinons minutieusement un certain nombre d&#8217;\u00e9l\u00e9ments importants lors de l&#8217;examen des offres de tours gratuits dans les casinos canadiens. Nous commen\u00e7ons par examiner les conditions de mise li\u00e9es aux tours gratuits. Les joueurs pr\u00e9f\u00e8rent g\u00e9n\u00e9ralement des conditions de mise peu \u00e9lev\u00e9es, car elles montrent \u00e0 quel point il est facile de retirer les b\u00e9n\u00e9fices. Deuxi\u00e8mement, nous prenons en compte le type de jeu qui est fourni avec les tours gratuits. Les tours bonus sur des jeux de machines \u00e0 sous appr\u00e9ci\u00e9s ou lucratifs ajoutent de la valeur \u00e0 l&#8217;op\u00e9ration, en augmentant le plaisir du joueur et ses possibilit\u00e9s de gain. Enfin, nous examinons le paiement minimal n\u00e9cessaire pour obtenir les bonus de tours. Alors que des d\u00e9p\u00f4ts plus importants peuvent sugg\u00e9rer un ensemble de bonus plus substantiel, des d\u00e9p\u00f4ts minimums plus petits rendent l&#8217;offre plus accessible \u00e0 un groupe de joueurs plus large.<\/p>\n\n\n\n<h3 class=\"wp-block-heading\">Comment r\u00e9clamer des bonus de tours gratuits dans les casinos en ligne au Canada ?<\/h3>\n\n\n\n<p>Choisir un casino digne de confiance avec une licence d&#8217;une autorit\u00e9 de jeu reconnue est la premi\u00e8re \u00e9tape pour r\u00e9clamer des bonus de tours gratuits sur les casinos en ligne canadiens. Apr\u00e8s avoir s\u00e9lectionn\u00e9 une plate-forme, ouvrez un compte en saisissant des donn\u00e9es personnelles correctes et, si n\u00e9cessaire, en confirmant votre identit\u00e9. Ensuite, pour pouvoir b\u00e9n\u00e9ficier des bonus de tours, effectuez un d\u00e9p\u00f4t en utilisant <a href=\"\/fr\/options-dachat\/\">l&#8217;option de paiement<\/a> que vous avez choisie. Trouvez les offres de tours gratuits disponibles en naviguant vers la section des promotions et en vous assurant de lire attentivement les termes et conditions. Certaines promotions peuvent n\u00e9cessiter la saisie d&#8217;un code bonus lors du d\u00e9p\u00f4t. Une fois qu&#8217;il est d\u00e9clench\u00e9, allez sur les machines \u00e0 sous qui se qualifient et commencez \u00e0 jouer les rouleaux avec vos tours de bonus. Les gains seront probablement cr\u00e9dit\u00e9s en tant que bonus si certaines conditions de mise sont remplies.<\/p>\n\n\n\n<h2 class=\"wp-block-heading\">Ce que nous aimons dans les tours gratuits des casinos en ligne au Canada<\/h2>\n\n\n\n<p>Les joueurs peuvent b\u00e9n\u00e9ficier d&#8217;un certain nombre d&#8217;avantages et d&#8217;opportunit\u00e9s passionnantes lorsqu&#8217;ils utilisent des tours gratuits sur les casinos en ligne canadiens. Tout d&#8217;abord, ils offrent aux joueurs la possibilit\u00e9 d&#8217;exp\u00e9rimenter le frisson des jeux de machines \u00e0 sous les plus populaires sans avoir \u00e0 risquer leur propre argent, ce qui fait monter les ench\u00e8res dans le processus de jeu. Les tours gratuits peuvent \u00e9galement \u00eatre inclus dans d&#8217;importants bonus de bienvenue, qui augmentent la valeur des d\u00e9p\u00f4ts initiaux des joueurs et augmentent le temps de jeu. Les joueurs peuvent exp\u00e9rimenter diff\u00e9rents jeux et \u00e9ventuellement gagner des r\u00e9compenses en argent r\u00e9el gr\u00e2ce \u00e0 la polyvalence des tours gratuits, sans avoir \u00e0 s&#8217;engager financi\u00e8rement. De plus, les tours gratuits sont souvent assortis d&#8217;exigences de mise comp\u00e9titives, ce qui offre un processus \u00e9quitable et clair de retrait des gains.<\/p>\n","protected":false},"excerpt":{"rendered":"<p>Montant minimum de d\u00e9p\u00f4t dans les casinos canadiens de tours gratuits Les casinos canadiens de tours gratuits offrent un large \u00e9ventail de montants de d\u00e9p\u00f4t minimum afin de r\u00e9pondre aux pr\u00e9f\u00e9rences et aux budgets des joueurs lorsqu&#8217;il s&#8217;agit d&#8217;acc\u00e9der \u00e0 des bonus qui incluent des tours gratuits. Pour les joueurs qui recherchent la plus grande [&hellip;]<\/p>\n","protected":false},"author":8,"featured_media":9951,"parent":0,"menu_order":0,"comment_status":"closed","ping_status":"closed","template":"page_money.php","meta":{"_acf_changed":false,"footnotes":""},"class_list":["post-504","page","type-page","status-publish","has-post-thumbnail","hentry"],"acf":[],"_links":{"self":[{"href":"https:\/\/www.minimumdepositcasinos.org\/fr\/wp-json\/wp\/v2\/pages\/504","targetHints":{"allow":["GET"]}}],"collection":[{"href":"https:\/\/www.minimumdepositcasinos.org\/fr\/wp-json\/wp\/v2\/pages"}],"about":[{"href":"https:\/\/www.minimumdepositcasinos.org\/fr\/wp-json\/wp\/v2\/types\/page"}],"author":[{"embeddable":true,"href":"https:\/\/www.minimumdepositcasinos.org\/fr\/wp-json\/wp\/v2\/users\/8"}],"replies":[{"embeddable":true,"href":"https:\/\/www.minimumdepositcasinos.org\/fr\/wp-json\/wp\/v2\/comments?post=504"}],"version-history":[{"count":73,"href":"https:\/\/www.minimumdepositcasinos.org\/fr\/wp-json\/wp\/v2\/pages\/504\/revisions"}],"predecessor-version":[{"id":13037,"href":"https:\/\/www.minimumdepositcasinos.org\/fr\/wp-json\/wp\/v2\/pages\/504\/revisions\/13037"}],"wp:featuredmedia":[{"embeddable":true,"href":"https:\/\/www.minimumdepositcasinos.org\/fr\/wp-json\/wp\/v2\/media\/9951"}],"wp:attachment":[{"href":"https:\/\/www.minimumdepositcasinos.org\/fr\/wp-json\/wp\/v2\/media?parent=504"}],"curies":[{"name":"wp","href":"https:\/\/api.w.org\/{rel}","templated":true}]}}