{"id":51,"date":"2018-08-22T17:13:12","date_gmt":"2018-08-22T16:13:12","guid":{"rendered":"https:\/\/www.minimumdepositcasinos.org\/fr\/?page_id=51"},"modified":"2019-10-29T17:28:30","modified_gmt":"2019-10-29T17:28:30","slug":"windows","status":"publish","type":"page","link":"https:\/\/www.minimumdepositcasinos.org\/fr\/appareils\/windows\/","title":{"rendered":"Windows"},"content":{"rendered":"<h1>Casinos en ligne Windows<\/h1>\n<p><img loading=\"lazy\" decoding=\"async\" class=\" wp-image-41 alignright\" src=\"\/fr\/wp-content\/uploads\/2018\/08\/Windows_logo_-_2012.png\" alt=\"Windows\" width=\"149\" height=\"163\" srcset=\"https:\/\/www.minimumdepositcasinos.org\/fr\/wp-content\/uploads\/2018\/08\/Windows_logo_-_2012.png 1121w, https:\/\/www.minimumdepositcasinos.org\/fr\/wp-content\/uploads\/2018\/08\/Windows_logo_-_2012-274x300.png 274w, https:\/\/www.minimumdepositcasinos.org\/fr\/wp-content\/uploads\/2018\/08\/Windows_logo_-_2012-768x842.png 768w, https:\/\/www.minimumdepositcasinos.org\/fr\/wp-content\/uploads\/2018\/08\/Windows_logo_-_2012-934x1024.png 934w\" sizes=\"auto, (max-width: 149px) 100vw, 149px\" \/><br \/>\nSi vous avez un t\u00e9l\u00e9phone Windows, vous pouvez jouer aux machines \u00e0 sous, au blackjack pour de l&#8217;argent r\u00e9el dans les casinos de d\u00e9p\u00f4t minimum, n&#8217;importe quand, n&#8217;importe o\u00f9. Jouer sur le pouce est devenu si populaire que de plus en plus d&#8217;op\u00e9rateurs de casino ajoutent des applications \u00e0 leur logiciel sur les mobiles et les tablettes.<br \/>\nMicrosoft a lanc\u00e9 Windows Mobile en 2003 et pr\u00e9sent\u00e9 un t\u00e9l\u00e9phone intelligent assez standardis\u00e9. Ils ont \u00e9t\u00e9 con\u00e7us sans \u00e9cran tactile et ont offert une r\u00e9solution d&#8217;affichage tr\u00e8s faible. Au fil des ans, ils ont am\u00e9lior\u00e9 leurs offres, donnant aux joueurs de casino une exp\u00e9rience unique avec une r\u00e9solution extr\u00eamement \u00e9lev\u00e9e, un \u00e9cran tactile de haute qualit\u00e9 et des processeurs ultra-rapides. Pourtant, ils ne sont toujours pas aussi populaires parmi les joueurs en ligne que les utilisateurs d&#8217;iPhone et d&#8217;Android.<br \/>\nC&#8217;est une perception commune que les joueurs qui utilisent des appareils mobiles iPhone ou Android auront plus de casinos \u00e0 leur disposition que les t\u00e9l\u00e9phones mobiles Windows ou les appareils moins populaires. Cependant, la qualit\u00e9 et la facilit\u00e9 d&#8217;utilisation des applications s&#8217;est am\u00e9lior\u00e9e au cours des derni\u00e8res ann\u00e9es. Par cons\u00e9quent, les mobiles Android et iOS ne sont pas les seuls mobiles capables d&#8217;offrir de superbes applications de casino en ligne.<\/p>\n<p>Les casinos r\u00e9put\u00e9s auront une version mobile de leurs casinos ou vous pouvez t\u00e9l\u00e9charger leurs applications \u00e0 partir du magasin App de votre appareil, comme Google Play, Windows Store, Blackberry World ou iOS App Store.<\/p>\n<p>Ainsi, nous testons les casinos offrant des applications de jeu Windows en fonction de leur r\u00e9putation dans la communaut\u00e9 des casinos en ligne, qu&#8217;ils soient certifi\u00e9s et sous licence, leur int\u00e9grit\u00e9 et honn\u00eatet\u00e9, s\u00e9curit\u00e9, ainsi que le syst\u00e8me logiciel utilis\u00e9 et sa compatibilit\u00e9 avec l&#8217;appareil mobile Windows. Voici notre liste de casinos mobiles qui offrent les limites de d\u00e9p\u00f4t minimum les plus basses.<\/p>\n<h2>D\u00c9POSER \u00c0 UN CASINO MOBILE DE T\u00c9L\u00c9PHONE WINDOWS<\/h2>\n<p>Tous les meilleurs casinos de d\u00e9p\u00f4t minimum que nous avons list\u00e9s, ont une version mobile de leur casino disponible. Cela s&#8217;\u00e9tend aussi aux tablettes. Vous \u00eates en mesure de faire des d\u00e9p\u00f4ts \u00e0 ces casinos \u00e0 partir de $1.00, ou \u20ac1.00. Les autres exigent des minimums de \u20ac5.00 ou \u20ac10.00. Vous pouvez faire le d\u00e9p\u00f4t minimum par des m\u00e9thodes bancaires comme Paysafecard qui est un bon pr\u00e9pay\u00e9 ou de nombreux portefeuilles \u00e9lectroniques comme Neteller permettra \u00e9galement des montants minimums tr\u00e8s bas.<\/p>\n<h2>FOIRE AUX QUESTIONS<\/h2>\n<h3>COMMENT PUIS-JE JOUER AUX JEUX ET APPLICATIONS CASINO \u00c0 PARTIR DE MON T\u00c9L\u00c9PHONE WINDOWS?<\/h3>\n<p>Les joueurs de casino en ligne peuvent jouer \u00e0 des jeux de casino en argent r\u00e9el \u00e0 partir de leurs t\u00e9l\u00e9phones mobiles Windows, peu importe o\u00f9 ils sont. Nous vous recommandons soit de t\u00e9l\u00e9charger une application de casino pour t\u00e9l\u00e9phone intelligent Microsoft ou de jouer directement \u00e0 partir de votre navigateur. Tout ce que vous devez faire est de cr\u00e9er un compte avec votre casino en ligne pr\u00e9f\u00e9r\u00e9, choisir un jeu, faire un d\u00e9p\u00f4t et commencer \u00e0 jouer.<\/p>\n<p>Tous les casinos mobiles Windows Phone b\u00e9n\u00e9ficient d&#8217;un support bancaire complet. Cela signifie que vous pouvez d\u00e9poser et retirer de l&#8217;argent r\u00e9el facilement et en toute s\u00e9curit\u00e9 depuis votre t\u00e9l\u00e9phone intelligent. Ces sites de jeu r\u00e9put\u00e9s utilisent un cryptage logiciel qui s\u00e9curise vos donn\u00e9es personnelles.<\/p>\n<h2>QUELS TYPES DE JEUX DE CASINO SONT DISPONIBLES SUR MON T\u00c9L\u00c9PHONE WINDOWS?<\/h2>\n<p>Vous avez les meilleurs jeux disponibles sur votre casino mobile de t\u00e9l\u00e9phone intelligent Microsoft qui offre une grande vari\u00e9t\u00e9 de jeux de casino en argent r\u00e9el. Les jeux populaires \u00e9tant la Roulette, le vid\u00e9o poker, les cartes \u00e0 gratter, les machines \u00e0 sous et le blackjack.<\/p>\n<p>Que vous choisissiez des machines \u00e0 sous ou un jeu de vid\u00e9o poker en argent r\u00e9el ou une application pour jouer, vous avez la garantie que les sites de casino en ligne Microsoft Phone que nous avons choisis fonctionneront impeccablement. Ce sont vraiment les meilleurs casinos mobiles disponibles pour les t\u00e9l\u00e9phones Windows.<\/p>\n<h3>LES T\u00c9L\u00c9PHONES WINDOWS SONT-ILS BON POUR JOUER AUX JEUX DE CASINO DE D\u00c9P\u00d4T MINIMUM?<\/h3>\n<p>Les appareils mobiles Windows sont parmi les mod\u00e8les les plus r\u00e9cents sur le march\u00e9 de t\u00e9l\u00e9phone intelligent aujourd&#8217;hui. Donc, ils fournissent de nombreuses fonctionnalit\u00e9s les plus r\u00e9centes et mises \u00e0 jour offertes des casinos mobiles. Vous \u00eates en mesure de faire parmi les d\u00e9p\u00f4ts minimums les plus bas en utilisant de nombreuses m\u00e9thodes bancaires support\u00e9es par les diff\u00e9rents casinos en ligne. Vous pouvez \u00e9galement d\u00e9couvrir des graphismes \u00e9poustouflants sur un grand \u00e9cran lisse, parfait pour jouer \u00e0 des jeux de casinos. La tablette Windows vous offre les m\u00eames avantages, mais sur un \u00e9cran plus grand, vous offrant une exp\u00e9rience encore plus r\u00e9elle. Vous pourriez ne pas toujours avoir la m\u00eame s\u00e9lection de jeu que sur d&#8217;autres casinos mobiles compatibles avec Android ou iOS.<\/p>\n<h3>LEQUEL EST LE MIEUX? LA VERSION NAVIGATEUR OU APP?<\/h3>\n<p>Ceci est bas\u00e9 sur vos pr\u00e9f\u00e9rences personnelles et sur la m\u00e9thode \u00e0 laquelle vous \u00eates habitu\u00e9. Cependant, c&#8217;est une bonne indication que vous pouvez faire confiance \u00e0 une application de casino disponible directement depuis le Windows Store. En outre, jouer \u00e0 partir de votre application de casino mobile sera plus rapide et plus facile pour vous \u00e0 long terme. Et, vous aurez votre jeu pr\u00e9f\u00e9r\u00e9 \u00e0 port\u00e9e de main en quelques secondes.<\/p>\n<h3>EST-CE QUE J&#8217;AI TOUJOURS UN BONUS DE BIENVENUE?<\/h3>\n<p>Lorsque vous vous inscrivez pour la premi\u00e8re fois sur votre t\u00e9l\u00e9phone Windows, vous recevrez un bonus de bienvenue incroyable. Ces bonus sont g\u00e9n\u00e9ralement tr\u00e8s g\u00e9n\u00e9reux et sont attribu\u00e9s lors de votre premier d\u00e9p\u00f4t. Certains casinos en ligne peuvent vous offrir des tours gratuits ou de l&#8217;argent gratuit. Nous avons s\u00e9lectionn\u00e9 des casinos qui offrent les meilleurs bonus de bienvenue, alors n&#8217;h\u00e9sitez plus et choisissez-les!<\/p>\n<h3>DOIS-JE FAIRE UN D\u00c9P\u00d4T POUR JOUER?<\/h3>\n<p>Si vous souhaitez essayer un casino sans d\u00e9p\u00f4t d&#8217;argent, de nombreux casinos Windows vous offrent la possibilit\u00e9 de jouer gratuitement. Cela vous donne une chance d&#8217;avoir une id\u00e9e des jeux et de l&#8217;environnement du casino en ligne.<\/p>\n<p>Nous recommandons les meilleurs casinos mobiles \u00e0 d\u00e9p\u00f4t minimum sur les t\u00e9l\u00e9phones Windows o\u00f9 vous pouvez effectuer des d\u00e9p\u00f4ts \u00e0 partir de \u20ac1.00<\/p>\n","protected":false},"excerpt":{"rendered":"<p>Casinos en ligne Windows Si vous avez un t\u00e9l\u00e9phone Windows, vous pouvez jouer aux machines \u00e0 sous, au blackjack pour de l&#8217;argent r\u00e9el dans les casinos de d\u00e9p\u00f4t minimum, n&#8217;importe quand, n&#8217;importe o\u00f9. Jouer sur le pouce est devenu si populaire que de plus en plus d&#8217;op\u00e9rateurs de casino ajoutent des applications \u00e0 leur logiciel [&hellip;]<\/p>\n","protected":false},"author":1,"featured_media":41,"parent":39,"menu_order":0,"comment_status":"closed","ping_status":"closed","template":"","meta":{"_acf_changed":false,"footnotes":""},"class_list":["post-51","page","type-page","status-publish","has-post-thumbnail","hentry"],"acf":[],"_links":{"self":[{"href":"https:\/\/www.minimumdepositcasinos.org\/fr\/wp-json\/wp\/v2\/pages\/51","targetHints":{"allow":["GET"]}}],"collection":[{"href":"https:\/\/www.minimumdepositcasinos.org\/fr\/wp-json\/wp\/v2\/pages"}],"about":[{"href":"https:\/\/www.minimumdepositcasinos.org\/fr\/wp-json\/wp\/v2\/types\/page"}],"author":[{"embeddable":true,"href":"https:\/\/www.minimumdepositcasinos.org\/fr\/wp-json\/wp\/v2\/users\/1"}],"replies":[{"embeddable":true,"href":"https:\/\/www.minimumdepositcasinos.org\/fr\/wp-json\/wp\/v2\/comments?post=51"}],"version-history":[{"count":2,"href":"https:\/\/www.minimumdepositcasinos.org\/fr\/wp-json\/wp\/v2\/pages\/51\/revisions"}],"predecessor-version":[{"id":2706,"href":"https:\/\/www.minimumdepositcasinos.org\/fr\/wp-json\/wp\/v2\/pages\/51\/revisions\/2706"}],"up":[{"embeddable":true,"href":"https:\/\/www.minimumdepositcasinos.org\/fr\/wp-json\/wp\/v2\/pages\/39"}],"wp:featuredmedia":[{"embeddable":true,"href":"https:\/\/www.minimumdepositcasinos.org\/fr\/wp-json\/wp\/v2\/media\/41"}],"wp:attachment":[{"href":"https:\/\/www.minimumdepositcasinos.org\/fr\/wp-json\/wp\/v2\/media?parent=51"}],"curies":[{"name":"wp","href":"https:\/\/api.w.org\/{rel}","templated":true}]}}