{"id":522,"date":"2019-05-14T15:44:32","date_gmt":"2019-05-14T15:44:32","guid":{"rendered":"https:\/\/www.minimumdepositcasinos.org\/fr\/?page_id=522"},"modified":"2019-10-30T09:22:20","modified_gmt":"2019-10-30T09:22:20","slug":"chelsea-palace","status":"publish","type":"page","link":"https:\/\/www.minimumdepositcasinos.org\/fr\/revue-de-casino\/chelsea-palace\/","title":{"rendered":"Chelsea Palace"},"content":{"rendered":"<h2>R\u00e9partition de l\u2019aper\u00e7u<\/h2>\n<p>Chelsea Palace est exploit\u00e9 par Nektan Limited, vous savez donc que de bonnes choses vous attendent avec ce casino. Au fil des ans, il a d\u00e9velopp\u00e9 un talent incessant pour attirer les joueurs avec des bonus et une s\u00e9lection de jeux impressionnants. Ce site est id\u00e9al pour les nouveaux joueurs et les joueurs de casino bien \u00e9tablis gr\u00e2ce \u00e0 la vari\u00e9t\u00e9 d\u00e9cente de jeux. Chelsea Palace est destin\u00e9 \u00e0 un public adulte uniquement et les joueurs doivent \u00eatre \u00e2g\u00e9s de 18 ans et plus.<\/p>\n<p>Chelsea Palace est un <a href=\"https:\/\/www.minimumdepositcasinos.org\/fr\/10e-de-depot-minimum\/\">casino \u00e0 d\u00e9p\u00f4t minimum de 10 $!<\/a><\/p>\n<h3>Bonus et Promotions<\/h3>\n<p>En particulier, le bonus de bienvenue du casino est ce qui attire le regard des joueurs.C&#8217;est ce qui attire le joueur et lui fait d\u00e9cider de s&#8217;inscrire ou non sur ce casino en ligne plut\u00f4t que sur un autre.<br \/>\nLe bonus de bienvenue de casino \u00e0 Chelsea Palace est aussi rentable que s&#8217;attendre. Lancez l&#8217;exp\u00e9rience en d\u00e9posant 10 \u20ac (ou l&#8217;\u00e9quivalent dans votre devise). Une fois ce montant d\u00e9pos\u00e9, vous recevez un bonus de bienvenue pouvant atteindre 850 $ avec 50 tours gratuits. Cela signifie que vous pouvez prolonger le jeu et potentiellement profiter d\u2019une exp\u00e9rience plus lucrative.<\/p>\n<h3>Jeux<\/h3>\n<p>Les jeux sont l&#8217;un des \u00e9l\u00e9ments les plus importants d&#8217;un casino en ligne. Si un casino n&#8217;offre pas une gamme impressionnante de jeux de casino en ligne, il ne figurera pas dans notre guide de comparaison. Comme tout bon casino, Chelsea Palace est soutenu par de grandes marques telles que; Microgaming, NextGen, NetEnt et autres.La solide collection de d\u00e9veloppeurs de jeux d\u00e9terminera les jeux de casino fournis.Il est important que les jeux de casino soient fournis comme pour les machines \u00e0 sous en ligne, jeux de table, jeux de casino en direct et d&#8217;autres, comme des jackpots progressifs. Comme tout casino progressif, il propose une solide collection de jeux de casino en direct, tels que la roulette fran\u00e7aise, la roulette am\u00e9ricaine et le Texas Hold\u2019em.<\/p>\n<h3>Options de paiement<\/h3>\n<p>Les options de paiement sont une partie vitale de toute exp\u00e9rience de casino en ligne car, sans elles, vous ne pourrez pas jouer simplement.<br \/>\nLe casino propose quatre canaux distincts: portefeuille \u00e9lectronique, carte de d\u00e9bit ou de cr\u00e9dit, ou virement bancaire. Ces canaux vous offrent une grande vari\u00e9t\u00e9 de choix en mati\u00e8re de retraits et de d\u00e9p\u00f4ts. En une journ\u00e9e, il y a un retrait minimum de 20 \u00a3 et sur l&#8217;autre spectre, un maximum de 2 000 \u00a3. Le d\u00e9lai de d\u00e9p\u00f4t et de retrait d\u00e9pend de la m\u00e9thode que vous choisissez d\u2019utiliser.<\/p>\n<h3>Service client<\/h3>\n<p>Le soutien du joueur est pris en charge au Chelsea Palais sous la forme d&#8217;un t\u00e9l\u00e9phone ou chat en direct sur Internet et accessible entre les heures de 08,00 \u00e0 00,00 GMT. Id\u00e9alement, les repr\u00e9sentants s&#8217;efforceront de vous revenir avec une solution dans les 24 heures ou moins.<br \/>\nNous vous recommandons de consulter de pr\u00e8s la section FAQ avant de contacter l\u2019\u00e9quipe, car elle vous aidera certainement. Cette section de la FAQ ne manquera pas d\u2019\u00eatre un interm\u00e9diaire gr\u00e2ce \u00e0 ses r\u00e9ponses efficaces et compl\u00e8tes.<\/p>\n<h3>S\u00e9curit\u00e9 et impartialit\u00e9<\/h3>\n<p>La s\u00e9curit\u00e9 du joueur \u00e0 l\u2019int\u00e9rieur de ces murs virtuels est un \u00e9l\u00e9ment essentiel de l\u2019exp\u00e9rience. Pour d\u00e9terminer si un casino en ligne est ou non une destination souhaitable, nous v\u00e9rifions les licences et \/ ou l&#8217;approbation de l&#8217;autorit\u00e9.<br \/>\nLe Chelsea Palace est certifi\u00e9 par la Commission du jeu britannique, le RNG de Malte, le RNG du Royaume-Uni et le RNG de Gibraltar. Le Chelsea Palace a \u00e9galement mis en place un processus d&#8217;assistance aux joueurs ayant besoin d&#8217;une p\u00e9riode de r\u00e9flexion ou s&#8217;excluant eux-m\u00eames pendant un certain temps.<br \/>\nSi vous souhaitez savoir combien d\u2019autorit\u00e9s ou d\u2019organes se trouvant derri\u00e8re le Chelsea Palace, consultez le pied de page du casino!<\/p>\n<h3>Conclusion<\/h3>\n<p>Jusqu&#8217;\u00e0 pr\u00e9sent, nous sommes de grands fans du Chelsea Palace.Il est de garantir aux joueurs une biblioth\u00e8que super large de jeux \u00e0 choisir, ainsi que l&#8217;extension d&#8217;un accueil chaleureux sous la forme d&#8217;un bonus de bienvenue extravagants.<\/p>\n<p>Nous sommes en outre impressionn\u00e9s par la solide unit\u00e9 de support client et par les nombreuses licences dont ce casino est propri\u00e9taire.<\/p>\n","protected":false},"excerpt":{"rendered":"<p>R\u00e9partition de l\u2019aper\u00e7u Chelsea Palace est exploit\u00e9 par Nektan Limited, vous savez donc que de bonnes choses vous attendent avec ce casino. Au fil des ans, il a d\u00e9velopp\u00e9 un talent incessant pour attirer les joueurs avec des bonus et une s\u00e9lection de jeux impressionnants. Ce site est id\u00e9al pour les nouveaux joueurs et les [&hellip;]<\/p>\n","protected":false},"author":8,"featured_media":525,"parent":16,"menu_order":0,"comment_status":"closed","ping_status":"closed","template":"page_review_card.php","meta":{"_acf_changed":false,"footnotes":""},"class_list":["post-522","page","type-page","status-publish","has-post-thumbnail","hentry"],"acf":[],"_links":{"self":[{"href":"https:\/\/www.minimumdepositcasinos.org\/fr\/wp-json\/wp\/v2\/pages\/522","targetHints":{"allow":["GET"]}}],"collection":[{"href":"https:\/\/www.minimumdepositcasinos.org\/fr\/wp-json\/wp\/v2\/pages"}],"about":[{"href":"https:\/\/www.minimumdepositcasinos.org\/fr\/wp-json\/wp\/v2\/types\/page"}],"author":[{"embeddable":true,"href":"https:\/\/www.minimumdepositcasinos.org\/fr\/wp-json\/wp\/v2\/users\/8"}],"replies":[{"embeddable":true,"href":"https:\/\/www.minimumdepositcasinos.org\/fr\/wp-json\/wp\/v2\/comments?post=522"}],"version-history":[{"count":9,"href":"https:\/\/www.minimumdepositcasinos.org\/fr\/wp-json\/wp\/v2\/pages\/522\/revisions"}],"predecessor-version":[{"id":2789,"href":"https:\/\/www.minimumdepositcasinos.org\/fr\/wp-json\/wp\/v2\/pages\/522\/revisions\/2789"}],"up":[{"embeddable":true,"href":"https:\/\/www.minimumdepositcasinos.org\/fr\/wp-json\/wp\/v2\/pages\/16"}],"wp:featuredmedia":[{"embeddable":true,"href":"https:\/\/www.minimumdepositcasinos.org\/fr\/wp-json\/wp\/v2\/media\/525"}],"wp:attachment":[{"href":"https:\/\/www.minimumdepositcasinos.org\/fr\/wp-json\/wp\/v2\/media?parent=522"}],"curies":[{"name":"wp","href":"https:\/\/api.w.org\/{rel}","templated":true}]}}