{"id":548,"date":"2019-05-15T08:38:09","date_gmt":"2019-05-15T08:38:09","guid":{"rendered":"https:\/\/www.minimumdepositcasinos.org\/fr\/?page_id=548"},"modified":"2021-01-29T12:39:27","modified_gmt":"2021-01-29T12:39:27","slug":"slotty-vegas","status":"publish","type":"page","link":"https:\/\/www.minimumdepositcasinos.org\/fr\/revue-de-casino\/slotty-vegas\/","title":{"rendered":"Slotty Vegas"},"content":{"rendered":"<h2>\u202fCritique du Casino Slotty Vegas<\/h2>\n<p>Slotty Vegas Casino en ligne est d\u00e9tenu et exploit\u00e9 par NRR Entertainment Ltd. Le Casino a ouvert ses portes virtuelles en septembre 2014 et depuis, a grandi pour devenir un avant-coureur dans l\u2019industrie du casino en ligne. Le th\u00e8me du Casino est tout au sujet de la Razzle et \u00e9blouir de la capitale du Casino du monde, Las Vegas, et ce casino vous emm\u00e8ne avec succ\u00e8s sur un tour complet avec des richesses spectaculaires d\u00e8s le get-go. Le th\u00e8me explique la vivacit\u00e9 lorsque vous vous connectez et sont fascin\u00e9s par la multitude de jeux incroyables et de graphismes sensationnels. Le meilleur de tous, vous pouvez mettre la main sur un bonus de d\u00e9p\u00f4t pouvant atteindre 350 \u20ac \/ \u20ac et 135 tours gratuits lorsque vous vous inscrivez.<\/p>\n<p>Regardons ce que Slotty Vegas a \u00e0 vous offrir pour vos aventures de jeu.<\/p>\n<h3>Bonus et promotions<\/h3>\n<p>Compte tenu du th\u00e8me, il est \u00e9vident que Slotty Casino pr\u00e9sente un amusement, Casino color\u00e9 avec une interface facile \u00e0 utiliser et beaucoup de fonctionnalit\u00e9s amusantes. L\u2019une des meilleures parties, cependant, a obtenu d\u2019\u00eatre le bonus de bienvenue casinos et promotions en cours qui sont s\u00fbrs de vous garder revenir temps apr\u00e8s temps pour l\u2019excitation de jeu.<\/p>\n<h3>Bonus de bienvenue<\/h3>\n<p>L&#8217;une des premi\u00e8res choses qui vous attire dans le casino en ligne Slotty Vegas doit \u00eatre le bonus de bienvenue.En fait, c\u2019est juste le bon montant pour vous faire d\u00e9marrer \u00e0 ce casino.<\/p>\n<p>Inscrivez-vous et vous pourrez gagner jusqu&#8217;\u00e0 350 $ \/ \u20ac avec 135 tours gratuits pour jouer sur la machine \u00e0 sous exceptionnelle, Book of Dead.Voici comment se d\u00e9compose le bonus:<\/p>\n<ul>\n<li><strong>Obtenez 100% de bonus de match sur votre premier d\u00e9p\u00f4t jusqu\u2019\u00e0 $\/\u20ac100 et 25 tours gratuits<\/strong><\/li>\n<li><strong>Obtenez 100% de bonus de match sur votre deuxi\u00e8me d\u00e9p\u00f4t jusqu\u2019\u00e0 $\/\u20ac50 et 25 tours gratuits<\/strong><\/li>\n<li><strong>Obtenez un 50% de bonus de match sur votre troisi\u00e8me d\u00e9p\u00f4t jusqu\u2019\u00e0 $\/\u20ac100 et 35 tours gratuits<\/strong><\/li>\n<li><strong>Obtenez 200% de bonus de match sur votre quatri\u00e8me d\u00e9p\u00f4t jusqu\u2019\u00e0 $\/\u20ac100 et 50 tours gratuits<\/strong><\/li>\n<\/ul>\n<h3>Autres promotions<\/h3>\n<p>Ce qui distingue vraiment ce casino des autres plateformes est la fonctionnalit\u00e9 Slotty Vegas Supercharged. La fonctionnalit\u00e9 ajoute des fonds \u00e0 chaque victoire, illimit\u00e9e! Essentiellement, les gains que vous recevez de Supercharged fonction sont des bonus avec des exigences de pari z\u00e9ro que vous pouvez retirer jusqu\u2019\u00e0 2 jours apr\u00e8s avoir gagn\u00e9. Pour utiliser. cette fonctionnalit\u00e9, vous devez jouer avec votre propre argent, et vous can gagner jusqu\u2019\u00e0 $\/\u20ac100 par jour ou $\/\u20ac5 par tour.<\/p>\n<p>Il convient de noter que si vous choisissez de banque par Skrill, Neteller ou EcoPayz, vous ne serez pas \u00e9ligible pour certains bonus \u00e0 Slotty Vegas Casino. En revanche, la plupart des jeux de ce casino prennent en charge la fonctionnalit\u00e9 Supercharged et vous les trouverez, litt\u00e9ralement, r\u00e9pertori\u00e9 sous l\u2019autocollant Supercharged en haut du site. Des jeux comme Starburst et Tarzan prennent en charge cette fonctionnalit\u00e9, ainsi qu&#8217;une longue liste de machines \u00e0 sous populaires.<\/p>\n<p>Le casino organise \u00e9galement des tournois de d\u00e9p\u00f4t r\u00e9guliers qui impliquent un rythme rapide, assorti aux super-habiles.<\/p>\n<p>De plus, d\u00e8s que vous vous inscrivez avec Slotty Vegas, vous faites automatiquement partie de la course mensuelle pour vous rendre au Hall of Champions,o\u00f9 vous vous trouvez pour gagner des bonus allant jusqu\u2019\u00e0 500 $ \/ \u20ac.<\/p>\n<h3>Conditions de jeu<\/h3>\n<p>Pour recevoir votre bonus, vous devez miser vos fonds de bonus 40 fois. Les bonus et les gains chez Slotty Vegas expirent apr\u00e8s une semaine si vous ne respectez pas les crit\u00e8res de mise. N&#8217;oubliez pas que les diff\u00e9rents jeux ont des poids de mise diff\u00e9rents, les machines \u00e0 sous comptant \u00e0 100% pour les conditions de jeu.<\/p>\n<h3>Comment commencer \u00e0 jouer<\/h3>\n<p>Le casino en ligne Slotty Vegas propose une structure claire que vous comprendrez rapidement. Avec plus de 1000 jeux, il y en a pour tous les types de joueurs.<\/p>\n<p>L&#8217;inscription \u00e0 ce casino en ligne est pratique et facile. Vous pouvez vous inscrire \u00e0 travers les m\u00e9dias sociaux, comme Facebook, ou directement sur le site Slotty Vegas. Vous pouvez m\u00eame inviter des amis \u00e0 jouer, puis synchroniser des comptes.<\/p>\n<p>Pour vous inscrire:<\/p>\n<ul>\n<li><strong>Entrez les d\u00e9tails d&#8217;inscription requis<\/strong><\/li>\n<li><strong>Cliquez sur Accepter<\/strong><\/li>\n<li><strong>Choisissez votre mode de paiement pr\u00e9f\u00e9r\u00e9 et faites votre premier d\u00e9p\u00f4t<\/strong><\/li>\n<li><strong>Votre bonus de bienvenue sera cr\u00e9dit\u00e9 sur votre nouveau compte joueur<\/strong><\/li>\n<\/ul>\n<h3>Paiements<\/h3>\n<p>Il est standard pour un casino ne vaut son sel pour fournir beaucoup de m\u00e9thodes bancaires afin que vous puissiez choisir le meilleur pour vous. Ainsi, vous n&#8217;avez pas besoin d&#8217;ouvrir un nouveau compte bancaire pour commencer. Le casino en ligne Slotty Vegas utilise des m\u00e9thodes de paiement de premier ordre, s\u00fbres et s\u00e9curis\u00e9es pour garantir des processus de d\u00e9p\u00f4t et de retrait rapides et facile.<\/p>\n<h3>M\u00e9thodes de d\u00e9p\u00f4t<\/h3>\n<p>Ajouter des fonds sur votre compte de joueur Slotty Vegas est simple, et vous avez le choix entre plusieurs m\u00e9thodes. Vous trouverez des m\u00e9thodes de cartes r\u00e9guli\u00e8res comme Mastercard et Visa ici, avec beaucoup de choix porte-monnaie \u00e9lectronique, comme Neteller et Moneybookers. Il existe de nombreuses autres options, notamment:<\/p>\n<ul>\n<li><strong>Paysafecard<\/strong><\/li>\n<li><strong>ecoPayz<\/strong><\/li>\n<li><strong>Webmoney<\/strong><\/li>\n<li><strong>Zimpler<\/strong><\/li>\n<li><strong>Visa Electron<\/strong><\/li>\n<li><strong>AstroPay Direct<\/strong><\/li>\n<li><strong>Yandex Money<\/strong><\/li>\n<li><strong>Euteller<\/strong><\/li>\n<li><strong>Mister Cash<\/strong><\/li>\n<li><strong>EnterCash<\/strong><\/li>\n<li><strong>GiroPay<\/strong><\/li>\n<li><strong>Trustly<\/strong><\/li>\n<li><strong>WebMoney<\/strong><\/li>\n<li><strong>iDeal<\/strong><\/li>\n<li><strong>QIWI<\/strong><\/li>\n<\/ul>\n<h3>D\u00e9p\u00f4ts minimum et maximum<\/h3>\n<p>Pour d\u00e9clencher votre bonus de bienvenue chez Slotty Vegas, il vous suffit de faire un d\u00e9p\u00f4t minimum de 10 \u20ac \/ $, montant \u00e9quivalent \u00e0 ce d\u00e9p\u00f4t minimum standard des casinos.<\/p>\n<p>Le limite de retrait mensuel maximal est un g\u00e9n\u00e9reux $ \/ 25 000 \u20ac.<\/p>\n<h3>M\u00e9thodes de retrait et heure<\/h3>\n<p>Slotty Vegas a une gamme de m\u00e9thodes de paiement tellement d\u00e9cente que vous pouvez utiliser pour d\u00e9poser et retirer vos gains. Vous pouvez retirer vos fonds en utilisant:<\/p>\n<ul>\n<li><strong>Visa Debit<\/strong><\/li>\n<li><strong>EcoPayz<\/strong><\/li>\n<li><strong>WebMoney<\/strong><\/li>\n<li><strong>Entercash<\/strong><\/li>\n<li><strong>Visa<\/strong><\/li>\n<li><strong>Maestro<\/strong><\/li>\n<li><strong>Trustly<\/strong><\/li>\n<li><strong>Mastercard<\/strong><\/li>\n<li><strong>Skrill<\/strong><\/li>\n<li><strong>Neteller<\/strong><\/li>\n<li><strong>Neosurf<\/strong><\/li>\n<li><strong>Skrill<\/strong><\/li>\n<li><strong>QIWI<\/strong><\/li>\n<\/ul>\n<p>Le d\u00e9p\u00f4t et le retrait de fonds sont rapides et faciles. La v\u00e9rification de votre compte prend environ 24 heures, mais g\u00e9n\u00e9ralement moins. Cela signifie que vos fonds seront dans votre compte en un rien de temps!<\/p>\n<h3>Jeux<\/h3>\n<p>Slotty Vegas a une ligne de quelques-uns des meilleurs d\u00e9veloppeurs de logiciels,et cela signifie que le jeu sensationnel pour vous. Dans ce casino, vous trouverez des jeux d\u2019une pl\u00e9thore de g\u00e9ants du jeu, notamment NetEnt, Play\u2019nGO, Microgaming, IGT, le groupe NYX Gaming, SG Gaming et bien d\u2019autres. Le casino compte d\u00e9j\u00e0 plus de 1 000 titres et d\u2019autres sont ajout\u00e9s r\u00e9guli\u00e8rement.<\/p>\n<h3>Machines \u00e0 sous<\/h3>\n<p>Comme son nom l&#8217;indique, Slotty Vegas est la Vegas en ligne de machines \u00e0 sous de grands fabricants, Microgaming et NetEnt. Il existe \u00e9galement une liste de fournisseurs de logiciels plus petits, ce qui vous permet vous profitez d&#8217;une vaste s\u00e9lection des meilleures machines \u00e0 sous en ligne.<\/p>\n<p>Les titres populaires de ce casino incluent:<\/p>\n<ul>\n<li><strong>Fruit Spin<\/strong><\/li>\n<li><strong>Twin Spin Deluxe<\/strong><\/li>\n<li><strong>Diamants D\u00e9co<\/strong><\/li>\n<li><strong>Quest gonzo<\/strong><\/li>\n<li><strong>jungle Spirit<\/strong><\/li>\n<li><strong>Highlander<\/strong><\/li>\n<li><strong>Immortal Romance et beaucoup d&#8217;autres<\/strong><\/li>\n<\/ul>\n<p>Le casino dispose d&#8217;une fonctionnalit\u00e9 pratique sous la forme de notes de volatilit\u00e9 pour chaque jeu. Cela vous aide \u00e0 choisir un jeu en fonction de votre style de jeu et de votre aversion pour le risque.<\/p>\n<h3>Jeux de table<\/h3>\n<p>Le casino en ligne Slotty Vegas propose 26 jeux de table, dont le poker, la roulette, le chien rouge, le black jack, le Ici, vous pouvez interagir avec de vrais croupiers et joueurs en temps r\u00e9el tout en jouant vos favoris, et compris le poker, le roulette, blackjack et baccarat, punto banco, le baccarat, le ponton et de nombreuses variantes. Les jeux sont divis\u00e9s en deux sections: Classiques et Autres.<\/p>\n<h3>Jeu Live Dealers<\/h3>\n<p>Si vous avez envie d\u2019une exp\u00e9rience de croupier en direct sans les tracas de quitter la maison, vous allez adorer la section de croupier en direct de Slotty Vegas .<\/p>\n<h3>Mobile et Apps<\/h3>\n<p>Tous les jeux de casino incroyables sur Slotty Vegas Online Casino sont enti\u00e8rement compatibles avec les appareils mobiles. Vous aurez la chance de profiter du m\u00eame niveau de g\u00e9nialit\u00e9 graphique comme vous le feriez sur votre appareil de bureau.Cela signifie que vous pouvez jouer \u00e0 tout moment, peu importe o\u00f9 vous vous trouvez. Les jeux de ce casino sont pris en charge par les appareils Android et iOS, avec tous les logiciels enti\u00e8rement optimis\u00e9s pour garantir un jeu fluide, quelle que soit votre tablette ou votre smartphone.<\/p>\n<p>Il n\u2019est pas n\u00e9cessaire de t\u00e9l\u00e9charger une application native pour ce casino, vous pouvez jouer directement via le navigateur de votre appareil mobile. Vous pouvez m\u00eame jouer dans la section live dealer en temps r\u00e9el, dans la paume de votre main.<\/p>\n<h3>S\u00e9curit\u00e9 et licence<\/h3>\n<p>Le casino en ligne Slotty Vegas d\u00e9tient des licences aupr\u00e8s de deux organismes de r\u00e9glementation tr\u00e8s r\u00e9put\u00e9s; la Malta Gaming Authority et la UK Gambling Commission. Cela signifie que vous ne trouverez jamais ce casino en ligne violation vie priv\u00e9e ou d\u00e9viant du jeu raisonnable et \u00e9quitable.Le casino respecte les r\u00e8gles strictes en mati\u00e8re de confidentialit\u00e9 de vos informations personnelles et bancaires et continue de maintenir des pratiques de jeu \u00e9quitables.<\/p>\n<p>En ce qui concerne les paiements, vous pouvez \u00eatre assur\u00e9 que ce casino utilise uniquement les m\u00e9thodes bancaires les plus s\u00fbres et les plus s\u00e9curis\u00e9es. Slotty Vegas offre une multitude de choix, chacun offrant la tranquillit\u00e9 d&#8217;esprit totale que vos fonds sont toujours en s\u00e9curit\u00e9.<\/p>\n<h3>Service client<\/h3>\n<p>Le casino en ligne Slotty Vegas dispose d&#8217;une \u00e9quipe d&#8217;assistance client\u00e8le disponible \u00e0 tout moment. Eh bien, pas tout \u00e0 fait \u00e0 chaque fois, mais vous pouvez passer par dessus un email ou utiliser la fonction de chat en direct entre 9h et 1h. Une assistance est \u00e9galement disponible via les comptes Facebook et Twitter du site.<\/p>\n<p>Nous avons constat\u00e9 que le temps de r\u00e9ponse \u00e9tait un peu plus lent via les comptes de m\u00e9dias sociaux. Par cons\u00e9quent, en cas de probl\u00e8me, il est probablement pr\u00e9f\u00e9rable de choisir l&#8217;option de chat en direct pendant les heures d&#8217;ouverture. L&#8217;\u00e9quipe est \u00e0 l&#8217;\u00e9coute, comp\u00e9tente et pr\u00eate \u00e0 aider.<\/p>\n<h3>Notre verdict<\/h3>\n<p>Le casino en ligne Slotty Vegas est la plate-forme id\u00e9ale pour les joueurs \u00e0 la recherche d&#8217;une interface sans encombrement avec des tonnes des derniers jeux et des meilleurs jeux. Slotty Vegas d\u00e9marre les choses avec un bonus de bienvenue tr\u00e8s g\u00e9n\u00e9reux ainsi que ces 135 tours gratuits pour Book of Dead. Il y a aussi la fonctionnalit\u00e9 super attrayante Supercharged et les promotions en cours pour vous garder enthousiasm\u00e9 et continuer \u00e0 jouer.<\/p>\n<p>Si vous avez toujours r\u00eav\u00e9 de vous envoler pour Las Vegas pour un pur chaos de casino, Slotty Vegas vous permet d\u2019abandonner le billet d&#8217;avion, gardez votre pyjama et jouez quand vous le voulez, o\u00f9 que vous soyez, gr\u00e2ce \u00e0 la compatibilit\u00e9 mobile de tous les jeux de ce casino.<\/p>\n<p>Si vous avez une question ou un probl\u00e8me \u00e0 un moment ou \u00e0 un autre, le meilleur moyen de contacter l&#8217;\u00e9quipe de support client est de le faire par chat ou par courrier \u00e9lectronique.<\/p>\n<p>Dans l&#8217;ensemble, c&#8217;est un casino legit avec des bonus legit vous ne voulez pas manquer!<\/p>\n","protected":false},"excerpt":{"rendered":"<p>\u202fCritique du Casino Slotty Vegas Slotty Vegas Casino en ligne est d\u00e9tenu et exploit\u00e9 par NRR Entertainment Ltd. Le Casino a ouvert ses portes virtuelles en septembre 2014 et depuis, a grandi pour devenir un avant-coureur dans l\u2019industrie du casino en ligne. Le th\u00e8me du Casino est tout au sujet de la Razzle et \u00e9blouir [&hellip;]<\/p>\n","protected":false},"author":8,"featured_media":549,"parent":16,"menu_order":0,"comment_status":"closed","ping_status":"closed","template":"page_review.php","meta":{"_acf_changed":false,"footnotes":""},"class_list":["post-548","page","type-page","status-publish","has-post-thumbnail","hentry"],"acf":[],"_links":{"self":[{"href":"https:\/\/www.minimumdepositcasinos.org\/fr\/wp-json\/wp\/v2\/pages\/548","targetHints":{"allow":["GET"]}}],"collection":[{"href":"https:\/\/www.minimumdepositcasinos.org\/fr\/wp-json\/wp\/v2\/pages"}],"about":[{"href":"https:\/\/www.minimumdepositcasinos.org\/fr\/wp-json\/wp\/v2\/types\/page"}],"author":[{"embeddable":true,"href":"https:\/\/www.minimumdepositcasinos.org\/fr\/wp-json\/wp\/v2\/users\/8"}],"replies":[{"embeddable":true,"href":"https:\/\/www.minimumdepositcasinos.org\/fr\/wp-json\/wp\/v2\/comments?post=548"}],"version-history":[{"count":12,"href":"https:\/\/www.minimumdepositcasinos.org\/fr\/wp-json\/wp\/v2\/pages\/548\/revisions"}],"predecessor-version":[{"id":4937,"href":"https:\/\/www.minimumdepositcasinos.org\/fr\/wp-json\/wp\/v2\/pages\/548\/revisions\/4937"}],"up":[{"embeddable":true,"href":"https:\/\/www.minimumdepositcasinos.org\/fr\/wp-json\/wp\/v2\/pages\/16"}],"wp:featuredmedia":[{"embeddable":true,"href":"https:\/\/www.minimumdepositcasinos.org\/fr\/wp-json\/wp\/v2\/media\/549"}],"wp:attachment":[{"href":"https:\/\/www.minimumdepositcasinos.org\/fr\/wp-json\/wp\/v2\/media?parent=548"}],"curies":[{"name":"wp","href":"https:\/\/api.w.org\/{rel}","templated":true}]}}