{"id":55,"date":"2018-08-22T17:17:31","date_gmt":"2018-08-22T16:17:31","guid":{"rendered":"https:\/\/www.minimumdepositcasinos.org\/fr\/?page_id=55"},"modified":"2022-08-29T17:32:40","modified_gmt":"2022-08-29T17:32:40","slug":"android","status":"publish","type":"page","link":"https:\/\/www.minimumdepositcasinos.org\/fr\/appareils\/android\/","title":{"rendered":"Android"},"content":{"rendered":"<h1>Android<\/h1>\n<p><img loading=\"lazy\" decoding=\"async\" class=\" wp-image-56 alignright\" src=\"\/fr\/wp-content\/uploads\/2018\/08\/Android.jpg\" alt=\"android\" width=\"267\" height=\"167\" srcset=\"https:\/\/www.minimumdepositcasinos.org\/fr\/wp-content\/uploads\/2018\/08\/Android.jpg 640w, https:\/\/www.minimumdepositcasinos.org\/fr\/wp-content\/uploads\/2018\/08\/Android-300x188.jpg 300w\" sizes=\"auto, (max-width: 267px) 100vw, 267px\" \/><br \/>\nLes utilisateurs de t\u00e9l\u00e9phones Android ont tendance \u00e0 \u00eatre des clients fid\u00e8les en raison des mises \u00e0 jour constantes des logiciels et de l&#8217;interface \u00e9l\u00e9gant et sophistiqu\u00e9. Maintenant, il y a encore plus \u00e0 aimer sur le mobile Android car il dispose de mises \u00e0 niveau innovantes et la possibilit\u00e9 de jouer \u00e0 l&#8217;argent r\u00e9el des casinos de D\u00e9p\u00f4t Minimum Android en ligne. Nous ne dirions pas non \u00e0 cette offre d\u00e9licieuse.<\/p>\n<p>Les utilisateurs d&#8217;Android appr\u00e9cient la polyvalence qu&#8217;ils obtiennent d&#8217;un SE Android car vous n&#8217;\u00eates pas limit\u00e9 \u00e0 un seul type de iDevice. Vous \u00eates capable de choisir parmi une multitude de mod\u00e8les de t\u00e9l\u00e9phones intelligents, de formes et de tailles qui fonctionnent sous Android. Que votre mobile soit un mod\u00e8le Samsung, HTC, LG ou autre mod\u00e8le, vous n&#8217;\u00eates pas limit\u00e9 \u00e0 un seul design. C&#8217;est pourquoi nous croyons que vous allez adorer les options Android disponibles pour le jeu en ligne.<\/p>\n<p>Les nouveaux joueurs qui ont appareils populaires comme le Sony Xperia, Samsung Galaxy ou LG G5, peuvent trouver une application de casino Android une t\u00e2che d\u00e9routante. Si vous voulez jouer \u00e0 un casino mobile Android ou t\u00e9l\u00e9charger une application de casino pour gagner de l&#8217;argent r\u00e9el, nous avons tous les d\u00e9tails dont vous avez besoin pour prendre une d\u00e9cision \u00e9clair\u00e9e.<\/p>\n<p>Il y a toujours tellement de nouvelles offres qu&#8217;il n&#8217;y a pas de p\u00e9nurie de casinos mobiles Android \u00e0 choisir. Jetez un oeil sur notre liste de casinos mobiles avec les limites de d\u00e9p\u00f4t minimum les plus basses disponibles pour les utilisateurs d&#8217;Android.<\/p>\n<h2>CASINOS \u00c0 D\u00c9P\u00d4T MINIMUM ANDROID<\/h2>\n<p>Tous les casinos que nous recommandons ont des versions mobiles disponibles qui s&#8217;adaptent en fonction de la taille de votre \u00e9cran. Certains de ces casinos acceptent des d\u00e9p\u00f4ts \u00e0 partir de seulement $1.00. D&#8217;autres auront des d\u00e9p\u00f4ts minimum de $5.00 ou $10.00. Les limites de d\u00e9p\u00f4t plus basses peuvent uniquement s&#8217;appliquer \u00e0 certains processeurs de paiement. Cependant, la majorit\u00e9 des casinos en ligne acceptera des montants de d\u00e9p\u00f4t tr\u00e8s faibles de la part de joueurs utilisant des m\u00e9thodes comme Paysafecard.<\/p>\n<p>La d\u00e9cision r\u00e9cente de Google d&#8217;enlever les applications de casino et de jeu en argent r\u00e9el du Google Play Store a peut-\u00eatre incit\u00e9 de nombreux joueurs de casino Android \u00e0 se tourner vers Apple. Leur politique \u00e0 l&#8217;\u00e9gard des jeux en ligne est beaucoup plus cl\u00e9mente et ils permettent aux applications de jeu dans leur app store. Cependant, il y a encore des moyens de t\u00e9l\u00e9charger des applications de casino en argent r\u00e9el sur Android.<\/p>\n<h2>COMMENT TELECHARGER LES APPLICATIONS DE CASINO ANDROID?<\/h2>\n<p>Une application de casino est un petit programme que vous installez sur votre appareil mobile afin d&#8217;acc\u00e9der aux jeux de casino directement \u00e0 partir de votre tablette ou de votre t\u00e9l\u00e9phone mobile. Avant de vous expliquer le processus, n&#8217;oubliez pas que vous devez ouvrir vos param\u00e8tres de s\u00e9curit\u00e9 pour commencer le processus de t\u00e9l\u00e9chargement. Acc\u00e9dez \u00e0 ceci dans les param\u00e8tres, cliquez sur s\u00e9curit\u00e9, puis sur les sources inconnues. S\u00e9lectionnez &#8220;autoriser&#8221; et &#8220;OK&#8221;. Votre appareil est maintenant ouvert pour t\u00e9l\u00e9charger des applications de tiers en dehors du Google Play Store.<\/p>\n<p>Bien qu&#8217;il existe de nombreuses applications t\u00e9l\u00e9charg\u00e9es sur Google Play qui s&#8217;adressent \u00e0 l&#8217;industrie du jeu en ligne, elles n&#8217;incluent malheureusement pas les jeux en argent r\u00e9el car cela va \u00e0 l&#8217;encontre de la politique de Google. Mais les joueurs en ligne peuvent toujours jouer directement \u00e0 partir de leurs navigateurs ou t\u00e9l\u00e9charger des applications tierces en dehors de Google Play comme mentionn\u00e9 pr\u00e9c\u00e9demment.<\/p>\n<h2>L&#8217;APPLICATION MOBILE CASINO EST-ELLE LA M\u00caME QUE LE CASINO EN LIGNE?<\/h2>\n<p>Les casinos en ligne essaieront de maintenir la m\u00eame exp\u00e9rience utilisateur en jouant depuis l&#8217;application de casino ou depuis votre navigateur. Cela signifie que beaucoup de casinos en ligne auront une plus petite s\u00e9lection de jeu en utilisant leur application de casino. Il existe encore une grande vari\u00e9t\u00e9 de machines \u00e0 sous et de jeux de gros lot disponibles. Et bien s\u00fbr, la commodit\u00e9 suppl\u00e9mentaire de jouer sur le pouce!<\/p>\n<h2>Y A-T-IL UNE DIFF\u00c9RENCE ENTRE UN CASINO MOBILE ET L&#8217;APPLICATION CASINO?<\/h2>\n<p>Les applications de casino et les sites de casino mobile sont con\u00e7us sp\u00e9cifiquement pour jouer \u00e0 partir de votre t\u00e9l\u00e9phone intelligent ou d&#8217;une tablette. Cela signifie que tous les graphiques, textes et jeux ont \u00e9t\u00e9 redimensionn\u00e9s pour s&#8217;adapter au format d&#8217;un petit \u00e9cran. La diff\u00e9rence la plus \u00e9vidente est que l&#8217;application de casino doit \u00eatre t\u00e9l\u00e9charg\u00e9e sur votre appareil mobile alors que le site mobile peut \u00eatre acc\u00e9d\u00e9 directement depuis votre navigateur, donc aucun t\u00e9l\u00e9chargement n&#8217;est requis.<\/p>\n<p>De nombreux casinos en ligne r\u00e9put\u00e9s offriront \u00e0 la fois un site mobile et une application Android; les autres casinos ne peuvent avoir que l&#8217;un ou l&#8217;autre. Un casino mobile jouera aussi bien sur n&#8217;importe quel syst\u00e8me d&#8217;exploitation comme les appareils Android ou iOS alors qu&#8217;une application est sp\u00e9cifique \u00e0 un syst\u00e8me d&#8217;exploitation. Les deux devraient bien fonctionner en termes de navigation g\u00e9n\u00e9rale et de jeu si cela a \u00e9t\u00e9 correctement con\u00e7u. Vous pouvez \u00e9galement \u00eatre limit\u00e9 dans les options de paiement.<\/p>\n<h2>QUELS JEUX PUIS-JE JOUER SUR MON ANDROID?<\/h2>\n<p>Lorsque vous jouez \u00e0 vos jeux pr\u00e9f\u00e9r\u00e9s sur votre Android, vous verrez que l&#8217;Android vous offre \u00e0 peu pr\u00e8s la m\u00eame exp\u00e9rience que lorsque vous jouez sur votre ordinateur de bureau. La roulette, le baccarat, le Blackjack, les machines \u00e0 sous, le poker et le vid\u00e9o poker sont tous disponibles sur votre Samsung Galaxy, Note ou d&#8217;autres applications de casino mobile Android.<\/p>\n<h2>QUEL EST LE D\u00c9P\u00d4T MINIMUM POUR LES CASINOS ANDROID?<\/h2>\n<p>Beaucoup de casinos en ligne offrent des d\u00e9p\u00f4ts minimums aussi bas que $1.00 depuis votre mobile Android. La majorit\u00e9 des versions de casino mobile ont toutes les m\u00e9thodes de<\/p>\n<p>paiement disponibles pour effectuer des d\u00e9p\u00f4ts minimums. Les casinos en ligne ont une version de jeu gratuit sur leur application ainsi que leur version mobile. Cela enl\u00e8ve la pression de ressentir le besoin de faire un d\u00e9p\u00f4t. Ainsi, vous pouvez essayer des jeux et voir lesquels vous aimeriez jouer de l&#8217;argent r\u00e9el.<\/p>\n<h3>DOIS-JE TOUJOURS RECEVOIR MON BONUS DE BIENVENUE SI JE JOUE SUR MON ANDROID?<\/h3>\n<p>Un casino qui n&#8217;offre pas de bonus de bienvenue doit r\u00e9\u00e9valuer comment attirer de nouveaux clients. C&#8217;est parce que presque tout casino en ligne offre un bonus de bienvenue pour les nouveaux joueurs avec de nombreux bonus sp\u00e9ciaux pour les joueurs mobiles Android.<\/p>\n<h3>PUIS-JE ACCEDER AU M\u00caME COMPTE CASINO QUE SUR MON ORDINATEUR?<\/h3>\n<p>Oui, vous pouvez acc\u00e9der \u00e0 votre compte via votre t\u00e9l\u00e9phone mobile ou votre tablette Android et votre ordinateur. Votre solde sera \u00e9galement mis \u00e0 jour en fonction de vos gains ou pertes.<\/p>\n<h3>MES D\u00c9TAILS BANCAIRES PERSONNELS SONT-ILS S\u00c9CURIS\u00c9S?<\/h3>\n<p>Votre s\u00e9curit\u00e9 est de la plus haute importance pour les casinos en ligne que nous avons choisis et nous ne recommandons pas un casino en ligne avec une s\u00e9curit\u00e9 douteuse ou qui n&#8217;est pas digne de confiance. Une partie essentielle de nos examens sont des enqu\u00eates sur la s\u00e9curit\u00e9 de toute application de casino Android en argent r\u00e9el. De nombreux casinos en ligne Android vous demanderont des informations personnelles lorsque vous jouerez pour gagner de l&#8217;argent r\u00e9el. Nous nous assurons qu&#8217;ils utilisent des caract\u00e9ristiques de s\u00e9curit\u00e9 \u00e0 la pointe de la technologie pour prot\u00e9ger vos informations personnelles et priv\u00e9es.<\/p>\n","protected":false},"excerpt":{"rendered":"<p>Android Les utilisateurs de t\u00e9l\u00e9phones Android ont tendance \u00e0 \u00eatre des clients fid\u00e8les en raison des mises \u00e0 jour constantes des logiciels et de l&#8217;interface \u00e9l\u00e9gant et sophistiqu\u00e9. Maintenant, il y a encore plus \u00e0 aimer sur le mobile Android car il dispose de mises \u00e0 niveau innovantes et la possibilit\u00e9 de jouer \u00e0 l&#8217;argent [&hellip;]<\/p>\n","protected":false},"author":1,"featured_media":56,"parent":39,"menu_order":0,"comment_status":"closed","ping_status":"closed","template":"","meta":{"_acf_changed":false,"footnotes":""},"class_list":["post-55","page","type-page","status-publish","has-post-thumbnail","hentry"],"acf":[],"_links":{"self":[{"href":"https:\/\/www.minimumdepositcasinos.org\/fr\/wp-json\/wp\/v2\/pages\/55","targetHints":{"allow":["GET"]}}],"collection":[{"href":"https:\/\/www.minimumdepositcasinos.org\/fr\/wp-json\/wp\/v2\/pages"}],"about":[{"href":"https:\/\/www.minimumdepositcasinos.org\/fr\/wp-json\/wp\/v2\/types\/page"}],"author":[{"embeddable":true,"href":"https:\/\/www.minimumdepositcasinos.org\/fr\/wp-json\/wp\/v2\/users\/1"}],"replies":[{"embeddable":true,"href":"https:\/\/www.minimumdepositcasinos.org\/fr\/wp-json\/wp\/v2\/comments?post=55"}],"version-history":[{"count":2,"href":"https:\/\/www.minimumdepositcasinos.org\/fr\/wp-json\/wp\/v2\/pages\/55\/revisions"}],"predecessor-version":[{"id":2701,"href":"https:\/\/www.minimumdepositcasinos.org\/fr\/wp-json\/wp\/v2\/pages\/55\/revisions\/2701"}],"up":[{"embeddable":true,"href":"https:\/\/www.minimumdepositcasinos.org\/fr\/wp-json\/wp\/v2\/pages\/39"}],"wp:featuredmedia":[{"embeddable":true,"href":"https:\/\/www.minimumdepositcasinos.org\/fr\/wp-json\/wp\/v2\/media\/56"}],"wp:attachment":[{"href":"https:\/\/www.minimumdepositcasinos.org\/fr\/wp-json\/wp\/v2\/media?parent=55"}],"curies":[{"name":"wp","href":"https:\/\/api.w.org\/{rel}","templated":true}]}}