{"id":566,"date":"2019-05-15T09:51:50","date_gmt":"2019-05-15T09:51:50","guid":{"rendered":"https:\/\/www.minimumdepositcasinos.org\/fr\/?page_id=566"},"modified":"2019-10-30T11:07:52","modified_gmt":"2019-10-30T11:07:52","slug":"hyper","status":"publish","type":"page","link":"https:\/\/www.minimumdepositcasinos.org\/fr\/revue-de-casino\/hyper\/","title":{"rendered":"Hyper Casino"},"content":{"rendered":"<p>Un tout nouveau casino en ligne vient d&#8217;ouvrir ses portes. Hyper Casino est peut-\u00eatre nouveau dans le monde des casinos en ligne, mais les hommes qui l&#8217;exploitent sont dans le m\u00e9tier depuis longtemps. Ainsi, Hyper Casino est bien con\u00e7u et c&#8217;est un plaisir de jouer. L&#8217;action au Hyper Casino, comme vous pouvez le deviner d&#8217;apr\u00e8s son nom, est rapide et tr\u00e8s divertissante. Ils offrent un double bonus de bienvenue dans la mesure o\u00f9 ils donnent aux joueurs un match \u00e0 100% sur leur premier d\u00e9p\u00f4t jusqu&#8217;\u00e0 100$ et comme si cela ne suffisait pas, il y a aussi un match \u00e0 50% jusqu&#8217;\u00e0 $200 sur le deuxi\u00e8me d\u00e9p\u00f4t ! Pour les T &amp; Cs complets \u00e0 Hyper Casino cliquez ici. L&#8217;\u00e9quit\u00e9 des jeux, le service client et la s\u00e9curit\u00e9 sont les priorit\u00e9s absolues d&#8217;Hyper Casino et leurs centaines de jeux proviennent des meilleurs d\u00e9veloppeurs au monde.<\/p>\n<h2>Promotions et Bonus sur Hyper Casino<\/h2>\n<p>A commencer par le bonus de bienvenue attractif \u00e0 double barillet, les promotions et bonus d&#8217;Hyper Casino sont sans fin.<\/p>\n<h2>Bonus de Bienvenue<\/h2>\n<p>Pour seulement 10$ de d\u00e9p\u00f4t, les nouveaux joueurs peuvent obtenir un fabuleux Bonus de Bienvenue sur deux d\u00e9p\u00f4ts ! Faites votre premier d\u00e9p\u00f4t de 10$ et le casino vous r\u00e9compensera avec un bonus de 100% jusqu&#8217;\u00e0 100$, et lorsque vous d\u00e9posez pour la deuxi\u00e8me partie du bonus, vous recevrez un bonus de 50% jusqu&#8217;\u00e0 200$. Il y a toujours des Termes et Conditions attach\u00e9s \u00e0 tout bonus de casino et dans ce cas, la mise maximale autoris\u00e9e pour la dur\u00e9e du bonus est de 5$. n&#8217;oubliez pas non plus que pour b\u00e9n\u00e9ficier du bonus de bienvenue, les d\u00e9p\u00f4ts ne peuvent \u00eatre effectu\u00e9s avec <a href=\"https:\/\/www.minimumdepositcasinos.org\/fr\/2019\/10\/11\/skrill-minimum-depot-offres\/\">Skrill<\/a> et <a href=\"https:\/\/www.minimumdepositcasinos.org\/fr\/options-dachat\/neteller\/\">Neteller<\/a>.<\/p>\n<p>Les conditions de mise au Hyper casino sont 45 fois le montant du bonus. Cela signifie que vous devrez continuer \u00e0 miser votre bonus jusqu&#8217;\u00e0 ce que vous atteigniez 45 fois le montant que vous avez re\u00e7u par le casino.<\/p>\n<h2>Bonus sur la Machine \u00e0 sous de la Semaine<\/h2>\n<p>Chaque semaine, Hyper Casino choisit une machine \u00e0 sous vid\u00e9o diff\u00e9rente. D\u00e9posez 50$ et vous recevrez 50 tours bonus ! Pr\u00e9parez-vous \u00e0 l&#8217;excitation des jeux rapides d&#8217;Hyper Casino.<\/p>\n<h2>Tournois Hyper et Colossal<\/h2>\n<p>Hyper Casino offre des promotions de tournois passionnantes et lucratives sur une base rotative. Actuellement, il s&#8217;agit du Tournoi des Gagnants Colossaux &#8211; Meilleur Gagnant Multiplicateur. Les 19 premiers au classement sont des gagnants garantis.<\/p>\n<ul>\n<li>Premier prix : $ 1\u202f500<\/li>\n<li>Deuxi\u00e8me prix : $ 500<\/li>\n<li>Troisi\u00e8me prix : $ 400<\/li>\n<li>Quatri\u00e8me \u00e0 neuvi\u00e8me place : $ 50<\/li>\n<li>Dixi\u00e8me \u00e0 dix-neuvi\u00e8me place Arrivants : $ 20<\/li>\n<\/ul>\n<p>Ce tournoi se joue sur un large \u00e9ventail de vos jeux de machines \u00e0 sous vid\u00e9o pr\u00e9f\u00e9r\u00e9s, y compris Jurassic Park, Game of Thrones, Wild Toro, Lost Islands, Lord of the Ocean, Immortal Romance, Vikings Unleashed Megaways, Dead or Alive, Book of RA, Eye of Ra, Arising Phoenix, Book of Aztec, et Creature from The Black Lagoon !<\/p>\n<h2>R\u00e8gles et R\u00e8glements des Bonus<\/h2>\n<p>Tous les bonus doivent \u00eatre jou\u00e9s dans les 30 jours suivant leur attribution et les tours bonus doivent \u00eatre jou\u00e9s dans la semaine. Et, Hyper Casino est comme tous les autres casinos en ligne dans la mesure o\u00f9 vous n&#8217;\u00eates pas autoris\u00e9 \u00e0 obtenir un bonus et retirer imm\u00e9diatement votre argent. Les conditions de mise au Hyper Casino sont de quarante-cinq fois la valeur du bonus avant que tout gain ou bonus r\u00e9siduel soit appliqu\u00e9 au compte du joueur et soit disponible pour un retrait.<\/p>\n<p>Par exemple, avec le bonus de bienvenue, vous avez peut-\u00eatre suffisamment d\u00e9pos\u00e9 pour recevoir les 300$. Si c&#8217;est le cas, vous devrez miser $300 x $45 = $13 500 avant que les gains ne soient cr\u00e9dit\u00e9s sur votre compte. Si vous avez d\u00e9pos\u00e9 un total de $20 sur les deux bonus de bienvenue, Hyper Casino cr\u00e9ditera vos gains sur votre compte apr\u00e8s avoir mis\u00e9 20$ x 45$ = 900$.<\/p>\n<h2>Paiements, Enregistrement et Retraits sur Hyper Casino<\/h2>\n<p>Hyper Casino offre une large gamme <a href=\"\/fr\/options-dachat\/\">d&#8217;options de paiement et de retrait<\/a>. Il s&#8217;agit notamment de <a href=\"https:\/\/www.minimumdepositcasinos.org\/fr\/options-dachat\/visa\/\">VISA<\/a>, Klarna, InstaDebit, Sofort, Skrill, Zimpler, Neteller, Trustly, EcoPayz et <a href=\"https:\/\/www.minimumdepositcasinos.org\/fr\/options-dachat\/paysafecard\/\">Paysafe<\/a>. Il y aura un d\u00e9lai d&#8217;un \u00e0 plusieurs jours pour le traitement des retraits et le nombre exact de jours d\u00e9pendra du mode de paiement utilis\u00e9. . Hyper Casino ne vous facture pas de frais pour le traitement des d\u00e9p\u00f4ts ou des retraits. Le <a href=\"\/fr\/10e-de-depot-minimum\/\">d\u00e9p\u00f4t minimum est de $10<\/a> et le maximum qu&#8217;un joueur peut retirer est de $5,000 chaque jour.<\/p>\n<p>Hyper Casino prend le jeu des mineurs au s\u00e9rieux. Ainsi, lorsque les joueurs s&#8217;inscrivent, on leur demande de fournir une pi\u00e8ce d&#8217;identit\u00e9 et une preuve de leur adresse, de leur source de paiement et de leur \u00e2ge. Si cela devient difficile, les joueurs peuvent demander l&#8217;aide de l&#8217;excellent service client\u00e8le de Hyper Casino..<\/p>\n<p>Pour les retraits demand\u00e9s avant 18 h, heure locale, du lundi au vendredi, le traitement commence le jour m\u00eame et pour les retraits demand\u00e9s apr\u00e8s 18 h, le traitement commence le lendemain matin. Les demandes de retraits en fin de semaine commencent \u00e0 traiter la premi\u00e8re chose le lundi matin.<\/p>\n<h2>S\u00e9curit\u00e9 et Protection sur Hyper Casino<\/h2>\n<p>M\u00eame si Hyper Casino propose des jeux d&#8217;action rapides, ils ne l\u00e9sinent pas sur la s\u00e9curit\u00e9. Un cryptage de haut niveau et des pare-feu prot\u00e8gent les donn\u00e9es personnelles des joueurs et leur argent ! Les informations personnelles sont stock\u00e9es de mani\u00e8re s\u00e9curis\u00e9e et Hyper Casino ne partage jamais un iota de donn\u00e9es personnelles avec des tiers. Hyper Casino ne partage ni ne vend ces informations \u00e0 des fins commerciales ou autres.<\/p>\n<h2>Licences et R\u00e9glementation<\/h2>\n<p>La marque Hyper Casino est la propri\u00e9t\u00e9 de L&amp;L Europe Ltd. Northfields App 7, Vjal Indipendenza, Mosta, MST9026, Malte. Il est licenci\u00e9 sous le num\u00e9ro MGA\/B2C\/211\/201 de l&#8217;autorit\u00e9 maltaise des jeux de hasard. En Grande Bretagne, la Commission des Jeux du Royaume Uni autorise et r\u00e9glemente Hyper Casino, num\u00e9ro de licence 000 038758 R-319451 001 pour tous les joueurs au Royaume-Uni.<\/p>\n<h2>Le Jeu Responsible<\/h2>\n<p>Hyper Casino est un site de jeu d&#8217;argent r\u00e9el. Les op\u00e9rateurs d&#8217;Hyper Casino incitent les joueurs \u00e0 jouer de mani\u00e8re responsable, en ne pariant que ce qu&#8217;ils peuvent se permettre de perdre. Ils recommandent aux joueurs qui ont des questions sur la d\u00e9pendance au jeu de visiter www.begambleaware.org ou de composer le +44 (0)808 8020 133, Gamble Aware. Il y a plus d&#8217;informations sur leur page de jeu responsable.<\/p>\n<h2>Les Jeux sur Hyper Casino<\/h2>\n<p>Bien s\u00fbr, la raison pour laquelle nous jouons aux casinos en ligne est pour les jeux. Hyper Casino offre des centaines d&#8217;options de jeu de la part des <a href=\"\/fr\/logiciel\/\">meilleurs d\u00e9veloppeurs de logiciels<\/a>. Ceux-ci incluent NetEnt, Big Time Gaming, Thunderkick, Scientific Gaming, <a href=\"\/fr\/logiciel\/microgaming\/\">MicroGaming<\/a>, Amatic, et pour les jeux de table en direct, Evolution Gaming. Ces jeux fournissent aux joueurs des RTPs qui sont des &#8220;statistiques de retour aux joueurs&#8221; pour vous aider \u00e0 suivre vos performances de jeu. De plus, Hyper Casino ajoute r\u00e9guli\u00e8rement \u00e0 son r\u00e9pertoire de jeux afin d&#8217;offrir des exp\u00e9riences toujours plus nouvelles et excitantes<\/p>\n<h3>Machine \u00e0 Sous<\/h3>\n<p>Les <a href=\"\/fr\/jeux\/machines-a-sous\/\">machines \u00e0 sous<\/a> vid\u00e9o d&#8217;Hyper Casino comprennent des jeux favoris tels que Retro Reels-Extreme Heat, Magic Forest, Win Sum Dim Sum Sum Sum, et Mermaid&#8217;s Pearl. Tous les jeux utilisent un g\u00e9n\u00e9rateur de nombres al\u00e9atoires pour garantir le meilleur du fair-play.<\/p>\n<p>Et, il y a des centaines d&#8217;autres jeux de machines \u00e0 sous \u00e0 Hyper Casino de Merry Fruits \u00e0 Wild Respin. L&#8217;action est vraiment non-stop avec ces gens !<\/p>\n<h3>Jeux de Table<\/h3>\n<p>Si vous aimez la roulette, le baccarat, <a href=\"https:\/\/www.minimumdepositcasinos.org\/fr\/jeux\/blackjack\/\">le blackjack<\/a>, les jeux de poker et leurs variantes, vous appr\u00e9cierez l&#8217;action sur Hyper Casino. Et vous trouverez de multiples jeux \u00e0 votre go\u00fbt.<\/p>\n<h3>Jeux de Casino en direct<\/h3>\n<p>h\u00e9berg\u00e9s par Evolution Gaming et proposent des professionnels qui interagissent avec les clients dans leur propre langue. Ces jeux proposent des fonctions de chat pour communiquer avec les autres joueurs et apprendre \u00e0 les conna\u00eetre. Tous les jeux se d\u00e9roulent sans aucune manipulation ext\u00e9rieure par le casino ou des personnes ext\u00e9rieures.<\/p>\n<h3>Vid\u00e9o Poker<\/h3>\n<p>Si vous aimez aussi le <a href=\"\/fr\/jeux\/poker\/\">vid\u00e9o poker<\/a>, venez au Hyper Casino pour une action sans interruption, 24 heures sur 24 et 7 jours par semaine.<\/p>\n<h3>Autres Jeux<\/h3>\n<p>En plus des offres de casino en ligne standard, Hyper Casino propose des jeux interactifs comme Hand to Hand Combat, bingo avec Electro Bingo ou Super Bonus Bingo, et des jeux de course comme Premier Trotting et Premier Racing.<\/p>\n<h3>Jeux Jackpot<\/h3>\n<p>des milliers ou m\u00eame des millions? C&#8217;est peut-\u00eatre possible au Hyper Casino. Mega Moolah et Mega Moolah Isis offrent toutes deux des jackpots de plus de $ 9 millions de livres sterling. Major Millions, Mega Fortune, Hall of Gods et Arabian Nights offrent tous des jackpots de plus de $ 1 million de livres sterling.<\/p>\n<p>Si jouer pour le jackpot est votre jeu, venez au Hyper Casino et participez \u00e0 la chasse aux gains!<\/p>\n<h2>Jouer des Jeux en Mode Demo<\/h2>\n<p>Si vous \u00eates nouveau dans le jeu en ligne et que vous voulez voir comment il fonctionne ou si vous voulez simplement avoir un avant-go\u00fbt de l&#8217;action sur Hyper Casino avant de vous inscrire, essayez de jouer en mode d\u00e9mo. Il suffit de charger l&#8217;un des jeux sans se connecter. Vous pouvez jouer pour un temps limit\u00e9 sans parier.<\/p>\n<h2>Jouer en D\u00e9placement avec L&#8217;application Mobile Hyper Casino<\/h2>\n<p>Pour les joueurs qui veulent jouer quand ils sont en d\u00e9placement, Hyper Casino a une <a href=\"\/fr\/appareils\/\">application mobile<\/a> qui peut \u00eatre utilis\u00e9e sur les appareils Android et iOS, avec Windows Phone et avec Microsoft Windows. Les jeux sont nets et rapides, y compris les jeux de table en direct.<\/p>\n<h2>Support Client<\/h2>\n<p>L&#8217;assistance client\u00e8le 24 heures sur 24 d&#8217;Hyper Casino est disponible en anglais, mais aussi en allemand, finnois, su\u00e9dois et norv\u00e9gien. Les joueurs peuvent envoyer un courriel \u00e0 support@hypercasino.com ou utiliser la fonction de chat pour communiquer avec le personnel d&#8217;assistance d&#8217;Hyper Casino 24 heures sur 24 du jour.<\/p>\n<h2>Le verdict<\/h2>\n<p>Pour un tout nouveau casino en ligne, Hyper Casino est tr\u00e8s impressionnant. L&#8217;exp\u00e9rience Hyper Casino commence avec des bonus pour les deux premiers d\u00e9p\u00f4ts, une correspondance \u00e0 100% jusqu&#8217;\u00e0 100$ et ensuite une correspondance \u00e0 50% jusqu&#8217;\u00e0 200$ pour un total impressionnant de 300$. Leur engagement envers l&#8217;\u00e9quit\u00e9 et la s\u00e9curit\u00e9 des jeux est rassurant et leur collection de jeux excitants est excellente. L&#8217;objectif principal d&#8217;Hyper Casino est l&#8217;action rapide et ils semblent avoir r\u00e9ussi \u00e0 atteindre cet objectif. L&#8217;application mobile est un ajout bienvenu pour les joueurs qui veulent profiter des jeux \u00e0 tout moment et de n&#8217;importe quel endroit qui dispose d&#8217;une connexion Internet. Notre opinion est que ceux qui veulent beaucoup d&#8217;action rapide et une grande vari\u00e9t\u00e9 devraient essayer Hyper Casino. Qui sait, vous pourriez bien gagner un de ces jackpots de plus de $9 millions.<\/p>\n","protected":false},"excerpt":{"rendered":"<p>Un tout nouveau casino en ligne vient d&#8217;ouvrir ses portes. Hyper Casino est peut-\u00eatre nouveau dans le monde des casinos en ligne, mais les hommes qui l&#8217;exploitent sont dans le m\u00e9tier depuis longtemps. Ainsi, Hyper Casino est bien con\u00e7u et c&#8217;est un plaisir de jouer. L&#8217;action au Hyper Casino, comme vous pouvez le deviner d&#8217;apr\u00e8s [&hellip;]<\/p>\n","protected":false},"author":8,"featured_media":2809,"parent":16,"menu_order":0,"comment_status":"closed","ping_status":"closed","template":"page_review_card.php","meta":{"_acf_changed":false,"footnotes":""},"class_list":["post-566","page","type-page","status-publish","has-post-thumbnail","hentry"],"acf":[],"_links":{"self":[{"href":"https:\/\/www.minimumdepositcasinos.org\/fr\/wp-json\/wp\/v2\/pages\/566","targetHints":{"allow":["GET"]}}],"collection":[{"href":"https:\/\/www.minimumdepositcasinos.org\/fr\/wp-json\/wp\/v2\/pages"}],"about":[{"href":"https:\/\/www.minimumdepositcasinos.org\/fr\/wp-json\/wp\/v2\/types\/page"}],"author":[{"embeddable":true,"href":"https:\/\/www.minimumdepositcasinos.org\/fr\/wp-json\/wp\/v2\/users\/8"}],"replies":[{"embeddable":true,"href":"https:\/\/www.minimumdepositcasinos.org\/fr\/wp-json\/wp\/v2\/comments?post=566"}],"version-history":[{"count":8,"href":"https:\/\/www.minimumdepositcasinos.org\/fr\/wp-json\/wp\/v2\/pages\/566\/revisions"}],"predecessor-version":[{"id":2820,"href":"https:\/\/www.minimumdepositcasinos.org\/fr\/wp-json\/wp\/v2\/pages\/566\/revisions\/2820"}],"up":[{"embeddable":true,"href":"https:\/\/www.minimumdepositcasinos.org\/fr\/wp-json\/wp\/v2\/pages\/16"}],"wp:featuredmedia":[{"embeddable":true,"href":"https:\/\/www.minimumdepositcasinos.org\/fr\/wp-json\/wp\/v2\/media\/2809"}],"wp:attachment":[{"href":"https:\/\/www.minimumdepositcasinos.org\/fr\/wp-json\/wp\/v2\/media?parent=566"}],"curies":[{"name":"wp","href":"https:\/\/api.w.org\/{rel}","templated":true}]}}