{"id":58,"date":"2018-08-22T17:28:35","date_gmt":"2018-08-22T16:28:35","guid":{"rendered":"https:\/\/www.minimumdepositcasinos.org\/fr\/?page_id=58"},"modified":"2023-08-08T11:13:39","modified_gmt":"2023-08-08T11:13:39","slug":"bingo","status":"publish","type":"page","link":"https:\/\/www.minimumdepositcasinos.org\/fr\/jeux\/bingo\/","title":{"rendered":"Bingo"},"content":{"rendered":"\n<h1 class=\"wp-block-heading\">Bingo<\/h1>\n\n\n\n<p>Bingo! Bingo! Ce sont les mots que vous entendez chaque fois qu&#8217;un joueur de bingo excit\u00e9 obtient une grande victoire. C&#8217;est un jeu passionnant que les gens jeunes et vieux aiment jouer.<br>Le bingo en ligne a \u00e9t\u00e9 lanc\u00e9 en 1996 et sa croissance et sa popularit\u00e9 ont explos\u00e9 depuis. Le bingo en ligne est un moyen pratique et confortable de jouer \u00e0 votre jeu favori sans quitter le confort de votre maison. C&#8217;est aussi une bonne exp\u00e9rience pour les joueurs en d\u00e9placement. Il n&#8217;y a aucune restriction sur le temps ou le lieu ; vous pouvez jouer \u00e0 tout moment.<br>Le bingo en ligne se trouve dans la plupart des casinos en ligne, avec un large \u00e9ventail de bonus et de gains en argent r\u00e9el. Pour qu&#8217;un joueur gagne le bingo, ses num\u00e9ros doivent \u00eatre choisis et tout d\u00e9pend de la chance du tirage. Ici, dans les casinos de d\u00e9p\u00f4t minimum, nous avons mis au point un petit guide pour vous aider \u00e0 atteindre le Bingo et vous amuser.<\/p>\n\n\n\n<h2 class=\"wp-block-heading\">LES JEUX DE BINGO EN LIGNE<\/h2>\n\n\n\n<p>Pour jouer au bingo en ligne, le joueur doit : choisir un site de bingo, s&#8217;inscrire et effectuer un d\u00e9p\u00f4t en argent r\u00e9el. Vous pouvez \u00e9galement jouer sans argent en vous inscrivant sur un site sans bonus de d\u00e9p\u00f4t. Les jeux de bingo incluent :<\/p>\n\n\n\n<ul class=\"wp-block-list\">\n<li>75 Ball Bingo &#8211; ce jeu de bingo comprend : 24 num\u00e9ros plac\u00e9s dans un carr\u00e9 avec un carr\u00e9 libre au milieu. Le joueur se verra attribuer ses prix une fois qu&#8217;il aura compl\u00e9t\u00e9 sa ligne ou fait des patrons de set sur le ticket en fonction de la partie.<\/li>\n\n\n\n<li>75 Ball Variant &#8211; \u00e9galement connu sous le nom de bingo mod\u00e8le. Il est l&#8217;un des jeux de bingo en ligne les plus populaires et a \u00e9t\u00e9 autour depuis un certain temps. Le jeu utilise des balles entre 1 et 75 ainsi que l&#8217;application de diff\u00e9rents types de cartes.<\/li>\n\n\n\n<li>80 Ball Bingo &#8211; ce jeu de bingo a 16 num\u00e9ros dispos\u00e9s dans un carr\u00e9. Il a diff\u00e9rents formats de prix qui sont bas\u00e9s sur des lignes.<\/li>\n\n\n\n<li>90 Ball Bingo &#8211; ce bingo implique 15 num\u00e9ros sur 3 lignes. Les prix sont gagn\u00e9s pour 1 ligne, 2 lignes et une maison compl\u00e8te.<\/li>\n<\/ul>\n\n\n\n<h3 class=\"wp-block-heading\">Les conseils de strat\u00e9gie de Bingo en ligne\u202f:<\/h3>\n\n\n\n<ul class=\"wp-block-list\">\n<li>Amusez-vous &#8211; ce n&#8217;est pas un jeu si vous ne vous amusez pas en jouant. Le but de chaque jeu est essentiellement de s&#8217;amuser tout en appr\u00e9ciant le jeu. Si vous ne vous amusez pas, vous ne devriez probablement pas jouer \u00e0 ce jeu. Les jeux de bingo sont toujours amusants.<\/li>\n\n\n\n<li>Connaissez le jeu &#8211; vous devez apprendre le jeu avant de jouer et conna\u00eetre les diff\u00e9rents prix que vous pouvez gagner des jeux.<\/li>\n\n\n\n<li>R\u00e9duire la concurrence &#8211; Le joueur est susceptible d&#8217;augmenter sa probabilit\u00e9 de gagner avec moins de joueurs sur le jeu. Pour y parvenir, vous devez rechercher et estimer les heures creuses des joueurs en ligne.<\/li>\n\n\n\n<li>Jouez plusieurs cartes &#8211; c&#8217;est la strat\u00e9gie la plus populaire. Plus le joueur joue de cartes, plus la probabilit\u00e9 de gagner est \u00e9lev\u00e9e. Il est \u00e9galement possible d&#8217;acheter des cartes co\u00fbteuses pour des prix plus importants.<\/li>\n\n\n\n<li>Utilisez le salon de discussion pendant que vous jouez &#8211; soyez interactif et apprenez \u00e0 conna\u00eetre les autres joueurs de bingo en ligne. Cela vous aidera \u00e0 partager vos id\u00e9es et \u00e0 augmenter vos chances de gagner. Les salles de chat aident le joueur \u00e0 \u00eatre conscient des prix et de la concurrence dans le jeu.<\/li>\n\n\n\n<li>Achetez autant de cartes que possible &#8211; Si le joueur n&#8217;utilise pas le daub-automatique en ligne, il sera impossible de garder une trace des cartes et de ses num\u00e9ros gagnants. Par cons\u00e9quent, le joueur doit avoir un nombre estim\u00e9 de cartes qu&#8217;il peut suivre.<\/li>\n\n\n\n<li>Utilisez le syst\u00e8me de strat\u00e9gie de bingo pour gagner au bingo en ligne &#8211; bien que les num\u00e9ros de jeu de bingo soient choisis au hasard, il y a deux syst\u00e8mes que vous pouvez suivre pour am\u00e9liorer vos chances<\/li>\n\n\n\n<li>Le syst\u00e8me de strat\u00e9gie de bingo de Granville &#8211; c&#8217;est le syst\u00e8me le plus populaire appliqu\u00e9 par les joueurs de bingo. Il utilise des comp\u00e9tences math\u00e9matiques pour d\u00e9terminer les cotes de bingo qui am\u00e9liorent la s\u00e9lection des cartes de bingo avec des num\u00e9ros qui rendent la carte sym\u00e9trique. Ce syst\u00e8me a \u00e9tabli un mod\u00e8le qui peut \u00eatre appliqu\u00e9 sur tous les jeux de bingo pour augmenter les chances de gagner.<\/li>\n\n\n\n<li>Le syst\u00e8me de strat\u00e9gie de bingo de Tippett &#8211; c&#8217;est une strat\u00e9gie plus simple car elle analyse les statistiques et la probabilit\u00e9 des nombres tir\u00e9s (exemple: si vous jouez au bingo \u00e0 75 boules, il est plus susceptible de se rapprocher du nombre moyen 38 si le jeu est plus long et plus proche de 1 et de 75 si le jeu est plus court)<\/li>\n\n\n\n<li>\n<h3>LA CONFIANCE D&#8217;UN CASINO EN LIGNE<\/h3>\n<p>Autant que s&#8217;amuser est la principale priorit\u00e9 tout en jouant au bingo en ligne. Le joueur doit s&#8217;assurer que vous jouez sur un site de confiance. Choisissez un site l\u00e9gal qui a respect\u00e9 toutes les r\u00e8gles et r\u00e8glements \u00e9tablis par les autorit\u00e9s de jeu. Le casino devrait \u00eatre enti\u00e8rement sous licence dans votre juridiction. Des organismes de r\u00e9glementation internationaux comme ECogra surveillent le fair-play, les m\u00e9thodes de paiement et les logiciels. Le joueur devrait pouvoir reconna\u00eetre le sceau d&#8217;approbation international affich\u00e9 sur le site des casinos.<\/p>\n<p>Il est important que le joueur lise et accepte les termes et conditions d\u00e9finis par les diff\u00e9rents casinos. Puisque le joueur doit respecter les termes et conditions stipul\u00e9s.<\/p>\n<\/li>\n<\/ul>\n","protected":false},"excerpt":{"rendered":"<p>Bingo Bingo! Bingo! Ce sont les mots que vous entendez chaque fois qu&#8217;un joueur de bingo excit\u00e9 obtient une grande victoire. C&#8217;est un jeu passionnant que les gens jeunes et vieux aiment jouer.Le bingo en ligne a \u00e9t\u00e9 lanc\u00e9 en 1996 et sa croissance et sa popularit\u00e9 ont explos\u00e9 depuis. Le bingo en ligne est [&hellip;]<\/p>\n","protected":false},"author":1,"featured_media":10140,"parent":68,"menu_order":0,"comment_status":"closed","ping_status":"closed","template":"","meta":{"_acf_changed":false,"footnotes":""},"class_list":["post-58","page","type-page","status-publish","has-post-thumbnail","hentry"],"acf":[],"_links":{"self":[{"href":"https:\/\/www.minimumdepositcasinos.org\/fr\/wp-json\/wp\/v2\/pages\/58","targetHints":{"allow":["GET"]}}],"collection":[{"href":"https:\/\/www.minimumdepositcasinos.org\/fr\/wp-json\/wp\/v2\/pages"}],"about":[{"href":"https:\/\/www.minimumdepositcasinos.org\/fr\/wp-json\/wp\/v2\/types\/page"}],"author":[{"embeddable":true,"href":"https:\/\/www.minimumdepositcasinos.org\/fr\/wp-json\/wp\/v2\/users\/1"}],"replies":[{"embeddable":true,"href":"https:\/\/www.minimumdepositcasinos.org\/fr\/wp-json\/wp\/v2\/comments?post=58"}],"version-history":[{"count":2,"href":"https:\/\/www.minimumdepositcasinos.org\/fr\/wp-json\/wp\/v2\/pages\/58\/revisions"}],"predecessor-version":[{"id":10141,"href":"https:\/\/www.minimumdepositcasinos.org\/fr\/wp-json\/wp\/v2\/pages\/58\/revisions\/10141"}],"up":[{"embeddable":true,"href":"https:\/\/www.minimumdepositcasinos.org\/fr\/wp-json\/wp\/v2\/pages\/68"}],"wp:featuredmedia":[{"embeddable":true,"href":"https:\/\/www.minimumdepositcasinos.org\/fr\/wp-json\/wp\/v2\/media\/10140"}],"wp:attachment":[{"href":"https:\/\/www.minimumdepositcasinos.org\/fr\/wp-json\/wp\/v2\/media?parent=58"}],"curies":[{"name":"wp","href":"https:\/\/api.w.org\/{rel}","templated":true}]}}