{"id":6119,"date":"2021-11-09T12:41:42","date_gmt":"2021-11-09T12:41:42","guid":{"rendered":"https:\/\/www.minimumdepositcasinos.org\/fr\/?page_id=6119"},"modified":"2024-11-11T14:22:07","modified_gmt":"2024-11-11T14:22:07","slug":"muchbetter","status":"publish","type":"page","link":"https:\/\/www.minimumdepositcasinos.org\/fr\/options-dachat\/muchbetter\/","title":{"rendered":"MuchBetter Casinos"},"content":{"rendered":"<div class=\"wp-block-image\">\n<figure class=\"alignright\"><img loading=\"lazy\" decoding=\"async\" width=\"300\" height=\"300\" src=\"https:\/\/www.minimumdepositcasinos.org\/fr\/wp-content\/uploads\/2021\/11\/MuchBetter-Casino-400x400-1-300x300.jpg\" alt=\"\" class=\"wp-image-6120\" srcset=\"https:\/\/www.minimumdepositcasinos.org\/fr\/wp-content\/uploads\/2021\/11\/MuchBetter-Casino-400x400-1-300x300.jpg 300w, https:\/\/www.minimumdepositcasinos.org\/fr\/wp-content\/uploads\/2021\/11\/MuchBetter-Casino-400x400-1-150x150.jpg 150w, https:\/\/www.minimumdepositcasinos.org\/fr\/wp-content\/uploads\/2021\/11\/MuchBetter-Casino-400x400-1.jpg 400w\" sizes=\"auto, (max-width: 300px) 100vw, 300px\" \/><\/figure><\/div>\n\n\n<p>MuchBetter est un fournisseur de paiement en ligne avec les frais de porte-monnaie \u00e9lectronique les plus bas qui permet des transactions rapides et en temps r\u00e9el sur vos casinos en ligne pr\u00e9f\u00e9r\u00e9s. Disponible pour les joueurs du Canada, de l&#8217;Allemagne, de la Su\u00e8de, de l&#8217;Inde, de la Pologne, du Royaume-Uni, de la Norv\u00e8ge, et plus encore. Si vous recherchez le meilleur casino MuchBetter, consultez nos marques MuchBetter vedettes que vous trouverez sur nos pages.<\/p>\n\n\n\n<p>MuchBetter est un porte-monnaie \u00e9lectronique qui peut \u00e9galement fonctionner comme une carte de d\u00e9bit <a href=\"\/fr\/options-dachat\/mastercard\/\">Mastercard<\/a>. Lorsque vous \u00eates membre de MuchBetter, vous recevez des notifications sur votre t\u00e9l\u00e9phone mobile \u00e0 chaque transaction, et tant que vous avez le contr\u00f4le de votre t\u00e9l\u00e9phone, vous avez le contr\u00f4le de l&#8217;application. L&#8217;application est s\u00e9curis\u00e9e, et facilement t\u00e9l\u00e9chargeable en quelques secondes avec des mesures de s\u00e9curit\u00e9 int\u00e9gr\u00e9es haut de gamme.<\/p>\n\n\n\n<h2 class=\"wp-block-heading\">Les Meilleurs Casinos<\/h2>\n\n\n\n<p>Bien qu&#8217;il s&#8217;agisse d&#8217;une entreprise encore tr\u00e8s r\u00e9cente, vous serez peut-\u00eatre int\u00e9ress\u00e9 de savoir que MuchBetter peut d\u00e9j\u00e0 se targuer de plusieurs r\u00e9compenses enviables, notamment en remportant le prix Rising Star du magazine EGaming Revue, puis \u00e0 nouveau, le prix de l&#8217;innovation de l&#8217;ann\u00e9e aux Payments Awards en 2018.<\/p>\n\n\n\n<p>Effectuer votre paiement avec MuchBetter vous ouvrira \u00e9galement un monde de bonus de casino gratuits, et le <a href=\"\/fr\/options-dachat\/\">fournisseur de paiement<\/a> offre \u00e9galement des points de bonus chaque fois que vous effectuez une transaction en ligne. Vos points bonus peuvent \u00eatre accumul\u00e9s et convertis ult\u00e9rieurement en monnaie r\u00e9elle. Vous trouverez une s\u00e9lection de casinos MuchBetter de qualit\u00e9 sup\u00e9rieure, s\u00fbrs et s\u00e9curis\u00e9s, qui sont autoris\u00e9s, r\u00e9glement\u00e9s et offrent de gros bonus, des <a href=\"\/fr\/tours-gratuits\/\">bonus de tours gratuits<\/a> et bien plus encore, alors n&#8217;h\u00e9sitez pas \u00e0 naviguer et \u00e0 choisir votre pr\u00e9f\u00e9r\u00e9.<\/p>\n\n\n\n<h2 class=\"wp-block-heading\">\u202fAvantages du mode de Paiement MuchBetter<\/h2>\n\n\n\n<p>Lanc\u00e9 en novembre 2017, MuchBetter est un service de paiement en ligne moderne con\u00e7u pour l&#8217;industrie mondiale du jeu. Avec z\u00e9ro frais sur les recharges, il s&#8217;adresse aux joueurs qui veulent effectuer des transferts de casino en ligne rapides et s\u00e9curis\u00e9s en temps r\u00e9el. Effectuer vos d\u00e9p\u00f4ts et retraits avec MuchBetter signifie des d\u00e9p\u00f4ts en quelques secondes et des retraits plus rapides que la plupart des autres options bancaires.<\/p>\n\n\n\n<p>Si vous n&#8217;\u00eates toujours pas s\u00fbr de vouloir essayer MuchBetter, alors consid\u00e9rez ces avantages:<\/p>\n\n\n\n<ul class=\"wp-block-list\">\n<li>Vos d\u00e9p\u00f4ts et retraits avec MuchBetter sont tr\u00e8s faciles \u00e0 r\u00e9aliser.<\/li>\n\n\n\n<li>Vous n&#8217;aurez besoin de rien, si ce n&#8217;est de votre smartphone et d&#8217;une connexion internet.<\/li>\n\n\n\n<li>Vous accumulerez des points bonus pour chaque transaction, qui peuvent \u00eatre utilis\u00e9s pour jouer \u00e0 des jeux de casino.<\/li>\n\n\n\n<li>Les d\u00e9p\u00f4ts sont trait\u00e9s instantan\u00e9ment, et les retraits prennent jusqu&#8217;\u00e0 72 heures.<\/li>\n\n\n\n<li>Aucun frais sur les recharges et les transferts de pair \u00e0 pair.<\/li>\n<\/ul>\n\n\n\n<p>Les casinos MuchBetter offrent \u00e9galement une pr\u00e9vention de la fraude et une protection de la vie priv\u00e9e. En outre, MuchBetter s&#8217;adapte parfaitement \u00e0 l&#8217;application de votre t\u00e9l\u00e9phone mobile. Vous pouvez effectuer des transactions avec plus de 50 devises diff\u00e9rentes, y compris les cartes de cr\u00e9dit et de d\u00e9bit VISA et Mastercard, <a href=\"\/fr\/options-dachat\/methodes-de-paiement-bitcoin\/\">Bitcoin<\/a>, Skrill, Neteller, <a href=\"\/fr\/options-dachat\/paysafecard\/\">PaySafeCard<\/a>, et la liste est longue.<\/p>\n\n\n\n<p>Avec l&#8217;avantage suppl\u00e9mentaire de r\u00e9compenses et de bonus de fid\u00e9lit\u00e9 et des frais extr\u00eamement bas, MuchBetter offre un fournisseur de paiement vraiment bien meilleur pour les jeunes de c\u0153ur qui souhaitent se simplifier la vie.<\/p>\n\n\n\n<h2 class=\"wp-block-heading\">Faire des D\u00e9p\u00f4ts de Casino avec MuchBetter<\/h2>\n\n\n\n<p>Pour effectuer votre d\u00e9p\u00f4t dans l&#8217;un de nos casinos MuchBetter pr\u00e9sent\u00e9s, inscrivez-vous ou connectez-vous, puis \u00e0 la caisse, s\u00e9lectionnez MuchBetter comme m\u00e9thode de d\u00e9p\u00f4t pr\u00e9f\u00e9r\u00e9e. Entrez votre num\u00e9ro de t\u00e9l\u00e9phone dans le bon format, l&#8217;indicatif du pays d&#8217;abord, puis votre num\u00e9ro de t\u00e9l\u00e9phone, et ensuite vous recevrez un message via votre application MuchBetter, et une fois approuv\u00e9, vous \u00eates pr\u00eat \u00e0 jouer.<\/p>\n\n\n\n<p>Le fournisseur de services de paiement traite les transactions instantan\u00e9ment, ce qui signifie qu&#8217;un destinataire poss\u00e9dant un compte MuchBetter enti\u00e8rement v\u00e9rifi\u00e9 remarque imm\u00e9diatement les fonds entrants et est cr\u00e9dit\u00e9 simultan\u00e9ment. Pour retirer vos gains, \u00e0 la caisse demandez votre retrait \u00e0 votre num\u00e9ro de t\u00e9l\u00e9phone, et d\u00e8s que l&#8217;op\u00e9rateur du casino traitera votre demande, vous recevrez une notification, et pourrez alors retirer.<\/p>\n\n\n\n<h2 class=\"wp-block-heading\">Comment ouvrir un compte avec MuchBetter<\/h2>\n\n\n\n<p>Lier votre compte casino \u00e0 MuchBetter est simple, et vous n&#8217;aurez aucun souci \u00e0 vous faire. La premi\u00e8re \u00e9tape consiste \u00e0 installer l&#8217;application sur votre appareil mobile. Vous pouvez le faire depuis l&#8217;App Store si vous avez un appareil iOS, ou Google Play, pour tous les appareils Android. Le t\u00e9l\u00e9chargement est enti\u00e8rement gratuit et l&#8217;installation ne prend que quelques secondes. Suivez les instructions, et ce sera un jeu d&#8217;enfant.<\/p>\n\n\n\n<p>L&#8217;\u00e9tape suivante est de choisir un porte-monnaie \u00e9lectronique ou une carte de d\u00e9bit\/cr\u00e9dit pour transf\u00e9rer de l&#8217;argent sur votre compte MuchBetter. En fonction de votre localisation, MuchBetter vous offre un large choix de fournisseurs bancaires \u00e0 relier \u00e0 votre compte MuchBetter. Les fournisseurs les plus utilis\u00e9s incluent les transferts bancaires, les cartes de d\u00e9bit ou de cr\u00e9dit, Bitcoin, SOFORT, iDebit, Giropay, Trustly, <a href=\"\/fr\/options-dachat\/interac\/\">Interac<\/a>, et quelques autres.<\/p>\n\n\n\n<p>Une fois que vous avez ajout\u00e9 des fonds sur votre compte MuchBetter, d\u00e9posez imm\u00e9diatement \u00e0 la caisse du casino en ligne. Le processus est automatis\u00e9, alors suivez les instructions, et ce sera un jeu d&#8217;enfant, mais si vous rencontrez des difficult\u00e9s, contactez l&#8217;\u00e9quipe d&#8217;assistance \u00e0 la client\u00e8le. Ils vous aideront \u00e0 finaliser le processus de d\u00e9p\u00f4t ou de retrait. Vous recevrez un SMS avec un code de v\u00e9rification de MuchBetter, et celui-ci vous sera toujours envoy\u00e9 au pr\u00e9alable pour autoriser tout paiement, une mesure de s\u00e9curit\u00e9 suppl\u00e9mentaire.<\/p>\n\n\n\n<h2 class=\"wp-block-heading\">R\u00e9sum\u00e9 de MuchBetter Casinos<\/h2>\n\n\n\n<p>Si vous n&#8217;\u00eates toujours pas s\u00fbr que les casinos MuchBetter r\u00e9pondront \u00e0 tous vos besoins en mati\u00e8re de jeux en ligne, alors consid\u00e9rez ceci. Avec chaque $100 que vous d\u00e9posez sur votre compte personnel MuchBetter, vous recevrez des points de r\u00e9compense, et une fois que vous en aurez accumul\u00e9 suffisamment, vous pourrez changer ces points en argent r\u00e9el. Les membres de MuchBetter participent \u00e9galement \u00e0 un tirage au sort annuel o\u00f9 quatre personnes chanceuses gagnent une part du prix en esp\u00e8ces de 12 500 $ qui est offert. Comme bonus suppl\u00e9mentaire, tous les points que vous avez accumul\u00e9s la semaine pr\u00e9c\u00e9dente sont plac\u00e9s dans un tirage au sort pour des r\u00e9compenses fantastiques qui incluent des prix en esp\u00e8ces jusqu&#8217;\u00e0 100 $.<\/p>\n","protected":false},"excerpt":{"rendered":"<p>MuchBetter est un fournisseur de paiement en ligne avec les frais de porte-monnaie \u00e9lectronique les plus bas qui permet des transactions rapides et en temps r\u00e9el sur vos casinos en ligne pr\u00e9f\u00e9r\u00e9s. Disponible pour les joueurs du Canada, de l&#8217;Allemagne, de la Su\u00e8de, de l&#8217;Inde, de la Pologne, du Royaume-Uni, de la Norv\u00e8ge, et plus [&hellip;]<\/p>\n","protected":false},"author":11,"featured_media":6120,"parent":98,"menu_order":0,"comment_status":"closed","ping_status":"closed","template":"","meta":{"_acf_changed":false,"footnotes":""},"class_list":["post-6119","page","type-page","status-publish","has-post-thumbnail","hentry"],"acf":[],"_links":{"self":[{"href":"https:\/\/www.minimumdepositcasinos.org\/fr\/wp-json\/wp\/v2\/pages\/6119","targetHints":{"allow":["GET"]}}],"collection":[{"href":"https:\/\/www.minimumdepositcasinos.org\/fr\/wp-json\/wp\/v2\/pages"}],"about":[{"href":"https:\/\/www.minimumdepositcasinos.org\/fr\/wp-json\/wp\/v2\/types\/page"}],"author":[{"embeddable":true,"href":"https:\/\/www.minimumdepositcasinos.org\/fr\/wp-json\/wp\/v2\/users\/11"}],"replies":[{"embeddable":true,"href":"https:\/\/www.minimumdepositcasinos.org\/fr\/wp-json\/wp\/v2\/comments?post=6119"}],"version-history":[{"count":5,"href":"https:\/\/www.minimumdepositcasinos.org\/fr\/wp-json\/wp\/v2\/pages\/6119\/revisions"}],"predecessor-version":[{"id":12181,"href":"https:\/\/www.minimumdepositcasinos.org\/fr\/wp-json\/wp\/v2\/pages\/6119\/revisions\/12181"}],"up":[{"embeddable":true,"href":"https:\/\/www.minimumdepositcasinos.org\/fr\/wp-json\/wp\/v2\/pages\/98"}],"wp:featuredmedia":[{"embeddable":true,"href":"https:\/\/www.minimumdepositcasinos.org\/fr\/wp-json\/wp\/v2\/media\/6120"}],"wp:attachment":[{"href":"https:\/\/www.minimumdepositcasinos.org\/fr\/wp-json\/wp\/v2\/media?parent=6119"}],"curies":[{"name":"wp","href":"https:\/\/api.w.org\/{rel}","templated":true}]}}