{"id":62,"date":"2018-08-23T10:57:14","date_gmt":"2018-08-23T09:57:14","guid":{"rendered":"https:\/\/www.minimumdepositcasinos.org\/fr\/?page_id=62"},"modified":"2019-10-31T13:49:29","modified_gmt":"2019-10-31T13:49:29","slug":"blackjack","status":"publish","type":"page","link":"https:\/\/www.minimumdepositcasinos.org\/fr\/jeux\/blackjack\/","title":{"rendered":"Blackjack"},"content":{"rendered":"<h1>Les jeux de Blackjack en ligne aux Casinos de d\u00e9p\u00f4t Minimum<\/h1>\n<p><img loading=\"lazy\" decoding=\"async\" class=\"size-medium wp-image-63 alignright\" src=\"\/fr\/wp-content\/uploads\/2018\/08\/Casino-Gams-300x214.jpg\" alt=\"Blackjack\" width=\"300\" height=\"214\" srcset=\"https:\/\/www.minimumdepositcasinos.org\/fr\/wp-content\/uploads\/2018\/08\/Casino-Gams-300x214.jpg 300w, https:\/\/www.minimumdepositcasinos.org\/fr\/wp-content\/uploads\/2018\/08\/Casino-Gams.jpg 720w\" sizes=\"auto, (max-width: 300px) 100vw, 300px\" \/><\/p>\n<p>Le jeu de Blackjack en ligne est un jeu de casino en ligne fantastique et il gagne en popularit\u00e9 de plus en plus, surtout avec l\u2019av\u00e8nement des jeux \u2018Live Dealer\u2019.<br \/>\nSi vous \u00eates un joueur exp\u00e9riment\u00e9 dans les casinos, vous aurez probablement classer Blackjack parmi les jeux de casino plus grandes histoire jamais. C\u2019est ce grand m\u00e9lange d\u2019un jeu facile mais \u00e9galement o\u00f9 vous pouvez utiliser un peu de comp\u00e9tence ou de strat\u00e9gie pour l\u2019emporter.<br \/>\nIci aux Casinos de d\u00e9p\u00f4t Minimum, nous avons mis en place un petit guide pour vous aider \u00e0 ramasser les r\u00e8gles du jeu comme une strat\u00e9gie de base qui vous aidera \u00e0 battre le croupier.<\/p>\n<h2>C\u2019est ce qui explique comment y jouer\u2026<\/h2>\n<p>Si vous \u00eates surpris par le nombre de personnes bachotage des tables de Blackjack dans les casinos, ne soyez pas. Il s\u2019agit d\u2019un jeu si facile \u00e0 jouer\u202f! L\u2019id\u00e9e principale est d\u2019obtenir que pr\u00e8s de 21 que possible, sans le d\u00e9passer. Vous voulez aussi avoir une main plus forte que celle du croupier. Celui qui d\u00e9passe 21 bustes tout d\u2019abord, le jeu. Voil\u00e0 comment elle est jou\u00e9e\u202f:<\/p>\n<p><strong>1. <\/strong>Vous recevrez deux cartes, avec leur valeur vers le haut. Le croupier se chargera aussi de deux cartes : la valeur l&#8217;une vers le haut et l&#8217;autre vers le bas.<\/p>\n<p><strong>2. <\/strong>Vous devrez prendre une d\u00e9cision avec les deux cartes qui vous sont remises\u202f:<\/p>\n<ul>\n<li>HIT-Le concessionnaire vous donnera une autre carte<\/li>\n<li>STAND-Dites au croupier de passer au joueur suivant et gardez ce que vous avez<\/li>\n<li>PLIT-Convertir ce que vous avez en deux mains s\u00e9par\u00e9es<\/li>\n<li>DOUBLE BAS &#8211; Vous recevrez une autre carte sans possibilit\u00e9 d&#8217;en prendre d&#8217;autres.<\/li>\n<\/ul>\n<p><strong>3.<\/strong> Si votre main est \u00e9valu\u00e9e \u00e0 21 ou moins, vous restez dans la partie.<\/p>\n<p><strong>4.<\/strong> Une fois que tout le monde \u00e0 la table a pris sa d\u00e9cision, le croupier montrera la valeur de sa carte face cach\u00e9e.<\/p>\n<p>Apr\u00e8s cette main, plusieurs autres options sont disponibles :<\/p>\n<ul>\n<li>BLACKJACK : arrive quand vous frappez 21.<\/li>\n<li>ASSURANCE &#8211; Ceci est pris pour prot\u00e9ger le joueur si le croupier a un as sur sa carte face visible.<\/li>\n<li>REMISE-Si vous n&#8217;aimez pas votre main, vous pouvez en abandonner la moiti\u00e9<\/li>\n<li>SOFT 17 &#8211; C&#8217;est quand la main du croupier a un as dedans. Un croupier devra tirer une autre carte si ses cartes totalisent 17.<\/li>\n<li>PRENDRE M\u00caME DE L\u2019ARGENT : par hasard, si vous touchez un blackjack, et que votre croupier a un as, vous l&#8217;\u00e9galerez s&#8217;il a aussi un blackjack. Pour \u00e9viter le risque de perdre, choisissez de prendre m\u00eame l&#8217;argent et \u00eatre pay\u00e9 1 : 1.<\/li>\n<li>DOUBLE BAS &#8211; Il se peut que ce ne soit pas le meilleur coup pour une valeur ne totalisant pas 10 ou 11.<\/li>\n<\/ul>\n<h3>Les options du jeu\u202f:<\/h3>\n<p><strong>\u2018Perfect Blackjack\u2019 <\/strong>: Cela se produit lorsque le joueur a une parfaite paire de cartes dans le m\u00eame costume. Le paiement peut \u00eatre aussi \u00e9lev\u00e9 que 25 \u00e0 1.<\/p>\n<p><strong>\u2018Blackjack Switch\u2019 : <\/strong> Un joueur a la chance de jouer deux mains simultan\u00e9ment, et peut changer la premi\u00e8re carte de l&#8217;une des deux mains pour avancer leurs possibilit\u00e9s de gain.<\/p>\n<p><strong>\u2018Blackjack Surrender\u2019 : <\/strong> Dans ce jeu, vous avez la possibilit\u00e9 de rendre votre main apr\u00e8s que les deux premi\u00e8res cartes ont \u00e9t\u00e9 distribu\u00e9es. Dans ce cas, vous r\u00e9cup\u00e9rerez la moiti\u00e9 de votre mise.<\/p>\n<h3>Les r\u00e8gles du jeu\u202f:<\/h3>\n<ul>\n<li>Le Blackjack exige que tout votre argent soit vu par les cam\u00e9ras, alors placez ce que vous pariez en dehors de votre emplacement de pari et sp\u00e9cifiez la d\u00e9nomination que vous voulez.<\/li>\n<li>\u00c9vitez les objets inutiles comme des sacs ou des portefeuilles sur la table. Vous pouvez apporter un verre \u00e0 la table mais utiliser un support mis \u00e0 disposition par le casino.<\/li>\n<li>Assurez-vous que lorsque vous choisissez les cartes, vous n&#8217;utilisez qu&#8217;une main, pas deux.<\/li>\n<li>Ne touchez pas les cartes lorsque le croupier les place sur la table. Le visage des cartes est g\u00e9n\u00e9ralement en hausse, de sorte que le croupier annoncera facilement la valeur appartenant \u00e0 chaque joueur. Gardez votre pari sur la table jusqu&#8217;\u00e0 ce que vous gagnez ou perdez.<\/li>\n<li>Communiquez avec le concessionnaire en utilisant des signaux manuels plut\u00f4t que de crier ce que vous voulez. Les cam\u00e9ras de s\u00e9curit\u00e9 sont toujours \u00e0 l&#8217;aff\u00fbt des casinos pour s&#8217;assurer que vos signaux manuels correspondent \u00e0 ce que vous voulez faire.<\/li>\n<li>Ne donnez pas de conseils \u00e0 vos compagnons sur la fa\u00e7on dont ils doivent placer leurs mises. \u00c0 moins que vous ne le demandiez, laissez votre voisin jouer comme il le souhaite.<\/li>\n<\/ul>\n<h3>Comment on joue pour gagner\u202f:<\/h3>\n<p>Assurez-vous de bien comprendre le jeu avant de jouer. La plupart des joueurs perdent de l&#8217;argent parce qu&#8217;ils ne sont pas enti\u00e8rement familiers avec les r\u00e8gles du jeu. Diff\u00e9rents types de jeu auront certaines r\u00e8gles, d\u00e9terminant si vous allez gagner ou perdre. Alors, n&#8217;h\u00e9sitez pas \u00e0 v\u00e9rifier les jeux et essayer quelques-uns d&#8217;entre eux avant de parier avec de l&#8217;argent r\u00e9el.<br \/>\nUn point \u00e0 noter est la valeur des cartes au blackjack. Les cartes comme K, Q, J et 10 sont \u00e9valu\u00e9es \u00e0 10 points, et les images sur leur visage n&#8217;ajoutent aucune valeur \u00e0 la carte. Les as ont une valeur significative, car ils peuvent \u00eatre \u00e9valu\u00e9s \u00e0 1 ou \u00e0 11 selon ce qui ajoutera le plus de valeur dans votre situation.<\/p>\n<h3>Encore, plus de conseils\u202f:<\/h3>\n<p>Il est bon de compter la valeur de vos cartes au Blackjack, mais n&#8217;utilisez pas une calculatrice ou tout autre gadget. Fais le calcul dans ta t\u00eate. Voici comment faire:<\/p>\n<ul>\n<li>Vous utiliserez -1, 0 ou +1 pour compter. En recevant vos cartes, commencez votre compte \u00e0 0, et changez la valeur quand les cartes touchent le feutre. Si un 3 frappe, ajoutez 1, si un 6 frappe, ajoutez un autre 1 et si 10 coups, soustrayez 1.<\/li>\n<li>Cherchez le nombre de cartes qui frappent la table, en particulier de jouer \u00e0 une table de casino par rapport \u00e0 en ligne.<\/li>\n<li>R\u00e9initialisez votre compte une fois que toutes les 52 cartes d&#8217;un jeu ont \u00e9t\u00e9 touch\u00e9es. Pour ce faire, prenez votre compte et plongez-le avec le nombre de ponts restant dans la chaussure.<\/li>\n<\/ul>\n<h3>Le POURCENTAGE DE PAIEMENT<\/h3>\n<p>Le Blackjack n&#8217;est pas seulement un jeu de hasard. Cela n\u00e9cessite de la comp\u00e9tence. Les joueurs intelligents ont une chose pour les jeux de blackjack. C&#8217;est parce que c&#8217;est le jeu avec le moins de marge de la maison par rapport \u00e0 tous les autres jeux de casino qui sont jou\u00e9s en ligne. En utilisant des m\u00e9thodes sp\u00e9cifiques, un joueur peut faire pencher la balance en sa faveur. Ceci est une caract\u00e9ristique rare pour d&#8217;autres jeux. Avec la bonne strat\u00e9gie, vous pouvez r\u00e9duire l&#8217;avantage du casino \u00e0 presque z\u00e9ro.<\/p>\n<h3>La s\u00e9curit\u00e9\u202f:<\/h3>\n<p>Est-ce que tous les casinos sont fiables? Pas exactement. Savoir pr\u00e9cis\u00e9ment qui fournit pour le jeu. Certains casinos sont r\u00e9ticents \u00e0 payer apr\u00e8s une grosse victoire. Assurez-vous que celui que vous choisissez poss\u00e8de une licence valide et sont r\u00e9glement\u00e9.<\/p>\n","protected":false},"excerpt":{"rendered":"<p>Les jeux de Blackjack en ligne aux Casinos de d\u00e9p\u00f4t Minimum Le jeu de Blackjack en ligne est un jeu de casino en ligne fantastique et il gagne en popularit\u00e9 de plus en plus, surtout avec l\u2019av\u00e8nement des jeux \u2018Live Dealer\u2019. Si vous \u00eates un joueur exp\u00e9riment\u00e9 dans les casinos, vous aurez probablement classer Blackjack [&hellip;]<\/p>\n","protected":false},"author":1,"featured_media":2899,"parent":68,"menu_order":0,"comment_status":"closed","ping_status":"closed","template":"","meta":{"_acf_changed":false,"footnotes":""},"class_list":["post-62","page","type-page","status-publish","has-post-thumbnail","hentry"],"acf":[],"_links":{"self":[{"href":"https:\/\/www.minimumdepositcasinos.org\/fr\/wp-json\/wp\/v2\/pages\/62","targetHints":{"allow":["GET"]}}],"collection":[{"href":"https:\/\/www.minimumdepositcasinos.org\/fr\/wp-json\/wp\/v2\/pages"}],"about":[{"href":"https:\/\/www.minimumdepositcasinos.org\/fr\/wp-json\/wp\/v2\/types\/page"}],"author":[{"embeddable":true,"href":"https:\/\/www.minimumdepositcasinos.org\/fr\/wp-json\/wp\/v2\/users\/1"}],"replies":[{"embeddable":true,"href":"https:\/\/www.minimumdepositcasinos.org\/fr\/wp-json\/wp\/v2\/comments?post=62"}],"version-history":[{"count":2,"href":"https:\/\/www.minimumdepositcasinos.org\/fr\/wp-json\/wp\/v2\/pages\/62\/revisions"}],"predecessor-version":[{"id":2906,"href":"https:\/\/www.minimumdepositcasinos.org\/fr\/wp-json\/wp\/v2\/pages\/62\/revisions\/2906"}],"up":[{"embeddable":true,"href":"https:\/\/www.minimumdepositcasinos.org\/fr\/wp-json\/wp\/v2\/pages\/68"}],"wp:featuredmedia":[{"embeddable":true,"href":"https:\/\/www.minimumdepositcasinos.org\/fr\/wp-json\/wp\/v2\/media\/2899"}],"wp:attachment":[{"href":"https:\/\/www.minimumdepositcasinos.org\/fr\/wp-json\/wp\/v2\/media?parent=62"}],"curies":[{"name":"wp","href":"https:\/\/api.w.org\/{rel}","templated":true}]}}