{"id":7025,"date":"2022-03-29T12:06:48","date_gmt":"2022-03-29T12:06:48","guid":{"rendered":"https:\/\/www.minimumdepositcasinos.org\/fr\/?page_id=7025"},"modified":"2024-06-26T14:16:48","modified_gmt":"2024-06-26T14:16:48","slug":"ontario-casinos","status":"publish","type":"page","link":"https:\/\/www.minimumdepositcasinos.org\/fr\/ontario-casinos\/","title":{"rendered":"Ontario Casinos"},"content":{"rendered":"\n<p><a href=\"\/fr\/\">Les casinos canadiens \u00e0 d\u00e9p\u00f4t minimum<\/a> que nous recommandons sont parfaits pour ceux qui souhaitent explorer les d\u00e9tails et voir comment les casinos fonctionnent en action. Ce qui rend cette exp\u00e9rience encore plus agr\u00e9able, c&#8217;est qu&#8217;il existe une multitude d&#8217;options parmi lesquelles choisir. Alors, n&#8217;h\u00e9sitez pas \u00e0 continuer \u00e0 lire pour d\u00e9couvrir toutes les possibilit\u00e9s qui s&#8217;offrent \u00e0 vous.<\/p>\n\n\n\n<h2 class=\"wp-block-heading\">Les Meilleurs Casinos \u00e0 D\u00e9p\u00f4t Minimum en Ontario<\/h2>\n\n\n\n<p>D\u00e9sormais, tout le monde a la possibilit\u00e9 de se lancer dans les jeux de casino en ligne avec de l&#8217;argent r\u00e9el. Les meilleurs <a href=\"\/fr\/cad-casinos\/\">casinos en ligne acceptant les dollars canadiens<\/a> sont l&#8217;endroit id\u00e9al pour d\u00e9buter dans le monde des jeux en ligne. Ils sont particuli\u00e8rement adapt\u00e9s aux d\u00e9butants et aux nouveaux joueurs qui ne souhaitent pas effectuer de d\u00e9p\u00f4ts importants initialement, mais qui aiment n\u00e9anmoins prendre des risques. La plupart des sites de jeux canadiens exigent un d\u00e9p\u00f4t cons\u00e9quent avant qu&#8217;un joueur puisse s&#8217;inscrire ou choisir un jeu. Cependant, il existe quelques services de casino en ligne de haute qualit\u00e9, proposant des d\u00e9p\u00f4ts minimaux, qui permettent de jouer sans encourir de pertes financi\u00e8res importantes.<\/p>\n\n\n\n<h2 class=\"wp-block-heading\">Casinos \u00e0 1$ en Ontario<\/h2>\n\n\n\n<p>Connectez-vous \u00e0 l&#8217;un de nos casinos en Ontario acceptant un <a href=\"\/fr\/1-de-depot-minimum\/\">d\u00e9p\u00f4t de seulement C$1<\/a> et d\u00e9couvrez une exp\u00e9rience de jeu exceptionnelle sur votre ordinateur de bureau ou votre appareil mobile. Profitez d&#8217;une s\u00e9lection impressionnante de machines \u00e0 sous et de jeux de table de premier ordre, d\u00e9velopp\u00e9s par des fournisseurs renomm\u00e9s \u00e0 l&#8217;\u00e9chelle mondiale. Nos casinos \u00e0 d\u00e9p\u00f4t de C$1 sont autoris\u00e9s \u00e0 accueillir les joueurs en Ontario et offrent des bonus en argent r\u00e9el qui ajoutent une valeur consid\u00e9rable \u00e0 votre exp\u00e9rience de jeu. Vous aurez acc\u00e8s \u00e0 une vaste collection de jeux allant des machines \u00e0 sous de qualit\u00e9 sup\u00e9rieure aux variantes de poker, de blackjack et de roulette, en passant par les jackpots progressifs, les jeux de vid\u00e9o poker, les jeux de bingo, et bien d&#8217;autres options pour vous divertir en ligne. Les nouveaux joueurs sont chaleureusement accueillis avec de g\u00e9n\u00e9reuses r\u00e9compenses et avantages qui valorisent leurs d\u00e9p\u00f4ts en argent r\u00e9el. De plus, pour une assistance pratique, notre \u00e9quipe client\u00e8le est disponible 24h\/24 et 7j\/7 via une fonction de chat en direct en temps r\u00e9el. Profitez de l&#8217;excitation du jeu en ligne et explorez nos casinos \u00e0 faible d\u00e9p\u00f4t d\u00e8s maintenant !<\/p>\n\n\n\n<h2 class=\"wp-block-heading\">Casinos \u00e0 5$ en Ontario<\/h2>\n\n\n\n<p>L&#8217;ann\u00e9e 2022 a \u00e9t\u00e9 une p\u00e9riode exceptionnelle pour les <a href=\"\/fr\/5-de-depot-minimum\/\">casinos avec un d\u00e9p\u00f4t de seulement 5 $<\/a>. Avec les pr\u00e9occupations et le stress li\u00e9s \u00e0 la pand\u00e9mie mondiale, de nombreuses personnes ont d\u00e9couvert les jeux de machines \u00e0 sous et de casino en ligne comme une source de divertissement amusante et captivante. La possibilit\u00e9 de d\u00e9poser aussi peu que 5 $ rend le jeu en ligne abordable et accessible \u00e0 tous. Que vous vous connectiez depuis un ordinateur de bureau, une tablette ou un appareil mobile, nos casinos \u00e0 5 $ de d\u00e9p\u00f4t en Ontario vous offrent une exp\u00e9rience de jeu de la plus haute qualit\u00e9. Vous pourrez profiter d&#8217;une large s\u00e9lection de machines \u00e0 sous, de jeux de table tels que le poker, le blackjack et la roulette, des jeux de cartes \u00e0 gratter, des jeux de casino en direct, des jackpots progressifs, des vid\u00e9o-pokers et des jeux de bingo. Nos casinos en ligne \u00e0 d\u00e9p\u00f4t de 5 $ en Ontario vous proposent des jeux en argent r\u00e9el qui sont \u00e9quitables, l\u00e9gaux et r\u00e9glement\u00e9s. De plus, nous vous offrons une belle vari\u00e9t\u00e9 de casinos sportifs qui combinent jeux de casino et plateforme de paris sportifs, le tout en un seul endroit pratique. Rejoignez-nous d\u00e8s maintenant pour vivre une exp\u00e9rience de jeu passionnante et profitez de tous les avantages offerts par nos casinos \u00e0 faible d\u00e9p\u00f4t.<\/p>\n\n\n\n<h2 class=\"wp-block-heading\">Casinos \u00e0 10$ en Ontario<\/h2>\n\n\n\n<p>Saviez-vous que vous pouvez d\u00e9sormais trouver des casinos \u00e0 10$ en Ontario \u00e9galement? Le Canada n&#8217;est jamais loin de suivre les tendances de l&#8217;industrie du jeu en ligne. Si vous avez les yeux riv\u00e9s sur un casino \u00e0 10$ en Ontario, recherchez des casinos comme Betsafe casino, CasiGo, Genesis Casino, 888 Casino, PlayOJO, Jackpot City, et bien d&#8217;autres.<\/p>\n\n\n\n<p>Il s&#8217;agit de quelques-uns des <a href=\"\/fr\/10-de-depot-minimum\/\">casinos \u00e0 d\u00e9p\u00f4t de 10$<\/a> bien connus en Ontario, CA. Chacun de ces casinos en ligne est connu pour son bonus de bienvenue, son pourcentage de paiement, ses bonus de tours gratuits, son cashback, et bien plus encore. Interac est la m\u00e9thode de paiement en ligne la plus utilis\u00e9e en Ontario. Tentez votre chance maintenant!<\/p>\n\n\n\n<h2 class=\"wp-block-heading\">Bonus dans les casinos de l&#8217;Ontario<\/h2>\n\n\n\n<p>Les casinos \u00e0 d\u00e9p\u00f4t minimum au Canada offrent une exp\u00e9rience de jeu passionnante et rendent les jeux d&#8217;argent encore plus divertissants pour les joueurs. Ces plateformes regorgent d&#8217;incitations et de promotions attrayantes qui peuvent vous aider \u00e0 maximiser vos gains. Lorsque vous jouez \u00e0 des jeux en argent r\u00e9el dans n&#8217;importe quel casino canadien avec un d\u00e9p\u00f4t minimum de 1 $ CA, vous pouvez vous attendre \u00e0 b\u00e9n\u00e9ficier des offres de bonus suivantes :<\/p>\n\n\n\n<ul class=\"wp-block-list\">\n<li><strong>Bonus d&#8217;inscription<\/strong> &#8211; lorsque vous vous inscrivez \u00e0 un nouveau compte de casino, vous pouvez profiter d&#8217;une offre de bonus d&#8217;inscription populaire que pratiquement tous les casinos proposent de nos jours. Une combinaison de bonus en esp\u00e8ces et de tours gratuits est g\u00e9n\u00e9ralement propos\u00e9e.<\/li>\n\n\n\n<li><strong>Bonus de d\u00e9p\u00f4t<\/strong>&#8211; il s&#8217;agit d&#8217;une forme de bonus dans laquelle vous devez effectuer un d\u00e9p\u00f4t pour que l&#8217;offre soit activ\u00e9e. Les casinos en ligne vous inciteront \u00e0 effectuer un d\u00e9p\u00f4t avant de vous pr\u00e9senter leur meilleure offre.<\/li>\n\n\n\n<li><strong><a href=\"\/fr\/tours-gratuits\/\">Tours Gratuits<\/a><\/strong>&#8211; Les casinos \u00e0 faible d\u00e9p\u00f4t sont les plus courants pour trouver cette offre de bonus. Augmentez vos chances de gagner au jeu et d&#8217;accro\u00eetre vos gains \u00e0 l&#8217;aide de tours gratuits.<\/li>\n<\/ul>\n\n\n\n<h2 class=\"wp-block-heading\">M\u00e9thodes de paiement dans les Casinos de l&#8217;Ontario<\/h2>\n\n\n\n<p>Des options de paiement pour les casinos en ligne qui sont simples et pratiques sont plus vitales que jamais. En raison des avanc\u00e9es technologiques de ces derni\u00e8res ann\u00e9es, nous nous sommes acclimat\u00e9s \u00e0 un mode de vie particulier. Nous voulons que tout soit rapide et direct, ce qui est particuli\u00e8rement vrai lorsqu&#8217;il s&#8217;agit de transactions en ligne. En ce qui concerne les options de paiement pour le march\u00e9 Canadien, il existe une grande vari\u00e9t\u00e9 d&#8217;options disponibles et, avouons-le, certaines sont meilleures que d&#8217;autres.<\/p>\n\n\n\n<p>Lorsque vous choisissez un casino en ligne, il est essentiel de tenir compte de la diversit\u00e9 des options de paiement qu&#8217;il propose aux joueurs. Chaque casino en ligne offre une s\u00e9lection vari\u00e9e d&#8217;options de d\u00e9p\u00f4t et de retrait. Les d\u00e9lais, les frais et la s\u00e9curit\u00e9 des retraits peuvent varier en fonction de la m\u00e9thode de paiement utilis\u00e9e pour effectuer la transaction. Il est donc important de v\u00e9rifier si le casino en ligne que vous choisissez accepte l&#8217;option de paiement qui correspond le mieux \u00e0 vos besoins. En choisissant un casino qui prend en charge votre m\u00e9thode de paiement pr\u00e9f\u00e9r\u00e9e, vous vous assurez une exp\u00e9rience de jeu fluide et s\u00e9curis\u00e9e.<\/p>\n\n\n\n<ul class=\"wp-block-list\">\n<li>Voici quelques-unes des options de paiement les plus populaires dans les casinos de l&#8217;Ontario:<\/li>\n\n\n\n<li>Portefeuilles \u00e9lectroniques &#8211; Interac, ecoPayz et MuchBetter, PayPal, Skrill, Neteller<\/li>\n\n\n\n<li>Cryptocurrency &#8211; Bitcoin, Ethereum<\/li>\n\n\n\n<li>Carte de cr\u00e9dit\/d\u00e9bit &#8211; VISA, Mastercard<\/li>\n\n\n\n<li>Ch\u00e8que \u00e9lectronique<\/li>\n\n\n\n<li>Virement bancaire<\/li>\n<\/ul>\n\n\n\n<h2 class=\"wp-block-heading\">Casinos Brick et Mortar en Ontario<\/h2>\n\n\n\n<p>Vous avez de la chance si vous \u00eates \u00e0 la recherche de casinos de classe mondiale en Ontario. Vous d\u00e9couvrirez une s\u00e9lection exceptionnelle de casinos ontariens de type brique et mortier qui r\u00e9pondent \u00e0 votre budget et \u00e0 vos go\u00fbts en mati\u00e8re de jeux, dont certains sont ouverts 24 heures sur 24. Avec des milliers de pieds carr\u00e9s de divertissement, des logements opulents, des th\u00e9\u00e2tres et une pl\u00e9thore d&#8217;options alimentaires populaires, la ville est une ruche d&#8217;activit\u00e9s.<\/p>\n\n\n\n<ul class=\"wp-block-list\">\n<li><strong>Rama casino, +1-705-329-3325, 5899 Rama Rd Rama, Ontario L3V 6H6<\/strong>.<\/li>\n<\/ul>\n\n\n\n<p>Le casino Rama est l&#8217;un des \u00e9tablissements les plus pris\u00e9s par les amateurs de jeux de casino. Appartenant et exploit\u00e9 par Penn National Gaming Inc., il est situ\u00e9 sur la r\u00e9serve de la Premi\u00e8re Nation Mnjikaning. Avec ses 100 tables de jeu, 12 tables de poker et 25 000 machines \u00e0 sous, le Rama Casino offre une exp\u00e9rience de jeu incomparable. Les passionn\u00e9s de machines \u00e0 sous sont attir\u00e9s par l&#8217;excitation des jeux qui peuvent changer leur vie en un instant. En ce qui concerne la restauration, le casino propose un choix exceptionnel de onze restaurants et pubs, offrant une vari\u00e9t\u00e9 de d\u00e9lices culinaires pour satisfaire tous les go\u00fbts. Si vous souhaitez prolonger votre s\u00e9jour, vous trouverez \u00e9galement d&#8217;excellentes options d&#8217;h\u00e9bergement pour passer une nuit reposante. Les h\u00f4tels proposent des chambres et des suites dot\u00e9es de commodit\u00e9s modernes qui garantissent un s\u00e9jour confortable et agr\u00e9able. Vous pouvez vous d\u00e9tendre et profiter de toutes les installations disponibles, rendant votre exp\u00e9rience au casino Rama encore plus m\u00e9morable.<\/p>\n\n\n\n<ul class=\"wp-block-list\">\n<li><strong>Cascades Casino Chatham, +1 226-296-0309, 615 Richmond St Chatham, ON N7M 1R2<\/strong><\/li>\n<\/ul>\n\n\n\n<p>Le Cascades Casino est id\u00e9al, entour\u00e9 de nombreux caf\u00e9s et restaurants. La structure suivante est un h\u00f4tel dont le nom est mondialement connu. Par cons\u00e9quent, il sera en mesure de vous fournir tous les services dont vous avez besoin. Les voyageurs d&#8217;affaires appr\u00e9cieront la proximit\u00e9 du centre de conf\u00e9rence de l&#8217;h\u00f4tel. En ce qui concerne les jeux d&#8217;argent, le complexe propose tous les passe-temps populaires: tables et machines \u00e0 sous. Ces derni\u00e8res peuvent \u00eatre d\u00e9crites comme suit: &#8220;350 machines, toutes les d\u00e9nominations, les bobines les plus populaires, ainsi que les plus r\u00e9centes&#8221;. Les tables sont l\u00e9g\u00e8rement plus restreintes. N\u00e9anmoins, cela n&#8217;enl\u00e8ve rien \u00e0 leur attrait.<\/p>\n\n\n\n<ul class=\"wp-block-list\">\n<li><strong>Shorelines casino, +1-613-382-6800, 380 Highway 2 Gananoque Ontario K7G 2V4<\/strong><\/li>\n<\/ul>\n\n\n\n<p>Le Thousand Islands Casino, situ\u00e9 \u00e0 Gananoque, est un endroit agr\u00e9able avec 480 machines \u00e0 sous diff\u00e9rentes dont le prix varie de 1 cent \u00e0 CA$5 par jeu, il y en a donc pour tous les go\u00fbts. Il y a vingt-six jeux de table, dont le blackjack, la roulette, le Spanish 21, le Let It Ride, et quatre tables de poker diff\u00e9rentes. Des distributeurs automatiques de billets sont disponibles sur place, et l&#8217;\u00e9tablissement dispose d&#8217;un restaurant. Des boissons non alcoolis\u00e9es sont disponibles gratuitement et un bureau de change est ouvert. En outre, l&#8217;\u00e9tablissement dispose d&#8217;une boutique de cadeaux, d&#8217;un parking gratuit et d&#8217;un acc\u00e8s accessible, ainsi que de fauteuils roulants pour les personnes qui en ont besoin.<\/p>\n\n\n\n<ul class=\"wp-block-list\">\n<li><strong>Elements Casino, <a href=\"tel:+15197525004\">+1 (519) 752-5004<\/a>, Brantford 40 Icomm Drive, Brantford ON, N3S 7S9<\/strong><\/li>\n<\/ul>\n\n\n\n<p>\u00c0 Brantford, dans l&#8217;Ontario, le Elements Casino a environ vingt ans de moins que le pr\u00e9c\u00e9dent. L&#8217;excellence du service client\u00e8le et une exp\u00e9rience de jeu unique sont donc garanties. Il serait difficile de passer \u00e0 c\u00f4t\u00e9 de l&#8217;emplacement, car le complexe se trouve au c\u0153ur de la ville, non loin des rives de la Grand River. Bien qu&#8217;il y ait de nombreux restaurants dans les environs, l&#8217;int\u00e9rieur du restaurant r\u00e9pondra sans aucun doute \u00e0 toutes vos exigences. Cet \u00e9tablissement est l&#8217;un des plus lib\u00e9raux de l&#8217;Ontario en mati\u00e8re de promotions. Tout participant a la possibilit\u00e9 de gagner un prix plus important.<\/p>\n\n\n\n<h2 class=\"wp-block-heading\">La l\u00e9gislation sur les Jeux en Ontario<\/h2>\n\n\n\n<p>L&#8217;Ontario est la province la plus peupl\u00e9e du Canada et offre une accessibilit\u00e9 sans pr\u00e9c\u00e9dent aux \u00e9tablissements de jeu l\u00e9gaux. Plus de 90% des r\u00e9sidents du sud de l&#8217;Ontario vivent \u00e0 moins d&#8217;une heure de route d&#8217;un casino. Selon les statistiques, 82,9% des adultes de la province ont particip\u00e9 \u00e0 des activit\u00e9s de jeu au cours de l&#8217;ann\u00e9e civile.<\/p>\n\n\n\n<p>Environ 25 casinos terrestres sont exploit\u00e9s en Ontario, allant d&#8217;\u00e9tablissements priv\u00e9s \u00e0 des \u00e9tablissements caritatifs g\u00e9r\u00e9s par le gouvernement. Les machines \u00e0 sous ne se trouvent pas seulement dans les casinos; on peut aussi les trouver dans les hippodromes et d&#8217;autres sites choisis. De toutes les provinces canadiennes, c&#8217;est l&#8217;Ontario qui compte le plus grand nombre de ces gadgets de jeu.<\/p>\n\n\n\n<p>L&#8217;Ontario offre aux r\u00e9sidents la possibilit\u00e9 de participer \u00e0 la loterie provinciale, g\u00e9r\u00e9e par la Soci\u00e9t\u00e9 des loteries et des jeux de l&#8217;Ontario. Avec un r\u00e9seau de loterie parmi les plus importants d&#8217;Am\u00e9rique du Nord, les recettes fiscales ont atteint plus de 3 milliards de dollars en 2011. Cette cat\u00e9gorie comprend \u00e9galement les tombolas et le bingo. La Soci\u00e9t\u00e9 des loteries et des jeux de l&#8217;Ontario est responsable de l&#8217;octroi de licences et de la gestion de plusieurs sites de bingo en ligne, qui constituent l&#8217;une des principales sources de revenus de la province.<\/p>\n\n\n\n<h2 class=\"wp-block-heading\">Support aux Casinos en ligne de l&#8217;Ontario<\/h2>\n\n\n\n<p>L&#8217;une des premi\u00e8res pr\u00e9occupations lors de l&#8217;adh\u00e9sion \u00e0 un Nouveau Casino en ligne de l&#8217;Ontario est de savoir si le casino dispose ou non d&#8217;un service client\u00e8le accessible. Lorsque vous avez un probl\u00e8me et que personne n&#8217;est disponible pour vous aider, l&#8217;avantage d&#8217;un service d&#8217;assistance efficace devient le plus \u00e9vident; cela peut \u00eatre tr\u00e8s aggravant.<\/p>\n\n\n\n<p>Le service client\u00e8le joue un r\u00f4le essentiel pour r\u00e9soudre divers probl\u00e8mes tels que les d\u00e9p\u00f4ts et retraits de fonds, l&#8217;activation des bonus et obtenir des recommandations sur les meilleures machines \u00e0 sous. Une \u00e9quipe de service client\u00e8le de qualit\u00e9 est primordiale pour garantir une exp\u00e9rience de casino agr\u00e9able et m\u00e9morable. Les joueurs doivent avoir acc\u00e8s \u00e0 plusieurs canaux de communication tels que le chat en direct, l&#8217;e-mail, le t\u00e9l\u00e9phone et les plateformes de m\u00e9dias sociaux afin d&#8217;obtenir des r\u00e9ponses \u00e0 leurs questions en tout temps.<\/p>\n\n\n\n<h2 class=\"wp-block-heading\">R\u00e9sum\u00e9<\/h2>\n\n\n\n<p>Les joueurs n&#8217;ont pas besoin de d\u00e9penser une fortune pour profiter des meilleurs jeux de casino en ligne. Les joueurs canadiens peuvent utiliser les Casinos Canada \u00e0 D\u00e9p\u00f4t Minimum pour \u00e9tirer leurs bankrolls tout en s&#8217;amusant au casino en ligne. Vous pouvez effectuer un petit d\u00e9p\u00f4t tout en ayant la possibilit\u00e9 de gagner.<\/p>\n\n\n\n<p>En tant que joueur canadien, il est essentiel de choisir des sites de jeu r\u00e9put\u00e9s o\u00f9 vous pourrez profiter de vos jeux pr\u00e9f\u00e9r\u00e9s. Les meilleurs casinos \u00e0 d\u00e9p\u00f4t minimum en Ontario offrent une vaste s\u00e9lection de machines \u00e0 sous, notamment des machines \u00e0 rouleaux, des machines vid\u00e9o et des machines progressives. Bien que les jeux d&#8217;argent soient l\u00e9gaux \u00e0 travers le Canada, les r\u00e9glementations et les restrictions concernant les jeux en ligne varient d&#8217;une province \u00e0 l&#8217;autre. Les dix provinces canadiennes, \u00e0 savoir le Nouveau-Brunswick, le Manitoba, l&#8217;Ontario, la Nouvelle-\u00c9cosse, le Qu\u00e9bec, la Colombie-Britannique, Terre-Neuve-et-Labrador, la Saskatchewan et l&#8217;\u00cele-du-Prince-\u00c9douard, ont chacune leur propre l\u00e9gislation et r\u00e9glementation en mati\u00e8re de jeux d&#8217;argent.<\/p>\n","protected":false},"excerpt":{"rendered":"<p>Les casinos canadiens \u00e0 d\u00e9p\u00f4t minimum que nous recommandons sont parfaits pour ceux qui souhaitent explorer les d\u00e9tails et voir comment les casinos fonctionnent en action. Ce qui rend cette exp\u00e9rience encore plus agr\u00e9able, c&#8217;est qu&#8217;il existe une multitude d&#8217;options parmi lesquelles choisir. Alors, n&#8217;h\u00e9sitez pas \u00e0 continuer \u00e0 lire pour d\u00e9couvrir toutes les possibilit\u00e9s [&hellip;]<\/p>\n","protected":false},"author":16,"featured_media":7032,"parent":0,"menu_order":0,"comment_status":"closed","ping_status":"closed","template":"page_money.php","meta":{"_acf_changed":false,"footnotes":""},"class_list":["post-7025","page","type-page","status-publish","has-post-thumbnail","hentry"],"acf":[],"_links":{"self":[{"href":"https:\/\/www.minimumdepositcasinos.org\/fr\/wp-json\/wp\/v2\/pages\/7025","targetHints":{"allow":["GET"]}}],"collection":[{"href":"https:\/\/www.minimumdepositcasinos.org\/fr\/wp-json\/wp\/v2\/pages"}],"about":[{"href":"https:\/\/www.minimumdepositcasinos.org\/fr\/wp-json\/wp\/v2\/types\/page"}],"author":[{"embeddable":true,"href":"https:\/\/www.minimumdepositcasinos.org\/fr\/wp-json\/wp\/v2\/users\/16"}],"replies":[{"embeddable":true,"href":"https:\/\/www.minimumdepositcasinos.org\/fr\/wp-json\/wp\/v2\/comments?post=7025"}],"version-history":[{"count":24,"href":"https:\/\/www.minimumdepositcasinos.org\/fr\/wp-json\/wp\/v2\/pages\/7025\/revisions"}],"predecessor-version":[{"id":11360,"href":"https:\/\/www.minimumdepositcasinos.org\/fr\/wp-json\/wp\/v2\/pages\/7025\/revisions\/11360"}],"wp:featuredmedia":[{"embeddable":true,"href":"https:\/\/www.minimumdepositcasinos.org\/fr\/wp-json\/wp\/v2\/media\/7032"}],"wp:attachment":[{"href":"https:\/\/www.minimumdepositcasinos.org\/fr\/wp-json\/wp\/v2\/media?parent=7025"}],"curies":[{"name":"wp","href":"https:\/\/api.w.org\/{rel}","templated":true}]}}