{"id":75,"date":"2018-08-23T11:32:15","date_gmt":"2018-08-23T10:32:15","guid":{"rendered":"https:\/\/www.minimumdepositcasinos.org\/fr\/?page_id=75"},"modified":"2024-09-19T15:03:24","modified_gmt":"2024-09-19T15:03:24","slug":"poker","status":"publish","type":"page","link":"https:\/\/www.minimumdepositcasinos.org\/fr\/jeux\/poker\/","title":{"rendered":"Poker"},"content":{"rendered":"\n<h2 class=\"wp-block-heading\">Le guide de jeux de poker en ligne pour les casinos des d\u00e9p\u00f4ts minimums.<\/h2>\n\n\n\n<p>Le poker en ligne est l&#8217;un des jeux les plus populaires disponibles pour les joueurs de casino depuis son introduction dans les ann\u00e9es 1990. L&#8217;exp\u00e9rience trouv\u00e9e au poker n&#8217;est pas comme les autres. Ce jeu a \u00e9t\u00e9 pendant longtemps et il a pris racine dans nos maisons ainsi que le casino. Jouer au poker a toujours \u00e9t\u00e9 amusant et agr\u00e9able. Mais le poker en ligne a apport\u00e9 une nouvelle exp\u00e9rience aux fans de poker. Vous n&#8217;avez plus besoin de tenir un jeu de cartes dans vos mains, vous pouvez simplement jouer avec le clic d&#8217;un bouton. Les casinos en ligne ont \u00e9galement permis aux joueurs d&#8217;acc\u00e9der au poker en ligne n&#8217;importe o\u00f9 et n&#8217;importe quand du jour ou de la nuit.<\/p>\n\n\n\n<p>Tout comme les casinos terrestres, les casinos en ligne offrent au joueur une exp\u00e9rience tout aussi inoubliable. Le casino en ligne est attrayant et a des graphismes, des th\u00e8mes, des caract\u00e9ristiques et des bonus incroyables. Les joueurs de poker en ligne se r\u00e9galent avec des tournois de poker r\u00e9els qui donnent au joueur un sentiment de comp\u00e9tition en temps r\u00e9el. Cela rend le jeu plus int\u00e9ressant et excitant. Ici, aux casinos des d\u00e9p\u00f4ts minimums, nous vous donnons un aper\u00e7u de tous les jeux de poker et de poker en ligne que vous pouvez jouer avec quelques conseils pour vous aider \u00e0 jouer une bonne main.<\/p>\n\n\n\n<h2 class=\"wp-block-heading\">Les jeux de poker en ligne<\/h2>\n\n\n\n<p><strong>1. <\/strong>Texas Hold&#8217;em Poker &#8211; c&#8217;est le jeu de poker le meilleur et le plus populaire aujourd&#8217;hui. Le jeu utilise un jeu de 52 cartes standard qui est m\u00e9lang\u00e9 \u00e0 l&#8217;avance. Les joueurs commencent avec deux cartes ferm\u00e9es chacune. Les cartes communautaires ont trois tours.<\/p>\n\n\n\n<p><strong>2.<\/strong>Omaha Poker &#8211; ce jeu est devenu tr\u00e8s populaire parmi les joueurs de poker en ligne. C&#8217;est en raison de ses nombreuses possibilit\u00e9s de combinaison de main. Le poker Omaha utilise un jeu de 52 cartes et commence avec quatre cartes ferm\u00e9es au lieu de deux.<\/p>\n\n\n\n<p><strong>3.<\/strong> Single Draw 2-7 &#8211; il est \u00e9galement connu comme Kansas City Lowball. Ce jeu de poker permet au joueur ayant la main la plus basse de gagner.<\/p>\n\n\n\n<p><strong>4. <\/strong>Triple Draw 2-7 &#8211; ce jeu de poker est incroyable car le joueur avec la meilleure main basse gagne le pot. Le tirage utilise un jeu de 52 cartes standard qui est m\u00e9lang\u00e9 avant chaque main. Cinq cartes sont distribu\u00e9es \u00e0 chaque joueur pour commencer. Le joueur a une chance de changer les cartes pour les nouvelles.<\/p>\n\n\n\n<p><strong>5.<\/strong> Razz &#8211; ce jeu a une torsion int\u00e9ressante. Pour gagner, vous devez jouer pour votre mauvaise main. Il s&#8217;agit d&#8217;une partie basse et d&#8217;une partie de 7 cartes. Le but de ce jeu est de faire la meilleure main basse de cinq cartes \u00e0 partir de sept cartes.<\/p>\n\n\n\n<p><strong>6. <\/strong>Horse &#8211; ce jeu de poker est en fait un acronyme pour : Hold&#8217;em, Omaha Hi\/ Low, Razz, Stud et Seven card stud high low.<\/p>\n\n\n\n<p><strong>7.<\/strong> 8- game Mix- il a gagn\u00e9 en popularit\u00e9 en particulier avec son \u00e9v\u00e9nement de 50.000 $ championnat H.O.R.S.E \u00e0 la World Series.<\/p>\n\n\n\n<p><strong>8. <\/strong>Badugi &#8211; ce jeu de poker draw est similaire aux jeux &#8216;lowball&#8217;. Il est jou\u00e9 avec quatre cartes de poche.<\/p>\n\n\n\n<p><strong>9.<\/strong> Seven Card Stud Poker &#8211; c&#8217;est la m\u00e8re de tous les jeux de poker. Il est venu bien avant le Texas Hold&#8217;em. Chaque joueur commence avec deux cartes ferm\u00e9es et une carte d\u00e9couverte. Il y a aussi trois autres tours de cartes avec des mises apr\u00e8s chaque carte et une derni\u00e8re carte qui est suivie d&#8217;une derni\u00e8re s\u00e9rie de mises. Chaque joueur a finalement sept cartes: quatre face visible et trois face cach\u00e9e.<\/p>\n\n\n\n<h3 class=\"wp-block-heading\">Les r\u00e8gles du poker en ligne\u202f:<\/h3>\n\n\n\n<p>Il y a des r\u00e8gles qui r\u00e9gissent la fa\u00e7on dont les parties de poker sont jou\u00e9es. Les r\u00e8gles ne sont pas toutes les m\u00eames, ce qui signifie que diff\u00e9rents jeux ont des r\u00e8gles diff\u00e9rentes. Dans les jeux de Stud, chaque personne re\u00e7oit des cartes, dont certaines sont cach\u00e9es et d&#8217;autres cach\u00e9es, alors que pour les jeux de cartes comme le Hold&#8217;em et l&#8217;Omaha, tout le monde partage une partie de la main. Dans les parties \u00e0 tirage, les joueurs re\u00e7oivent leurs propres cartes, mais peuvent en changer une ou toutes pour les nouvelles, alors que dans les parties \u00e0 haute \/ basse, le pot se situe entre les meilleures mains &#8216;hautes&#8217; et &#8216;basses&#8217;.<\/p>\n\n\n\n<h3 class=\"wp-block-heading\">CONSEILS DE POKER EN LIGNE\u202f:<\/h3>\n\n\n\n<p><strong>1.<\/strong> Le joueur doit choisir le bon jeu pour son niveau de comp\u00e9tence et aussi sa poche. C&#8217;est excitant et gratifiant si le joueur concentre son attention sur des parties plus faciles que sur des parties plus dures.<\/p>\n\n\n\n<p><strong>2.<\/strong> Toujours \u00eatre pr\u00eat \u00e0 plier plus. Prenez une pause et regroupez votre jeu. Si le joueur a une mauvaise main, ne pas y adh\u00e9rer en esp\u00e9rant qu&#8217;il changera plut\u00f4t et attendra la main suivante.<\/p>\n\n\n\n<p><strong>3. <\/strong>Le joueur doit \u00eatre concentr\u00e9 et ne pas jouer le jeu quand il est \u00e9motif, c&#8217;est parce que le joueur n&#8217;est pas dans l&#8217;esprit de jouer rationnellement. Le joueur devrait prendre le temps de se calmer s&#8217;il perd son sang-froid pendant une partie.<\/p>\n\n\n\n<p><strong>4.<\/strong> Faites attention aux autres joueurs en regardant ce qu&#8217;ils font m\u00eame si vous vous couchez, suivez \u00e0 travers le jeu pour apprendre les mod\u00e8les de joueurs.<\/p>\n\n\n\n<p><strong>5.<\/strong> Bluff occasionnellement pour garder les autres joueurs sur leurs orteils.<\/p>\n\n\n\n<p><strong>6. <\/strong>Le joueur ne devrait pas relancer s&#8217;il ne peut pas faire une relance. Parce qu&#8217;il y a une chance d\u2019\u00eatre relev\u00e9es.<\/p>\n\n\n\n<p><strong>7.<\/strong> Le joueur ne devrait pas appeler \u00e0 moins d&#8217;\u00eatre capable de relancer.<\/p>\n\n\n\n<p><strong>8.<\/strong> Le joueur devrait toujours s&#8217;amuser en jouant au poker en ligne, car m\u00eame si le jeu est destin\u00e9 au pari, le joueur peut aussi s&#8217;amuser. La partie amusante est que c&#8217;est le jeu de n&#8217;importe qui, ce qui signifie que n&#8217;importe qui peut gagner ou perdre.<\/p>\n","protected":false},"excerpt":{"rendered":"<p>Le guide de jeux de poker en ligne pour les casinos des d\u00e9p\u00f4ts minimums. Le poker en ligne est l&#8217;un des jeux les plus populaires disponibles pour les joueurs de casino depuis son introduction dans les ann\u00e9es 1990. L&#8217;exp\u00e9rience trouv\u00e9e au poker n&#8217;est pas comme les autres. Ce jeu a \u00e9t\u00e9 pendant longtemps et il [&hellip;]<\/p>\n","protected":false},"author":1,"featured_media":2901,"parent":68,"menu_order":0,"comment_status":"closed","ping_status":"closed","template":"","meta":{"_acf_changed":false,"footnotes":""},"class_list":["post-75","page","type-page","status-publish","has-post-thumbnail","hentry"],"acf":[],"_links":{"self":[{"href":"https:\/\/www.minimumdepositcasinos.org\/fr\/wp-json\/wp\/v2\/pages\/75","targetHints":{"allow":["GET"]}}],"collection":[{"href":"https:\/\/www.minimumdepositcasinos.org\/fr\/wp-json\/wp\/v2\/pages"}],"about":[{"href":"https:\/\/www.minimumdepositcasinos.org\/fr\/wp-json\/wp\/v2\/types\/page"}],"author":[{"embeddable":true,"href":"https:\/\/www.minimumdepositcasinos.org\/fr\/wp-json\/wp\/v2\/users\/1"}],"replies":[{"embeddable":true,"href":"https:\/\/www.minimumdepositcasinos.org\/fr\/wp-json\/wp\/v2\/comments?post=75"}],"version-history":[{"count":2,"href":"https:\/\/www.minimumdepositcasinos.org\/fr\/wp-json\/wp\/v2\/pages\/75\/revisions"}],"predecessor-version":[{"id":12004,"href":"https:\/\/www.minimumdepositcasinos.org\/fr\/wp-json\/wp\/v2\/pages\/75\/revisions\/12004"}],"up":[{"embeddable":true,"href":"https:\/\/www.minimumdepositcasinos.org\/fr\/wp-json\/wp\/v2\/pages\/68"}],"wp:featuredmedia":[{"embeddable":true,"href":"https:\/\/www.minimumdepositcasinos.org\/fr\/wp-json\/wp\/v2\/media\/2901"}],"wp:attachment":[{"href":"https:\/\/www.minimumdepositcasinos.org\/fr\/wp-json\/wp\/v2\/media?parent=75"}],"curies":[{"name":"wp","href":"https:\/\/api.w.org\/{rel}","templated":true}]}}