{"id":774,"date":"2019-05-16T15:43:18","date_gmt":"2019-05-16T15:43:18","guid":{"rendered":"https:\/\/www.minimumdepositcasinos.org\/fr\/?page_id=774"},"modified":"2019-10-30T10:58:10","modified_gmt":"2019-10-30T10:58:10","slug":"gate-777","status":"publish","type":"page","link":"https:\/\/www.minimumdepositcasinos.org\/fr\/revue-de-casino\/gate-777\/","title":{"rendered":"Gate 777"},"content":{"rendered":"<h2>\u00c9valuation de Gate 777 Casino<\/h2>\n<p>Lorsque vous visitez Gate 777, vous serez comme en premi\u00e8re classe. Avec son interface \u00e0 th\u00e8me d\u2019a\u00e9roport, Gate 777 traite tout le monde comme des VIP. Il y a des personnages de style anim\u00e9 \u00e0 travers le site, pour vous divertir et vous guider. Le site est facile \u00e0 naviguer avec des menus clairs et instructions, donc vous ne devriez pas \u00e0 \u00eatre confus par rapport \u00e0 ce qui est disponible comme jeux et comment jouer.<\/p>\n<p>Bien s\u00fbr, \u00e0 la fin de la journ\u00e9e, Gate 777 est un casino et il est l\u00e0 principalement pour tenter votre chance dans les machines \u00e0 sous et \u00e0 la table.<\/p>\n<p>L\u2019interface amusante et fluide \u00e0 th\u00e8me fait la promotion de l\u2019id\u00e9e que chaque visiteur est un VIP. Donc, vous pouvez vous attendre \u00e0 une exp\u00e9rience de premier ordre, non? Et bien, c\u2019est exactement ce que vous avez. Derri\u00e8re la couleur se trouvent 800 jeux, qui passent de traditionnels \u00e0 contemporains. Il y a vraiment quelque chose pour tous.<\/p>\n<p>Les jeux sont disponibles tous les bons d\u00e9veloppeurs, incluant jeux 1&#215;2, publication Adptit, Studins Bla Bla, Colossus Bets, Dtech Gaming, Evolution Gamin, Fortune Factory Studios, Inspired Gaming, Kalamba, Magic Dreams, Microgaming, NetEnt, PlaynGo, Quickspin, Red Tiger, Sigma Gaming, Thunderkick, Wild Streak, Yoloplay et bien plus. Donc, vous jouerez \u00e0 des jeux avec lesquels vous \u00eates familier ainsi que bien d\u2019autres nouveaux jeux que vous n\u2019avez jamais vus avant.<\/p>\n<p>La pr\u00e9sentation du casino est claire et ouverte, m\u00eame avant de vous inscrire. Vous pouvez naviguer \u00e0 travers les jeux et voir les promotions disponibles qui sont disponibles, expliqu\u00e9 clairement et compl\u00e8tement, tout en n\u2019ayant pas \u00e0 vous engager \u00e0 rien. Chez nous, Gate 777, nous sommes convaincus que vous souhaiterez faire partie de cette aventure, et c\u2019est pourquoi nous sommes heureux de vous ouvrir nos portes pour explorer.<\/p>\n<p>Comme plusieurs des meilleurs casinos, Gate 777 est disponible pour toutes les plateformes les plus populaires, y compris iOS, les cellulaires et tablettes Android; les ordinateurs portables et de table. Alors, prenez vous un breuvage pour le vol, mettez vous confortable, et profitez du vol.<\/p>\n<h2>Bonus et Promotions<\/h2>\n<h3>Bonus de bienvenue<\/h3>\n<p>Faites votre premier d\u00e9p\u00f4t et non seulement vous obtiendrez 100% de votre d\u00e9p\u00f4t ajout\u00e9 \u00e0 votre compte (jusqu\u2019\u00e0 100 $ max), mais vous obtiendrez 25 tous suppl\u00e9mentaires, ce qui vous permettra de voler haut d\u00e8s le d\u00e9part! En passant, le d\u00e9but minimal est de 20 $.<\/p>\n<h4>Autres promotions<\/h4>\n<p>Bonus journalier d\u2019am\u00e9lioration\u202f: En faisant un d\u00e9p\u00f4t quotidien (minimum 20$) vous obtiendrez une am\u00e9lioration chaque jour.<\/p>\n<p>L\u2019am\u00e9lioration quotidienne est une surprise, qui pourrait \u00eatre des tours suppl\u00e9mentaires, des offres et des promotions en liens avec fond bonus et\/ou une combinaison des deux.<\/p>\n<h2>Programme VIP et de fid\u00e9lit\u00e9<\/h2>\n<p>Et bien, vous \u00eates un VIP d\u00e8s que vous vous inscrivez, selon le casino Gate 777, alors, qu\u2019en est-il des r\u00e9compenses de fid\u00e9lit\u00e9?<\/p>\n<p>Les points de fid\u00e9lit\u00e9s sont r\u00e9colt\u00e9s \u00e0 chaque fois que vous jouez. Vous allez obtenir plus de points, plus vous jouez, ce qui vous permettent de monter automatiquement dans les cinq niveaux de fid\u00e9lit\u00e9. Alors que vous bougez \u00e0 travers les niveaux de Bronze, Argent, Or, Diamant et Platine, vous recevrez plus de bonus, des avantages sup\u00e9rieurs et des petits plus.<\/p>\n<p>Vous devrez aussi maintenir votre niveau de fid\u00e9lit\u00e9 en gagnant continuellement des points sur une base mensuelle.<\/p>\n<p>Ci-dessous est une explication des nombres de points dont vous avez besoin pour obtenir les diff\u00e9rents niveaux et les points dont vous avez besoin pour rester ici.<\/p>\n<h4>Niveaux<\/h4>\n<ul>\n<li><strong>0-5000 points Bronze<\/strong><\/li>\n<li><strong>5000-15000 Argent<\/strong><\/li>\n<li><strong>15000-35000 Or<\/strong><\/li>\n<li><strong>35000-50000 Diamant<\/strong><\/li>\n<li><strong>50000+Platine<\/strong><\/li>\n<\/ul>\n<p>Exigence de points de maintenance par niveaux<\/p>\n<ul>\n<li><strong>Bronze Aucune maintenance requise<\/strong><\/li>\n<li><strong>Argent 2500 points par mois<\/strong><\/li>\n<li><strong>Or 8000<\/strong><\/li>\n<li><strong>Diamant 12000<\/strong><\/li>\n<li><strong>Platine 15000<\/strong><\/li>\n<\/ul>\n<p>Vos points de fid\u00e9lit\u00e9s peuvent \u00eatre r\u00e9clam\u00e9s comme une valeur en argent, pour \u00eatre utilis\u00e9s au casino. Si vous vous demandez comment obtenir des points de fid\u00e9lit\u00e9, cela varie. Pour chaque 10$ que vous gagez, vous pouvez obtenir jusqu\u2019\u00e0 2 points complets de fid\u00e9lit\u00e9. Vous ne comprenez pas? C\u2019est normal. Par contre, voici notre aper\u00e7u concis des points que vous pouvez r\u00e9colter sur diff\u00e9rents jeux. J\u2019imagine que les gens \u00e0 Gate 777 nous dirigent intentionnellement \u00e0 certains endroits.<\/p>\n<p>Type de jeux et valeurs des points de fid\u00e9lit\u00e9<\/p>\n<ul>\n<li><strong>Roulette 0.25<\/strong><\/li>\n<li><strong>Black Jack 0.50<\/strong><\/li>\n<li><strong>Carte \u00e0 gratter 2.00<\/strong><\/li>\n<li><strong>Machines \u00e0 sous 2.00<\/strong><\/li>\n<li><strong>Poker vid\u00e9o et gage sur le poker vid\u00e9o 1.00<\/strong><\/li>\n<\/ul>\n<p>Si vous vous demandez comment valent vos points de fid\u00e9lit\u00e9, c\u2019est tr\u00e8s simple. Vous pouvez commencer \u00e0 r\u00e9clamer vos points accumul\u00e9s sur vos 1000 premiers points. Chaque 200 points de fid\u00e9lit\u00e9s valent 1 $. Alors, en r\u00e9clament 1000 points, vous pouvez obtenir 5 $ d\u2019argent additionnel pour jouer au Gate 777 Casino.<\/p>\n<h3>Exigence de gage ou de jeu<\/h3>\n<p>En tout temps, votre balance consistera \u00e0 deux choses \u2013 votre balance en argent et votre balance bonus. La balance en argent est bien s\u00fbr \u00e0 vous et vous pouvez l\u2019utiliser o\u00f9 et quand vous le voulez. Par contre, votre balance bonus est sujette \u00e0 certaines limitations. Tous bonus que vous pouvez r\u00e9colter pourraient \u00eatre seulement utilisables pour des jeux s\u00e9lectionn\u00e9s, comme de machines \u00e0 sous. Oui, \u00e7a semble compliqu\u00e9, mais ce ne l\u2019est pas vraiment. Les r\u00e8glements de rachat sont disponibles sur le site de Gate 777 et sont consultables en tout temps.<\/p>\n<p>Les montants bonus cr\u00e9dit\u00e9 \u00e0 votre compte sont sujet \u00e0 trente-cinq (35) fois gagn\u00e9es avant d\u2019\u00eatre converti dans votre balance en argent et peuvent \u00eatre retir\u00e9s (sauf si mentionn\u00e9 autrement). Cela devient un peut plus compliqu\u00e9, mais c\u2019est l\u2019essentiel. Plus de d\u00e9tails y compris des exemples typiques de calculs sont disponibles sur le site internet de Gate 777.<\/p>\n<h2>D\u00e9p\u00f4ts, gageures et paiement<\/h2>\n<h3>Comment faire un d\u00e9p\u00f4t<\/h3>\n<p>Sur le menu de gauche, vous verrez un bouton \u00abd\u00e9p\u00f4t\u00bb pr\u00e8s de la balance de votre compte. Cela vous permettra de choisir votre m\u00e9thode d\u00e9p\u00f4t favorique, qui inclue Visa, Matercard, Skrill, Neteller, Paysage, SOFORT et les transfert de banque SEPA.<\/p>\n<h3>Paiements<\/h3>\n<p>Retirer votre argent est encore une fois fait en allant sur \u00abmon compte\u00bb sur le menu de gauche. Comme pour faire un d\u00e9p\u00f4t, vous devrez faire un processus simple \u00e0 l\u2019\u00e9cran.<\/p>\n<h3>Maximum et Minimum de d\u00e9p\u00f4ts et de paiement<\/h3>\n<p>D\u00e9p\u00f4t minimum et limites de retrait de Minimum 10$. Il ne semble avoir aucun retrait.<\/p>\n<p>Processus et temps de retrait, conna\u00eetre votre client<\/p>\n<p>Les retraits de vos gains sont sujets \u00e0 un nombre de v\u00e9rifications d\u2019identit\u00e9 du client, comme vous pouvez vous y attendre et prend environ 24 heures. Gardez en t\u00eate par contre que vous devrez fournir une preuve d\u2019identifiant (voir ci-dessous)<\/p>\n<ul>\n<li><strong>Preuve d\u2019identification<\/strong><\/li>\n<li><strong>Preuve d\u2019identification (photographique)<\/strong><\/li>\n<li><strong>Passeport<\/strong><\/li>\n<li><strong>Carte d\u2019identification (les deux c\u00f4t\u00e9s)<\/strong><\/li>\n<li><strong>Permis de conduire (les deux c\u00f4t\u00e9s)<\/strong><\/li>\n<li><strong>Preuve d\u2019adresse de r\u00e9sidence actuelle<\/strong><\/li>\n<li><strong>Facture commodit\u00e9s (datant de moins de 3 mois)<\/strong><\/li>\n<li><strong>Relev\u00e9 de carte de cr\u00e9dit\/banque (datant de moins de 3 mois)<\/strong><\/li>\n<li><strong>Relev\u00e9s d\u2019avantages (datant de moins de 3 mois)<\/strong><\/li>\n<\/ul>\n<h2>Jeux de Gate 777 Casino<\/h2>\n<p>Le casino offre une grande vari\u00e9t\u00e9 d\u2019exp\u00e9rience de gage en ligne, y compris des machines \u00e0 sous, des jeux de tables et m\u00eame de jeux en direct avec des vrais croupiers.<\/p>\n<h3>Machines \u00e0 sous<\/h3>\n<p>Il y a litt\u00e9ralement des centaines de jeux de machine \u00e0 sous fournis par les d\u00e9veloppeurs les plus importants de l\u2019industrie, autant pour ordinateurs, tablette et t\u00e9l\u00e9phone intelligent.<\/p>\n<h3>Jeux de tables<\/h3>\n<p>Si vous \u00eates un peu plus traditionnel et que vous pr\u00e9f\u00e9rez tenter votre chance et vos talents sur les tables, il y a toutes les plus importantes, y compris la roulette, Baccarat et le blackjack, entre autres.<\/p>\n<h3>Jeux en direct<\/h3>\n<p>Vous pr\u00e9f\u00e9rez l\u2019excitation d\u2019une table en direct? Vous voulez vous sentir comme \u00e0 Vegas, dans le confort de votre domicile? Vous en avez marre de jouer contre vous-m\u00eame? Il y a plus d\u2019une douzaine de jeux en direct, avec tous les jeux principaux et des vrais croupiers pour g\u00e9rer le jeu.<\/p>\n<h2>Mobile et applications<\/h2>\n<p>Gate 777 n\u2019est pas diff\u00e9rents des autres casinos en lignes principaux lorsqu\u2019on parle d\u2019appareils mobiles. Vous pouvez jouer n\u2019importe o\u00f9, si vous avez une connexion internet fiable, que ce soit \u00e0 la maison, au bureau, dans les transports ou m\u00eame dans votre bain!<\/p>\n<h2>Licence et s\u00e9curit\u00e9 de Gate 777 Casino<\/h2>\n<h3>S\u00e9curit\u00e9<\/h3>\n<p>Gate 777 s\u2019assurer d\u2019utiliser les derni\u00e8res technologies d\u2019internet pour s\u2019assurer que vos informations personnelles et de paiement sont prot\u00e9g\u00e9s.<\/p>\n<p>Le site est s\u00e9curit\u00e9 par le cryptage SSL et Gate 777 garantit que personne ne peut voir vos activit\u00e9s ou pirater votre compte.<\/p>\n<h3>Licences et l\u00e9gislation<\/h3>\n<p>Gate777 Casino est enregistr\u00e9 et r\u00e8glement\u00e9 en Grande Bretagne par la commission de licence du Royaume-Uni ainsi que par la Malta Gaming Authority (EU License).<\/p>\n<p>Gate 777 est une marque g\u00e9r\u00e9e par White Hat Gaming Limited, pour Caddell Limited N.V., qui est r\u00e9gul\u00e9 par la commission des jeux \u00e0 gage du Royaume0Uni sous le num\u00e9ro de licence 000-038720&#8211;319481-008 pour les clients de la Grande Bretagne.<\/p>\n<p>White Hat Gaming Limited est une compagnie enregistr\u00e9e en respect avec la loi Maltese, avec le num\u00e9ro d\u2019enregistrement C73232 qui est enregistr\u00e9 au bureau 85 St John Street, Valletta, VLT1165, Malta et est enregistr\u00e9 et r\u00e9gul\u00e9 Malta Gaming Authority pour tous les autres clients sous la liscence: MGA\/CL1\/1303\/2017; MGA\/CL1\/1304\/2017; MGA\/CL1\/1305\/2017; MGA\/CL1\/1372\/2017 cr\u00e9er le 28 ao\u00fbt 2017.<\/p>\n<h2>Support client Gate 777 Casino<\/h2>\n<p>Gate 777 offre du support courriel en tout temps au support@gate777.com ainsi que sur le chat en ligne.<\/p>\n<h2>Le verdict sur Gate 777 Casino<\/h2>\n<p>Gate 777 Casino est simplement fabuleux. Les th\u00e8mes autour des voyages en avion, et plus sp\u00e9cifiquement, l\u2019a\u00e9roport, avec des personnages dr\u00f4les et attirants vous illuminer votre parcours. La diversit\u00e9 de jeux est impressionnante, avec des machines \u00e0 sous et des jeux de tables que vous pouvez choisis \u2013 certains en direct.<\/p>\n<p>Si vous souhaitez avec du plaisir et de l\u2019excitation, avec une interface facile \u00e0 utiliser, des r\u00e9compenses pour votre fid\u00e9lit\u00e9 ainsi qu\u2019une grande s\u00e9lection de jeux, laissez le casino Gate 777 vous apporter en voyage.<\/p>\n","protected":false},"excerpt":{"rendered":"<p>\u00c9valuation de Gate 777 Casino Lorsque vous visitez Gate 777, vous serez comme en premi\u00e8re classe. Avec son interface \u00e0 th\u00e8me d\u2019a\u00e9roport, Gate 777 traite tout le monde comme des VIP. Il y a des personnages de style anim\u00e9 \u00e0 travers le site, pour vous divertir et vous guider. Le site est facile \u00e0 naviguer [&hellip;]<\/p>\n","protected":false},"author":8,"featured_media":800,"parent":16,"menu_order":0,"comment_status":"closed","ping_status":"closed","template":"page_review_card.php","meta":{"_acf_changed":false,"footnotes":""},"class_list":["post-774","page","type-page","status-publish","has-post-thumbnail","hentry"],"acf":[],"_links":{"self":[{"href":"https:\/\/www.minimumdepositcasinos.org\/fr\/wp-json\/wp\/v2\/pages\/774","targetHints":{"allow":["GET"]}}],"collection":[{"href":"https:\/\/www.minimumdepositcasinos.org\/fr\/wp-json\/wp\/v2\/pages"}],"about":[{"href":"https:\/\/www.minimumdepositcasinos.org\/fr\/wp-json\/wp\/v2\/types\/page"}],"author":[{"embeddable":true,"href":"https:\/\/www.minimumdepositcasinos.org\/fr\/wp-json\/wp\/v2\/users\/8"}],"replies":[{"embeddable":true,"href":"https:\/\/www.minimumdepositcasinos.org\/fr\/wp-json\/wp\/v2\/comments?post=774"}],"version-history":[{"count":7,"href":"https:\/\/www.minimumdepositcasinos.org\/fr\/wp-json\/wp\/v2\/pages\/774\/revisions"}],"predecessor-version":[{"id":2627,"href":"https:\/\/www.minimumdepositcasinos.org\/fr\/wp-json\/wp\/v2\/pages\/774\/revisions\/2627"}],"up":[{"embeddable":true,"href":"https:\/\/www.minimumdepositcasinos.org\/fr\/wp-json\/wp\/v2\/pages\/16"}],"wp:featuredmedia":[{"embeddable":true,"href":"https:\/\/www.minimumdepositcasinos.org\/fr\/wp-json\/wp\/v2\/media\/800"}],"wp:attachment":[{"href":"https:\/\/www.minimumdepositcasinos.org\/fr\/wp-json\/wp\/v2\/media?parent=774"}],"curies":[{"name":"wp","href":"https:\/\/api.w.org\/{rel}","templated":true}]}}