{"id":8500,"date":"2022-10-13T09:51:13","date_gmt":"2022-10-13T09:51:13","guid":{"rendered":"https:\/\/www.minimumdepositcasinos.org\/fr\/?page_id=8500"},"modified":"2024-05-23T14:43:52","modified_gmt":"2024-05-23T14:43:52","slug":"casinos-instadebit","status":"publish","type":"page","link":"https:\/\/www.minimumdepositcasinos.org\/fr\/options-dachat\/casinos-instadebit\/","title":{"rendered":"Instadebit\u00a0"},"content":{"rendered":"\n<p>Il fut un temps o\u00f9 Instadebit \u00e9tait une m\u00e9thode de paiement en ligne purement canadienne. Cependant, ses services ont \u00e9t\u00e9 \u00e9tendus \u00e0 plus de 32 pays. Aujourd&#8217;hui, c&#8217;est l&#8217;une des solutions de paiement pr\u00e9f\u00e9r\u00e9es d<a href=\"\/fr\/casino-en-ligne\/\">es casinos en ligne<\/a>, qui offre beaucoup de flexibilit\u00e9, de commodit\u00e9 et d&#8217;accessibilit\u00e9. Il suffit de deux \u00e9tapes pour s&#8217;inscrire et il n&#8217;y a pas de frais.<\/p>\n\n\n<div class=\"wp-block-image\">\n<figure class=\"alignright size-full is-resized\"><img loading=\"lazy\" decoding=\"async\" src=\"https:\/\/www.minimumdepositcasinos.org\/fr\/wp-content\/uploads\/2021\/07\/instadebit.jpg\" alt=\"Instadebit Paiement Logo\" class=\"wp-image-5650\" width=\"400\" height=\"280\" srcset=\"https:\/\/www.minimumdepositcasinos.org\/fr\/wp-content\/uploads\/2021\/07\/instadebit.jpg 800w, https:\/\/www.minimumdepositcasinos.org\/fr\/wp-content\/uploads\/2021\/07\/instadebit-300x210.jpg 300w, https:\/\/www.minimumdepositcasinos.org\/fr\/wp-content\/uploads\/2021\/07\/instadebit-768x538.jpg 768w\" sizes=\"auto, (max-width: 400px) 100vw, 400px\" \/><\/figure><\/div>\n\n\n<p>Au Canada, Instadebit se connecte directement au syst\u00e8me bancaire du pays et offre des options de transfert bancaire direct relativement similaires pour les autres nations. Cela signifie que vous pouvez d\u00e9poser de l&#8217;argent directement de votre compte bancaire vers votre compte en argent r\u00e9el de casino en ligne en un instant, en temps r\u00e9el, sans attente.<\/p>\n\n\n\n<p>Cette m\u00e9thode de paiement incroyablement efficace est rapidement devenue l&#8217;une des m\u00e9thodes de d\u00e9p\u00f4t en ligne les plus populaires parmi les joueurs &#8211; tant au Canada que dans le reste du monde &#8211; et elle est largement accept\u00e9e par la communaut\u00e9 des casinos en ligne ainsi que par des milliers d&#8217;autres marchands, de sorte que vous pouvez utiliser votre compte pour un grand nombre de choses. Bien qu&#8217;Instadebit soit disponible dans de nombreux pays, certains op\u00e9rateurs de casino n&#8217;y donnent acc\u00e8s qu&#8217;aux joueurs canadiens. V\u00e9rifiez toujours aupr\u00e8s de la plateforme avant de choisir Instadebit comme m\u00e9thode bancaire pr\u00e9f\u00e9r\u00e9e.<\/p>\n\n\n\n<p>La cr\u00e9ation de votre compte Instadebit est rapide et facile. Le processus enti\u00e8rement simplifi\u00e9 ne comporte que quelques \u00e9tapes de saisie d&#8217;informations.<\/p>\n\n\n\n<p>Vous pouvez vous rendre sur le site Web principal et cliquer sur le bouton &#8220;S&#8217;inscrire maintenant&#8221; sur la page d&#8217;accueil. Vous devrez ensuite saisir vos informations d&#8217;identification personnelles ainsi que vos coordonn\u00e9es bancaires afin d&#8217;approvisionner votre compte.<\/p>\n\n\n\n<p>Le processus complet ne prend que quelques secondes et vous pouvez commencer \u00e0 approvisionner vos comptes de casino en ligne imm\u00e9diatement.<\/p>\n\n\n\n<p>\u00c0 ce jour, Instadebit est disponible au Canada, en Australie, en Argentine, en Gr\u00e8ce, en Belgique, en Autriche, en Allemagne, en Estonie, en France, au Danemark, au Chili, en Bulgarie, en Finlande, en Pologne, au P\u00e9rou, en Hongrie, en Lituanie, en Norv\u00e8ge, en Irlande, en Nouvelle-Z\u00e9lande, en Italie, aux Pays-Bas, au Mexique, en Lettonie, en Uruguay, au Portugal, au Royaume-Uni, en Roumanie, en Suisse, en Su\u00e8de, en Espagne et en Slovaquie. Les joueurs des \u00c9tats-Unis ne sont pas en mesure d&#8217;utiliser Instadebit.<\/p>\n\n\n\n<h2 class=\"wp-block-heading\">Avantages d&#8217;Instadebit<\/h2>\n\n\n\n<p>Le plus grand avantage d&#8217;utiliser Instadebit comme m\u00e9thode de paiement en ligne est sans aucun doute la rapidit\u00e9 avec laquelle vous pouvez transf\u00e9rer des fonds &#8211; instantan\u00e9ment, c&#8217;est-\u00e0-dire en temps r\u00e9el. Vous pouvez alimenter votre compte en utilisant la banque en temps r\u00e9el et votre compte est alors cr\u00e9dit\u00e9 instantan\u00e9ment.<\/p>\n\n\n\n<p>Le d\u00e9p\u00f4t de fonds de votre compte Instadebit vers votre compte en argent r\u00e9el de casino en ligne est \u00e9galement imm\u00e9diat. Il est int\u00e9ressant de noter que vous n&#8217;avez pas besoin d&#8217;avoir des fonds sur votre compte pour effectuer des transactions. Vous pouvez d\u00e9duire des fonds directement de votre compte bancaire si votre compte Instadebit n&#8217;est pas suffisamment approvisionn\u00e9.<\/p>\n\n\n\n<p>Vous pouvez \u00e9galement utiliser Instadebit pour effectuer des retraits de vos casinos en ligne pr\u00e9f\u00e9r\u00e9s, directement sur votre portefeuille \u00e9lectronique. Les fonds sont cr\u00e9dit\u00e9s tr\u00e8s rapidement, souvent en quelques heures seulement. Vous pouvez utiliser Instadebit partout o\u00f9 vous voyez son logo affich\u00e9.<\/p>\n\n\n\n<p>Un autre grand avantage de l&#8217;utilisation d&#8217;Instadebit comme m\u00e9thode bancaire pr\u00e9f\u00e9r\u00e9e des casinos en ligne est la s\u00e9curit\u00e9 de premier ordre. Toutes les communications entre le casino et votre banque sont enti\u00e8rement crypt\u00e9es de bout en bout pour \u00e9viter que vos informations financi\u00e8res et personnelles ne tombent dans des mains peu scrupuleuses, c&#8217;est-\u00e0-dire des tiers.<\/p>\n\n\n\n<blockquote class=\"wp-block-quote is-style-default is-layout-flow wp-block-quote-is-layout-flow\">\n<p>Cette technologie de cryptage offre \u00e9galement un anonymat total puisque vous n&#8217;avez pas \u00e0 transmettre votre carte de cr\u00e9dit ou vos informations personnelles \u00e0 des tiers.<\/p>\n<\/blockquote>\n\n\n\n<p>Si certains joueurs peuvent y voir un inconv\u00e9nient, la plupart n&#8217;y voient pas d&#8217;inconv\u00e9nient. Tout ce que vous avez \u00e0 faire est de vous inscrire et d&#8217;ouvrir un compte Instadebit et de commencer \u00e0 l&#8217;utiliser. Comme nous l&#8217;avons d\u00e9j\u00e0 mentionn\u00e9, toutes les transactions via Instadebit sont effectu\u00e9es imm\u00e9diatement et sont totalement exemptes de frais.<\/p>\n\n\n\n<p>Si nous devons vraiment pinailler sur quelque chose (et c&#8217;est assez difficile \u00e0 faire), c&#8217;est qu&#8217;Instadebit n&#8217;est pas disponible dans tous les pays du monde, ce qui signifie que certains joueurs peuvent ne pas avoir acc\u00e8s au service. Il en va de m\u00eame pour certaines banques qui n&#8217;acceptent pas Instadebit comme source de financement. Cependant, pour les joueurs europ\u00e9ens et britanniques, ce n&#8217;est pas un probl\u00e8me du tout.<\/p>\n\n\n\n<h3 class=\"wp-block-heading\">D\u00e9lais et Frais<\/h3>\n\n\n\n<p>Comme vous l&#8217;avez peut-\u00eatre remarqu\u00e9, l&#8217;un des plus grands avantages d&#8217;Instadebit est qu&#8217;il ne facture pas de frais. Rien du tout. Ainsi, vous ne payez pas de frais suppl\u00e9mentaires lorsque vous transf\u00e9rez votre argent de votre compte bancaire vers votre compte Instadebit. Il en va de m\u00eame lorsque vous d\u00e9posez des fonds de votre compte sur le compte en argent r\u00e9el de votre casino en ligne.<\/p>\n\n\n\n<p>De plus, Instadebit a des limites tr\u00e8s raisonnables en ce qui concerne la quantit\u00e9 d&#8217;argent que vous pouvez avoir sur votre compte et la quantit\u00e9 que vous pouvez d\u00e9poser ou transf\u00e9rer dans vos casinos en ligne pr\u00e9f\u00e9r\u00e9s.<\/p>\n\n\n\n<p>De plus, les taux de conversion des devises sont incroyablement faciles \u00e0 utiliser et sont g\u00e9n\u00e9ralement fix\u00e9s en fonction des taux de change mondiaux. Instadebit se distingue des autres <a href=\"\/fr\/options-dachat\/\">m\u00e9thodes de paiement<\/a> par le fait qu&#8217;il utilise un syst\u00e8me de carte de cr\u00e9dit, ce qui explique l&#8217;absence de frais pour l&#8217;utilisation de ses services.<\/p>\n\n\n\n<p><strong>Donc, disons-le encore une fois: chaque transaction que vous effectuez avec Instadebit est gratuite<\/strong>. Il n&#8217;y a en fait qu&#8217;une seule exception que nous devrions mentionner, \u00e0 savoir si vous souhaitez transf\u00e9rer de l&#8217;argent vers votre compte ch\u00e8que ou votre compte courant. Pour cela, vous payez un faible montant de 2 \u20ac pour chaque retrait que vous souhaitez effectuer sur votre compte bancaire. Donc, pas de frais pour d\u00e9poser sur votre compte casino!<\/p>\n\n\n\n<p>En ce qui concerne les limites de d\u00e9p\u00f4t actuelles, tout d\u00e9pend du casino sur lequel vous pr\u00e9f\u00e9rez jouer et vous devez vous rendre \u00e0 votre caisse virtuelle pour les conna\u00eetre car elles diff\u00e8rent d&#8217;un casino en ligne \u00e0 l&#8217;autre. Bien que les limites aient \u00e9t\u00e9 fix\u00e9es par Instadebit, elles sont sup\u00e9rieures aux limites de d\u00e9p\u00f4t normales des casinos en ligne. Si vous souhaitez que vos limites soient augment\u00e9es, vous pouvez contacter l&#8217;\u00e9quipe d&#8217;assistance de votre casino en ligne ou l&#8217;\u00e9quipe d&#8217;assistance d&#8217;Instadebit. Comme pour la plupart des options de paiement, les limites pour les nouveaux utilisateurs sont g\u00e9n\u00e9ralement plus basses.<\/p>\n\n\n\n<p>Heureusement, les transferts avec Instadebit sont instantan\u00e9s, ce qui signifie que vous pouvez jouer sur les casinos en ligne de votre choix imm\u00e9diatement. De plus, vous pouvez effectuer un retrait sur votre compte en l&#8217;espace de 2 \u00e0 6 heures.<\/p>\n\n\n\n<p>En g\u00e9n\u00e9ral, les casinos en ligne n&#8217;ajoutent pas de frais de service pour l&#8217;utilisation d&#8217;Instadebit, mais n&#8217;oubliez pas les petits frais de transaction pour le retrait de fonds sur votre compte bancaire. L&#8217;ouverture d&#8217;un compte Instadebit est gratuite.<\/p>\n\n\n\n<p>Si, \u00e0 un moment ou \u00e0 un autre, vous \u00eates bloqu\u00e9 et avez besoin d&#8217;aide pour votre compte Instadebit ou pour vos transactions de casino en ligne via Instadebit, il existe de nombreuses fa\u00e7ons d&#8217;entrer en contact avec l&#8217;\u00e9quipe d&#8217;assistance \u00e0 la client\u00e8le d&#8217;Instadebit, tr\u00e8s efficace et amicale. Vous pouvez envoyer un e-mail \u00e0 l&#8217;\u00e9quipe d&#8217;assistance, parler \u00e0 un repr\u00e9sentant en ligne via le chat en direct, ou si vous voulez parler \u00e0 quelqu&#8217;un en personne, vous pouvez toujours les appeler sur leur superbe ligne d&#8217;assistance 24\/7. Vous trouverez tous les d\u00e9tails sur le site Web d&#8217;Instadebit.<\/p>\n\n\n\n<h3 class=\"wp-block-heading\">D\u00e9p\u00f4t avec Instadebit<\/h3>\n\n\n\n<p>Lorsqu&#8217;il s&#8217;agit d&#8217;effectuer des d\u00e9p\u00f4ts avec Instadebit, vous n&#8217;avez pas vraiment besoin de pr\u00e9financer votre compte. Au contraire, Instadebit facilite les transferts instantan\u00e9s et directs, de sorte que vous pouvez rapidement et facilement alimenter votre compte de casino en ligne directement \u00e0 partir de la caisse virtuelle du casino. Tout ce que vous avez \u00e0 faire est de s\u00e9lectionner Instadebit comme votre m\u00e9thode de d\u00e9p\u00f4t en ligne pr\u00e9f\u00e9r\u00e9e, l&#8217;ensemble de votre ID et mot de passe pour autoriser le transfert instantan\u00e9 de votre banque via Instadebit et vous avez termin\u00e9.<\/p>\n\n\n\n<p>Cela garantit \u00e9galement que l&#8217;op\u00e9rateur du casino en ligne n&#8217;a pas acc\u00e8s \u00e0 vos informations bancaires et personnelles, pour un anonymat total.<\/p>\n\n\n\n<h3 class=\"wp-block-heading\">Retraits d&#8217;Instadebit<\/h3>\n\n\n\n<p>Toute demande de retrait est trait\u00e9e via le compte bancaire que vous avez enregistr\u00e9 et valid\u00e9 lors de l&#8217;inscription \u00e0 votre compte Instadebit. Vos retraits sont trait\u00e9s par un transfert bancaire direct des fonds sur votre compte bancaire. Vous pouvez uniquement effectuer des retraits sur le compte bancaire que vous avez enregistr\u00e9 et valid\u00e9 lors de votre inscription.<\/p>\n\n\n\n<h2 class=\"wp-block-heading\">S\u00e9curit\u00e9<\/h2>\n\n\n\n<p>La s\u00fbret\u00e9 et la s\u00e9curit\u00e9 sont primordiales pour tout type de banque et de jeu en ligne. La bonne nouvelle est qu&#8217;Instadebit est l&#8217;un des moyens les plus s\u00fbrs pour effectuer vos d\u00e9p\u00f4ts et retraits de casino en ligne. Tous les paiements sont enti\u00e8rement crypt\u00e9s et vos donn\u00e9es personnelles sont toujours s\u00e9par\u00e9es de vos paiements, ce qui signifie qu&#8217;ils sont toujours anonymes et tr\u00e8s s\u00fbrs. L&#8217;une des meilleures mesures de s\u00e9curit\u00e9 utilis\u00e9es par Instadebit est le logiciel de cryptage SSL 128 bits de bout en bout, afin de prot\u00e9ger vos donn\u00e9es et votre argent.<\/p>\n\n\n\n<h2 class=\"wp-block-heading\">Conclusion<\/h2>\n\n\n\n<p>Dans l&#8217;ensemble, Instadebit est une m\u00e9thode de paiement totalement sans probl\u00e8me qui permet non seulement aux joueurs canadiens, mais aussi \u00e0 de nombreux autres joueurs du monde entier, d&#8217;effectuer des d\u00e9p\u00f4ts dans certains des meilleurs casinos en ligne. Il est exempt de frais, rapide lorsqu&#8217;il s&#8217;agit de transf\u00e9rer des fonds et prot\u00e8ge toutes vos donn\u00e9es financi\u00e8res et personnelles. Instadebit offre un moyen fantastique d&#8217;effectuer des transactions en ligne et il est si facile que vous pouvez commencer imm\u00e9diatement.<\/p>\n","protected":false},"excerpt":{"rendered":"<p>Il fut un temps o\u00f9 Instadebit \u00e9tait une m\u00e9thode de paiement en ligne purement canadienne. Cependant, ses services ont \u00e9t\u00e9 \u00e9tendus \u00e0 plus de 32 pays. Aujourd&#8217;hui, c&#8217;est l&#8217;une des solutions de paiement pr\u00e9f\u00e9r\u00e9es des casinos en ligne, qui offre beaucoup de flexibilit\u00e9, de commodit\u00e9 et d&#8217;accessibilit\u00e9. Il suffit de deux \u00e9tapes pour s&#8217;inscrire et [&hellip;]<\/p>\n","protected":false},"author":16,"featured_media":11255,"parent":98,"menu_order":0,"comment_status":"closed","ping_status":"closed","template":"","meta":{"_acf_changed":false,"footnotes":""},"class_list":["post-8500","page","type-page","status-publish","has-post-thumbnail","hentry"],"acf":[],"_links":{"self":[{"href":"https:\/\/www.minimumdepositcasinos.org\/fr\/wp-json\/wp\/v2\/pages\/8500","targetHints":{"allow":["GET"]}}],"collection":[{"href":"https:\/\/www.minimumdepositcasinos.org\/fr\/wp-json\/wp\/v2\/pages"}],"about":[{"href":"https:\/\/www.minimumdepositcasinos.org\/fr\/wp-json\/wp\/v2\/types\/page"}],"author":[{"embeddable":true,"href":"https:\/\/www.minimumdepositcasinos.org\/fr\/wp-json\/wp\/v2\/users\/16"}],"replies":[{"embeddable":true,"href":"https:\/\/www.minimumdepositcasinos.org\/fr\/wp-json\/wp\/v2\/comments?post=8500"}],"version-history":[{"count":6,"href":"https:\/\/www.minimumdepositcasinos.org\/fr\/wp-json\/wp\/v2\/pages\/8500\/revisions"}],"predecessor-version":[{"id":11237,"href":"https:\/\/www.minimumdepositcasinos.org\/fr\/wp-json\/wp\/v2\/pages\/8500\/revisions\/11237"}],"up":[{"embeddable":true,"href":"https:\/\/www.minimumdepositcasinos.org\/fr\/wp-json\/wp\/v2\/pages\/98"}],"wp:featuredmedia":[{"embeddable":true,"href":"https:\/\/www.minimumdepositcasinos.org\/fr\/wp-json\/wp\/v2\/media\/11255"}],"wp:attachment":[{"href":"https:\/\/www.minimumdepositcasinos.org\/fr\/wp-json\/wp\/v2\/media?parent=8500"}],"curies":[{"name":"wp","href":"https:\/\/api.w.org\/{rel}","templated":true}]}}