{"id":9858,"date":"2023-05-19T15:21:27","date_gmt":"2023-05-19T15:21:27","guid":{"rendered":"https:\/\/www.minimumdepositcasinos.org\/fr\/?page_id=9858"},"modified":"2023-05-19T15:24:47","modified_gmt":"2023-05-19T15:24:47","slug":"idebit-casinos","status":"publish","type":"page","link":"https:\/\/www.minimumdepositcasinos.org\/fr\/options-dachat\/idebit-casinos\/","title":{"rendered":"iDebit Casinos"},"content":{"rendered":"\n<h2 class=\"wp-block-heading\">Qu&#8217;est-ce qui fait de iDebit une excellente m\u00e9thode de paiement pour les casinos ?<\/h2>\n\n\n\n<p>iDebit agit comme un interm\u00e9diaire entre votre compte bancaire et le casino en ligne. La possibilit\u00e9 de transf\u00e9rer rapidement de l&#8217;argent depuis le compte bancaire de l&#8217;utilisateur, au niveau national ou international, est l&#8217;un des aspects les plus fascinants d&#8217;iDebit. Aucune carte de cr\u00e9dit ou de d\u00e9bit ni aucun num\u00e9ro de compte ne sont n\u00e9cessaires: il vous suffit d&#8217;avoir un compte aupr\u00e8s d&#8217;une banque qui prend en charge iDebit. Vos d\u00e9p\u00f4ts sont prot\u00e9g\u00e9s et les donn\u00e9es de votre compte sont cach\u00e9es. L&#8217;utilisation est simple, les frais peu \u00e9lev\u00e9s et les paiements rapides. En outre, plusieurs des casinos en ligne les plus r\u00e9put\u00e9s le proposent pour les d\u00e9p\u00f4ts et les retraits.<\/p>\n\n\n\n<p>La vitesse, la s\u00e9curit\u00e9, la fiabilit\u00e9 et la convivialit\u00e9 in\u00e9gal\u00e9es d&#8217;iDebit ne sont que quelques-unes des raisons pour lesquelles les joueurs de casino le pr\u00e9f\u00e8rent \u00e0 toutes les autres m\u00e9thodes de paiement par portefeuille \u00e9lectronique. Il emploie une certification de cryptage et utilise une s\u00e9curit\u00e9 de premier ordre pour stocker tous les fonds de votre portefeuille.<\/p>\n\n\n\n<p>L&#8217;utilisation d&#8217;iDebit pour les d\u00e9p\u00f4ts et les retraits dans un casino en ligne pr\u00e9sente de nombreux avantages sur lesquels vous pouvez compter. Si vous souhaitez g\u00e9rer le solde de votre compte de jeu rapidement, en toute s\u00e9curit\u00e9 et de mani\u00e8re pratique, vous devriez consid\u00e9rer iDebit. En fait, vous pouvez effectuer votre premier paiement iDebit en tant qu&#8217;invit\u00e9 et cr\u00e9er un compte une fois la transaction termin\u00e9e.<\/p>\n\n\n\n<h2 class=\"wp-block-heading\">Le meilleur casino en ligne qui accepte iDebit<\/h2>\n\n\n\n<p>Sans aucun doute, iDebit est l&#8217;une des options de paiement en ligne les plus efficaces et les plus fiables, c&#8217;est pourquoi tant de joueurs en ligne dans le monde l&#8217;utilisent. Sa technologie de base a \u00e9t\u00e9 cr\u00e9\u00e9e pour garantir que vos fonds et vos donn\u00e9es sont toujours s\u00e9curis\u00e9s.<\/p>\n\n\n\n<p>Nous avons s\u00e9lectionn\u00e9 les principaux sites de casino iDebit qui sont les plus s\u00fbrs et qui offrent les promotions et les caract\u00e9ristiques les plus fantastiques de l&#8217;industrie. Ainsi, les joueurs peuvent toujours \u00eatre s\u00fbrs de prendre la bonne d\u00e9cision. D\u00e9couvrez ci-dessous les meilleurs casinos en ligne qui acceptent iDebit.<\/p>\n\n\n\n<br\/><div class=\"cta_post_box\">\n<div class=\"cta_post_top\"><div class=\"cta_post_title\">Bonus de bienvenue<\/div><\/div>\n<div class=\"cta_post_container\">\n<div class=\"cta_post_mid\">\n<div class=\"cta_post_mid_left\"><div class=\"cta_post_image\"><\/div><div class=\"cta_post_name\"><div class=\"cta_post_rating\"><img src='\/wp-content\/themes\/mdc2024\/images\/star-white.svg' alt='Star'\/><img src='\/wp-content\/themes\/mdc2024\/images\/star-white.svg' alt='Star'\/><img src='\/wp-content\/themes\/mdc2024\/images\/star-white.svg' alt='Star'\/><img src='\/wp-content\/themes\/mdc2024\/images\/star-white.svg' alt='Star'\/><img src='\/wp-content\/themes\/mdc2024\/images\/star-white.svg' alt='Star'\/><\/div><\/div>\n<div class=\"clear\"><\/div>\n<\/div>\n<div class=\"cta_post_mid_offer\">\nD\u00e9p\u00f4t de 1$ Obtention de 80 TOURS<\/div>\n<div class=\"clear\"><\/div>\n<div class=\"cta_post_bottom\">\n\t<a href=\"\/?pos=Bonus de bienvenue\" class=\"mainctabutton\" target=\"_blank\" onclick=\"DL_Push('')\">Visiter<\/a><\/div>\n<\/div>\n<div class=\"cta_post_terms\"><\/div>\n<\/div><\/div><br\/>\n\n\n\n<h2 class=\"wp-block-heading\">D\u00e9p\u00f4ts minimums sur les casinos IDebit<\/h2>\n\n\n\n<p>Sur la plupart des sites de casino iDebit \u00e0 d\u00e9p\u00f4t minimum, vous devez effectuer un d\u00e9p\u00f4t en ligne d&#8217;un certain montant pour obtenir un bonus. Vous pouvez stimuler votre jeu et accumuler des gains substantiels en jouant avec un bonus de casino en ligne sur <a href=\"\/fr\/5-de-depot-minimum\/\">les casinos \u00e0 d\u00e9p\u00f4t de 5 $\/\u20ac<\/a> ou de 10 $\/\u20ac. Il existe m\u00eame des offres de <a href=\"\/fr\/20-de-depot-minimum\/\">bonus de d\u00e9p\u00f4t de casino de 20 $\/\u20ac<\/a> qui vous r\u00e9compensent par un d\u00e9p\u00f4t \u00e9quivalent et des tours gratuits. Les valeurs minimales et maximales des d\u00e9p\u00f4ts effectu\u00e9s par iDebit sont laiss\u00e9es \u00e0 la discr\u00e9tion du casino.<\/p>\n\n\n\n<h2 class=\"wp-block-heading\">Le meilleur casino avec d\u00e9p\u00f4t minimum par iDebit<\/h2>\n\n\n\n<p>Le meilleur casino iDebit \u00e0 d\u00e9p\u00f4t minimum ne se contente pas d&#8217;offrir des transactions de paiement rapides et fiables, mais propose \u00e9galement un large \u00e9ventail d&#8217;autres caract\u00e9ristiques attrayantes. Qu&#8217;il s&#8217;agisse d&#8217;une grande vari\u00e9t\u00e9 de jeux, d&#8217;une assistance client\u00e8le de premier ordre ou de bonus exclusifs, les casinos \u00e0 d\u00e9p\u00f4t minimum iDebit valent la peine d&#8217;\u00eatre recherch\u00e9s. D\u00e9couvrez les meilleurs casinos \u00e0 d\u00e9p\u00f4t minimum iDebit ci-dessous.<\/p>\n\n\n\n<br\/><div class=\"cta_post_box\">\n<div class=\"cta_post_top\"><div class=\"cta_post_title\">Bonus de bienvenue<\/div><\/div>\n<div class=\"cta_post_container\">\n<div class=\"cta_post_mid\">\n<div class=\"cta_post_mid_left\"><div class=\"cta_post_image\"><\/div><div class=\"cta_post_name\"><div class=\"cta_post_rating\"><img src='\/wp-content\/themes\/mdc2024\/images\/star-white.svg' alt='Star'\/><img src='\/wp-content\/themes\/mdc2024\/images\/star-white.svg' alt='Star'\/><img src='\/wp-content\/themes\/mdc2024\/images\/star-white.svg' alt='Star'\/><img src='\/wp-content\/themes\/mdc2024\/images\/star-white.svg' alt='Star'\/><img src='\/wp-content\/themes\/mdc2024\/images\/star-white.svg' alt='Star'\/><\/div><\/div>\n<div class=\"clear\"><\/div>\n<\/div>\n<div class=\"cta_post_mid_offer\">\nD\u00e9p\u00f4t de 5$ Obtention de D\u00c9POSEZ 1 $ ET OBTENEZ 50 TOURS GRATUITS * *<\/div>\n<div class=\"clear\"><\/div>\n<div class=\"cta_post_bottom\">\n\t<a href=\"\/?pos=Bonus de bienvenue\" class=\"mainctabutton\" target=\"_blank\" onclick=\"DL_Push('')\">Visiter<\/a><\/div>\n<\/div>\n<div class=\"cta_post_terms\"><\/div>\n<\/div><\/div><br\/>\n\n\n\n<h2 class=\"wp-block-heading\">Comment utiliser iDebit dans un casino<\/h2>\n\n\n\n<p>La rentabilit\u00e9 d&#8217;iDebit est une autre raison de son attrait pour les joueurs en ligne. Non seulement l&#8217;enregistrement d&#8217;un compte est facile, mais il est \u00e9galement gratuit. Vous n&#8217;aurez donc aucune difficult\u00e9 \u00e0 devenir membre d&#8217;iDebit. Votre banque doit proposer des services bancaires en ligne pour que vous puissiez utiliser iDebit comme m\u00e9thode de d\u00e9p\u00f4t et de retrait dans le casino en ligne de votre choix, car c&#8217;est ainsi que vous relierez votre compte bancaire <a href=\"\/fr\/casino-en-ligne\/\">au casino en ligne<\/a>.<\/p>\n\n\n\n<h3 class=\"wp-block-heading\">Cr\u00e9er un compte iDebit<\/h3>\n\n\n\n<p>Vous pouvez imm\u00e9diatement commencer \u00e0 utiliser le service si vous avez au moins 18 ans et si vous disposez d&#8217;un compte bancaire aupr\u00e8s de l&#8217;une des banques et institutions financi\u00e8res partenaires d&#8217;iDebit. Deux possibilit\u00e9s s&#8217;offrent \u00e0 vous pour obtenirez le service ; examinons-les :<\/p>\n\n\n\n<ul class=\"wp-block-list\"><li>La premi\u00e8re approche consiste \u00e0 visiter un casino en ligne qui accepte iDebit en tant que joueur invit\u00e9. Par cons\u00e9quent, lorsque vous utilisez cette option, vous n&#8217;\u00eates pas oblig\u00e9 de cr\u00e9er un compte pour utiliser ses services.<\/li><li>La deuxi\u00e8me option, gratuite, est le service eWallet. Vous devez cr\u00e9er un compte personnel en vous rendant sur le site et en indiquant votre nom, votre adresse, les quatre derniers chiffres de votre num\u00e9ro de s\u00e9curit\u00e9 sociale et votre date de naissance. Vous pouvez alimenter le portefeuille \u00e9lectronique avec des fonds provenant de votre compte bancaire et les utiliser \u00e0 votre convenance.<\/li><li>La diff\u00e9rence est que la premi\u00e8re option est plus rapide en raison de la nature directe du transfert d&#8217;argent, bien qu&#8217;il y ait un co\u00fbt. La seconde option, en revanche, ajoute un niveau de s\u00e9curit\u00e9 suppl\u00e9mentaire, car vous ne divulguez pas vos coordonn\u00e9es bancaires au casino en ligne.<\/li><\/ul>\n\n\n\n<h3 class=\"wp-block-heading\">Approvisionner votre compte iDebit Casino<\/h3>\n\n\n\n<p>iDebit vous permet de payer les commer\u00e7ants en toute s\u00e9curit\u00e9 en utilisant les fonds d&#8217;une banque que vous connaissez d\u00e9j\u00e0 et en laquelle vous avez confiance. Cependant, comme iDebit est directement li\u00e9 \u00e0 votre compte bancaire, vous ne pouvez pas transf\u00e9rer de fonds de votre compte bancaire vers votre porte-monnaie \u00e9lectronique iDebit. Seuls les fonds provenant d&#8217;une autre source seront d\u00e9pos\u00e9s dans le portefeuille. Vous pouvez utiliser l&#8217;argent dans les casinos en ligne et sur d&#8217;autres sites compatibles avec iDebit ou le transf\u00e9rer sur votre compte bancaire.<\/p>\n\n\n\n<p>Vous pouvez \u00e9galement consulter votre solde iDebit quand cela vous convient. Il vous suffit de vous connecter \u00e0 votre compte sur le site officiel du service pour consulter vos derni\u00e8res transactions, votre solde et votre historique. Vous pouvez ainsi mieux contr\u00f4ler vos finances et g\u00e9rer vos fonds sans difficult\u00e9. Une fois que vous aurez cr\u00e9\u00e9 un profil iDebit et que vous l&#8217;aurez reli\u00e9 \u00e0 votre compte bancaire, vous pourrez effectuer un d\u00e9p\u00f4t dans votre casino en ligne pr\u00e9f\u00e9r\u00e9.<\/p>\n\n\n\n<h3 class=\"wp-block-heading\">Utiliser votre compte iDebit dans un casino<\/h3>\n\n\n\n<p>Le service convivial d&#8217;iDebit s&#8217;\u00e9tend aux d\u00e9p\u00f4ts dans les casinos en ligne, ce qui est une excellente nouvelle si vous souhaitez effectuer des d\u00e9p\u00f4ts d&#8217;inscription en un clic pour augmenter le solde de votre casino. Assurez-vous que le compte du casino en ligne que vous avez choisi est enti\u00e8rement configur\u00e9 et pr\u00eat \u00e0 fonctionner avant de commencer &#8211; la plupart des sites en ligne proposent une inscription rapide au casino avec iDebit. Vous devez \u00eatre connect\u00e9 \u00e0 votre compte de casino iDebit pour effectuer un d\u00e9p\u00f4t.<\/p>\n\n\n\n<ul class=\"wp-block-list\"><li><strong>\u00c9tape 1<\/strong> &#8211; La premi\u00e8re \u00e9tape consiste \u00e0 vous rendre \u00e0 la caisse du casino et \u00e0 choisir iDebit dans la liste des m\u00e9thodes de paiement. Vous verrez alors appara\u00eetre un \u00e9cran de connexion iDebit &#8211; entrez vos coordonn\u00e9es ici pour acc\u00e9der \u00e0 votre compte.<\/li><li><strong>\u00c9tape 2<\/strong> &#8211; S\u00e9lectionnez votre banque dans la liste et entrez vos informations de connexion \u00e0 votre banque en ligne.<\/li><li><strong>\u00c9tape 3<\/strong> &#8211; Enfin, tapez le montant que vous souhaitez d\u00e9poser, v\u00e9rifiez les d\u00e9tails, puis cliquez sur confirmer.<\/li><\/ul>\n\n\n\n<p>Apr\u00e8s avoir confirm\u00e9 la transaction, il ne faudra pas plus de quelques secondes pour que les fonds apparaissent sur le solde de votre compte de casino apr\u00e8s avoir effectu\u00e9 une transaction iDebit. En ce qui concerne la rapidit\u00e9 des transactions, iDebit peut rivaliser avec les meilleurs, et les joueurs recevront leurs fonds dans les 24 heures.<\/p>\n\n\n\n<h2 class=\"wp-block-heading\">Casinos sans mise qui acceptent iDebit<\/h2>\n\n\n\n<p>M\u00eame s&#8217;ils sont extr\u00eamement populaires et pr\u00e9cieux, la majorit\u00e9 des bonus de casino ont un revers de la m\u00e9daille : les exigences de mise. C&#8217;est pourquoi jouer dans les casinos sans mise qui acceptent iDebit peut s&#8217;av\u00e9rer plus avantageux et plus rentable \u00e0 long terme. Par cons\u00e9quent, vous pouvez accumuler un bankroll important et retirer vos gains avec iDebit sans aucun probl\u00e8me.<\/p>\n\n\n\n<h2 class=\"wp-block-heading\">Retraits dans les casinos iDebit<\/h2>\n\n\n\n<p>Vous pouvez \u00e9galement retirer des fonds des casinos iDebit. Suivez les m\u00eames \u00e9tapes que pour effectuer un d\u00e9p\u00f4t, mais assurez-vous de naviguer vers la section de retrait du casino. M\u00eame si les paiements iDebit sont instantan\u00e9s, les casinos en ligne ont leurs propres d\u00e9lais de traitement des retraits. Vous pouvez \u00e9viter les d\u00e9lais de traitement des retraits pouvant aller jusqu&#8217;\u00e0 24 heures dans la majorit\u00e9 des casinos iDebit r\u00e9pertori\u00e9s en choisissant un casino \u00e0 paiement rapide.<\/p>\n\n\n\n<p>Chaque transaction du solde du portefeuille iDebit sera gratuite, bien que cela n\u00e9cessite un compte iDebit Payments et un portefeuille pr\u00e9-aliment\u00e9. Comme indiqu\u00e9 pr\u00e9c\u00e9demment, la seule fa\u00e7on d&#8217;ajouter des fonds \u00e0 votre portefeuille est de les recevoir en tant que retrait d&#8217;une tierce partie. Il n&#8217;est pas possible de transf\u00e9rer des fonds bancaires vers votre portefeuille iDebit Web.<\/p>\n\n\n\n<p>Par ailleurs, dans la plupart des casinos en ligne, les mises minimales et maximales varient entre $\/\u20ac5,000 \u00e0 $\/\u20ac10,000. Sur les paris sportifs, la moyenne peut \u00eatre aussi basse que $\/\u20ac3,000. Dans la plupart des cas, ces restrictions ne concernent pas iDebit, mais le site avec lequel vous effectuez vos transactions. Une limite sur les d\u00e9p\u00f4ts dans un casino en ligne, en g\u00e9n\u00e9ral, s&#8217;appliquera \u00e9galement \u00e0 vos d\u00e9p\u00f4ts et retraits iDebit.<\/p>\n\n\n\n<h2 class=\"wp-block-heading\">Devriez-vous utiliser iDebit dans un casino en ligne ?<\/h2>\n\n\n\n<p>Si vous recherchez une m\u00e9thode de paiement qui vous permette d&#8217;approvisionner facilement votre portefeuille de casino en ligne par un d\u00e9bit direct de votre compte bancaire, iDebit est fait pour vous. Il s&#8217;agit d&#8217;un syst\u00e8me de paiement qui utilise un logiciel de banque en ligne et qui s&#8217;est associ\u00e9 \u00e0 une vari\u00e9t\u00e9 de banques pour rendre les paiements simples et directs en utilisant votre login de banque en ligne.<\/p>\n\n\n\n<p>Lorsque vous utilisez iDebit, les informations relatives \u00e0 votre compte bancaire restent entre vous et votre banque, de sorte que vous ne fournissez aucune information au casino. Bien que tous les casinos en ligne que nous \u00e9valuons soient s\u00e9curis\u00e9s, il est rassurant de savoir que les casinos support\u00e9s par iDebit n&#8217;auront pas acc\u00e8s \u00e0 vos informations bancaires compl\u00e8tes. De plus, iDebit utilise la technologie de cryptage 128 bits et Verisign Secure Socket Layer (SSL) pour prot\u00e9ger vos informations.<\/p>\n","protected":false},"excerpt":{"rendered":"<p>Qu&#8217;est-ce qui fait de iDebit une excellente m\u00e9thode de paiement pour les casinos ? iDebit agit comme un interm\u00e9diaire entre votre compte bancaire et le casino en ligne. La possibilit\u00e9 de transf\u00e9rer rapidement de l&#8217;argent depuis le compte bancaire de l&#8217;utilisateur, au niveau national ou international, est l&#8217;un des aspects les plus fascinants d&#8217;iDebit. Aucune [&hellip;]<\/p>\n","protected":false},"author":16,"featured_media":9862,"parent":98,"menu_order":0,"comment_status":"closed","ping_status":"closed","template":"page_money.php","meta":{"_acf_changed":false,"footnotes":""},"class_list":["post-9858","page","type-page","status-publish","has-post-thumbnail","hentry"],"acf":[],"_links":{"self":[{"href":"https:\/\/www.minimumdepositcasinos.org\/fr\/wp-json\/wp\/v2\/pages\/9858","targetHints":{"allow":["GET"]}}],"collection":[{"href":"https:\/\/www.minimumdepositcasinos.org\/fr\/wp-json\/wp\/v2\/pages"}],"about":[{"href":"https:\/\/www.minimumdepositcasinos.org\/fr\/wp-json\/wp\/v2\/types\/page"}],"author":[{"embeddable":true,"href":"https:\/\/www.minimumdepositcasinos.org\/fr\/wp-json\/wp\/v2\/users\/16"}],"replies":[{"embeddable":true,"href":"https:\/\/www.minimumdepositcasinos.org\/fr\/wp-json\/wp\/v2\/comments?post=9858"}],"version-history":[{"count":24,"href":"https:\/\/www.minimumdepositcasinos.org\/fr\/wp-json\/wp\/v2\/pages\/9858\/revisions"}],"predecessor-version":[{"id":9883,"href":"https:\/\/www.minimumdepositcasinos.org\/fr\/wp-json\/wp\/v2\/pages\/9858\/revisions\/9883"}],"up":[{"embeddable":true,"href":"https:\/\/www.minimumdepositcasinos.org\/fr\/wp-json\/wp\/v2\/pages\/98"}],"wp:featuredmedia":[{"embeddable":true,"href":"https:\/\/www.minimumdepositcasinos.org\/fr\/wp-json\/wp\/v2\/media\/9862"}],"wp:attachment":[{"href":"https:\/\/www.minimumdepositcasinos.org\/fr\/wp-json\/wp\/v2\/media?parent=9858"}],"curies":[{"name":"wp","href":"https:\/\/api.w.org\/{rel}","templated":true}]}}